{"id":12119,"date":"2024-10-10T12:08:25","date_gmt":"2024-10-10T12:08:25","guid":{"rendered":"https:\/\/planyard.com\/construction-management-software-for-small-contractors"},"modified":"2025-05-17T17:41:19","modified_gmt":"2025-05-17T17:41:19","slug":"logiciel-gestion-construction-petits-entrepreneurs","status":"publish","type":"page","link":"https:\/\/planyard.com\/fr\/logiciel-gestion-construction-petits-entrepreneurs","title":{"rendered":"Logiciel de gestion de construction pour les petits entrepreneurs"},"content":{"rendered":"","protected":false},"excerpt":{"rendered":"","protected":false},"author":5,"featured_media":0,"parent":0,"menu_order":0,"comment_status":"closed","ping_status":"closed","template":"","meta":{"_acf_changed":false,"content-type":"","footnotes":""},"page_intent":[149],"page_type":[],"class_list":["post-12119","page","type-page","status-publish","hentry"],"acf":[],"yoast_head":"<!-- This site is optimized with the Yoast SEO plugin v27.1.1 - https:\/\/yoast.com\/product\/yoast-seo-wordpress\/ -->\n<title>Logiciel de gestion de construction pour les petits entrepreneurs - Planyard France<\/title>\n<meta name=\"description\" content=\"Logiciel de gestion de construction pour les petits entrepreneurs con\u00e7u pour la gestion financi\u00e8re. Simplifiez la budg\u00e9tisation, le suivi des co\u00fbts et la facturation\u2014essayez-le gratuitement.\" \/>\n<meta name=\"robots\" content=\"index, follow, max-snippet:-1, max-image-preview:large, max-video-preview:-1\" \/>\n<link rel=\"canonical\" href=\"https:\/\/planyard.com\/fr\/logiciel-gestion-construction-petits-entrepreneurs\" \/>\n<meta property=\"og:locale\" content=\"fr_FR\" \/>\n<meta property=\"og:type\" content=\"article\" \/>\n<meta property=\"og:title\" content=\"Logiciel de gestion de construction pour les petits entrepreneurs - Planyard France\" \/>\n<meta property=\"og:description\" content=\"Logiciel de gestion de construction pour les petits entrepreneurs con\u00e7u pour la gestion financi\u00e8re. Simplifiez la budg\u00e9tisation, le suivi des co\u00fbts et la facturation\u2014essayez-le gratuitement.\" \/>\n<meta property=\"og:url\" content=\"https:\/\/planyard.com\/fr\/logiciel-gestion-construction-petits-entrepreneurs\" \/>\n<meta property=\"og:site_name\" content=\"Planyard France\" \/>\n<meta property=\"article:modified_time\" content=\"2025-05-17T17:41:19+00:00\" \/>\n<meta name=\"twitter:card\" content=\"summary_large_image\" \/>\n<!-- \/ Yoast SEO plugin. -->","yoast_head_json":{"title":"Logiciel de gestion de construction pour les petits entrepreneurs - Planyard France","description":"Logiciel de gestion de construction pour les petits entrepreneurs con\u00e7u pour la gestion financi\u00e8re. Simplifiez la budg\u00e9tisation, le suivi des co\u00fbts et la facturation\u2014essayez-le gratuitement.","robots":{"index":"index","follow":"follow","max-snippet":"max-snippet:-1","max-image-preview":"max-image-preview:large","max-video-preview":"max-video-preview:-1"},"canonical":"https:\/\/planyard.com\/fr\/logiciel-gestion-construction-petits-entrepreneurs","og_locale":"fr_FR","og_type":"article","og_title":"Logiciel de gestion de construction pour les petits entrepreneurs - Planyard France","og_description":"Logiciel de gestion de construction pour les petits entrepreneurs con\u00e7u pour la gestion financi\u00e8re. Simplifiez la budg\u00e9tisation, le suivi des co\u00fbts et la facturation\u2014essayez-le gratuitement.","og_url":"https:\/\/planyard.com\/fr\/logiciel-gestion-construction-petits-entrepreneurs","og_site_name":"Planyard France","article_modified_time":"2025-05-17T17:41:19+00:00","twitter_card":"summary_large_image","schema":{"@context":"https:\/\/schema.org","@graph":[{"@type":"WebPage","@id":"https:\/\/planyard.com\/fr\/logiciel-gestion-construction-petits-entrepreneurs","url":"https:\/\/planyard.com\/fr\/logiciel-gestion-construction-petits-entrepreneurs","name":"Logiciel de gestion de construction pour les petits entrepreneurs - Planyard France","isPartOf":{"@id":"https:\/\/planyard.com\/fr#website"},"datePublished":"2024-10-10T12:08:25+00:00","dateModified":"2025-05-17T17:41:19+00:00","description":"Logiciel de gestion de construction pour les petits entrepreneurs con\u00e7u pour la gestion financi\u00e8re. Simplifiez la budg\u00e9tisation, le suivi des co\u00fbts et la facturation\u2014essayez-le gratuitement.","breadcrumb":{"@id":"https:\/\/planyard.com\/fr\/logiciel-gestion-construction-petits-entrepreneurs#breadcrumb"},"inLanguage":"fr-FR","potentialAction":[{"@type":"ReadAction","target":["https:\/\/planyard.com\/fr\/logiciel-gestion-construction-petits-entrepreneurs"]}]},{"@type":"BreadcrumbList","@id":"https:\/\/planyard.com\/fr\/logiciel-gestion-construction-petits-entrepreneurs#breadcrumb","itemListElement":[{"@type":"ListItem","position":1,"name":"Home","item":"https:\/\/planyard.com\/fr"},{"@type":"ListItem","position":2,"name":"Logiciel de gestion de construction pour les petits entrepreneurs"}]},{"@type":"WebSite","@id":"https:\/\/planyard.com\/fr#website","url":"https:\/\/planyard.com\/fr","name":"Planyard France","description":"","potentialAction":[{"@type":"SearchAction","target":{"@type":"EntryPoint","urlTemplate":"https:\/\/planyard.com\/fr?s={search_term_string}"},"query-input":{"@type":"PropertyValueSpecification","valueRequired":true,"valueName":"search_term_string"}}],"inLanguage":"fr-FR"}]}},"_links":{"self":[{"href":"https:\/\/planyard.com\/fr\/wp-json\/wp\/v2\/pages\/12119","targetHints":{"allow":["GET"]}}],"collection":[{"href":"https:\/\/planyard.com\/fr\/wp-json\/wp\/v2\/pages"}],"about":[{"href":"https:\/\/planyard.com\/fr\/wp-json\/wp\/v2\/types\/page"}],"author":[{"embeddable":true,"href":"https:\/\/planyard.com\/fr\/wp-json\/wp\/v2\/users\/5"}],"replies":[{"embeddable":true,"href":"https:\/\/planyard.com\/fr\/wp-json\/wp\/v2\/comments?post=12119"}],"version-history":[{"count":1,"href":"https:\/\/planyard.com\/fr\/wp-json\/wp\/v2\/pages\/12119\/revisions"}],"predecessor-version":[{"id":12330,"href":"https:\/\/planyard.com\/fr\/wp-json\/wp\/v2\/pages\/12119\/revisions\/12330"}],"wp:attachment":[{"href":"https:\/\/planyard.com\/fr\/wp-json\/wp\/v2\/media?parent=12119"}],"wp:term":[{"taxonomy":"page_intent","embeddable":true,"href":"https:\/\/planyard.com\/fr\/wp-json\/wp\/v2\/page_intent?post=12119"},{"taxonomy":"page_type","embeddable":true,"href":"https:\/\/planyard.com\/fr\/wp-json\/wp\/v2\/page_type?post=12119"}],"curies":[{"name":"wp","href":"https:\/\/api.w.org\/{rel}","templated":true}]}}