{"id":12110,"date":"2024-11-06T09:38:07","date_gmt":"2024-11-06T09:38:07","guid":{"rendered":"https:\/\/planyard.com\/construction-glossary-collection"},"modified":"2025-05-19T18:05:14","modified_gmt":"2025-05-19T18:05:14","slug":"glossaire-financier-construction","status":"publish","type":"page","link":"https:\/\/planyard.com\/fr\/glossaire-financier-construction","title":{"rendered":"Glossaire Financier de la Construction"},"content":{"rendered":"\n<p>Bienvenue dans le Glossaire Financier de la Construction, votre ressource essentielle pour comprendre les termes et concepts financiers propres \u00e0 la construction. Ce glossaire est con\u00e7u pour les professionnels du secteur ainsi que pour les nouveaux venus, couvrant tout, de la budg\u00e9tisation de base \u00e0 la gestion avanc\u00e9e des co\u00fbts.<\/p>\n\n\n\n<p>Que vous supervisiez les finances d&rsquo;un projet, g\u00e9riez le flux de tr\u00e9sorerie ou pr\u00e9pariez des pr\u00e9visions de co\u00fbts, vous trouverez ici les d\u00e9finitions dont vous avez besoin. Restez inform\u00e9 et prenez des d\u00e9cisions en toute confiance sur chaque projet.<\/p>\n","protected":false},"excerpt":{"rendered":"<p>Bienvenue dans le Glossaire Financier de la Construction, votre ressource essentielle pour comprendre les termes et concepts financiers propres \u00e0 la construction. Ce glossaire est con\u00e7u pour les professionnels du secteur ainsi que pour les nouveaux venus, couvrant tout, de la budg\u00e9tisation de base \u00e0 la gestion avanc\u00e9e des co\u00fbts. Que vous supervisiez les finances&#8230;  <a class=\"excerpt-read-more\" href=\"https:\/\/planyard.com\/fr\/glossaire-financier-construction\" title=\"Lire  Glossaire Financier de la Construction\">Lire la suite \u00ab\u00a0<\/a><\/p>\n","protected":false},"author":3,"featured_media":0,"parent":0,"menu_order":0,"comment_status":"closed","ping_status":"closed","template":"","meta":{"_acf_changed":false,"content-type":"","footnotes":""},"page_intent":[239],"page_type":[],"class_list":["post-12110","page","type-page","status-publish","hentry"],"acf":[],"yoast_head":"<!-- This site is optimized with the Yoast SEO plugin v26.9 - https:\/\/yoast.com\/product\/yoast-seo-wordpress\/ -->\n<title>Glossaire Financier de la Construction - Planyard France<\/title>\n<meta name=\"description\" content=\"Votre ressource incontournable pour des d\u00e9finitions claires du glossaire financier essentiel de la construction. Il couvre la budg\u00e9tisation, les flux de tr\u00e9sorerie et plus encore.\" \/>\n<meta name=\"robots\" content=\"index, follow, max-snippet:-1, max-image-preview:large, max-video-preview:-1\" \/>\n<link rel=\"canonical\" href=\"https:\/\/planyard.com\/fr\/glossaire-financier-construction\" \/>\n<meta property=\"og:locale\" content=\"fr_FR\" \/>\n<meta property=\"og:type\" content=\"article\" \/>\n<meta property=\"og:title\" content=\"Glossaire Financier de la Construction - Planyard France\" \/>\n<meta property=\"og:description\" content=\"Votre ressource incontournable pour des d\u00e9finitions claires du glossaire financier essentiel de la construction. Il couvre la budg\u00e9tisation, les flux de tr\u00e9sorerie et plus encore.\" \/>\n<meta property=\"og:url\" content=\"https:\/\/planyard.com\/fr\/glossaire-financier-construction\" \/>\n<meta property=\"og:site_name\" content=\"Planyard France\" \/>\n<meta property=\"article:modified_time\" content=\"2025-05-19T18:05:14+00:00\" \/>\n<meta name=\"twitter:card\" content=\"summary_large_image\" \/>\n<meta name=\"twitter:label1\" content=\"Dur\u00e9e de lecture estim\u00e9e\" \/>\n\t<meta name=\"twitter:data1\" content=\"1 minute\" \/>\n<!-- \/ Yoast SEO plugin. -->","yoast_head_json":{"title":"Glossaire Financier de la Construction - Planyard France","description":"Votre ressource incontournable pour des d\u00e9finitions claires du glossaire financier essentiel de la construction. Il couvre la budg\u00e9tisation, les flux de tr\u00e9sorerie et plus encore.","robots":{"index":"index","follow":"follow","max-snippet":"max-snippet:-1","max-image-preview":"max-image-preview:large","max-video-preview":"max-video-preview:-1"},"canonical":"https:\/\/planyard.com\/fr\/glossaire-financier-construction","og_locale":"fr_FR","og_type":"article","og_title":"Glossaire Financier de la Construction - Planyard France","og_description":"Votre ressource incontournable pour des d\u00e9finitions claires du glossaire financier essentiel de la construction. Il couvre la budg\u00e9tisation, les flux de tr\u00e9sorerie et plus encore.","og_url":"https:\/\/planyard.com\/fr\/glossaire-financier-construction","og_site_name":"Planyard France","article_modified_time":"2025-05-19T18:05:14+00:00","twitter_card":"summary_large_image","twitter_misc":{"Dur\u00e9e de lecture estim\u00e9e":"1 minute"},"schema":{"@context":"https:\/\/schema.org","@graph":[{"@type":"WebPage","@id":"https:\/\/planyard.com\/fr\/glossaire-financier-construction","url":"https:\/\/planyard.com\/fr\/glossaire-financier-construction","name":"Glossaire Financier de la Construction - Planyard France","isPartOf":{"@id":"https:\/\/planyard.com\/fr#website"},"datePublished":"2024-11-06T09:38:07+00:00","dateModified":"2025-05-19T18:05:14+00:00","description":"Votre ressource incontournable pour des d\u00e9finitions claires du glossaire financier essentiel de la construction. Il couvre la budg\u00e9tisation, les flux de tr\u00e9sorerie et plus encore.","breadcrumb":{"@id":"https:\/\/planyard.com\/fr\/glossaire-financier-construction#breadcrumb"},"inLanguage":"fr-FR","potentialAction":[{"@type":"ReadAction","target":["https:\/\/planyard.com\/fr\/glossaire-financier-construction"]}]},{"@type":"BreadcrumbList","@id":"https:\/\/planyard.com\/fr\/glossaire-financier-construction#breadcrumb","itemListElement":[{"@type":"ListItem","position":1,"name":"Home","item":"https:\/\/planyard.com\/fr"},{"@type":"ListItem","position":2,"name":"Glossaire Financier de la Construction"}]},{"@type":"WebSite","@id":"https:\/\/planyard.com\/fr#website","url":"https:\/\/planyard.com\/fr","name":"Planyard France","description":"","potentialAction":[{"@type":"SearchAction","target":{"@type":"EntryPoint","urlTemplate":"https:\/\/planyard.com\/fr?s={search_term_string}"},"query-input":{"@type":"PropertyValueSpecification","valueRequired":true,"valueName":"search_term_string"}}],"inLanguage":"fr-FR"}]}},"_links":{"self":[{"href":"https:\/\/planyard.com\/fr\/wp-json\/wp\/v2\/pages\/12110","targetHints":{"allow":["GET"]}}],"collection":[{"href":"https:\/\/planyard.com\/fr\/wp-json\/wp\/v2\/pages"}],"about":[{"href":"https:\/\/planyard.com\/fr\/wp-json\/wp\/v2\/types\/page"}],"author":[{"embeddable":true,"href":"https:\/\/planyard.com\/fr\/wp-json\/wp\/v2\/users\/3"}],"replies":[{"embeddable":true,"href":"https:\/\/planyard.com\/fr\/wp-json\/wp\/v2\/comments?post=12110"}],"version-history":[{"count":3,"href":"https:\/\/planyard.com\/fr\/wp-json\/wp\/v2\/pages\/12110\/revisions"}],"predecessor-version":[{"id":16152,"href":"https:\/\/planyard.com\/fr\/wp-json\/wp\/v2\/pages\/12110\/revisions\/16152"}],"wp:attachment":[{"href":"https:\/\/planyard.com\/fr\/wp-json\/wp\/v2\/media?parent=12110"}],"wp:term":[{"taxonomy":"page_intent","embeddable":true,"href":"https:\/\/planyard.com\/fr\/wp-json\/wp\/v2\/page_intent?post=12110"},{"taxonomy":"page_type","embeddable":true,"href":"https:\/\/planyard.com\/fr\/wp-json\/wp\/v2\/page_type?post=12110"}],"curies":[{"name":"wp","href":"https:\/\/api.w.org\/{rel}","templated":true}]}}