{"id":12108,"date":"2024-11-01T07:39:25","date_gmt":"2024-11-01T07:39:25","guid":{"rendered":"https:\/\/planyard.com\/construction-estimating-software"},"modified":"2025-05-17T17:37:13","modified_gmt":"2025-05-17T17:37:13","slug":"logiciel-estimation-construction","status":"publish","type":"page","link":"https:\/\/planyard.com\/fr\/logiciel-estimation-construction","title":{"rendered":"Logiciel d&rsquo;estimation de construction"},"content":{"rendered":"","protected":false},"excerpt":{"rendered":"","protected":false},"author":5,"featured_media":0,"parent":0,"menu_order":0,"comment_status":"closed","ping_status":"closed","template":"","meta":{"_acf_changed":false,"content-type":"","footnotes":""},"page_intent":[149],"page_type":[],"class_list":["post-12108","page","type-page","status-publish","hentry"],"acf":[],"yoast_head":"<!-- This site is optimized with the Yoast SEO plugin v26.9 - https:\/\/yoast.com\/product\/yoast-seo-wordpress\/ -->\n<title>Logiciel d&#039;estimation de construction - Planyard France<\/title>\n<meta name=\"description\" content=\"Simplifiez les appels d&#039;offres avec le logiciel d&#039;estimation de construction de Planyard. Cr\u00e9ez des estimations pr\u00e9cises, suivez les progr\u00e8s et convertissez les offres en budgets. Essayez-le gratuitement d\u00e8s aujourd&#039;hui !\" \/>\n<meta name=\"robots\" content=\"index, follow, max-snippet:-1, max-image-preview:large, max-video-preview:-1\" \/>\n<link rel=\"canonical\" href=\"https:\/\/planyard.com\/fr\/logiciel-estimation-construction\" \/>\n<meta property=\"og:locale\" content=\"fr_FR\" \/>\n<meta property=\"og:type\" content=\"article\" \/>\n<meta property=\"og:title\" content=\"Logiciel d&#039;estimation de construction - Planyard France\" \/>\n<meta property=\"og:description\" content=\"Simplifiez les appels d&#039;offres avec le logiciel d&#039;estimation de construction de Planyard. Cr\u00e9ez des estimations pr\u00e9cises, suivez les progr\u00e8s et convertissez les offres en budgets. Essayez-le gratuitement d\u00e8s aujourd&#039;hui !\" \/>\n<meta property=\"og:url\" content=\"https:\/\/planyard.com\/fr\/logiciel-estimation-construction\" \/>\n<meta property=\"og:site_name\" content=\"Planyard France\" \/>\n<meta property=\"article:modified_time\" content=\"2025-05-17T17:37:13+00:00\" \/>\n<meta name=\"twitter:card\" content=\"summary_large_image\" \/>\n<!-- \/ Yoast SEO plugin. -->","yoast_head_json":{"title":"Logiciel d'estimation de construction - Planyard France","description":"Simplifiez les appels d'offres avec le logiciel d'estimation de construction de Planyard. Cr\u00e9ez des estimations pr\u00e9cises, suivez les progr\u00e8s et convertissez les offres en budgets. Essayez-le gratuitement d\u00e8s aujourd'hui !","robots":{"index":"index","follow":"follow","max-snippet":"max-snippet:-1","max-image-preview":"max-image-preview:large","max-video-preview":"max-video-preview:-1"},"canonical":"https:\/\/planyard.com\/fr\/logiciel-estimation-construction","og_locale":"fr_FR","og_type":"article","og_title":"Logiciel d'estimation de construction - Planyard France","og_description":"Simplifiez les appels d'offres avec le logiciel d'estimation de construction de Planyard. Cr\u00e9ez des estimations pr\u00e9cises, suivez les progr\u00e8s et convertissez les offres en budgets. Essayez-le gratuitement d\u00e8s aujourd'hui !","og_url":"https:\/\/planyard.com\/fr\/logiciel-estimation-construction","og_site_name":"Planyard France","article_modified_time":"2025-05-17T17:37:13+00:00","twitter_card":"summary_large_image","schema":{"@context":"https:\/\/schema.org","@graph":[{"@type":"WebPage","@id":"https:\/\/planyard.com\/fr\/logiciel-estimation-construction","url":"https:\/\/planyard.com\/fr\/logiciel-estimation-construction","name":"Logiciel d'estimation de construction - Planyard France","isPartOf":{"@id":"https:\/\/planyard.com\/fr#website"},"datePublished":"2024-11-01T07:39:25+00:00","dateModified":"2025-05-17T17:37:13+00:00","description":"Simplifiez les appels d'offres avec le logiciel d'estimation de construction de Planyard. Cr\u00e9ez des estimations pr\u00e9cises, suivez les progr\u00e8s et convertissez les offres en budgets. Essayez-le gratuitement d\u00e8s aujourd'hui !","breadcrumb":{"@id":"https:\/\/planyard.com\/fr\/logiciel-estimation-construction#breadcrumb"},"inLanguage":"fr-FR","potentialAction":[{"@type":"ReadAction","target":["https:\/\/planyard.com\/fr\/logiciel-estimation-construction"]}]},{"@type":"BreadcrumbList","@id":"https:\/\/planyard.com\/fr\/logiciel-estimation-construction#breadcrumb","itemListElement":[{"@type":"ListItem","position":1,"name":"Home","item":"https:\/\/planyard.com\/fr"},{"@type":"ListItem","position":2,"name":"Logiciel d&#8217;estimation de construction"}]},{"@type":"WebSite","@id":"https:\/\/planyard.com\/fr#website","url":"https:\/\/planyard.com\/fr","name":"Planyard France","description":"","potentialAction":[{"@type":"SearchAction","target":{"@type":"EntryPoint","urlTemplate":"https:\/\/planyard.com\/fr?s={search_term_string}"},"query-input":{"@type":"PropertyValueSpecification","valueRequired":true,"valueName":"search_term_string"}}],"inLanguage":"fr-FR"}]}},"_links":{"self":[{"href":"https:\/\/planyard.com\/fr\/wp-json\/wp\/v2\/pages\/12108","targetHints":{"allow":["GET"]}}],"collection":[{"href":"https:\/\/planyard.com\/fr\/wp-json\/wp\/v2\/pages"}],"about":[{"href":"https:\/\/planyard.com\/fr\/wp-json\/wp\/v2\/types\/page"}],"author":[{"embeddable":true,"href":"https:\/\/planyard.com\/fr\/wp-json\/wp\/v2\/users\/5"}],"replies":[{"embeddable":true,"href":"https:\/\/planyard.com\/fr\/wp-json\/wp\/v2\/comments?post=12108"}],"version-history":[{"count":1,"href":"https:\/\/planyard.com\/fr\/wp-json\/wp\/v2\/pages\/12108\/revisions"}],"predecessor-version":[{"id":12251,"href":"https:\/\/planyard.com\/fr\/wp-json\/wp\/v2\/pages\/12108\/revisions\/12251"}],"wp:attachment":[{"href":"https:\/\/planyard.com\/fr\/wp-json\/wp\/v2\/media?parent=12108"}],"wp:term":[{"taxonomy":"page_intent","embeddable":true,"href":"https:\/\/planyard.com\/fr\/wp-json\/wp\/v2\/page_intent?post=12108"},{"taxonomy":"page_type","embeddable":true,"href":"https:\/\/planyard.com\/fr\/wp-json\/wp\/v2\/page_type?post=12108"}],"curies":[{"name":"wp","href":"https:\/\/api.w.org\/{rel}","templated":true}]}}