{"id":12100,"date":"2024-09-12T06:06:03","date_gmt":"2024-09-12T06:06:03","guid":{"rendered":"https:\/\/planyard.com\/construction-cost-codes-for-project-managers"},"modified":"2025-05-19T18:05:11","modified_gmt":"2025-05-19T18:05:11","slug":"codes-de-cout-de-construction-pour-les-chefs-de-projet","status":"publish","type":"page","link":"https:\/\/planyard.com\/fr\/codes-de-cout-de-construction-pour-les-chefs-de-projet","title":{"rendered":"Codes de Co\u00fbt de Construction"},"content":{"rendered":"\n<h2 class=\"wp-block-heading has-text-align-center paddedHeading\" id=\"what-are-construction-cost-codes\">Qu&rsquo;est-ce que les Codes de Co\u00fbt de Construction ?<\/h2>\n\n\n\n<div class=\"wp-block-media-text alignwide has-media-on-the-right is-stacked-on-mobile\"><div class=\"wp-block-media-text__content\">\n<p><br>Les codes de co\u00fbt de construction sont une liste d\u00e9finie de codes utilis\u00e9s pour suivre, g\u00e9rer et rapporter les montants, quantit\u00e9s, budgets, b\u00e9n\u00e9fices et autres donn\u00e9es li\u00e9es au projet. <\/p>\n\n\n\n<p>Ces codes simplifient la gestion des donn\u00e9es \u00e0 l&rsquo;\u00e9chelle de l&rsquo;entreprise pour toutes les parties prenantes, y compris les estimateurs, les chefs de projet et la comptabilit\u00e9.<\/p>\n\n\n\n<p>Ils doivent \u00eatre utilis\u00e9s pour la pr\u00e9vision et la contractualisation \u00e0 la gestion des co\u00fbts et \u00e0 la comptabilit\u00e9, assurant une visibilit\u00e9 compl\u00e8te du projet et permettant la d\u00e9tection des erreurs et la r\u00e9utilisation des donn\u00e9es.<\/p>\n<\/div><figure class=\"wp-block-media-text__media\"><img loading=\"lazy\" decoding=\"async\" width=\"386\" height=\"365\" src=\"https:\/\/planyard.com\/wp-content\/uploads\/2024\/09\/Example-construction-cost-codes.png\" alt=\"\" class=\"wp-image-1976 size-full\" \/><\/figure><\/div>\n\n\n\n<h2 class=\"wp-block-heading has-text-align-center\">Avantages de l&rsquo;Utilisation des Codes de Co\u00fbt de Construction<\/h2>\n\n\n\n<div class=\"wp-block-columns is-layout-flex wp-container-core-columns-is-layout-9d6595d7 wp-block-columns-is-layout-flex\">\n<div class=\"wp-block-column is-layout-flow wp-block-column-is-layout-flow\">\n<h4 class=\"wp-block-heading\" id=\"cost-control\">Contr\u00f4le des co\u00fbts<\/h4>\n\n\n\n<p>M\u00e9thode rapide et facile pour identifier et analyser comment l&rsquo;argent est d\u00e9pens\u00e9 sur le projet.<\/p>\n<\/div>\n\n\n\n<div class=\"wp-block-column is-layout-flow wp-block-column-is-layout-flow\">\n<h4 class=\"wp-block-heading\" id=\"kpis-tracking\">Suivi des KPIs<\/h4>\n\n\n\n<p>Suivre et g\u00e9rer les KPIs tels que le co\u00fbt estim\u00e9, l&rsquo;estimation des co\u00fbts, les co\u00fbts actuels et plus encore.<\/p>\n<\/div>\n\n\n\n<div class=\"wp-block-column is-layout-flow wp-block-column-is-layout-flow\">\n<h4 class=\"wp-block-heading\" id=\"ideal-for-companywide-use\">Id\u00e9al pour une utilisation \u00e0 l&rsquo;\u00e9chelle de l&rsquo;entreprise<\/h4>\n\n\n\n<p>L&rsquo;utilisation des m\u00eames codes \u00e0 l&rsquo;\u00e9chelle de l&rsquo;entreprise facilite le suivi et l&rsquo;analyse des co\u00fbts, des erreurs et des pr\u00e9visions pour toutes les parties prenantes.<\/p>\n<\/div>\n<\/div>\n\n\n\n<div class=\"wp-block-columns is-layout-flex wp-container-core-columns-is-layout-9d6595d7 wp-block-columns-is-layout-flex\">\n<div class=\"wp-block-column is-layout-flow wp-block-column-is-layout-flow\">\n<h4 class=\"wp-block-heading\" id=\"visualize-profit-centers\">Visualiser les centres de profit<\/h4>\n\n\n\n<p>Analyse de bout en bout pour visualiser les centres de profit et les zones probl\u00e9matiques.<\/p>\n<\/div>\n\n\n\n<div class=\"wp-block-column is-layout-flow wp-block-column-is-layout-flow\">\n<h4 class=\"wp-block-heading\" id=\"estimating\">Estimation<\/h4>\n\n\n\n<p>Fournit une structure et un acc\u00e8s pour suivre les co\u00fbts en temps r\u00e9el afin de d\u00e9finir des estimations plus pr\u00e9cises et r\u00e9alistes.<\/p>\n<\/div>\n\n\n\n<div class=\"wp-block-column is-layout-flow wp-block-column-is-layout-flow\">\n<h4 class=\"wp-block-heading\" id=\"real-time-tracking\">Suivi en temps r\u00e9el<\/h4>\n\n\n\n<p>Permet \u00e0 la direction d&rsquo;avoir une vue d&rsquo;ensemble claire du projet et de garder toutes les parties prenantes engag\u00e9es.<\/p>\n<\/div>\n<\/div>\n\n\n\n<h2 class=\"wp-block-heading has-text-align-center\">Projet D\u00e9compos\u00e9 en Livrables Plus Petits<\/h2>\n\n\n\n<div class=\"wp-block-media-text alignwide has-media-on-the-right is-stacked-on-mobile\"><div class=\"wp-block-media-text__content\">\n<p><br>Le travail peut \u00eatre d\u00e9compos\u00e9 en utilisant les codes de co\u00fbt de construction d&rsquo;un projet pour diviser les t\u00e2ches en livrables plus petits (par exemple, fondations, installations, fa\u00e7ades).<\/p>\n\n\n\n<p>Planyard recommande de suivre l&rsquo;ordre chronologique des travaux. Structurer les co\u00fbts par activit\u00e9s sur site aide la direction \u00e0 suivre la rentabilit\u00e9 par phases. \u00c0 mi-projet, vous pouvez voir si les phases initiales, comme les travaux de fondation, \u00e9taient rentables.<\/p>\n<\/div><figure class=\"wp-block-media-text__media\"><img loading=\"lazy\" decoding=\"async\" width=\"586\" height=\"367\" src=\"https:\/\/planyard.com\/wp-content\/uploads\/2024\/09\/Categoreis.png\" alt=\"\" class=\"wp-image-1977 size-full\" \/><\/figure><\/div>\n\n\n\n<h2 class=\"wp-block-heading has-text-align-center\">Structure du Budget de Construction<\/h2>\n\n\n\n<div class=\"wp-block-media-text alignwide has-media-on-the-right is-stacked-on-mobile\"><div class=\"wp-block-media-text__content\">\n<p>Les codes de co\u00fbt de construction doivent lier ensemble la pr\u00e9vision du projet et la gestion des co\u00fbts avec les t\u00e2ches et la structure du projet. Les codes de co\u00fbt doivent avoir une structure reconnaissable, du niveau global du projet aux t\u00e2ches et comptes individuels.<\/p>\n\n\n\n<p>\u00c0 droite, vous pouvez voir la cat\u00e9gorie des Installations Externes d\u00e9compos\u00e9e au niveau des comptes.<\/p>\n<\/div><figure class=\"wp-block-media-text__media\"><img loading=\"lazy\" decoding=\"async\" width=\"809\" height=\"198\" src=\"https:\/\/planyard.com\/wp-content\/uploads\/2024\/09\/Category-breakdown.png\" alt=\"\" class=\"wp-image-1978 size-full\" \/><\/figure><\/div>\n\n\n\n<h2 class=\"wp-block-heading has-text-align-center paddedHeading\" id=\"budget-managed-from-an-estimate-from-job-costing-to-project-income\">Budget G\u00e9r\u00e9 \u00e0 Partir d&rsquo;une Estimation, du Co\u00fbt du Projet au Revenu du Projet<\/h2>\n\n\n\n<p>De plus, il est judicieux de lister le budget avec le co\u00fbt pay\u00e9 par le client pour permettre le suivi de la rentabilit\u00e9 du projet au niveau des articles.<\/p>\n\n\n\n<figure class=\"wp-block-image size-full\"><img loading=\"lazy\" decoding=\"async\" width=\"1024\" height=\"165\" src=\"https:\/\/planyard.com\/wp-content\/uploads\/2024\/09\/Category-breakdown-goal-and-free-1024x165-1.png\" alt=\"\" class=\"wp-image-1979\" \/><\/figure>\n\n\n\n<div class=\"wp-block-group\"><div class=\"wp-block-group__inner-container is-layout-constrained wp-block-group-is-layout-constrained\">\n<h2 class=\"wp-block-heading has-text-align-center paddedHeading\" id=\"to-what-level-should-you-break-down-construction-cost-codes\">\u00c0 quel niveau devriez-vous d\u00e9composer les codes de co\u00fbt de construction ?<\/h2>\n\n\n\n<p>Il n&rsquo;y a pas de r\u00e9ponse unique \u00e0 cette question. Vous devriez commencer par suivre le niveau de d\u00e9tail n\u00e9cessaire pour les diff\u00e9rentes parties prenantes. Suivre les co\u00fbts avec trop de d\u00e9tails rend le rapport fastidieux pour les chefs de projet et ajoute de la complexit\u00e9 au processus d&rsquo;analyse des co\u00fbts.<\/p>\n\n\n\n<p><strong>NB ! Il est important de garder \u00e0 l&rsquo;esprit qu&rsquo;il y a un certain nombre de parties prenantes impliqu\u00e9es dans la gestion des codes de co\u00fbt. Toutes les parties prenantes doivent \u00eatre impliqu\u00e9es dans la s\u00e9lection de la structure appropri\u00e9e des codes de co\u00fbt.<\/strong><\/p>\n\n\n\n<ol class=\"wp-block-list\">\n<li>Important de penser \u00e0 qui utilisera les informations des codes de co\u00fbt<\/li>\n\n\n\n<li>Les chefs de projet sont int\u00e9ress\u00e9s par la r\u00e9alisation du travail et devraient avoir le contr\u00f4le du budget avec le moins de temps pass\u00e9 sur les rapports possible<\/li>\n\n\n\n<li>La comptabilit\u00e9 est int\u00e9ress\u00e9e par le suivi des co\u00fbts par chaque compte<br>Les gestionnaires devraient pouvoir concorder avec le suivi des erreurs, la responsabilit\u00e9 et la rentabilit\u00e9<\/li>\n\n\n\n<li>Les estimateurs pour les futures estimations doivent pouvoir suivre les co\u00fbts r\u00e9els des projets en cours<\/li>\n<\/ol>\n<\/div><\/div>\n\n\n\n<h2 class=\"wp-block-heading has-text-align-center paddedHeading\" id=\"where-to-get-a-list-of-construction-cost-codes\">O\u00f9 obtenir une liste des codes de co\u00fbt de construction ?<\/h2>\n\n\n\n<div class=\"wp-block-buttons is-horizontal is-content-justification-center is-layout-flex wp-container-core-buttons-is-layout-499968f5 wp-block-buttons-is-layout-flex\">\n<div class=\"wp-block-button\"><a class=\"wp-block-button__link has-background wp-element-button\" href=\"https:\/\/planyard.com\/fr\/obtenez-votre-feuille-de-calcul-gratuite-des-codes-de-couts\" style=\"background-color:#2756ff\" target=\"_blank\" rel=\"noreferrer noopener\">Obtenez des codes de co\u00fbt de construction gratuitement<\/a><\/div>\n<\/div>\n\n\n\n<h2 class=\"wp-block-heading has-text-align-center\">Le logiciel Planyard pour entrepreneurs aide les \u00e9quipes ambitieuses \u00e0 atteindre leurs objectifs et \u00e0 acc\u00e9l\u00e9rer leur croissance.<\/h2>\n\n\n\n<div class=\"wp-block-media-text alignwide has-media-on-the-right is-stacked-on-mobile is-vertically-aligned-center\" style=\"grid-template-columns:auto 41%\"><div class=\"wp-block-media-text__content\">\n<ul class=\"wp-block-list\">\n<li>Plus de tableurs<\/li>\n\n\n\n<li>\u00c9conomise le temps des chefs de projet et des \u00e9conomistes de la construction<\/li>\n\n\n\n<li>Facile \u00e0 mettre en \u0153uvre et \u00e0 utiliser<\/li>\n\n\n\n<li>Pr\u00e9visions financi\u00e8res pr\u00e9cises et en temps r\u00e9el<\/li>\n\n\n\n<li>Plus de saisie de donn\u00e9es en double<\/li>\n<\/ul>\n\n\n\n<div class=\"wp-block-buttons is-layout-flex wp-block-buttons-is-layout-flex\">\n<div class=\"wp-block-button\"><a class=\"wp-block-button__link has-background wp-element-button\" href=\"https:\/\/planyard.com\/sign-up\" style=\"background-color:#2756ff\">Commencez votre essai gratuit<\/a><\/div>\n\n\n\n<div class=\"wp-block-button\"><a class=\"wp-block-button__link has-background wp-element-button\" href=\"https:\/\/meetings.hubspot.com\/cedlund\" style=\"background-color:#2756ff\" target=\"_blank\" rel=\"noreferrer noopener\">Demandez une d\u00e9mo<\/a><\/div>\n<\/div>\n<\/div><figure class=\"wp-block-media-text__media\"><img loading=\"lazy\" decoding=\"async\" width=\"1024\" height=\"598\" src=\"https:\/\/planyard.com\/wp-content\/uploads\/2024\/09\/construction-project-management-software-macbook-iphone-1_reduced-1024x598-1.webp\" alt=\"\" class=\"wp-image-1980 size-large\" \/><\/figure><\/div>\n","protected":false},"excerpt":{"rendered":"<p>Qu&rsquo;est-ce que les Codes de Co\u00fbt de Construction ? Les codes de co\u00fbt de construction sont une liste d\u00e9finie de codes utilis\u00e9s pour suivre, g\u00e9rer et rapporter les montants, quantit\u00e9s, budgets, b\u00e9n\u00e9fices et autres donn\u00e9es li\u00e9es au projet. Ces codes simplifient la gestion des donn\u00e9es \u00e0 l&rsquo;\u00e9chelle de l&rsquo;entreprise pour toutes les parties prenantes, y&#8230;  <a class=\"excerpt-read-more\" href=\"https:\/\/planyard.com\/fr\/codes-de-cout-de-construction-pour-les-chefs-de-projet\" title=\"Lire  Codes de Co\u00fbt de Construction\">Lire la suite \u00ab\u00a0<\/a><\/p>\n","protected":false},"author":5,"featured_media":0,"parent":0,"menu_order":0,"comment_status":"closed","ping_status":"closed","template":"","meta":{"_acf_changed":false,"content-type":"","footnotes":""},"page_intent":[164],"page_type":[],"class_list":["post-12100","page","type-page","status-publish","hentry"],"acf":[],"yoast_head":"<!-- This site is optimized with the Yoast SEO plugin v27.1.1 - https:\/\/yoast.com\/product\/yoast-seo-wordpress\/ -->\n<title>Codes de Co\u00fbt de Construction pour Chefs de Projet - Guide et Mod\u00e8le Gratuit<\/title>\n<meta name=\"description\" content=\"T\u00e9l\u00e9chargez gratuitement les codes de co\u00fbt de construction Planyard et gardez le contr\u00f4le de vos co\u00fbts de projet avec facilit\u00e9. Feuille de calcul gratuite pour les chefs de projet en construction.\" \/>\n<meta name=\"robots\" content=\"index, follow, max-snippet:-1, max-image-preview:large, max-video-preview:-1\" \/>\n<link rel=\"canonical\" href=\"https:\/\/planyard.com\/fr\/codes-de-cout-de-construction-pour-les-chefs-de-projet\" \/>\n<meta property=\"og:locale\" content=\"fr_FR\" \/>\n<meta property=\"og:type\" content=\"article\" \/>\n<meta property=\"og:title\" content=\"Codes de Co\u00fbt de Construction pour Chefs de Projet - Guide et Mod\u00e8le Gratuit\" \/>\n<meta property=\"og:description\" content=\"T\u00e9l\u00e9chargez gratuitement les codes de co\u00fbt de construction Planyard et gardez le contr\u00f4le de vos co\u00fbts de projet avec facilit\u00e9. Feuille de calcul gratuite pour les chefs de projet en construction.\" \/>\n<meta property=\"og:url\" content=\"https:\/\/planyard.com\/fr\/codes-de-cout-de-construction-pour-les-chefs-de-projet\" \/>\n<meta property=\"og:site_name\" content=\"Planyard France\" \/>\n<meta property=\"article:modified_time\" content=\"2025-05-19T18:05:11+00:00\" \/>\n<meta property=\"og:image\" content=\"https:\/\/planyard.com\/wp-content\/uploads\/2024\/09\/Example-construction-cost-codes.png\" \/>\n\t<meta property=\"og:image:width\" content=\"386\" \/>\n\t<meta property=\"og:image:height\" content=\"365\" \/>\n\t<meta property=\"og:image:type\" content=\"image\/png\" \/>\n<meta name=\"twitter:card\" content=\"summary_large_image\" \/>\n<meta name=\"twitter:label1\" content=\"Dur\u00e9e de lecture estim\u00e9e\" \/>\n\t<meta name=\"twitter:data1\" content=\"4 minutes\" \/>\n<!-- \/ Yoast SEO plugin. -->","yoast_head_json":{"title":"Codes de Co\u00fbt de Construction pour Chefs de Projet - Guide et Mod\u00e8le Gratuit","description":"T\u00e9l\u00e9chargez gratuitement les codes de co\u00fbt de construction Planyard et gardez le contr\u00f4le de vos co\u00fbts de projet avec facilit\u00e9. Feuille de calcul gratuite pour les chefs de projet en construction.","robots":{"index":"index","follow":"follow","max-snippet":"max-snippet:-1","max-image-preview":"max-image-preview:large","max-video-preview":"max-video-preview:-1"},"canonical":"https:\/\/planyard.com\/fr\/codes-de-cout-de-construction-pour-les-chefs-de-projet","og_locale":"fr_FR","og_type":"article","og_title":"Codes de Co\u00fbt de Construction pour Chefs de Projet - Guide et Mod\u00e8le Gratuit","og_description":"T\u00e9l\u00e9chargez gratuitement les codes de co\u00fbt de construction Planyard et gardez le contr\u00f4le de vos co\u00fbts de projet avec facilit\u00e9. Feuille de calcul gratuite pour les chefs de projet en construction.","og_url":"https:\/\/planyard.com\/fr\/codes-de-cout-de-construction-pour-les-chefs-de-projet","og_site_name":"Planyard France","article_modified_time":"2025-05-19T18:05:11+00:00","og_image":[{"width":386,"height":365,"url":"https:\/\/planyard.com\/wp-content\/uploads\/2024\/09\/Example-construction-cost-codes.png","type":"image\/png"}],"twitter_card":"summary_large_image","twitter_misc":{"Dur\u00e9e de lecture estim\u00e9e":"4 minutes"},"schema":{"@context":"https:\/\/schema.org","@graph":[{"@type":"WebPage","@id":"https:\/\/planyard.com\/fr\/codes-de-cout-de-construction-pour-les-chefs-de-projet","url":"https:\/\/planyard.com\/fr\/codes-de-cout-de-construction-pour-les-chefs-de-projet","name":"Codes de Co\u00fbt de Construction pour Chefs de Projet - Guide et Mod\u00e8le Gratuit","isPartOf":{"@id":"https:\/\/planyard.com\/fr#website"},"primaryImageOfPage":{"@id":"https:\/\/planyard.com\/fr\/codes-de-cout-de-construction-pour-les-chefs-de-projet#primaryimage"},"image":{"@id":"https:\/\/planyard.com\/fr\/codes-de-cout-de-construction-pour-les-chefs-de-projet#primaryimage"},"thumbnailUrl":"https:\/\/planyard.com\/wp-content\/uploads\/2024\/09\/Example-construction-cost-codes.png","datePublished":"2024-09-12T06:06:03+00:00","dateModified":"2025-05-19T18:05:11+00:00","description":"T\u00e9l\u00e9chargez gratuitement les codes de co\u00fbt de construction Planyard et gardez le contr\u00f4le de vos co\u00fbts de projet avec facilit\u00e9. Feuille de calcul gratuite pour les chefs de projet en construction.","breadcrumb":{"@id":"https:\/\/planyard.com\/fr\/codes-de-cout-de-construction-pour-les-chefs-de-projet#breadcrumb"},"inLanguage":"fr-FR","potentialAction":[{"@type":"ReadAction","target":["https:\/\/planyard.com\/fr\/codes-de-cout-de-construction-pour-les-chefs-de-projet"]}]},{"@type":"ImageObject","inLanguage":"fr-FR","@id":"https:\/\/planyard.com\/fr\/codes-de-cout-de-construction-pour-les-chefs-de-projet#primaryimage","url":"https:\/\/planyard.com\/wp-content\/uploads\/2024\/09\/Example-construction-cost-codes.png","contentUrl":"https:\/\/planyard.com\/wp-content\/uploads\/2024\/09\/Example-construction-cost-codes.png"},{"@type":"BreadcrumbList","@id":"https:\/\/planyard.com\/fr\/codes-de-cout-de-construction-pour-les-chefs-de-projet#breadcrumb","itemListElement":[{"@type":"ListItem","position":1,"name":"Home","item":"https:\/\/planyard.com\/fr"},{"@type":"ListItem","position":2,"name":"Codes de Co\u00fbt de Construction"}]},{"@type":"WebSite","@id":"https:\/\/planyard.com\/fr#website","url":"https:\/\/planyard.com\/fr","name":"Planyard France","description":"","potentialAction":[{"@type":"SearchAction","target":{"@type":"EntryPoint","urlTemplate":"https:\/\/planyard.com\/fr?s={search_term_string}"},"query-input":{"@type":"PropertyValueSpecification","valueRequired":true,"valueName":"search_term_string"}}],"inLanguage":"fr-FR"}]}},"_links":{"self":[{"href":"https:\/\/planyard.com\/fr\/wp-json\/wp\/v2\/pages\/12100","targetHints":{"allow":["GET"]}}],"collection":[{"href":"https:\/\/planyard.com\/fr\/wp-json\/wp\/v2\/pages"}],"about":[{"href":"https:\/\/planyard.com\/fr\/wp-json\/wp\/v2\/types\/page"}],"author":[{"embeddable":true,"href":"https:\/\/planyard.com\/fr\/wp-json\/wp\/v2\/users\/5"}],"replies":[{"embeddable":true,"href":"https:\/\/planyard.com\/fr\/wp-json\/wp\/v2\/comments?post=12100"}],"version-history":[{"count":3,"href":"https:\/\/planyard.com\/fr\/wp-json\/wp\/v2\/pages\/12100\/revisions"}],"predecessor-version":[{"id":16151,"href":"https:\/\/planyard.com\/fr\/wp-json\/wp\/v2\/pages\/12100\/revisions\/16151"}],"wp:attachment":[{"href":"https:\/\/planyard.com\/fr\/wp-json\/wp\/v2\/media?parent=12100"}],"wp:term":[{"taxonomy":"page_intent","embeddable":true,"href":"https:\/\/planyard.com\/fr\/wp-json\/wp\/v2\/page_intent?post=12100"},{"taxonomy":"page_type","embeddable":true,"href":"https:\/\/planyard.com\/fr\/wp-json\/wp\/v2\/page_type?post=12100"}],"curies":[{"name":"wp","href":"https:\/\/api.w.org\/{rel}","templated":true}]}}