{"id":12090,"date":"2025-02-12T11:05:38","date_gmt":"2025-02-12T11:05:38","guid":{"rendered":"https:\/\/planyard.com\/construction-bidding-guide"},"modified":"2025-05-19T18:01:01","modified_gmt":"2025-05-19T18:01:01","slug":"guide-pratique-appels-offres-construction","status":"publish","type":"page","link":"https:\/\/planyard.com\/fr\/guide-pratique-appels-offres-construction","title":{"rendered":"Appels d&rsquo;offres en construction : Un guide pratique pour les chefs de projet"},"content":{"rendered":"\n<p><em>Chapitre 2 de <a href=\"https:\/\/planyard.com\/fr\/guide-gratuit-maitriser-gestion-projet-construction\">Gestion de projet de construction : Un guide pratique en 10 \u00e9tapes<\/a>.<\/em><\/p>\n\n\n\n<h2 class=\"wp-block-heading\">Appels d&rsquo;offres en construction : Le d\u00e9but de chaque projet r\u00e9ussi<\/h2>\n\n\n\n<p>Chaque projet de construction commence par une question fondamentale : <em><strong>Quel sera le co\u00fbt ?<\/strong><\/em> Que vous pr\u00e9pariez une offre pour un client ou s\u00e9lectionniez des sous-traitants, l&rsquo;approvisionnement est la premi\u00e8re \u00e9tape\u2014et sans doute la plus importante\u2014pour garantir la pr\u00e9cision financi\u00e8re et le succ\u00e8s du projet.<\/p>\n\n\n\n<p>C&rsquo;est pourtant l\u00e0 que la plupart des projets \u00e9chouent. Les estimations sont pr\u00e9cipit\u00e9es, les s\u00e9lections de fournisseurs se basent sur des informations incompl\u00e8tes, et l&rsquo;approvisionnement devient une course r\u00e9active plut\u00f4t qu&rsquo;un processus structur\u00e9.<\/p>\n\n\n\n<p>La plupart des \u00e9quipes de construction consid\u00e8rent les appels d&rsquo;offres comme un <strong>mal n\u00e9cessaire<\/strong>\u2014juste une case \u00e0 cocher avant de passer \u00e0 autre chose. Mais cet \u00e9tat d&rsquo;esprit est pr\u00e9cis\u00e9ment la raison pour laquelle les projets d\u00e9passent le budget, les plannings s&rsquo;effondrent et les marges b\u00e9n\u00e9ficiaires se r\u00e9duisent.<\/p>\n\n\n\n<p>L&rsquo;appel d&rsquo;offres n&rsquo;est pas une formalit\u00e9. <strong>C&rsquo;est de la gestion des risques.<\/strong><\/p>\n\n\n\n<p>Et si vous n&rsquo;<strong>optimisez pas votre processus<\/strong>, vous vous pr\u00e9parez \u00e0 des probl\u00e8mes avant m\u00eame que le projet ne commence.<\/p>\n\n\n\n<p>Ce guide est con\u00e7u comme un <strong>manuel r\u00e9p\u00e9table<\/strong>\u2014quelque chose que vous devriez revoir avant chaque projet pour vous assurer de ne pas commettre les m\u00eames erreurs \u00e9vitables.<\/p>\n\n\n\n<h2 class=\"wp-block-heading\">Pourquoi bien g\u00e9rer les appels d&rsquo;offres est plus important que vous ne le pensez<\/h2>\n\n\n\n<p>Au c\u0153ur de l&rsquo;appel d&rsquo;offres en construction, il y a <strong>deux objectifs<\/strong> :<\/p>\n\n\n\n<ol class=\"wp-block-list\">\n<li><strong>Estimer les co\u00fbts du projet pour votre offre client<\/strong><\/li>\n\n<ul class=\"wp-block-list\">\n<li>Si vous n&rsquo;avez pas de d\u00e9composition pr\u00e9cise des co\u00fbts, vous devinez. Et deviner m\u00e8ne \u00e0 <strong>sous-estimer et perdre du profit<\/strong> ou \u00e0 <strong>surestimer et perdre des contrats<\/strong>.<\/li>\n<\/ul>\n<\/li>\n\n\n\n<li><strong>Trouver les meilleurs sous-traitants et fournisseurs<\/strong><\/li>\n\n<ul class=\"wp-block-list\">\n<li>L&rsquo;offre la moins ch\u00e8re n&rsquo;est pas toujours la meilleure. Vous avez besoin de <strong>sous-traitants qui fournissent un travail de qualit\u00e9, dans les d\u00e9lais, \u00e0 un prix \u00e9quitable.<\/strong> Pas seulement quelqu&rsquo;un qui a l&rsquo;air bien sur le papier.<\/li>\n<\/ul>\n<\/li>\n<\/ol>\n\n\n\n<p>La plupart des \u00e9quipes se concentrent sur <strong>sortir une offre le plus vite possible.<\/strong><br>Au lieu de cela, vous devriez <strong>construire un avantage concurrentiel.<\/strong><\/p>\n\n\n\n<p>Les meilleures entreprises de construction ne se contentent pas de soumissionner. <strong>Elles soumissionnent intelligemment.<\/strong><\/p>\n\n\n\n<h2 class=\"wp-block-heading\">\u00c9tape 1 : D\u00e9finir le p\u00e9rim\u00e8tre avant de demander des offres<\/h2>\n\n\n\n<p>La plupart des demandes d&rsquo;offres \u00e9chouent <strong>avant m\u00eame d&rsquo;\u00eatre envoy\u00e9es.<\/strong><\/p>\n\n\n\n<p>Pourquoi ? Parce qu&rsquo;elles se basent sur des informations <strong>peu claires, incompl\u00e8tes ou obsol\u00e8tes.<\/strong><\/p>\n\n\n\n<p>R\u00e9fl\u00e9chissez-y :<\/p>\n\n\n\n<ul class=\"wp-block-list\">\n<li>Vous envoyez une demande de devis vague.<\/li>\n\n\n\n<li>Chaque sous-traitant l&rsquo;interpr\u00e8te diff\u00e9remment.<\/li>\n\n\n\n<li>Vous obtenez des <strong>offres extr\u00eamement incoh\u00e9rentes<\/strong> qui sont impossibles \u00e0 comparer.<\/li>\n<\/ul>\n\n\n\n<p>Le r\u00e9sultat ? Vous <strong>devinez<\/strong> quelle offre est la plus pr\u00e9cise ou vous passez <strong>des semaines \u00e0 clarifier des d\u00e9tails<\/strong> qui auraient d\u00fb \u00eatre dans la demande de devis d\u00e8s le d\u00e9part.<\/p>\n\n\n\n<h3 class=\"wp-block-heading\"><strong>Avant de demander des offres, posez-vous les questions suivantes :<\/strong><\/h3>\n\n\n\n<p>Ai-je clairement d\u00e9fini les <strong>mat\u00e9riaux, la main-d&rsquo;\u0153uvre et les responsabilit\u00e9s des sous-traitants<\/strong>?<br>Ai-je pris en compte les <strong>risques du march\u00e9<\/strong> (fluctuations des prix, retards de mat\u00e9riaux)?<br>Est-ce que je fournis <strong>assez de d\u00e9tails<\/strong> pour que chaque soumissionnaire \u00e9value exactement le m\u00eame p\u00e9rim\u00e8tre ?<\/p>\n\n\n\n<p>Si vous n&rsquo;avez pas de r\u00e9ponses claires, <strong>vous n&rsquo;\u00eates pas pr\u00eat \u00e0 envoyer des demandes de devis.<\/strong><\/p>\n\n\n\n<h2 class=\"wp-block-heading\">\u00c9tape 2 : Identifier les bons sous-traitants et fournisseurs<\/h2>\n\n\n\n<p>Tous les soumissionnaires ne se valent pas. La <strong>plus grande erreur<\/strong> que font les chefs de projet ?<\/p>\n\n\n\n<p><strong>Penser que plus d&rsquo;offres = meilleurs choix.<\/strong><\/p>\n\n\n\n<p>R\u00e9alit\u00e9 :<\/p>\n\n\n\n<ul class=\"wp-block-list\">\n<li><strong>Plus d&rsquo;offres = plus de temps perdu \u00e0 trier les d\u00e9chets.<\/strong><\/li>\n\n\n\n<li><strong>Plus d&rsquo;offres = plus d&rsquo;offres \u00e0 bas prix qui semblent int\u00e9ressantes mais co\u00fbtent cher par la suite.<\/strong><\/li>\n<\/ul>\n\n\n\n<p>Le but n&rsquo;est pas d&rsquo;obtenir <em>le plus<\/em> d&rsquo;offres. <strong>C&rsquo;est d&rsquo;obtenir les bonnes offres.<\/strong><\/p>\n\n\n\n<h3 class=\"wp-block-heading\">Comment trouver les bons fournisseurs et sous-traitants<\/h3>\n\n\n\n<p>\u2714 <strong>Exploitez les donn\u00e9es pass\u00e9es<\/strong> \u2013 Qui a livr\u00e9 un bon travail auparavant ? Qui a caus\u00e9 des probl\u00e8mes ?<br>\u2714 <strong>\u00c9largissez votre r\u00e9seau<\/strong> \u2013 Ne vous enfermez pas \u00e0 d\u00e9pendre des trois m\u00eames fournisseurs.<br>\u2714 <strong>Pr\u00e9qualifiez les soumissionnaires<\/strong> \u2013 S&rsquo;ils n&rsquo;ont pas la capacit\u00e9 ou l&rsquo;exp\u00e9rience, ne perdez pas de temps.<\/p>\n\n\n\n<p>Conseil : Si vous envoyez des demandes d&rsquo;offres \u00e0 <strong>tout le monde<\/strong>, vous vous y prenez mal.<\/p>\n\n\n\n<h2 class=\"wp-block-heading\">\u00c9tape 3 : Structurer vos demandes de devis pour des offres plus rapides et pr\u00e9cises<\/h2>\n\n\n\n<p><span style=\"margin: 0px;padding: 0px\">Une bonne demande de devis ne demande pas seulement un prix\u2014elle&nbsp;<strong>guide<\/strong>&nbsp;les soumissionnaires pour fournir les bons d\u00e9tails au bon format afin que vous puissiez les comparer rapidement.<\/span><\/p>\n\n\n\n<h3 class=\"wp-block-heading\"><strong>Ce que chaque demande de devis devrait inclure :<\/strong><\/h3>\n\n\n\n<ul class=\"wp-block-list\">\n<li><strong>P\u00e9rim\u00e8tre des travaux<\/strong> \u2013 Qu&rsquo;est-ce qui est exactement chiffr\u00e9 ?<\/li>\n\n\n\n<li><strong>Calendrier<\/strong> \u2013 Dates de d\u00e9but et de fin.<\/li>\n\n\n\n<li><strong>Modalit\u00e9s de paiement<\/strong> \u2013 Bas\u00e9es sur des jalons ? Mensuelles ? Acomptes ?<\/li>\n\n\n\n<li><strong>Format de d\u00e9composition des offres<\/strong> \u2013 Voulez-vous un prix forfaitaire ou des co\u00fbts d\u00e9taill\u00e9s ?<\/li>\n<\/ul>\n\n\n\n<p><strong>Plus votre demande d&rsquo;offre est structur\u00e9e, plus votre travail devient facile.<\/strong><\/p>\n\n\n\n<h2 class=\"wp-block-heading\">\u00c9tape 4 : Faire un suivi\u2014car la plupart des fournisseurs oublieront de soumettre<\/h2>\n\n\n\n<p>Voici la r\u00e9alit\u00e9 : <strong>la plupart des fournisseurs ne soumettront pas leurs offres \u00e0 temps.<\/strong><\/p>\n\n\n\n<p>Les sous-traitants sont occup\u00e9s. Votre demande de devis est juste un autre e-mail dans leur bo\u00eete de r\u00e9ception.<\/p>\n\n\n\n<p>Vous perdez de bonnes offres par d\u00e9faut si vous ne faites pas de suivi.<\/p>\n\n\n\n<p><strong>Ne vous contentez pas d&rsquo;envoyer des e-mails de rappel. Prenez le t\u00e9l\u00e9phone.<\/strong><\/p>\n\n\n\n<ul class=\"wp-block-list\">\n<li>Confirmez qu&rsquo;ils ont bien re\u00e7u la demande de devis.<\/li>\n\n\n\n<li>Demandez s&rsquo;ils ont des questions.<\/li>\n\n\n\n<li>Obtenez un engagement verbal qu&rsquo;ils soumettront une offre.<\/li>\n<\/ul>\n\n\n\n<p>Cette <strong>petite \u00e9tape<\/strong> augmente consid\u00e9rablement votre taux de r\u00e9ponse.<\/p>\n\n\n\n<h2 class=\"wp-block-heading\">\u00c9tape 5 : Comparer correctement les offres (et \u00e9viter le pi\u00e8ge du \u00ab\u00a0moins cher gagne\u00a0\u00bb)<\/h2>\n\n\n\n<p>Une fois les offres re\u00e7ues, le vrai travail commence.<\/p>\n\n\n\n<p>La plupart des \u00e9quipes <strong>choisissent par d\u00e9faut l&rsquo;offre la plus basse.<\/strong><br>Mauvaise id\u00e9e.<\/p>\n\n\n\n<p>Une <strong>bonne feuille de comparaison des offres<\/strong> vous aide \u00e0 :<\/p>\n\n\n\n<ul class=\"wp-block-list\">\n<li><strong>Normaliser les formats d&rsquo;offres<\/strong> \u2013 Chaque sous-traitant structure les prix diff\u00e9remment. D\u00e9composez-les pour comparer des pommes avec des pommes.<\/li>\n\n\n\n<li><strong>Rep\u00e9rer les co\u00fbts manquants<\/strong> \u2013 Certains fournisseurs omettent d\u00e9lib\u00e9r\u00e9ment des co\u00fbts pour para\u00eetre moins chers.<\/li>\n\n\n\n<li><strong>\u00c9valuer le risque<\/strong> \u2013 Quel est le bilan du sous-traitant ? Bon march\u00e9 ne signifie pas fiable.<\/li>\n<\/ul>\n\n\n\n<p><strong>Conseil :<\/strong> L&rsquo;offre la plus basse m\u00e8ne souvent aux co\u00fbts les plus \u00e9lev\u00e9s plus tard. Si un chiffre semble trop beau pour \u00eatre vrai, il l&rsquo;est probablement.<\/p>\n\n\n\n<h2 class=\"wp-block-heading\">\u00c9tape 6 : N\u00e9gocier et verrouiller les meilleurs partenaires<\/h2>\n\n\n\n<p>Maintenant que vous avez <strong>votre liste restreinte de candidats solides<\/strong>, il est temps de <strong>n\u00e9gocier<\/strong>.<\/p>\n\n\n\n<ul class=\"wp-block-list\">\n<li><strong>Verrouiller les prix des mat\u00e9riaux<\/strong> \u2013 Si le march\u00e9 est volatile, obtenez des tarifs garantis.<\/li>\n\n\n\n<li><strong>Clarifier les p\u00e9nalit\u00e9s<\/strong> \u2013 Que se passe-t-il si un sous-traitant retarde le travail ?<\/li>\n\n\n\n<li><strong>Discuter des variations<\/strong> \u2013 Comment les changements de p\u00e9rim\u00e8tre seront-ils g\u00e9r\u00e9s ?<\/li>\n<\/ul>\n\n\n\n<p>Une fois vos contrats sign\u00e9s, <strong>n&rsquo;oubliez pas les autres soumissionnaires.<\/strong><\/p>\n\n\n\n<h3 class=\"wp-block-heading\"><strong>Envoyer une lettre de rejet aux soumissionnaires non retenus<\/strong><\/h3>\n\n\n\n<p>La plupart des chefs de projet ignorent cette \u00e9tape\u2014mais ils ne devraient pas.<\/p>\n\n\n\n<p>Pourquoi ?<\/p>\n\n\n\n<ul class=\"wp-block-list\">\n<li>Elle <strong>maintient de bonnes relations<\/strong> avec les sous-traitants pour de futurs projets.<\/li>\n\n\n\n<li>Elle <strong>montre du professionnalisme et de la transparence.<\/strong><\/li>\n\n\n\n<li>Elle <strong>aide les fournisseurs \u00e0 comprendre pourquoi ils n&rsquo;ont pas \u00e9t\u00e9 s\u00e9lectionn\u00e9s<\/strong>\u2014ce qui peut mener \u00e0 de meilleures offres la prochaine fois.<\/li>\n<\/ul>\n\n\n\n<p><strong>Conseil :<\/strong> Gardez-la courte, polie et professionnelle. Vous n&rsquo;avez pas besoin de justifier votre d\u00e9cision, mais vous pouvez offrir un bref retour d&rsquo;information si cela est utile.<\/p>\n\n\n\n<p><strong>Exemple :<\/strong><\/p>\n\n\n\n<p><em>\u00ab\u00a0Merci d&rsquo;avoir particip\u00e9 \u00e0 notre r\u00e9cent processus d&rsquo;appel d&rsquo;offres. Bien que nous ayons s\u00e9lectionn\u00e9 un autre entrepreneur pour ce projet, nous appr\u00e9cions votre effort et esp\u00e9rons collaborer \u00e0 de futures opportunit\u00e9s.\u00a0\u00bb<\/em><\/p>\n\n\n\n<p>Ignorer les soumissionnaires apr\u00e8s qu&rsquo;ils aient investi du temps et des efforts dans la soumission d&rsquo;une proposition <strong>nuit \u00e0 votre r\u00e9putation.<\/strong> Un simple e-mail garde la porte ouverte pour de futurs travaux.<\/p>\n\n\n\n<h2 class=\"wp-block-heading\">Points cl\u00e9s : Ce qu&rsquo;il faut revoir avant chaque nouveau projet<\/h2>\n\n\n\n<ol class=\"wp-block-list\">\n<li><strong>Vos offres ne sont aussi pr\u00e9cises que les informations que vous fournissez.<\/strong><\/li>\n\n\n\n<li><strong>Un processus d&rsquo;appel d&rsquo;offres solide \u00e9conomise de l&rsquo;argent et des maux de t\u00eate \u00e0 long terme.<\/strong><\/li>\n\n\n\n<li><strong>L&rsquo;offre la plus basse est rarement la meilleure.<\/strong><\/li>\n\n\n\n<li><strong>Faire un suivi avec les fournisseurs augmente les taux de r\u00e9ponse.<\/strong><\/li>\n\n\n\n<li><strong>Comparer correctement les offres fait la diff\u00e9rence entre profit et d\u00e9sastre.<\/strong><\/li>\n<\/ol>\n\n\n\n<p><strong>C&rsquo;est un processus r\u00e9p\u00e9table.<\/strong><br>Affinez-le, utilisez-le, et \u00e9vitez les erreurs co\u00fbteuses avant votre prochain projet.<\/p>\n\n\n\n<h2 class=\"wp-block-heading\">\u00c0 propos de l&rsquo;auteur<\/h2>\n\n\n\n<p>Avec plus de 20 ans dans la gestion de projets de construction, l&rsquo;auteur a dirig\u00e9 des projets de plusieurs millions de dollars dans les secteurs r\u00e9sidentiel, commercial et des infrastructures. Son exp\u00e9rience en <strong>appels d&rsquo;offres, approvisionnement et s\u00e9lection de contractants<\/strong> garantit des conseils pratiques et concrets pour les chefs de projet qui souhaitent optimiser les co\u00fbts et l&rsquo;ex\u00e9cution.<\/p>\n\n\n\n<h3 class=\"wp-block-heading\">Explorez le chapitre suivant : Revue de projet<\/h3>\n\n\n\n<p>L&rsquo;art de diss\u00e9quer les plans pour identifier les risques avant qu&rsquo;ils ne deviennent des probl\u00e8mes. <a href=\"https:\/\/planyard.com\/fr\/guide-preconstruction-chef-de-projet-liste-de-controle\">En savoir plus<\/a><\/p>\n\n\n\n<p><em>Acc\u00e9dez au <a href=\"https:\/\/planyard.com\/fr\/guide-gratuit-maitriser-gestion-projet-construction\">Gestion de projet de construction : Un guide pratique en 10 \u00e9tapes<\/a>.<\/em><\/p>\n","protected":false},"excerpt":{"rendered":"<p>Chapitre 2 de Gestion de projet de construction : Un guide pratique en 10 \u00e9tapes. Appels d&rsquo;offres en construction : Le d\u00e9but de chaque projet r\u00e9ussi Chaque projet de construction commence par une question fondamentale : Quel sera le co\u00fbt ? Que vous pr\u00e9pariez une offre pour un client ou s\u00e9lectionniez des sous-traitants, l&rsquo;approvisionnement est&#8230;  <a class=\"excerpt-read-more\" href=\"https:\/\/planyard.com\/fr\/guide-pratique-appels-offres-construction\" title=\"Lire  Appels d&rsquo;offres en construction : Un guide pratique pour les chefs de projet\">Lire la suite \u00ab\u00a0<\/a><\/p>\n","protected":false},"author":4,"featured_media":0,"parent":0,"menu_order":0,"comment_status":"closed","ping_status":"closed","template":"","meta":{"_acf_changed":false,"content-type":"","footnotes":""},"page_intent":[284],"page_type":[],"class_list":["post-12090","page","type-page","status-publish","hentry"],"acf":[],"yoast_head":"<!-- This site is optimized with the Yoast SEO plugin v27.1.1 - https:\/\/yoast.com\/product\/yoast-seo-wordpress\/ -->\n<title>Appels d&#039;offres en construction : Un guide pratique pour des devis pr\u00e9cis<\/title>\n<meta name=\"description\" content=\"Apprenez \u00e0 optimiser les appels d&#039;offres en construction, \u00e0 obtenir des estimations de co\u00fbts pr\u00e9cises et \u00e0 s\u00e9lectionner les meilleurs sous-traitants avec ce guide expert.\" \/>\n<meta name=\"robots\" content=\"index, follow, max-snippet:-1, max-image-preview:large, max-video-preview:-1\" \/>\n<link rel=\"canonical\" href=\"https:\/\/planyard.com\/fr\/guide-pratique-appels-offres-construction\" \/>\n<meta property=\"og:locale\" content=\"fr_FR\" \/>\n<meta property=\"og:type\" content=\"article\" \/>\n<meta property=\"og:title\" content=\"Appels d&#039;offres en construction : Un guide pratique pour des devis pr\u00e9cis\" \/>\n<meta property=\"og:description\" content=\"Apprenez \u00e0 optimiser les appels d&#039;offres en construction, \u00e0 obtenir des estimations de co\u00fbts pr\u00e9cises et \u00e0 s\u00e9lectionner les meilleurs sous-traitants avec ce guide expert.\" \/>\n<meta property=\"og:url\" content=\"https:\/\/planyard.com\/fr\/guide-pratique-appels-offres-construction\" \/>\n<meta property=\"og:site_name\" content=\"Planyard France\" \/>\n<meta property=\"article:modified_time\" content=\"2025-05-19T18:01:01+00:00\" \/>\n<meta name=\"twitter:card\" content=\"summary_large_image\" \/>\n<meta name=\"twitter:label1\" content=\"Dur\u00e9e de lecture estim\u00e9e\" \/>\n\t<meta name=\"twitter:data1\" content=\"6 minutes\" \/>\n<!-- \/ Yoast SEO plugin. -->","yoast_head_json":{"title":"Appels d'offres en construction : Un guide pratique pour des devis pr\u00e9cis","description":"Apprenez \u00e0 optimiser les appels d'offres en construction, \u00e0 obtenir des estimations de co\u00fbts pr\u00e9cises et \u00e0 s\u00e9lectionner les meilleurs sous-traitants avec ce guide expert.","robots":{"index":"index","follow":"follow","max-snippet":"max-snippet:-1","max-image-preview":"max-image-preview:large","max-video-preview":"max-video-preview:-1"},"canonical":"https:\/\/planyard.com\/fr\/guide-pratique-appels-offres-construction","og_locale":"fr_FR","og_type":"article","og_title":"Appels d'offres en construction : Un guide pratique pour des devis pr\u00e9cis","og_description":"Apprenez \u00e0 optimiser les appels d'offres en construction, \u00e0 obtenir des estimations de co\u00fbts pr\u00e9cises et \u00e0 s\u00e9lectionner les meilleurs sous-traitants avec ce guide expert.","og_url":"https:\/\/planyard.com\/fr\/guide-pratique-appels-offres-construction","og_site_name":"Planyard France","article_modified_time":"2025-05-19T18:01:01+00:00","twitter_card":"summary_large_image","twitter_misc":{"Dur\u00e9e de lecture estim\u00e9e":"6 minutes"},"schema":{"@context":"https:\/\/schema.org","@graph":[{"@type":"WebPage","@id":"https:\/\/planyard.com\/fr\/guide-pratique-appels-offres-construction","url":"https:\/\/planyard.com\/fr\/guide-pratique-appels-offres-construction","name":"Appels d'offres en construction : Un guide pratique pour des devis pr\u00e9cis","isPartOf":{"@id":"https:\/\/planyard.com\/fr#website"},"datePublished":"2025-02-12T11:05:38+00:00","dateModified":"2025-05-19T18:01:01+00:00","description":"Apprenez \u00e0 optimiser les appels d'offres en construction, \u00e0 obtenir des estimations de co\u00fbts pr\u00e9cises et \u00e0 s\u00e9lectionner les meilleurs sous-traitants avec ce guide expert.","breadcrumb":{"@id":"https:\/\/planyard.com\/fr\/guide-pratique-appels-offres-construction#breadcrumb"},"inLanguage":"fr-FR","potentialAction":[{"@type":"ReadAction","target":["https:\/\/planyard.com\/fr\/guide-pratique-appels-offres-construction"]}]},{"@type":"BreadcrumbList","@id":"https:\/\/planyard.com\/fr\/guide-pratique-appels-offres-construction#breadcrumb","itemListElement":[{"@type":"ListItem","position":1,"name":"Home","item":"https:\/\/planyard.com\/fr"},{"@type":"ListItem","position":2,"name":"Appels d&#8217;offres en construction : Un guide pratique pour les chefs de projet"}]},{"@type":"WebSite","@id":"https:\/\/planyard.com\/fr#website","url":"https:\/\/planyard.com\/fr","name":"Planyard France","description":"","potentialAction":[{"@type":"SearchAction","target":{"@type":"EntryPoint","urlTemplate":"https:\/\/planyard.com\/fr?s={search_term_string}"},"query-input":{"@type":"PropertyValueSpecification","valueRequired":true,"valueName":"search_term_string"}}],"inLanguage":"fr-FR"}]}},"_links":{"self":[{"href":"https:\/\/planyard.com\/fr\/wp-json\/wp\/v2\/pages\/12090","targetHints":{"allow":["GET"]}}],"collection":[{"href":"https:\/\/planyard.com\/fr\/wp-json\/wp\/v2\/pages"}],"about":[{"href":"https:\/\/planyard.com\/fr\/wp-json\/wp\/v2\/types\/page"}],"author":[{"embeddable":true,"href":"https:\/\/planyard.com\/fr\/wp-json\/wp\/v2\/users\/4"}],"replies":[{"embeddable":true,"href":"https:\/\/planyard.com\/fr\/wp-json\/wp\/v2\/comments?post=12090"}],"version-history":[{"count":3,"href":"https:\/\/planyard.com\/fr\/wp-json\/wp\/v2\/pages\/12090\/revisions"}],"predecessor-version":[{"id":16130,"href":"https:\/\/planyard.com\/fr\/wp-json\/wp\/v2\/pages\/12090\/revisions\/16130"}],"wp:attachment":[{"href":"https:\/\/planyard.com\/fr\/wp-json\/wp\/v2\/media?parent=12090"}],"wp:term":[{"taxonomy":"page_intent","embeddable":true,"href":"https:\/\/planyard.com\/fr\/wp-json\/wp\/v2\/page_intent?post=12090"},{"taxonomy":"page_type","embeddable":true,"href":"https:\/\/planyard.com\/fr\/wp-json\/wp\/v2\/page_type?post=12090"}],"curies":[{"name":"wp","href":"https:\/\/api.w.org\/{rel}","templated":true}]}}