{"id":12083,"date":"2024-07-24T20:49:38","date_gmt":"2024-07-24T20:49:38","guid":{"rendered":"https:\/\/planyard.com\/case-studies-collection"},"modified":"2025-05-19T17:58:28","modified_gmt":"2025-05-19T17:58:28","slug":"etudes-de-cas","status":"publish","type":"page","link":"https:\/\/planyard.com\/fr\/etudes-de-cas","title":{"rendered":"\u00c9tudes de cas"},"content":{"rendered":"\n<p>D\u00e9couvrez comment Planyard simplifie la gestion des budgets de construction. Nos \u00e9tudes de cas montrent comment des \u00e9quipes r\u00e9elles r\u00e9duisent les erreurs et \u00e9conomisent des centaines d&rsquo;heures gr\u00e2ce aux outils simples et intuitifs de Planyard. Voyez comment cela peut vous aider aussi !<\/p>\n\n\n\n<p><\/p>\n","protected":false},"excerpt":{"rendered":"<p>D\u00e9couvrez comment Planyard simplifie la gestion des budgets de construction. Nos \u00e9tudes de cas montrent comment des \u00e9quipes r\u00e9elles r\u00e9duisent les erreurs et \u00e9conomisent des centaines d&rsquo;heures gr\u00e2ce aux outils simples et intuitifs de Planyard. Voyez comment cela peut vous aider aussi !<\/p>\n","protected":false},"author":1,"featured_media":0,"parent":0,"menu_order":0,"comment_status":"closed","ping_status":"closed","template":"template-casestudies.php","meta":{"_acf_changed":false,"content-type":"","footnotes":""},"page_intent":[239],"page_type":[],"class_list":["post-12083","page","type-page","status-publish","hentry"],"acf":[],"yoast_head":"<!-- This site is optimized with the Yoast SEO plugin v27.1.1 - https:\/\/yoast.com\/product\/yoast-seo-wordpress\/ -->\n<title>\u00c9tudes de cas - Planyard France<\/title>\n<meta name=\"description\" content=\"Nos \u00e9tudes de cas montrent comment des \u00e9quipes r\u00e9elles r\u00e9duisent les erreurs et \u00e9conomisent des centaines d&#039;heures gr\u00e2ce aux outils simples et intuitifs de Planyard.\" \/>\n<meta name=\"robots\" content=\"index, follow, max-snippet:-1, max-image-preview:large, max-video-preview:-1\" \/>\n<link rel=\"canonical\" href=\"https:\/\/planyard.com\/fr\/etudes-de-cas\" \/>\n<meta property=\"og:locale\" content=\"fr_FR\" \/>\n<meta property=\"og:type\" content=\"article\" \/>\n<meta property=\"og:title\" content=\"\u00c9tudes de cas - Planyard France\" \/>\n<meta property=\"og:description\" content=\"Nos \u00e9tudes de cas montrent comment des \u00e9quipes r\u00e9elles r\u00e9duisent les erreurs et \u00e9conomisent des centaines d&#039;heures gr\u00e2ce aux outils simples et intuitifs de Planyard.\" \/>\n<meta property=\"og:url\" content=\"https:\/\/planyard.com\/fr\/etudes-de-cas\" \/>\n<meta property=\"og:site_name\" content=\"Planyard France\" \/>\n<meta property=\"article:modified_time\" content=\"2025-05-19T17:58:28+00:00\" \/>\n<meta name=\"twitter:card\" content=\"summary_large_image\" \/>\n<meta name=\"twitter:label1\" content=\"Dur\u00e9e de lecture estim\u00e9e\" \/>\n\t<meta name=\"twitter:data1\" content=\"1 minute\" \/>\n<!-- \/ Yoast SEO plugin. -->","yoast_head_json":{"title":"\u00c9tudes de cas - Planyard France","description":"Nos \u00e9tudes de cas montrent comment des \u00e9quipes r\u00e9elles r\u00e9duisent les erreurs et \u00e9conomisent des centaines d'heures gr\u00e2ce aux outils simples et intuitifs de Planyard.","robots":{"index":"index","follow":"follow","max-snippet":"max-snippet:-1","max-image-preview":"max-image-preview:large","max-video-preview":"max-video-preview:-1"},"canonical":"https:\/\/planyard.com\/fr\/etudes-de-cas","og_locale":"fr_FR","og_type":"article","og_title":"\u00c9tudes de cas - Planyard France","og_description":"Nos \u00e9tudes de cas montrent comment des \u00e9quipes r\u00e9elles r\u00e9duisent les erreurs et \u00e9conomisent des centaines d'heures gr\u00e2ce aux outils simples et intuitifs de Planyard.","og_url":"https:\/\/planyard.com\/fr\/etudes-de-cas","og_site_name":"Planyard France","article_modified_time":"2025-05-19T17:58:28+00:00","twitter_card":"summary_large_image","twitter_misc":{"Dur\u00e9e de lecture estim\u00e9e":"1 minute"},"schema":{"@context":"https:\/\/schema.org","@graph":[{"@type":"WebPage","@id":"https:\/\/planyard.com\/fr\/etudes-de-cas","url":"https:\/\/planyard.com\/fr\/etudes-de-cas","name":"\u00c9tudes de cas - Planyard France","isPartOf":{"@id":"https:\/\/planyard.com\/fr#website"},"datePublished":"2024-07-24T20:49:38+00:00","dateModified":"2025-05-19T17:58:28+00:00","description":"Nos \u00e9tudes de cas montrent comment des \u00e9quipes r\u00e9elles r\u00e9duisent les erreurs et \u00e9conomisent des centaines d'heures gr\u00e2ce aux outils simples et intuitifs de Planyard.","breadcrumb":{"@id":"https:\/\/planyard.com\/fr\/etudes-de-cas#breadcrumb"},"inLanguage":"fr-FR","potentialAction":[{"@type":"ReadAction","target":["https:\/\/planyard.com\/fr\/etudes-de-cas"]}]},{"@type":"BreadcrumbList","@id":"https:\/\/planyard.com\/fr\/etudes-de-cas#breadcrumb","itemListElement":[{"@type":"ListItem","position":1,"name":"Home","item":"https:\/\/planyard.com\/fr"},{"@type":"ListItem","position":2,"name":"\u00c9tudes de cas"}]},{"@type":"WebSite","@id":"https:\/\/planyard.com\/fr#website","url":"https:\/\/planyard.com\/fr","name":"Planyard France","description":"","potentialAction":[{"@type":"SearchAction","target":{"@type":"EntryPoint","urlTemplate":"https:\/\/planyard.com\/fr?s={search_term_string}"},"query-input":{"@type":"PropertyValueSpecification","valueRequired":true,"valueName":"search_term_string"}}],"inLanguage":"fr-FR"}]}},"_links":{"self":[{"href":"https:\/\/planyard.com\/fr\/wp-json\/wp\/v2\/pages\/12083","targetHints":{"allow":["GET"]}}],"collection":[{"href":"https:\/\/planyard.com\/fr\/wp-json\/wp\/v2\/pages"}],"about":[{"href":"https:\/\/planyard.com\/fr\/wp-json\/wp\/v2\/types\/page"}],"author":[{"embeddable":true,"href":"https:\/\/planyard.com\/fr\/wp-json\/wp\/v2\/users\/1"}],"replies":[{"embeddable":true,"href":"https:\/\/planyard.com\/fr\/wp-json\/wp\/v2\/comments?post=12083"}],"version-history":[{"count":3,"href":"https:\/\/planyard.com\/fr\/wp-json\/wp\/v2\/pages\/12083\/revisions"}],"predecessor-version":[{"id":16123,"href":"https:\/\/planyard.com\/fr\/wp-json\/wp\/v2\/pages\/12083\/revisions\/16123"}],"wp:attachment":[{"href":"https:\/\/planyard.com\/fr\/wp-json\/wp\/v2\/media?parent=12083"}],"wp:term":[{"taxonomy":"page_intent","embeddable":true,"href":"https:\/\/planyard.com\/fr\/wp-json\/wp\/v2\/page_intent?post=12083"},{"taxonomy":"page_type","embeddable":true,"href":"https:\/\/planyard.com\/fr\/wp-json\/wp\/v2\/page_type?post=12083"}],"curies":[{"name":"wp","href":"https:\/\/api.w.org\/{rel}","templated":true}]}}