{"id":12082,"date":"2024-07-25T15:58:59","date_gmt":"2024-07-25T15:58:59","guid":{"rendered":"https:\/\/planyard.com\/blog"},"modified":"2025-05-17T17:34:23","modified_gmt":"2025-05-17T17:34:23","slug":"blog","status":"publish","type":"page","link":"https:\/\/planyard.com\/fr\/blog","title":{"rendered":"Blog"},"content":{"rendered":"","protected":false},"excerpt":{"rendered":"","protected":false},"author":1,"featured_media":0,"parent":0,"menu_order":0,"comment_status":"closed","ping_status":"closed","template":"template-posts.php","meta":{"_acf_changed":false,"content-type":"","footnotes":""},"page_intent":[],"page_type":[],"class_list":["post-12082","page","type-page","status-publish","hentry"],"acf":[],"yoast_head":"<!-- This site is optimized with the Yoast SEO plugin v27.1.1 - https:\/\/yoast.com\/product\/yoast-seo-wordpress\/ -->\n<title>Blog sur la comptabilit\u00e9 et le contr\u00f4le des co\u00fbts dans la construction - Planyard<\/title>\n<meta name=\"description\" content=\"Conseils sur le calcul des co\u00fbts de chantier, la gestion budg\u00e9taire et les logiciels. D\u00e9couvrez comment am\u00e9liorer l&#039;efficacit\u00e9 et la rentabilit\u00e9 de vos projets.\" \/>\n<meta name=\"robots\" content=\"index, follow, max-snippet:-1, max-image-preview:large, max-video-preview:-1\" \/>\n<link rel=\"canonical\" href=\"https:\/\/planyard.com\/fr\/blog\" \/>\n<meta property=\"og:locale\" content=\"fr_FR\" \/>\n<meta property=\"og:type\" content=\"article\" \/>\n<meta property=\"og:title\" content=\"Blog sur la comptabilit\u00e9 et le contr\u00f4le des co\u00fbts dans la construction - Planyard\" \/>\n<meta property=\"og:description\" content=\"Conseils sur le calcul des co\u00fbts de chantier, la gestion budg\u00e9taire et les logiciels. D\u00e9couvrez comment am\u00e9liorer l&#039;efficacit\u00e9 et la rentabilit\u00e9 de vos projets.\" \/>\n<meta property=\"og:url\" content=\"https:\/\/planyard.com\/fr\/blog\" \/>\n<meta property=\"og:site_name\" content=\"Planyard France\" \/>\n<meta property=\"article:modified_time\" content=\"2025-05-17T17:34:23+00:00\" \/>\n<meta name=\"twitter:card\" content=\"summary_large_image\" \/>\n<!-- \/ Yoast SEO plugin. -->","yoast_head_json":{"title":"Blog sur la comptabilit\u00e9 et le contr\u00f4le des co\u00fbts dans la construction - Planyard","description":"Conseils sur le calcul des co\u00fbts de chantier, la gestion budg\u00e9taire et les logiciels. D\u00e9couvrez comment am\u00e9liorer l'efficacit\u00e9 et la rentabilit\u00e9 de vos projets.","robots":{"index":"index","follow":"follow","max-snippet":"max-snippet:-1","max-image-preview":"max-image-preview:large","max-video-preview":"max-video-preview:-1"},"canonical":"https:\/\/planyard.com\/fr\/blog","og_locale":"fr_FR","og_type":"article","og_title":"Blog sur la comptabilit\u00e9 et le contr\u00f4le des co\u00fbts dans la construction - Planyard","og_description":"Conseils sur le calcul des co\u00fbts de chantier, la gestion budg\u00e9taire et les logiciels. D\u00e9couvrez comment am\u00e9liorer l'efficacit\u00e9 et la rentabilit\u00e9 de vos projets.","og_url":"https:\/\/planyard.com\/fr\/blog","og_site_name":"Planyard France","article_modified_time":"2025-05-17T17:34:23+00:00","twitter_card":"summary_large_image","schema":{"@context":"https:\/\/schema.org","@graph":[{"@type":"WebPage","@id":"https:\/\/planyard.com\/fr\/blog","url":"https:\/\/planyard.com\/fr\/blog","name":"Blog sur la comptabilit\u00e9 et le contr\u00f4le des co\u00fbts dans la construction - Planyard","isPartOf":{"@id":"https:\/\/planyard.com\/fr#website"},"datePublished":"2024-07-25T15:58:59+00:00","dateModified":"2025-05-17T17:34:23+00:00","description":"Conseils sur le calcul des co\u00fbts de chantier, la gestion budg\u00e9taire et les logiciels. D\u00e9couvrez comment am\u00e9liorer l'efficacit\u00e9 et la rentabilit\u00e9 de vos projets.","breadcrumb":{"@id":"https:\/\/planyard.com\/fr\/blog#breadcrumb"},"inLanguage":"fr-FR","potentialAction":[{"@type":"ReadAction","target":["https:\/\/planyard.com\/fr\/blog"]}]},{"@type":"BreadcrumbList","@id":"https:\/\/planyard.com\/fr\/blog#breadcrumb","itemListElement":[{"@type":"ListItem","position":1,"name":"Home","item":"https:\/\/planyard.com\/fr"},{"@type":"ListItem","position":2,"name":"Blog"}]},{"@type":"WebSite","@id":"https:\/\/planyard.com\/fr#website","url":"https:\/\/planyard.com\/fr","name":"Planyard France","description":"","potentialAction":[{"@type":"SearchAction","target":{"@type":"EntryPoint","urlTemplate":"https:\/\/planyard.com\/fr?s={search_term_string}"},"query-input":{"@type":"PropertyValueSpecification","valueRequired":true,"valueName":"search_term_string"}}],"inLanguage":"fr-FR"}]}},"_links":{"self":[{"href":"https:\/\/planyard.com\/fr\/wp-json\/wp\/v2\/pages\/12082","targetHints":{"allow":["GET"]}}],"collection":[{"href":"https:\/\/planyard.com\/fr\/wp-json\/wp\/v2\/pages"}],"about":[{"href":"https:\/\/planyard.com\/fr\/wp-json\/wp\/v2\/types\/page"}],"author":[{"embeddable":true,"href":"https:\/\/planyard.com\/fr\/wp-json\/wp\/v2\/users\/1"}],"replies":[{"embeddable":true,"href":"https:\/\/planyard.com\/fr\/wp-json\/wp\/v2\/comments?post=12082"}],"version-history":[{"count":1,"href":"https:\/\/planyard.com\/fr\/wp-json\/wp\/v2\/pages\/12082\/revisions"}],"predecessor-version":[{"id":12153,"href":"https:\/\/planyard.com\/fr\/wp-json\/wp\/v2\/pages\/12082\/revisions\/12153"}],"wp:attachment":[{"href":"https:\/\/planyard.com\/fr\/wp-json\/wp\/v2\/media?parent=12082"}],"wp:term":[{"taxonomy":"page_intent","embeddable":true,"href":"https:\/\/planyard.com\/fr\/wp-json\/wp\/v2\/page_intent?post=12082"},{"taxonomy":"page_type","embeddable":true,"href":"https:\/\/planyard.com\/fr\/wp-json\/wp\/v2\/page_type?post=12082"}],"curies":[{"name":"wp","href":"https:\/\/api.w.org\/{rel}","templated":true}]}}