{"id":11885,"date":"2025-02-11T10:07:11","date_gmt":"2025-02-11T10:07:11","guid":{"rendered":"https:\/\/planyard.com\/procore-financials-alternative-planyard"},"modified":"2025-05-19T17:58:18","modified_gmt":"2025-05-19T17:58:18","slug":"procore-financials-vaihtoehto-planyard","status":"publish","type":"page","link":"https:\/\/planyard.com\/fi\/procore-financials-vaihtoehto-planyard","title":{"rendered":"Miksi pienet urakoitsijat luopuvat Procore Financialsista"},"content":{"rendered":"\n<p>Monet&nbsp;<strong>pienet urakoitsijat<\/strong>, jotka arvioivat tai k\u00e4ytt\u00e4v\u00e4t Procore Financialsia, pit\u00e4v\u00e4t sit\u00e4&nbsp;<strong>liian kalliina ja monimutkaisena<\/strong>&nbsp;tarpeisiinsa.<\/p>\n\n\n\n<p>Vaikka Procore tarjoaa&nbsp;<strong>budjetointi-, sitoumus- ja lis\u00e4ty\u00f6ty\u00f6kaluja<\/strong>, monet urakoitsijat sanovat, ett\u00e4 ne tulevat&nbsp;<strong>tarpeettomien lis\u00e4osien kanssa<\/strong>, jotka tekev\u00e4t ohjelmistosta&nbsp;<strong>vaikeak\u00e4ytt\u00f6isen<\/strong>.<\/p>\n\n\n\n<p>Er\u00e4s&nbsp;<strong>pieni p\u00e4\u00e4urakoitsija<\/strong>&nbsp;jakoi kokemuksensa:<\/p>\n\n\n\n<blockquote class=\"wp-block-quote is-layout-flow wp-block-quote-is-layout-flow\">\n<p><em>\u201cProcoren maksut ovat aivan j\u00e4rjett\u00f6mi\u00e4. Heid\u00e4n budjetointity\u00f6kalunsa on loistava, mutta en tarvitse kaikkia lis\u00e4osia, jotka tulevat sen mukana.\u201d<\/em>&nbsp;\u2013 Er\u00e4s&nbsp;<strong>pieni p\u00e4\u00e4urakoitsija<\/strong>&nbsp;Etel\u00e4-Kaliforniassa\u200b<\/p>\n<\/blockquote>\n\n\n\n<p>Lis\u00e4ksi siirtyminen&nbsp;<strong>Procoreen tai siit\u00e4 pois on painajainen<\/strong>, mik\u00e4 korostaa tarvetta&nbsp;<strong>joustavammalle ja kustannustehokkaammalle vaihtoehdolle<\/strong>.<\/p>\n\n\n\n<p>Sen sijaan, ett\u00e4&nbsp;<strong>tuhlaisit aikaa myyntipuheluihin, pitkiin k\u00e4ytt\u00f6\u00f6nottokokouksiin ja viisinumeroisiin lisenssimaksuihin<\/strong>, t\u00e4m\u00e4 opas selitt\u00e4\u00e4, miksi pienet urakoitsijat valitsevat<strong>&nbsp;Planyardin Procore Financialsin sijaan<\/strong>.<\/p>\n\n\n\n<h2 class=\"wp-block-heading\" id=\"two\">Mik\u00e4 on Procore Financials?<\/h2>\n\n\n\n<p><strong>Procore Financials<\/strong>&nbsp;on osa&nbsp;<strong>Procore-rakennushallintopakettia<\/strong>, joka tarjoaa ty\u00f6kaluja&nbsp;<strong>budjetointiin, kustannusseurantaan ja ennustamiseen<\/strong>.<\/p>\n\n\n\n<p>Kuitenkin Procoren&nbsp;<strong>talousmoduuli on suunniteltu suurille yrityksille<\/strong>&nbsp;ja siihen liittyy&nbsp;<strong>korkeat kustannukset ja jyrkk\u00e4 oppimisk\u00e4yr\u00e4<\/strong>\u2014kaksi suurta ongelmaa&nbsp;<strong>pienille ja keskisuurille urakoitsijoille<\/strong>.<\/p>\n\n\n\n<p>Aiheeseen liittyv\u00e4\u00e4 sis\u00e4lt\u00f6\u00e4:<br><a href=\"https:\/\/planyard.com\/blog\/procore-quickbooks-integration-comparison\">Procore QuickBooks -integraatio<\/a><br><a href=\"https:\/\/planyard.com\/fi\/onko-procoren-hinnoittelumalli-liian-kallis\">Miten Procoren hinnoittelu toimii<\/a><\/p>\n\n\n\n<h2 class=\"wp-block-heading\" id=\"three\">Mik\u00e4 on Planyard?<\/h2>\n\n\n\n<p><strong>Planyard<\/strong>&nbsp;on&nbsp;<strong>rakennusalan taloushallintaj\u00e4rjestelm\u00e4<\/strong>&nbsp;suunniteltu&nbsp;<strong>pienille urakoitsijoille<\/strong>, jotka tarvitsevat&nbsp;<strong>yksinkertaisen ja tehokkaan vaihtoehdon Procore Financialsille<\/strong>.<\/p>\n\n\n\n<p>Planyard&nbsp;<strong>integroituu saumattomasti<\/strong>&nbsp;ohjelmiin&nbsp;<strong><a href=\"https:\/\/planyard.com\/fi\/quickbooks-kustannusseuranta\">QuickBooks<\/a>,&nbsp;<a href=\"https:\/\/planyard.com\/fi\/xero-rakennus-integraatio\">Xero<\/a>,&nbsp;<a href=\"https:\/\/planyard.com\/fi\/myob-kirjanpito-rakennusintegraatio\">MYOB<\/a> ja&nbsp;<a href=\"https:\/\/planyard.com\/fi\/integroi-sage-planyard-rakennusohjelmisto\">Sage<\/a><\/strong>, varmistaen&nbsp;<strong>reaaliaikaisen talousseurannan<\/strong>&nbsp;ilman kolmannen osapuolen ty\u00f6kaluja.<\/p>\n\n\n\n<p>Suunniteltu&nbsp;<strong>projektip\u00e4\u00e4llik\u00f6iden<\/strong>&nbsp;toimesta, Planyard yksinkertaistaa:<br>\u2714&nbsp;<strong>Budjetointia<\/strong>&nbsp;ja kustannusseurantaa<br>\u2714&nbsp;<strong>Laskutusta<\/strong>&nbsp;ja alihankkijamaksuja<br>\u2714&nbsp;<strong>Reaaliaikaista ennustamista<\/strong><br>\u2714&nbsp;<strong>Lis\u00e4ty\u00f6iden hallintaa<\/strong><\/p>\n\n\n\n<figure class=\"wp-block-image\"><img loading=\"lazy\" decoding=\"async\" width=\"1202\" height=\"622\" src=\"https:\/\/planyard.com\/wp-content\/uploads\/2025\/02\/image.png\" alt=\"\" class=\"wp-image-8901\" \/><\/figure>\n\n\n\n<h2 class=\"wp-block-heading\" id=\"four\">Miksi pienet urakoitsijat valitsevat Planyardin Procore Financialsin sijaan<\/h2>\n\n\n\n<h3 class=\"wp-block-heading\">1. Procore Financials on liian j\u00e4ykk\u00e4<\/h3>\n\n\n\n<p>Monet urakoitsijat valittavat, ett\u00e4 Procore&nbsp;<strong>pakottaa heid\u00e4t noudattamaan tiukkaa kustannuskoodirakennetta<\/strong>, mik\u00e4 tekee kustannusseurannasta&nbsp;<strong>turhauttavaa ja tehotonta<\/strong>.<\/p>\n\n\n\n<ul class=\"wp-block-list\">\n<li><strong>Er\u00e4s talonrakentaja Australiassa<\/strong>&nbsp;k\u00e4rsi, koska Procore&nbsp;<strong>ei salli kustannuskoodeja k\u00e4ytt\u00e4\u00e4 useita kertoja<\/strong>, mik\u00e4 teki&nbsp;<strong>tiettyjen kulujen seuraamisesta mahdotonta<\/strong>\u200b.<\/li>\n\n\n\n<li><strong>Er\u00e4s erikoisurakoitsija Kanadassa<\/strong>&nbsp;joutui&nbsp;<strong>synkronoimaan kulut manuaalisesti QuickBooksin kanssa<\/strong>, mik\u00e4 johti virheisiin ja ajan hukkaan\u200b.<\/li>\n<\/ul>\n\n\n\n<p>\u2714&nbsp;<strong>Kuinka Planyard ratkaisee t\u00e4m\u00e4n:<\/strong><\/p>\n\n\n\n<ul class=\"wp-block-list\">\n<li>K\u00e4yt\u00e4&nbsp;<strong>kustannuskoodeja joustavasti<\/strong>\u2014m\u00e4\u00e4rit\u00e4 niit\u00e4 useita kertoja tarvittaessa.<\/li>\n\n\n\n<li><strong>Reaaliaikaiset budjettip\u00e4ivitykset<\/strong>\u2014ei tarvetta manuaaliselle sovittelulle.<\/li>\n<\/ul>\n\n\n\n<h3 class=\"wp-block-heading\">2. Procore lukitsee yritykset j\u00e4rjestelm\u00e4\u00e4ns\u00e4<\/h3>\n\n\n\n<p>Siirtyminen Procoreen tai siit\u00e4 pois on&nbsp;<strong>painajainen<\/strong>&nbsp;monimutkaisen&nbsp;<strong>datan kietoutumisen<\/strong>&nbsp;takia.<\/p>\n\n\n\n<ul class=\"wp-block-list\">\n<li>Er\u00e4s&nbsp;<strong>pieni p\u00e4\u00e4urakoitsija<\/strong>&nbsp;n\u00e4ki kahden yrityksen kamppailevan Procoren k\u00e4ytt\u00f6\u00f6notossa, ja toisen yritt\u00e4ess\u00e4 l\u00e4hte\u00e4, mik\u00e4&nbsp;<strong>muuttui katastrofiksi<\/strong>\u200b.<\/li>\n<\/ul>\n\n\n\n<p>\u2714&nbsp;<strong>Kuinka Planyard ratkaisee t\u00e4m\u00e4n:<\/strong><\/p>\n\n\n\n<ul class=\"wp-block-list\">\n<li><strong>Yksinkertainen k\u00e4ytt\u00f6\u00f6notto<\/strong>\u2014tuo olemassa olevat budjettisi Excelist\u00e4.<\/li>\n\n\n\n<li><strong>Helppo poistuminen<\/strong>\u2014datanne on&nbsp;<strong>aina viet\u00e4viss\u00e4<\/strong>, joten ette j\u00e4\u00e4 lukituksi.<\/li>\n<\/ul>\n\n\n\n<h3 class=\"wp-block-heading\">3. Pienet urakoitsijat ovat jumissa Excelin kanssa vaihtoehtojen puutteen vuoksi<\/h3>\n\n\n\n<p>Monet urakoitsijat palaavat&nbsp;<strong>Exceliin budjetoinnissa<\/strong>&nbsp;koska useimmat talousty\u00f6kalut ovat&nbsp;<strong>liian kalliita tai monimutkaisia<\/strong>.<\/p>\n\n\n\n<ul class=\"wp-block-list\">\n<li>Taulukot&nbsp;<strong>hajauttavat tiedot useille v\u00e4lilehdille<\/strong>, mik\u00e4 tekee&nbsp;<strong>reaaliaikaisesta seurannasta vaikeaa<\/strong>.<\/li>\n<\/ul>\n\n\n\n<p>\u2714&nbsp;<strong>Kuinka Planyard ratkaisee t\u00e4m\u00e4n:<\/strong><\/p>\n\n\n\n<ul class=\"wp-block-list\">\n<li><strong>Yhden klikkauksen budjetin tuonti<\/strong>&nbsp;Excelist\u00e4.<\/li>\n\n\n\n<li><strong>Reaaliaikainen projektiseuranta kaikissa t\u00f6iss\u00e4 yhdell\u00e4 ty\u00f6p\u00f6yd\u00e4ll\u00e4<\/strong>.<\/li>\n<\/ul>\n\n\n\n<h3 class=\"wp-block-heading\"><strong>4. Procore vaatii kolmannen osapuolen integraatioita kirjanpitoj\u00e4rjestelmiin<\/strong><\/h3>\n\n\n\n<p>Er\u00e4s&nbsp;<strong>pieni p\u00e4\u00e4urakoitsija<\/strong>&nbsp;etsii erityisesti&nbsp;<strong>budjetointity\u00f6kalua, jossa on alkuper\u00e4inen QuickBooks-integraatio<\/strong>\u200b.<\/p>\n\n\n\n<ul class=\"wp-block-list\">\n<li>Procore vaatii&nbsp;<strong>kolmannen osapuolen liittimi\u00e4, kuten&nbsp;<\/strong><a href=\"https:\/\/planyard.com\/blog\/procore-quickbooks-integration-comparison\"><strong>SmoothLink<\/strong>&nbsp;QuickBooksin synkronointiin<\/a>.<\/li>\n<\/ul>\n\n\n\n<p>\u2714&nbsp;<strong>Kuinka Planyard ratkaisee t\u00e4m\u00e4n:<\/strong><\/p>\n\n\n\n<ul class=\"wp-block-list\">\n<li><strong>Alkuper\u00e4inen QuickBooks-, Xero-, MYOB- ja Sage-integraatio<\/strong>&nbsp;(ei tarvetta kolmannen osapuolen ty\u00f6kaluille).<\/li>\n\n\n\n<li><strong>Laskut skannataan automaattisesti, yhdistet\u00e4\u00e4n budjetteihin ja synkronoidaan<\/strong>.<\/li>\n<\/ul>\n\n\n\n<h2 class=\"wp-block-heading\" id=\"five\">Planyard vs. Procore Financials: Ominaisuusvertailu<\/h2>\n\n\n\n<figure class=\"wp-block-table\"><table class=\"has-fixed-layout\"><thead><tr><th>Ominaisuus<\/th><th><strong>Planyard<\/strong><\/th><th><strong>Procore Financials<\/strong><\/th><\/tr><\/thead><tbody><tr><td><strong>K\u00e4yt\u00f6n helppous<\/strong><\/td><td>\u2705 Yksinkertainen ja intuitiivinen<\/td><td>\u274c Monimutkainen, jyrkk\u00e4 oppimisk\u00e4yr\u00e4<\/td><\/tr><tr><td><strong>Kustannuskoodien joustavuus<\/strong><\/td><td>\u2705 K\u00e4yt\u00e4 kustannuskoodeja useita kertoja<\/td><td>\u274c Yksi kustannuskoodi per kohde<\/td><\/tr><tr><td><strong>Budjetointi ja ennustaminen<\/strong><\/td><td>\u2705 Reaaliaikaiset p\u00e4ivitykset<\/td><td>\u274c Vaatii manuaalista sy\u00f6tt\u00f6\u00e4<\/td><\/tr><tr><td><strong>Kirjanpito-integraatio<\/strong><\/td><td>\u2705 QuickBooks, Xero, MYOB, Sage<\/td><td>\u274c Vaatii kolmannen osapuolen ty\u00f6kaluja<\/td><\/tr><tr><td><strong>Hinnoittelu<\/strong><\/td><td>\u2705 Edullinen pienille tiimeille<\/td><td>\u274c Kallis, vaatii r\u00e4\u00e4t\u00e4l\u00f6idyn tarjouksen<\/td><\/tr><tr><td><strong>K\u00e4ytt\u00f6\u00f6notto<\/strong><\/td><td>\u2705 Nopea asennus (tunteja, ei viikkoja)<\/td><td>\u274c Vaatii laajaa koulutusta<\/td><\/tr><\/tbody><\/table><\/figure>\n\n\n\n<h2 class=\"wp-block-heading\" id=\"six\">Kokeile Planyardia ilmaiseksi t\u00e4n\u00e4\u00e4n<\/h2>\n\n\n\n<p>Jos olet&nbsp;<strong>kyll\u00e4stynyt Procore Financialsin monimutkaisuuteen<\/strong>&nbsp;ja haluat&nbsp;<strong>\u00e4lykk\u00e4\u00e4mm\u00e4n tavan hallita rakennusbudjettejasi<\/strong>, kokeile&nbsp;<strong>Planyardia 14 p\u00e4iv\u00e4\u00e4 ilmaiseksi<\/strong>&nbsp;\u2013 ei luottokorttia vaadita!<\/p>\n\n\n\n<p>\ud83d\udc49&nbsp;<strong><a href=\"https:\/\/planyard.com\/fi\/rakennusbudjetointiohjelmisto\">Aloita ilmainen kokeilu<\/a><\/strong><\/p>\n\n\n\n<p><\/p>\n","protected":false},"excerpt":{"rendered":"<p>Monet&nbsp;pienet urakoitsijat, jotka arvioivat tai k\u00e4ytt\u00e4v\u00e4t Procore Financialsia, pit\u00e4v\u00e4t sit\u00e4&nbsp;liian kalliina ja monimutkaisena&nbsp;tarpeisiinsa. Vaikka Procore tarjoaa&nbsp;budjetointi-, sitoumus- ja lis\u00e4ty\u00f6ty\u00f6kaluja, monet urakoitsijat sanovat, ett\u00e4 ne tulevat&nbsp;tarpeettomien lis\u00e4osien kanssa, jotka tekev\u00e4t ohjelmistosta&nbsp;vaikeak\u00e4ytt\u00f6isen. Er\u00e4s&nbsp;pieni p\u00e4\u00e4urakoitsija&nbsp;jakoi kokemuksensa: \u201cProcoren maksut ovat aivan j\u00e4rjett\u00f6mi\u00e4. Heid\u00e4n budjetointity\u00f6kalunsa on loistava, mutta en tarvitse kaikkia lis\u00e4osia, jotka tulevat sen mukana.\u201d&nbsp;\u2013 Er\u00e4s&nbsp;pieni p\u00e4\u00e4urakoitsija&nbsp;Etel\u00e4-Kaliforniassa\u200b Lis\u00e4ksi siirtyminen&nbsp;Procoreen&#8230;  <a class=\"excerpt-read-more\" href=\"https:\/\/planyard.com\/fi\/procore-financials-vaihtoehto-planyard\" title=\"Lue  Miksi pienet urakoitsijat luopuvat Procore Financialsista\">Lue lis\u00e4\u00e4 &#8221;<\/a><\/p>\n","protected":false},"author":4,"featured_media":0,"parent":0,"menu_order":0,"comment_status":"closed","ping_status":"closed","template":"","meta":{"_acf_changed":false,"content-type":"","footnotes":""},"page_intent":[193],"page_type":[],"class_list":["post-11885","page","type-page","status-publish","hentry"],"acf":[],"yoast_head":"<!-- This site is optimized with the Yoast SEO plugin v26.9 - https:\/\/yoast.com\/product\/yoast-seo-wordpress\/ -->\n<title>Procore Financialsin vaihtoehto pienille urakoitsijoille: Planyard<\/title>\n<meta name=\"description\" content=\"Etsitk\u00f6 Procore Financialsin vaihtoehtoa? Katso, miksi Planyard on paras valinta pienille urakoitsijoille, jotka etsiv\u00e4t yksinkertaista ja tehokasta rakennuskustannusten hallintaa.\" \/>\n<meta name=\"robots\" content=\"index, follow, max-snippet:-1, max-image-preview:large, max-video-preview:-1\" \/>\n<link rel=\"canonical\" href=\"https:\/\/planyard.com\/fi\/procore-financials-vaihtoehto-planyard\" \/>\n<meta property=\"og:locale\" content=\"fi_FI\" \/>\n<meta property=\"og:type\" content=\"article\" \/>\n<meta property=\"og:title\" content=\"Procore Financialsin vaihtoehto pienille urakoitsijoille: Planyard\" \/>\n<meta property=\"og:description\" content=\"Etsitk\u00f6 Procore Financialsin vaihtoehtoa? Katso, miksi Planyard on paras valinta pienille urakoitsijoille, jotka etsiv\u00e4t yksinkertaista ja tehokasta rakennuskustannusten hallintaa.\" \/>\n<meta property=\"og:url\" content=\"https:\/\/planyard.com\/fi\/procore-financials-vaihtoehto-planyard\" \/>\n<meta property=\"og:site_name\" content=\"Planyard Suomi\" \/>\n<meta property=\"article:modified_time\" content=\"2025-05-19T17:58:18+00:00\" \/>\n<meta property=\"og:image\" content=\"https:\/\/planyard.com\/wp-content\/uploads\/2025\/02\/image.png\" \/>\n\t<meta property=\"og:image:width\" content=\"1202\" \/>\n\t<meta property=\"og:image:height\" content=\"622\" \/>\n\t<meta property=\"og:image:type\" content=\"image\/png\" \/>\n<meta name=\"twitter:card\" content=\"summary_large_image\" \/>\n<meta name=\"twitter:label1\" content=\"Arvioitu lukuaika\" \/>\n\t<meta name=\"twitter:data1\" content=\"4 minuuttia\" \/>\n<!-- \/ Yoast SEO plugin. -->","yoast_head_json":{"title":"Procore Financialsin vaihtoehto pienille urakoitsijoille: Planyard","description":"Etsitk\u00f6 Procore Financialsin vaihtoehtoa? Katso, miksi Planyard on paras valinta pienille urakoitsijoille, jotka etsiv\u00e4t yksinkertaista ja tehokasta rakennuskustannusten hallintaa.","robots":{"index":"index","follow":"follow","max-snippet":"max-snippet:-1","max-image-preview":"max-image-preview:large","max-video-preview":"max-video-preview:-1"},"canonical":"https:\/\/planyard.com\/fi\/procore-financials-vaihtoehto-planyard","og_locale":"fi_FI","og_type":"article","og_title":"Procore Financialsin vaihtoehto pienille urakoitsijoille: Planyard","og_description":"Etsitk\u00f6 Procore Financialsin vaihtoehtoa? Katso, miksi Planyard on paras valinta pienille urakoitsijoille, jotka etsiv\u00e4t yksinkertaista ja tehokasta rakennuskustannusten hallintaa.","og_url":"https:\/\/planyard.com\/fi\/procore-financials-vaihtoehto-planyard","og_site_name":"Planyard Suomi","article_modified_time":"2025-05-19T17:58:18+00:00","og_image":[{"width":1202,"height":622,"url":"https:\/\/planyard.com\/wp-content\/uploads\/2025\/02\/image.png","type":"image\/png"}],"twitter_card":"summary_large_image","twitter_misc":{"Arvioitu lukuaika":"4 minuuttia"},"schema":{"@context":"https:\/\/schema.org","@graph":[{"@type":"WebPage","@id":"https:\/\/planyard.com\/fi\/procore-financials-vaihtoehto-planyard","url":"https:\/\/planyard.com\/fi\/procore-financials-vaihtoehto-planyard","name":"Procore Financialsin vaihtoehto pienille urakoitsijoille: Planyard","isPartOf":{"@id":"https:\/\/planyard.com\/fi#website"},"primaryImageOfPage":{"@id":"https:\/\/planyard.com\/fi\/procore-financials-vaihtoehto-planyard#primaryimage"},"image":{"@id":"https:\/\/planyard.com\/fi\/procore-financials-vaihtoehto-planyard#primaryimage"},"thumbnailUrl":"https:\/\/planyard.com\/wp-content\/uploads\/2025\/02\/image.png","datePublished":"2025-02-11T10:07:11+00:00","dateModified":"2025-05-19T17:58:18+00:00","description":"Etsitk\u00f6 Procore Financialsin vaihtoehtoa? Katso, miksi Planyard on paras valinta pienille urakoitsijoille, jotka etsiv\u00e4t yksinkertaista ja tehokasta rakennuskustannusten hallintaa.","breadcrumb":{"@id":"https:\/\/planyard.com\/fi\/procore-financials-vaihtoehto-planyard#breadcrumb"},"inLanguage":"fi","potentialAction":[{"@type":"ReadAction","target":["https:\/\/planyard.com\/fi\/procore-financials-vaihtoehto-planyard"]}]},{"@type":"ImageObject","inLanguage":"fi","@id":"https:\/\/planyard.com\/fi\/procore-financials-vaihtoehto-planyard#primaryimage","url":"https:\/\/planyard.com\/wp-content\/uploads\/2025\/02\/image.png","contentUrl":"https:\/\/planyard.com\/wp-content\/uploads\/2025\/02\/image.png"},{"@type":"BreadcrumbList","@id":"https:\/\/planyard.com\/fi\/procore-financials-vaihtoehto-planyard#breadcrumb","itemListElement":[{"@type":"ListItem","position":1,"name":"Home","item":"https:\/\/planyard.com\/fi"},{"@type":"ListItem","position":2,"name":"Miksi pienet urakoitsijat siirtyv\u00e4t pois Procore Financialsista"}]},{"@type":"WebSite","@id":"https:\/\/planyard.com\/fi#website","url":"https:\/\/planyard.com\/fi","name":"Planyard Suomi","description":"","potentialAction":[{"@type":"SearchAction","target":{"@type":"EntryPoint","urlTemplate":"https:\/\/planyard.com\/fi?s={search_term_string}"},"query-input":{"@type":"PropertyValueSpecification","valueRequired":true,"valueName":"search_term_string"}}],"inLanguage":"fi"}]}},"_links":{"self":[{"href":"https:\/\/planyard.com\/fi\/wp-json\/wp\/v2\/pages\/11885","targetHints":{"allow":["GET"]}}],"collection":[{"href":"https:\/\/planyard.com\/fi\/wp-json\/wp\/v2\/pages"}],"about":[{"href":"https:\/\/planyard.com\/fi\/wp-json\/wp\/v2\/types\/page"}],"author":[{"embeddable":true,"href":"https:\/\/planyard.com\/fi\/wp-json\/wp\/v2\/users\/4"}],"replies":[{"embeddable":true,"href":"https:\/\/planyard.com\/fi\/wp-json\/wp\/v2\/comments?post=11885"}],"version-history":[{"count":3,"href":"https:\/\/planyard.com\/fi\/wp-json\/wp\/v2\/pages\/11885\/revisions"}],"predecessor-version":[{"id":16121,"href":"https:\/\/planyard.com\/fi\/wp-json\/wp\/v2\/pages\/11885\/revisions\/16121"}],"wp:attachment":[{"href":"https:\/\/planyard.com\/fi\/wp-json\/wp\/v2\/media?parent=11885"}],"wp:term":[{"taxonomy":"page_intent","embeddable":true,"href":"https:\/\/planyard.com\/fi\/wp-json\/wp\/v2\/page_intent?post=11885"},{"taxonomy":"page_type","embeddable":true,"href":"https:\/\/planyard.com\/fi\/wp-json\/wp\/v2\/page_type?post=11885"}],"curies":[{"name":"wp","href":"https:\/\/api.w.org\/{rel}","templated":true}]}}