{"id":11884,"date":"2024-08-27T16:43:01","date_gmt":"2024-08-27T16:43:01","guid":{"rendered":"https:\/\/planyard.com\/construction-cost-control"},"modified":"2025-05-19T17:57:20","modified_gmt":"2025-05-19T17:57:20","slug":"rakennuskustannusten-hallinta","status":"publish","type":"page","link":"https:\/\/planyard.com\/fi\/rakennuskustannusten-hallinta","title":{"rendered":"Mit\u00e4 on rakennuskustannusten hallinta?"},"content":{"rendered":"\n<h2 class=\"wp-block-heading has-text-align-left\">Mit\u00e4 on rakennuskustannusten hallinta?<\/h2>\n\n\n\n<p>Rakennuskustannusten hallinta tarkoittaa rakennuskustannusten hallintaa tavoitteenaan lis\u00e4t\u00e4 voittoa. Kustannusten hallinta alkaa arvioinnista (saada arviot tarkaksi ja kannattavaksi) ja p\u00e4\u00e4ttyy aliurakoitsijoiden maksamiseen.<\/p>\n\n\n\n<p>Aliurakoitsijoiden hallinta on iso osa sit\u00e4, sill\u00e4 p\u00e4\u00e4urakoitsijoiden on ker\u00e4tt\u00e4v\u00e4 tarjoukset, kuukausittaiset edistymisraportit ja kustannusasiakirjat kustannuskoodeihin perustuen.<\/p>\n\n\n\n<p>Toinen tapa ajatella sit\u00e4 on, ett\u00e4 se kattaa kaikki prosessit, joissa rakennuskustannuskoodit ovat mukana (paitsi kirjanpito).<\/p>\n\n\n\n<p>Kustannusten hallinta voidaan tehd\u00e4 mill\u00e4 tahansa tavalla (paperi ja kyn\u00e4, Excel, erikoistunut ohjelmisto jne.), mutta erikoistuneen kustannusten hallintaohjelmiston k\u00e4yt\u00f6ss\u00e4 on ilmeisi\u00e4 etuja.<\/p>\n\n\n\n<figure class=\"wp-block-image size-full\"><img loading=\"lazy\" decoding=\"async\" width=\"1200\" height=\"500\" src=\"https:\/\/planyard.com\/wp-content\/uploads\/2024\/08\/construction-cost-control-1.png\" alt=\"\" class=\"wp-image-1596\" \/><\/figure>\n\n\n\n<h2 class=\"wp-block-heading has-text-align-center paddedHeading\">Hy\u00f6dyt<\/h2>\n\n\n\n<div class=\"wp-block-columns is-layout-flex wp-container-core-columns-is-layout-9d6595d7 wp-block-columns-is-layout-flex\">\n<div class=\"wp-block-column is-layout-flow wp-block-column-is-layout-flow\">\n<h4 class=\"wp-block-heading checkedItem\">Tied\u00e4, tuottaako projekti voittoa ennen sen valmistumista<\/h4>\n<\/div>\n\n\n\n<div class=\"wp-block-column is-layout-flow wp-block-column-is-layout-flow\">\n<h4 class=\"wp-block-heading checkedItem\">S\u00e4\u00e4st\u00e4 3-5 p\u00e4iv\u00e4\u00e4 kuukaudessa per projektip\u00e4\u00e4llikk\u00f6<\/h4>\n<\/div>\n\n\n\n<div class=\"wp-block-column is-layout-flow wp-block-column-is-layout-flow\">\n<h4 class=\"wp-block-heading checkedItem\">Vakiinnuta prosessit ja varmista noudattaminen<\/h4>\n<\/div>\n<\/div>\n\n\n\n<div class=\"wp-block-columns is-layout-flex wp-container-core-columns-is-layout-9d6595d7 wp-block-columns-is-layout-flex\">\n<div class=\"wp-block-column is-layout-flow wp-block-column-is-layout-flow\">\n<h4 class=\"wp-block-heading checkedItem\">Havaitse arviointi- ja suunnitteluvirheet<\/h4>\n<\/div>\n\n\n\n<div class=\"wp-block-column is-layout-flow wp-block-column-is-layout-flow\">\n<h4 class=\"wp-block-heading checkedItem\">P\u00e4\u00e4se eroon manuaalisista laskelmista ja kopioinnista<\/h4>\n<\/div>\n\n\n\n<div class=\"wp-block-column is-layout-flow wp-block-column-is-layout-flow\">\n<h4 class=\"wp-block-heading checkedItem\">\u00c4l\u00e4 anna asioiden j\u00e4\u00e4d\u00e4 huomaamatta<\/h4>\n<\/div>\n<\/div>\n\n\n\n<h2 class=\"wp-block-heading has-text-align-center\">Rakennuskustannusten hallintaohjelmiston ostajan opas<\/h2>\n\n\n\n<div class=\"wp-block-columns is-layout-flex wp-container-core-columns-is-layout-9d6595d7 wp-block-columns-is-layout-flex\">\n<div class=\"wp-block-column is-layout-flow wp-block-column-is-layout-flow\">\n<h4 class=\"wp-block-heading\">Tietoa oppaasta<\/h4>\n\n\n\n<p>T\u00e4m\u00e4 ilmainen opas antaa sinulle yleiskuvan siit\u00e4, millaisia etuja rakennuskustannusten hallintaohjelmisto tarjoaa. Ja ehk\u00e4 yht\u00e4 t\u00e4rke\u00e4\u00e4 &#8211; miten se tarjoaa ne.<\/p>\n\n\n\n<p>Se on kirjoitettu p\u00e4\u00e4urakoitsijoille, jotka tarvitsevat suurten rakennusprojektien hallintaa.<\/p>\n\n\n\n<p>Vaikka et etsisi kustannusten hallintaa t\u00e4ll\u00e4 hetkell\u00e4, se antaa sinulle paremman k\u00e4sityksen siit\u00e4, miten tehd\u00e4 prosesseistasi tehokkaampia.<\/p>\n\n\n\n<p>Lis\u00e4ksi se sis\u00e4lt\u00e4\u00e4 yksityiskohtaisen yleiskatsauksen kaikista mahdollisista ominaisuuksista ja niiden toiminnallisuuden tavoitteista.<\/p>\n<\/div>\n\n\n\n<div class=\"wp-block-column is-layout-flow wp-block-column-is-layout-flow\">\n<figure class=\"wp-block-image size-full\"><img loading=\"lazy\" decoding=\"async\" width=\"1024\" height=\"1024\" src=\"https:\/\/planyard.com\/wp-content\/uploads\/2024\/08\/construction-cost-control-ebook-1024x1024-1.png\" alt=\"\" class=\"wp-image-1598\" srcset=\"https:\/\/planyard.com\/wp-content\/uploads\/2024\/08\/construction-cost-control-ebook-1024x1024-1.png 1024w, https:\/\/planyard.com\/wp-content\/uploads\/2024\/08\/construction-cost-control-ebook-1024x1024-1-150x150.png 150w\" sizes=\"auto, (max-width: 1024px) 100vw, 1024px\" \/><\/figure>\n<\/div>\n<\/div>\n\n\n\n<div class=\"wp-block-columns is-layout-flex wp-container-core-columns-is-layout-9d6595d7 wp-block-columns-is-layout-flex\">\n<div class=\"wp-block-column is-layout-flow wp-block-column-is-layout-flow\">\n<h4 class=\"wp-block-heading\">Sis\u00e4llysluettelo<\/h4>\n\n\n\n<ol class=\"wp-block-list\">\n<li>Mit\u00e4 on kustannusten hallintaohjelmisto ja miksi k\u00e4ytt\u00e4\u00e4 sit\u00e4?<\/li>\n\n\n\n<li>Kuinka arvioida yrityksesi kypsyys<\/li>\n\n\n\n<li>Paikallinen vs pilviohjelmisto<\/li>\n\n\n\n<li>Viestint\u00e4 ja integraatiot<\/li>\n\n\n\n<li>Arviointi<\/li>\n\n\n\n<li>Tarjousten hallinta<\/li>\n\n\n\n<li>Budjetin hallinta<\/li>\n\n\n\n<li>Sopimus- ja muutosty\u00f6hallinta<\/li>\n\n\n\n<li>Aliurakoitsijoiden edistymisraportointi<\/li>\n\n\n\n<li>Kustannusasiakirjojen hallinta<\/li>\n\n\n\n<li>Kustannusennusteet<\/li>\n\n\n\n<li>Kassavirran seuranta<\/li>\n\n\n\n<li>Aliurakoitsijoiden ja yhteystietojen hallinta<\/li>\n\n\n\n<li>K\u00e4ytt\u00e4jien hallinta<\/li>\n\n\n\n<li>Turvallisuus<\/li>\n<\/ol>\n<\/div>\n\n\n\n<div class=\"wp-block-column is-layout-flow wp-block-column-is-layout-flow\">\n<h4 class=\"wp-block-heading\">Ilmainen lataus<\/h4>\n\n\n\n\n\n  hbspt.forms.create({\n\tportalId: &#8221;4963994&#8221;,\n\tformId: &#8221;5dc63c68-0796-4789-93ac-9d26427cf303&#8221;\n});\n\n<\/div>\n<\/div>\n\n\n\n<h2 class=\"wp-block-heading has-text-align-center\">Planyard-urakoitsijaohjelmisto auttaa kunnianhimoisia tiimej\u00e4 saavuttamaan tavoitteensa ja nopeuttamaan kasvuaan.<\/h2>\n\n\n\n<div class=\"wp-block-media-text alignwide has-media-on-the-right is-stacked-on-mobile is-vertically-aligned-center\"><div class=\"wp-block-media-text__content\">\n<ul class=\"wp-block-list\">\n<li>Ei en\u00e4\u00e4 taulukoita<\/li>\n\n\n\n<li>S\u00e4\u00e4st\u00e4\u00e4 projektip\u00e4\u00e4llik\u00f6iden ja kustannuslaskijoiden aikaa<\/li>\n\n\n\n<li>Helppo ottaa k\u00e4ytt\u00f6\u00f6n ja k\u00e4ytt\u00e4\u00e4<\/li>\n\n\n\n<li>Reaaliaikaiset ja tarkat talousennusteet<\/li>\n\n\n\n<li>Ei en\u00e4\u00e4 p\u00e4\u00e4llekk\u00e4ist\u00e4 tietojen sy\u00f6tt\u00f6\u00e4<\/li>\n<\/ul>\n\n\n\n<div class=\"wp-block-buttons is-layout-flex wp-block-buttons-is-layout-flex\">\n<div class=\"wp-block-button\"><a class=\"wp-block-button__link wp-element-button\" href=\"https:\/\/planyard.com\/sign-up\">Aloita ilmainen kokeilu<\/a><\/div>\n\n\n\n<div class=\"wp-block-button\"><a class=\"wp-block-button__link wp-element-button\" href=\"https:\/\/meetings.hubspot.com\/cedlund\" target=\"_blank\" rel=\"noreferrer noopener\">Pyyd\u00e4 esittely<\/a><\/div>\n<\/div>\n<\/div><figure class=\"wp-block-media-text__media\"><img decoding=\"async\" src=\"https:\/\/planyard.com\/wp-content\/uploads\/2024\/10\/construction-project-management-software-macbook-iphone-1_reduced-1024x598-1.webp\" alt=\"\" class=\"wp-image-3832 size-large\" \/><\/figure><\/div>\n","protected":false},"excerpt":{"rendered":"<p>Mit\u00e4 on rakennuskustannusten hallinta? Rakennuskustannusten hallinta tarkoittaa rakennuskustannusten hallintaa tavoitteenaan lis\u00e4t\u00e4 voittoa. Kustannusten hallinta alkaa arvioinnista (saada arviot tarkaksi ja kannattavaksi) ja p\u00e4\u00e4ttyy aliurakoitsijoiden maksamiseen. Aliurakoitsijoiden hallinta on iso osa sit\u00e4, sill\u00e4 p\u00e4\u00e4urakoitsijoiden on ker\u00e4tt\u00e4v\u00e4 tarjoukset, kuukausittaiset edistymisraportit ja kustannusasiakirjat kustannuskoodeihin perustuen. Toinen tapa ajatella sit\u00e4 on, ett\u00e4 se kattaa kaikki prosessit, joissa rakennuskustannuskoodit ovat&#8230;  <a class=\"excerpt-read-more\" href=\"https:\/\/planyard.com\/fi\/rakennuskustannusten-hallinta\" title=\"Lue  Mit\u00e4 on rakennuskustannusten hallinta?\">Lue lis\u00e4\u00e4 &#8221;<\/a><\/p>\n","protected":false},"author":2,"featured_media":0,"parent":0,"menu_order":0,"comment_status":"closed","ping_status":"closed","template":"","meta":{"_acf_changed":false,"content-type":"","footnotes":""},"page_intent":[163],"page_type":[],"class_list":["post-11884","page","type-page","status-publish","hentry"],"acf":[],"yoast_head":"<!-- This site is optimized with the Yoast SEO plugin v27.1.1 - https:\/\/yoast.com\/product\/yoast-seo-wordpress\/ -->\n<title>Mit\u00e4 on rakennuskustannusten hallinta? - Planyard Suomi<\/title>\n<meta name=\"description\" content=\"Mitk\u00e4 ovat parhaat k\u00e4yt\u00e4nn\u00f6t rakennuskustannusten hallintaan ja kuinka valita ohjelmisto kustannusten hallintaan ja kannattavuuden maksimointiin.\" \/>\n<meta name=\"robots\" content=\"index, follow, max-snippet:-1, max-image-preview:large, max-video-preview:-1\" \/>\n<link rel=\"canonical\" href=\"https:\/\/planyard.com\/fi\/rakennuskustannusten-hallinta\" \/>\n<meta property=\"og:locale\" content=\"fi_FI\" \/>\n<meta property=\"og:type\" content=\"article\" \/>\n<meta property=\"og:title\" content=\"Mit\u00e4 on rakennuskustannusten hallinta? - Planyard Suomi\" \/>\n<meta property=\"og:description\" content=\"Mitk\u00e4 ovat parhaat k\u00e4yt\u00e4nn\u00f6t rakennuskustannusten hallintaan ja kuinka valita ohjelmisto kustannusten hallintaan ja kannattavuuden maksimointiin.\" \/>\n<meta property=\"og:url\" content=\"https:\/\/planyard.com\/fi\/rakennuskustannusten-hallinta\" \/>\n<meta property=\"og:site_name\" content=\"Planyard Suomi\" \/>\n<meta property=\"article:modified_time\" content=\"2025-05-19T17:57:20+00:00\" \/>\n<meta property=\"og:image\" content=\"https:\/\/planyard.com\/wp-content\/uploads\/2024\/08\/construction-cost-control-1.png\" \/>\n\t<meta property=\"og:image:width\" content=\"1200\" \/>\n\t<meta property=\"og:image:height\" content=\"500\" \/>\n\t<meta property=\"og:image:type\" content=\"image\/png\" \/>\n<meta name=\"twitter:card\" content=\"summary_large_image\" \/>\n<meta name=\"twitter:label1\" content=\"Arvioitu lukuaika\" \/>\n\t<meta name=\"twitter:data1\" content=\"3 minuuttia\" \/>\n<!-- \/ Yoast SEO plugin. -->","yoast_head_json":{"title":"Mit\u00e4 on rakennuskustannusten hallinta? - Planyard Suomi","description":"Mitk\u00e4 ovat parhaat k\u00e4yt\u00e4nn\u00f6t rakennuskustannusten hallintaan ja kuinka valita ohjelmisto kustannusten hallintaan ja kannattavuuden maksimointiin.","robots":{"index":"index","follow":"follow","max-snippet":"max-snippet:-1","max-image-preview":"max-image-preview:large","max-video-preview":"max-video-preview:-1"},"canonical":"https:\/\/planyard.com\/fi\/rakennuskustannusten-hallinta","og_locale":"fi_FI","og_type":"article","og_title":"Mit\u00e4 on rakennuskustannusten hallinta? - Planyard Suomi","og_description":"Mitk\u00e4 ovat parhaat k\u00e4yt\u00e4nn\u00f6t rakennuskustannusten hallintaan ja kuinka valita ohjelmisto kustannusten hallintaan ja kannattavuuden maksimointiin.","og_url":"https:\/\/planyard.com\/fi\/rakennuskustannusten-hallinta","og_site_name":"Planyard Suomi","article_modified_time":"2025-05-19T17:57:20+00:00","og_image":[{"width":1200,"height":500,"url":"https:\/\/planyard.com\/wp-content\/uploads\/2024\/08\/construction-cost-control-1.png","type":"image\/png"}],"twitter_card":"summary_large_image","twitter_misc":{"Arvioitu lukuaika":"3 minuuttia"},"schema":{"@context":"https:\/\/schema.org","@graph":[{"@type":"WebPage","@id":"https:\/\/planyard.com\/fi\/rakennuskustannusten-hallinta","url":"https:\/\/planyard.com\/fi\/rakennuskustannusten-hallinta","name":"Mit\u00e4 on rakennuskustannusten hallinta? - Planyard Suomi","isPartOf":{"@id":"https:\/\/planyard.com\/fi#website"},"primaryImageOfPage":{"@id":"https:\/\/planyard.com\/fi\/rakennuskustannusten-hallinta#primaryimage"},"image":{"@id":"https:\/\/planyard.com\/fi\/rakennuskustannusten-hallinta#primaryimage"},"thumbnailUrl":"https:\/\/planyard.com\/wp-content\/uploads\/2024\/08\/construction-cost-control-1.png","datePublished":"2024-08-27T16:43:01+00:00","dateModified":"2025-05-19T17:57:20+00:00","description":"Mitk\u00e4 ovat parhaat k\u00e4yt\u00e4nn\u00f6t rakennuskustannusten hallintaan ja kuinka valita ohjelmisto kustannusten hallintaan ja kannattavuuden maksimointiin.","breadcrumb":{"@id":"https:\/\/planyard.com\/fi\/rakennuskustannusten-hallinta#breadcrumb"},"inLanguage":"fi","potentialAction":[{"@type":"ReadAction","target":["https:\/\/planyard.com\/fi\/rakennuskustannusten-hallinta"]}]},{"@type":"ImageObject","inLanguage":"fi","@id":"https:\/\/planyard.com\/fi\/rakennuskustannusten-hallinta#primaryimage","url":"https:\/\/planyard.com\/wp-content\/uploads\/2024\/08\/construction-cost-control-1.png","contentUrl":"https:\/\/planyard.com\/wp-content\/uploads\/2024\/08\/construction-cost-control-1.png"},{"@type":"BreadcrumbList","@id":"https:\/\/planyard.com\/fi\/rakennuskustannusten-hallinta#breadcrumb","itemListElement":[{"@type":"ListItem","position":1,"name":"Home","item":"https:\/\/planyard.com\/fi"},{"@type":"ListItem","position":2,"name":"Mit\u00e4 on rakennuskustannusten hallinta?"}]},{"@type":"WebSite","@id":"https:\/\/planyard.com\/fi#website","url":"https:\/\/planyard.com\/fi","name":"Planyard Suomi","description":"","potentialAction":[{"@type":"SearchAction","target":{"@type":"EntryPoint","urlTemplate":"https:\/\/planyard.com\/fi?s={search_term_string}"},"query-input":{"@type":"PropertyValueSpecification","valueRequired":true,"valueName":"search_term_string"}}],"inLanguage":"fi"}]}},"_links":{"self":[{"href":"https:\/\/planyard.com\/fi\/wp-json\/wp\/v2\/pages\/11884","targetHints":{"allow":["GET"]}}],"collection":[{"href":"https:\/\/planyard.com\/fi\/wp-json\/wp\/v2\/pages"}],"about":[{"href":"https:\/\/planyard.com\/fi\/wp-json\/wp\/v2\/types\/page"}],"author":[{"embeddable":true,"href":"https:\/\/planyard.com\/fi\/wp-json\/wp\/v2\/users\/2"}],"replies":[{"embeddable":true,"href":"https:\/\/planyard.com\/fi\/wp-json\/wp\/v2\/comments?post=11884"}],"version-history":[{"count":3,"href":"https:\/\/planyard.com\/fi\/wp-json\/wp\/v2\/pages\/11884\/revisions"}],"predecessor-version":[{"id":16120,"href":"https:\/\/planyard.com\/fi\/wp-json\/wp\/v2\/pages\/11884\/revisions\/16120"}],"wp:attachment":[{"href":"https:\/\/planyard.com\/fi\/wp-json\/wp\/v2\/media?parent=11884"}],"wp:term":[{"taxonomy":"page_intent","embeddable":true,"href":"https:\/\/planyard.com\/fi\/wp-json\/wp\/v2\/page_intent?post=11884"},{"taxonomy":"page_type","embeddable":true,"href":"https:\/\/planyard.com\/fi\/wp-json\/wp\/v2\/page_type?post=11884"}],"curies":[{"name":"wp","href":"https:\/\/api.w.org\/{rel}","templated":true}]}}