{"id":11874,"date":"2024-08-29T10:26:44","date_gmt":"2024-08-29T10:26:44","guid":{"rendered":"https:\/\/planyard.com\/request-a-planyard-pricing-proposal"},"modified":"2025-05-19T17:53:03","modified_gmt":"2025-05-19T17:53:03","slug":"pyyda-planyard-hinnoitteluehdotus","status":"publish","type":"page","link":"https:\/\/planyard.com\/fi\/pyyda-planyard-hinnoitteluehdotus","title":{"rendered":"Pyyd\u00e4 Planyard-hinnoitteluehdotus"},"content":{"rendered":"\n<div class=\"wp-block-columns is-layout-flex wp-container-core-columns-is-layout-9d6595d7 wp-block-columns-is-layout-flex\">\n<div class=\"wp-block-column is-layout-flow wp-block-column-is-layout-flow\">\n<p>Jos yrityksesi hallinnoi monipuolista rakennusportfoliota, johon kuuluu useita liiketoimintayksik\u00f6it\u00e4 ja oikeushenkil\u00f6it\u00e4, ja tarvitset projektip\u00e4\u00e4llik\u00f6it\u00e4, kustannuslaskijoita, ty\u00f6maainsin\u00f6\u00f6rej\u00e4, arvioijia ja muita, olemme t\u00e4\u00e4ll\u00e4 auttamassa.<\/p>\n\n\n\n<h5 class=\"wp-block-heading\">T\u00e4yt\u00e4 lomake, niin yksi myyntiedustajistamme ottaa sinuun pian yhteytt\u00e4 tarjotakseen henkil\u00f6kohtaisen hinnoitteluehdotuksen.<\/h5>\n<\/div>\n\n\n\n<div class=\"wp-block-column is-layout-flow wp-block-column-is-layout-flow\">\n\n\n  hbspt.forms.create({\n    region: &#8221;na1&#8221;,\n    portalId: &#8221;4963994&#8221;,\n    formId: &#8221;494ccc6f-398f-476e-b68d-ffeffb321027&#8221;\n  });\n\n<\/div>\n<\/div>\n\n\n\n<p><\/p>\n","protected":false},"excerpt":{"rendered":"<p>Jos yrityksesi hallinnoi monipuolista rakennusportfoliota, johon kuuluu useita liiketoimintayksik\u00f6it\u00e4 ja oikeushenkil\u00f6it\u00e4, ja tarvitset projektip\u00e4\u00e4llik\u00f6it\u00e4, kustannuslaskijoita, ty\u00f6maainsin\u00f6\u00f6rej\u00e4, arvioijia ja muita, olemme t\u00e4\u00e4ll\u00e4 auttamassa. T\u00e4yt\u00e4 lomake, niin yksi myyntiedustajistamme ottaa sinuun pian yhteytt\u00e4 tarjotakseen henkil\u00f6kohtaisen hinnoitteluehdotuksen. hbspt.forms.create({ region: &#8221;na1&#8221;, portalId: &#8221;4963994&#8221;, formId: &#8221;494ccc6f-398f-476e-b68d-ffeffb321027&#8221; });<\/p>\n","protected":false},"author":2,"featured_media":0,"parent":0,"menu_order":0,"comment_status":"closed","ping_status":"closed","template":"","meta":{"_acf_changed":false,"content-type":"","footnotes":""},"page_intent":[178],"page_type":[],"class_list":["post-11874","page","type-page","status-publish","hentry"],"acf":[],"yoast_head":"<!-- This site is optimized with the Yoast SEO plugin v26.9 - https:\/\/yoast.com\/product\/yoast-seo-wordpress\/ -->\n<title>Pyyd\u00e4 Planyard-hinnoitteluehdotus -<\/title>\n<meta name=\"description\" content=\"Lataa Planyard-rakennuskustannuskoodit ilmaiseksi ja pysy helposti ajan tasalla projektikustannuksista. Kustannusten hallinta, KPI-seuranta, ihanteellinen yrityksen laajuiselle k\u00e4yt\u00f6lle ja paljon muuta\" \/>\n<meta name=\"robots\" content=\"index, follow, max-snippet:-1, max-image-preview:large, max-video-preview:-1\" \/>\n<link rel=\"canonical\" href=\"https:\/\/planyard.com\/fi\/pyyda-planyard-hinnoitteluehdotus\" \/>\n<meta property=\"og:locale\" content=\"fi_FI\" \/>\n<meta property=\"og:type\" content=\"article\" \/>\n<meta property=\"og:title\" content=\"Pyyd\u00e4 Planyard-hinnoitteluehdotus -\" \/>\n<meta property=\"og:description\" content=\"Lataa Planyard-rakennuskustannuskoodit ilmaiseksi ja pysy helposti ajan tasalla projektikustannuksista. Kustannusten hallinta, KPI-seuranta, ihanteellinen yrityksen laajuiselle k\u00e4yt\u00f6lle ja paljon muuta\" \/>\n<meta property=\"og:url\" content=\"https:\/\/planyard.com\/fi\/pyyda-planyard-hinnoitteluehdotus\" \/>\n<meta property=\"og:site_name\" content=\"Planyard Suomi\" \/>\n<meta property=\"article:modified_time\" content=\"2025-05-19T17:53:03+00:00\" \/>\n<meta name=\"twitter:card\" content=\"summary_large_image\" \/>\n<meta name=\"twitter:label1\" content=\"Arvioitu lukuaika\" \/>\n\t<meta name=\"twitter:data1\" content=\"1 minuutti\" \/>\n<!-- \/ Yoast SEO plugin. -->","yoast_head_json":{"title":"Pyyd\u00e4 Planyard-hinnoitteluehdotus -","description":"Lataa Planyard-rakennuskustannuskoodit ilmaiseksi ja pysy helposti ajan tasalla projektikustannuksista. Kustannusten hallinta, KPI-seuranta, ihanteellinen yrityksen laajuiselle k\u00e4yt\u00f6lle ja paljon muuta","robots":{"index":"index","follow":"follow","max-snippet":"max-snippet:-1","max-image-preview":"max-image-preview:large","max-video-preview":"max-video-preview:-1"},"canonical":"https:\/\/planyard.com\/fi\/pyyda-planyard-hinnoitteluehdotus","og_locale":"fi_FI","og_type":"article","og_title":"Pyyd\u00e4 Planyard-hinnoitteluehdotus -","og_description":"Lataa Planyard-rakennuskustannuskoodit ilmaiseksi ja pysy helposti ajan tasalla projektikustannuksista. Kustannusten hallinta, KPI-seuranta, ihanteellinen yrityksen laajuiselle k\u00e4yt\u00f6lle ja paljon muuta","og_url":"https:\/\/planyard.com\/fi\/pyyda-planyard-hinnoitteluehdotus","og_site_name":"Planyard Suomi","article_modified_time":"2025-05-19T17:53:03+00:00","twitter_card":"summary_large_image","twitter_misc":{"Arvioitu lukuaika":"1 minuutti"},"schema":{"@context":"https:\/\/schema.org","@graph":[{"@type":"WebPage","@id":"https:\/\/planyard.com\/fi\/pyyda-planyard-hinnoitteluehdotus","url":"https:\/\/planyard.com\/fi\/pyyda-planyard-hinnoitteluehdotus","name":"Pyyd\u00e4 Planyard-hinnoitteluehdotus -","isPartOf":{"@id":"https:\/\/planyard.com\/fi#website"},"datePublished":"2024-08-29T10:26:44+00:00","dateModified":"2025-05-19T17:53:03+00:00","description":"Lataa Planyard-rakennuskustannuskoodit ilmaiseksi ja pysy helposti ajan tasalla projektikustannuksista. Kustannusten hallinta, KPI-seuranta, ihanteellinen yrityksen laajuiselle k\u00e4yt\u00f6lle ja paljon muuta","breadcrumb":{"@id":"https:\/\/planyard.com\/fi\/pyyda-planyard-hinnoitteluehdotus#breadcrumb"},"inLanguage":"fi","potentialAction":[{"@type":"ReadAction","target":["https:\/\/planyard.com\/fi\/pyyda-planyard-hinnoitteluehdotus"]}]},{"@type":"BreadcrumbList","@id":"https:\/\/planyard.com\/fi\/pyyda-planyard-hinnoitteluehdotus#breadcrumb","itemListElement":[{"@type":"ListItem","position":1,"name":"Home","item":"https:\/\/planyard.com\/fi"},{"@type":"ListItem","position":2,"name":"Pyyd\u00e4 Planyard-hinnoitteluehdotus"}]},{"@type":"WebSite","@id":"https:\/\/planyard.com\/fi#website","url":"https:\/\/planyard.com\/fi","name":"Planyard Suomi","description":"","potentialAction":[{"@type":"SearchAction","target":{"@type":"EntryPoint","urlTemplate":"https:\/\/planyard.com\/fi?s={search_term_string}"},"query-input":{"@type":"PropertyValueSpecification","valueRequired":true,"valueName":"search_term_string"}}],"inLanguage":"fi"}]}},"_links":{"self":[{"href":"https:\/\/planyard.com\/fi\/wp-json\/wp\/v2\/pages\/11874","targetHints":{"allow":["GET"]}}],"collection":[{"href":"https:\/\/planyard.com\/fi\/wp-json\/wp\/v2\/pages"}],"about":[{"href":"https:\/\/planyard.com\/fi\/wp-json\/wp\/v2\/types\/page"}],"author":[{"embeddable":true,"href":"https:\/\/planyard.com\/fi\/wp-json\/wp\/v2\/users\/2"}],"replies":[{"embeddable":true,"href":"https:\/\/planyard.com\/fi\/wp-json\/wp\/v2\/comments?post=11874"}],"version-history":[{"count":3,"href":"https:\/\/planyard.com\/fi\/wp-json\/wp\/v2\/pages\/11874\/revisions"}],"predecessor-version":[{"id":16103,"href":"https:\/\/planyard.com\/fi\/wp-json\/wp\/v2\/pages\/11874\/revisions\/16103"}],"wp:attachment":[{"href":"https:\/\/planyard.com\/fi\/wp-json\/wp\/v2\/media?parent=11874"}],"wp:term":[{"taxonomy":"page_intent","embeddable":true,"href":"https:\/\/planyard.com\/fi\/wp-json\/wp\/v2\/page_intent?post=11874"},{"taxonomy":"page_type","embeddable":true,"href":"https:\/\/planyard.com\/fi\/wp-json\/wp\/v2\/page_type?post=11874"}],"curies":[{"name":"wp","href":"https:\/\/api.w.org\/{rel}","templated":true}]}}