{"id":11871,"date":"2024-08-26T10:47:03","date_gmt":"2024-08-26T10:47:03","guid":{"rendered":"https:\/\/planyard.com\/quickbooks-disconnected"},"modified":"2025-05-19T17:58:30","modified_gmt":"2025-05-19T17:58:30","slug":"quickbooks-yhteys-katkaistu","status":"publish","type":"page","link":"https:\/\/planyard.com\/fi\/quickbooks-yhteys-katkaistu","title":{"rendered":"QuickBooks-yhteys katkaistu"},"content":{"rendered":"\n<p class=\"has-text-align-left\">QuickBooks-integraatiosi on katkaistu. Et voi en\u00e4\u00e4 l\u00e4hett\u00e4\u00e4 laskuja suoraan QuickBooks-tilillesi Planyardista. T\u00e4m\u00e4 tarkoittaa, ett\u00e4 Planyardissa vahvistamiasi kustannusasiakirjoja ei l\u00e4hetet\u00e4 automaattisesti QuickBooksiin.<\/p>\n\n\n\n<p class=\"has-text-align-left\">Jos haluat yhdist\u00e4\u00e4 Planyardin ja QuickBooks-tilisi uudelleen, <a href=\"https:\/\/central.planyard.com\/planyard-quickbooks-integration\"><strong>klikkaa t\u00e4st\u00e4 n\u00e4hd\u00e4ksesi, kuinka QuickBooks yhdistet\u00e4\u00e4n uudelleen<\/strong><\/a> tai ota yhteytt\u00e4 tukeemme saadaksesi lis\u00e4tietoja.<\/p>\n\n\n\n<p class=\"has-text-align-left\">Vaihtoehtoisesti, jos olet kirjautuneena Planyard-sovellukseen, voit <a href=\"https:\/\/app.planyard.com\/#\/company\/integrations\"><strong>n\u00e4hd\u00e4 integraatiosi klikkaamalla t\u00e4st\u00e4<\/strong><\/a>.<br><\/p>\n","protected":false},"excerpt":{"rendered":"<p>QuickBooks-integraatiosi on katkaistu. Et voi en\u00e4\u00e4 l\u00e4hett\u00e4\u00e4 laskuja suoraan QuickBooks-tilillesi Planyardista. T\u00e4m\u00e4 tarkoittaa, ett\u00e4 Planyardissa vahvistamiasi kustannusasiakirjoja ei l\u00e4hetet\u00e4 automaattisesti QuickBooksiin. Jos haluat yhdist\u00e4\u00e4 Planyardin ja QuickBooks-tilisi uudelleen, klikkaa t\u00e4st\u00e4 n\u00e4hd\u00e4ksesi, kuinka QuickBooks yhdistet\u00e4\u00e4n uudelleen tai ota yhteytt\u00e4 tukeemme saadaksesi lis\u00e4tietoja. Vaihtoehtoisesti, jos olet kirjautuneena Planyard-sovellukseen, voit n\u00e4hd\u00e4 integraatiosi klikkaamalla t\u00e4st\u00e4.<\/p>\n","protected":false},"author":2,"featured_media":0,"parent":0,"menu_order":0,"comment_status":"closed","ping_status":"closed","template":"","meta":{"_acf_changed":false,"content-type":"","footnotes":""},"page_intent":[223],"page_type":[],"class_list":["post-11871","page","type-page","status-publish","hentry"],"acf":[],"yoast_head":"<!-- This site is optimized with the Yoast SEO plugin v27.1.1 - https:\/\/yoast.com\/product\/yoast-seo-wordpress\/ -->\n<title>QuickBooks-yhteys katkaistu - Planyard Suomi<\/title>\n<meta name=\"robots\" content=\"index, follow, max-snippet:-1, max-image-preview:large, max-video-preview:-1\" \/>\n<link rel=\"canonical\" href=\"https:\/\/planyard.com\/fi\/quickbooks-yhteys-katkaistu\" \/>\n<meta property=\"og:locale\" content=\"fi_FI\" \/>\n<meta property=\"og:type\" content=\"article\" \/>\n<meta property=\"og:title\" content=\"QuickBooks-yhteys katkaistu - Planyard Suomi\" \/>\n<meta property=\"og:description\" content=\"QuickBooks-integraatiosi on katkaistu. Et voi en\u00e4\u00e4 l\u00e4hett\u00e4\u00e4 laskuja suoraan QuickBooks-tilillesi Planyardista. T\u00e4m\u00e4 tarkoittaa, ett\u00e4 Planyardissa vahvistamiasi kustannusasiakirjoja ei l\u00e4hetet\u00e4 automaattisesti QuickBooksiin. Jos haluat yhdist\u00e4\u00e4 Planyardin ja QuickBooks-tilisi uudelleen, klikkaa t\u00e4st\u00e4 n\u00e4hd\u00e4ksesi, kuinka QuickBooks yhdistet\u00e4\u00e4n uudelleen tai ota yhteytt\u00e4 tukeemme saadaksesi lis\u00e4tietoja. Vaihtoehtoisesti, jos olet kirjautuneena Planyard-sovellukseen, voit n\u00e4hd\u00e4 integraatiosi klikkaamalla t\u00e4st\u00e4.\" \/>\n<meta property=\"og:url\" content=\"https:\/\/planyard.com\/fi\/quickbooks-yhteys-katkaistu\" \/>\n<meta property=\"og:site_name\" content=\"Planyard Suomi\" \/>\n<meta property=\"article:modified_time\" content=\"2025-05-19T17:58:30+00:00\" \/>\n<meta name=\"twitter:card\" content=\"summary_large_image\" \/>\n<meta name=\"twitter:label1\" content=\"Arvioitu lukuaika\" \/>\n\t<meta name=\"twitter:data1\" content=\"1 minuutti\" \/>\n<!-- \/ Yoast SEO plugin. -->","yoast_head_json":{"title":"QuickBooks-yhteys katkaistu - Planyard Suomi","robots":{"index":"index","follow":"follow","max-snippet":"max-snippet:-1","max-image-preview":"max-image-preview:large","max-video-preview":"max-video-preview:-1"},"canonical":"https:\/\/planyard.com\/fi\/quickbooks-yhteys-katkaistu","og_locale":"fi_FI","og_type":"article","og_title":"QuickBooks-yhteys katkaistu - Planyard Suomi","og_description":"QuickBooks-integraatiosi on katkaistu. Et voi en\u00e4\u00e4 l\u00e4hett\u00e4\u00e4 laskuja suoraan QuickBooks-tilillesi Planyardista. T\u00e4m\u00e4 tarkoittaa, ett\u00e4 Planyardissa vahvistamiasi kustannusasiakirjoja ei l\u00e4hetet\u00e4 automaattisesti QuickBooksiin. Jos haluat yhdist\u00e4\u00e4 Planyardin ja QuickBooks-tilisi uudelleen, klikkaa t\u00e4st\u00e4 n\u00e4hd\u00e4ksesi, kuinka QuickBooks yhdistet\u00e4\u00e4n uudelleen tai ota yhteytt\u00e4 tukeemme saadaksesi lis\u00e4tietoja. Vaihtoehtoisesti, jos olet kirjautuneena Planyard-sovellukseen, voit n\u00e4hd\u00e4 integraatiosi klikkaamalla t\u00e4st\u00e4.","og_url":"https:\/\/planyard.com\/fi\/quickbooks-yhteys-katkaistu","og_site_name":"Planyard Suomi","article_modified_time":"2025-05-19T17:58:30+00:00","twitter_card":"summary_large_image","twitter_misc":{"Arvioitu lukuaika":"1 minuutti"},"schema":{"@context":"https:\/\/schema.org","@graph":[{"@type":"WebPage","@id":"https:\/\/planyard.com\/fi\/quickbooks-yhteys-katkaistu","url":"https:\/\/planyard.com\/fi\/quickbooks-yhteys-katkaistu","name":"QuickBooks-yhteys katkaistu - Planyard Suomi","isPartOf":{"@id":"https:\/\/planyard.com\/fi#website"},"datePublished":"2024-08-26T10:47:03+00:00","dateModified":"2025-05-19T17:58:30+00:00","breadcrumb":{"@id":"https:\/\/planyard.com\/fi\/quickbooks-yhteys-katkaistu#breadcrumb"},"inLanguage":"fi","potentialAction":[{"@type":"ReadAction","target":["https:\/\/planyard.com\/fi\/quickbooks-yhteys-katkaistu"]}]},{"@type":"BreadcrumbList","@id":"https:\/\/planyard.com\/fi\/quickbooks-yhteys-katkaistu#breadcrumb","itemListElement":[{"@type":"ListItem","position":1,"name":"Home","item":"https:\/\/planyard.com\/fi"},{"@type":"ListItem","position":2,"name":"QuickBooks-yhteys katkaistu"}]},{"@type":"WebSite","@id":"https:\/\/planyard.com\/fi#website","url":"https:\/\/planyard.com\/fi","name":"Planyard Suomi","description":"","potentialAction":[{"@type":"SearchAction","target":{"@type":"EntryPoint","urlTemplate":"https:\/\/planyard.com\/fi?s={search_term_string}"},"query-input":{"@type":"PropertyValueSpecification","valueRequired":true,"valueName":"search_term_string"}}],"inLanguage":"fi"}]}},"_links":{"self":[{"href":"https:\/\/planyard.com\/fi\/wp-json\/wp\/v2\/pages\/11871","targetHints":{"allow":["GET"]}}],"collection":[{"href":"https:\/\/planyard.com\/fi\/wp-json\/wp\/v2\/pages"}],"about":[{"href":"https:\/\/planyard.com\/fi\/wp-json\/wp\/v2\/types\/page"}],"author":[{"embeddable":true,"href":"https:\/\/planyard.com\/fi\/wp-json\/wp\/v2\/users\/2"}],"replies":[{"embeddable":true,"href":"https:\/\/planyard.com\/fi\/wp-json\/wp\/v2\/comments?post=11871"}],"version-history":[{"count":3,"href":"https:\/\/planyard.com\/fi\/wp-json\/wp\/v2\/pages\/11871\/revisions"}],"predecessor-version":[{"id":16124,"href":"https:\/\/planyard.com\/fi\/wp-json\/wp\/v2\/pages\/11871\/revisions\/16124"}],"wp:attachment":[{"href":"https:\/\/planyard.com\/fi\/wp-json\/wp\/v2\/media?parent=11871"}],"wp:term":[{"taxonomy":"page_intent","embeddable":true,"href":"https:\/\/planyard.com\/fi\/wp-json\/wp\/v2\/page_intent?post=11871"},{"taxonomy":"page_type","embeddable":true,"href":"https:\/\/planyard.com\/fi\/wp-json\/wp\/v2\/page_type?post=11871"}],"curies":[{"name":"wp","href":"https:\/\/api.w.org\/{rel}","templated":true}]}}