{"id":11869,"date":"2024-08-26T10:42:40","date_gmt":"2024-08-26T10:42:40","guid":{"rendered":"https:\/\/planyard.com\/project-management-software-for-constructi"},"modified":"2025-05-17T17:21:35","modified_gmt":"2025-05-17T17:21:35","slug":"rakennusalan-projektinhallintaohjelmisto","status":"publish","type":"page","link":"https:\/\/planyard.com\/fi\/rakennusalan-projektinhallintaohjelmisto","title":{"rendered":"Rakennusalan projektinhallintaohjelmisto"},"content":{"rendered":"","protected":false},"excerpt":{"rendered":"","protected":false},"author":2,"featured_media":0,"parent":0,"menu_order":0,"comment_status":"closed","ping_status":"closed","template":"","meta":{"_acf_changed":false,"content-type":"","footnotes":""},"page_intent":[148],"page_type":[],"class_list":["post-11869","page","type-page","status-publish","hentry"],"acf":[],"yoast_head":"<!-- This site is optimized with the Yoast SEO plugin v27.1.1 - https:\/\/yoast.com\/product\/yoast-seo-wordpress\/ -->\n<title>Rakennusalan projektinhallintaohjelmisto - Ilmainen 14 p\u00e4iv\u00e4\u00e4<\/title>\n<meta name=\"description\" content=\"Rakennusalan projektinhallintaohjelmisto budjettien, tarjouspyynt\u00f6jen, sopimusten, edistymisraporttien ja kustannusten hallintaan. Kokeile ilmaiseksi 14 p\u00e4iv\u00e4\u00e4.\" \/>\n<meta name=\"robots\" content=\"index, follow, max-snippet:-1, max-image-preview:large, max-video-preview:-1\" \/>\n<link rel=\"canonical\" href=\"https:\/\/planyard.com\/fi\/rakennusalan-projektinhallintaohjelmisto\" \/>\n<meta property=\"og:locale\" content=\"fi_FI\" \/>\n<meta property=\"og:type\" content=\"article\" \/>\n<meta property=\"og:title\" content=\"Rakennusalan projektinhallintaohjelmisto - Ilmainen 14 p\u00e4iv\u00e4\u00e4\" \/>\n<meta property=\"og:description\" content=\"Rakennusalan projektinhallintaohjelmisto budjettien, tarjouspyynt\u00f6jen, sopimusten, edistymisraporttien ja kustannusten hallintaan. Kokeile ilmaiseksi 14 p\u00e4iv\u00e4\u00e4.\" \/>\n<meta property=\"og:url\" content=\"https:\/\/planyard.com\/fi\/rakennusalan-projektinhallintaohjelmisto\" \/>\n<meta property=\"og:site_name\" content=\"Planyard Suomi\" \/>\n<meta property=\"article:modified_time\" content=\"2025-05-17T17:21:35+00:00\" \/>\n<meta name=\"twitter:card\" content=\"summary_large_image\" \/>\n<!-- \/ Yoast SEO plugin. -->","yoast_head_json":{"title":"Rakennusalan projektinhallintaohjelmisto - Ilmainen 14 p\u00e4iv\u00e4\u00e4","description":"Rakennusalan projektinhallintaohjelmisto budjettien, tarjouspyynt\u00f6jen, sopimusten, edistymisraporttien ja kustannusten hallintaan. Kokeile ilmaiseksi 14 p\u00e4iv\u00e4\u00e4.","robots":{"index":"index","follow":"follow","max-snippet":"max-snippet:-1","max-image-preview":"max-image-preview:large","max-video-preview":"max-video-preview:-1"},"canonical":"https:\/\/planyard.com\/fi\/rakennusalan-projektinhallintaohjelmisto","og_locale":"fi_FI","og_type":"article","og_title":"Rakennusalan projektinhallintaohjelmisto - Ilmainen 14 p\u00e4iv\u00e4\u00e4","og_description":"Rakennusalan projektinhallintaohjelmisto budjettien, tarjouspyynt\u00f6jen, sopimusten, edistymisraporttien ja kustannusten hallintaan. Kokeile ilmaiseksi 14 p\u00e4iv\u00e4\u00e4.","og_url":"https:\/\/planyard.com\/fi\/rakennusalan-projektinhallintaohjelmisto","og_site_name":"Planyard Suomi","article_modified_time":"2025-05-17T17:21:35+00:00","twitter_card":"summary_large_image","schema":{"@context":"https:\/\/schema.org","@graph":[{"@type":"WebPage","@id":"https:\/\/planyard.com\/fi\/rakennusalan-projektinhallintaohjelmisto","url":"https:\/\/planyard.com\/fi\/rakennusalan-projektinhallintaohjelmisto","name":"Rakennusalan projektinhallintaohjelmisto - Ilmainen 14 p\u00e4iv\u00e4\u00e4","isPartOf":{"@id":"https:\/\/planyard.com\/fi#website"},"datePublished":"2024-08-26T10:42:40+00:00","dateModified":"2025-05-17T17:21:35+00:00","description":"Rakennusalan projektinhallintaohjelmisto budjettien, tarjouspyynt\u00f6jen, sopimusten, edistymisraporttien ja kustannusten hallintaan. Kokeile ilmaiseksi 14 p\u00e4iv\u00e4\u00e4.","breadcrumb":{"@id":"https:\/\/planyard.com\/fi\/rakennusalan-projektinhallintaohjelmisto#breadcrumb"},"inLanguage":"fi","potentialAction":[{"@type":"ReadAction","target":["https:\/\/planyard.com\/fi\/rakennusalan-projektinhallintaohjelmisto"]}]},{"@type":"BreadcrumbList","@id":"https:\/\/planyard.com\/fi\/rakennusalan-projektinhallintaohjelmisto#breadcrumb","itemListElement":[{"@type":"ListItem","position":1,"name":"Home","item":"https:\/\/planyard.com\/fi"},{"@type":"ListItem","position":2,"name":"Rakennusalan projektinhallintaohjelmisto"}]},{"@type":"WebSite","@id":"https:\/\/planyard.com\/fi#website","url":"https:\/\/planyard.com\/fi","name":"Planyard Suomi","description":"","potentialAction":[{"@type":"SearchAction","target":{"@type":"EntryPoint","urlTemplate":"https:\/\/planyard.com\/fi?s={search_term_string}"},"query-input":{"@type":"PropertyValueSpecification","valueRequired":true,"valueName":"search_term_string"}}],"inLanguage":"fi"}]}},"_links":{"self":[{"href":"https:\/\/planyard.com\/fi\/wp-json\/wp\/v2\/pages\/11869","targetHints":{"allow":["GET"]}}],"collection":[{"href":"https:\/\/planyard.com\/fi\/wp-json\/wp\/v2\/pages"}],"about":[{"href":"https:\/\/planyard.com\/fi\/wp-json\/wp\/v2\/types\/page"}],"author":[{"embeddable":true,"href":"https:\/\/planyard.com\/fi\/wp-json\/wp\/v2\/users\/2"}],"replies":[{"embeddable":true,"href":"https:\/\/planyard.com\/fi\/wp-json\/wp\/v2\/comments?post=11869"}],"version-history":[{"count":1,"href":"https:\/\/planyard.com\/fi\/wp-json\/wp\/v2\/pages\/11869\/revisions"}],"predecessor-version":[{"id":11971,"href":"https:\/\/planyard.com\/fi\/wp-json\/wp\/v2\/pages\/11869\/revisions\/11971"}],"wp:attachment":[{"href":"https:\/\/planyard.com\/fi\/wp-json\/wp\/v2\/media?parent=11869"}],"wp:term":[{"taxonomy":"page_intent","embeddable":true,"href":"https:\/\/planyard.com\/fi\/wp-json\/wp\/v2\/page_intent?post=11869"},{"taxonomy":"page_type","embeddable":true,"href":"https:\/\/planyard.com\/fi\/wp-json\/wp\/v2\/page_type?post=11869"}],"curies":[{"name":"wp","href":"https:\/\/api.w.org\/{rel}","templated":true}]}}