{"id":11866,"date":"2024-08-27T13:45:07","date_gmt":"2024-08-27T13:45:07","guid":{"rendered":"https:\/\/planyard.com\/procore-too-expensive"},"modified":"2025-05-19T17:57:18","modified_gmt":"2025-05-19T17:57:18","slug":"onko-procoren-hinnoittelumalli-liian-kallis","status":"publish","type":"page","link":"https:\/\/planyard.com\/fi\/onko-procoren-hinnoittelumalli-liian-kallis","title":{"rendered":"Onko Procoren hinnoittelumalli liian kallis?"},"content":{"rendered":"\n<div class=\"wp-block-columns is-layout-flex wp-container-core-columns-is-layout-9d6595d7 wp-block-columns-is-layout-flex\">\n<div class=\"wp-block-column is-layout-flow wp-block-column-is-layout-flow\">\n<figure class=\"wp-block-image size-full\"><img loading=\"lazy\" decoding=\"async\" width=\"900\" height=\"500\" src=\"https:\/\/planyard.com\/wp-content\/uploads\/2024\/08\/procore-vector-logo.png\" alt=\"\" class=\"wp-image-1540\"\/><\/figure>\n<\/div>\n\n\n\n<div class=\"wp-block-column is-layout-flow wp-block-column-is-layout-flow\">\n<figure class=\"wp-block-image size-full is-resized\"><img loading=\"lazy\" decoding=\"async\" width=\"500\" height=\"200\" src=\"https:\/\/planyard.com\/wp-content\/uploads\/2024\/08\/Planyard-logo-500x200-1-1.png\" alt=\"\" class=\"wp-image-1541\" style=\"width:535px;height:auto\"\/><\/figure>\n<\/div>\n<\/div>\n\n\n\n<h2 class=\"wp-block-heading\">Mik\u00e4 on Procore?<\/h2>\n\n\n\n<p><a href=\"https:\/\/www.procore.com\/\">Procore<\/a>&nbsp;on yhdysvaltalainen rakennusprojektinhallintaohjelmisto, jossa on monia eri moduuleja.<\/p>\n\n\n\n<p>Ohjelmisto kattaa esirakentamisen, projektinhallinnan, resurssien hallinnan ja taloushallinnon.<\/p>\n\n\n\n<h2 class=\"wp-block-heading\" id=\"a-bit-more-context\">Hieman lis\u00e4\u00e4 taustaa<\/h2>\n\n\n\n<p>Procore on kehitt\u00e4nyt ohjelmistoaan vuodesta 2003 l\u00e4htien, mik\u00e4 tekee siit\u00e4 kaksiter\u00e4isen miekan.<\/p>\n\n\n\n<p>Toisaalta se on eritt\u00e4in kattava. Se kattaa monia eri toimintoja eri mallien kautta, mik\u00e4 tarkoittaa, ett\u00e4 voit yhten\u00e4ist\u00e4\u00e4 prosesseja enemm\u00e4n.<\/p>\n\n\n\n<p>Toisaalta yritykset pyrkiv\u00e4t siirtym\u00e4\u00e4n yl\u00f6sp\u00e4in markkinoilla kypsyess\u00e4\u00e4n. Niiden ratkaisut muuttuvat paljon monimutkaisemmiksi, ja hinnat nousevat jatkuvasti. Procore on t\u00e4ss\u00e4 mieless\u00e4 kuin Salesforce \u2013 sit\u00e4 k\u00e4ytt\u00e4v\u00e4t maailman suurimmat yritykset, mutta ne maksavat siit\u00e4 kovan hinnan.<\/p>\n\n\n\n<p>Koska Procore on ollut kehityksess\u00e4 l\u00e4hes 20 vuotta, se sis\u00e4lt\u00e4\u00e4 todenn\u00e4k\u00f6isesti paljon vanhaa teknologiaa. Asiat, jotka rakennettiin kymmenen vuotta sitten, n\u00e4ytt\u00e4v\u00e4t nyt vanhentuneilta ohjelmistossa.<\/p>\n\n\n\n<h2 class=\"wp-block-heading\" id=\"what-is-planyard\">Mik\u00e4 on Planyard?<\/h2>\n\n\n\n<p><a href=\"https:\/\/planyard.com\/fi\">Planyard<\/a>&nbsp;on pilvipohjainen budjetointi- ja aliurakoitsijoiden hallintaohjelmisto p\u00e4\u00e4urakoitsijoille.<\/p>\n\n\n\n<p>Voit hallita budjetteja ilman Exceli\u00e4 ja edestakaisia s\u00e4hk\u00f6posteja. Aliurakoitsijasi tekev\u00e4t ty\u00f6n puolestasi.<\/p>\n\n\n\n<h2 class=\"wp-block-heading\" id=\"procore-vs-planyard-pricing\">Procoren ja Planyardin hinnoittelu<\/h2>\n\n\n\n<figure class=\"wp-block-image size-full\"><img loading=\"lazy\" decoding=\"async\" width=\"1204\" height=\"324\" src=\"https:\/\/planyard.com\/wp-content\/uploads\/2024\/08\/Procore-vs-Planyard-pricing.png\" alt=\"\" class=\"wp-image-1542\"\/><\/figure>\n\n\n\n<p>Procoren hinnoittelu on suhteellisen kiinte\u00e4, mik\u00e4 edellytt\u00e4\u00e4 suurten summien maksamista ennen kuin voit arvioida, sopiiko alusta sinulle. Sama ongelma ilmenee, jos olet pienempi yritys tai sinulla on useita projekteja. Yksi koko ei sovi kaikille. Siksi Planyardin hinnoittelu riippuu tarvitsemastasi toiminnallisuudesta.<\/p>\n","protected":false},"excerpt":{"rendered":"<p>Mik\u00e4 on Procore? Procore&nbsp;on yhdysvaltalainen rakennusprojektinhallintaohjelmisto, jossa on monia eri moduuleja. Ohjelmisto kattaa esirakentamisen, projektinhallinnan, resurssien hallinnan ja taloushallinnon. Hieman lis\u00e4\u00e4 taustaa Procore on kehitt\u00e4nyt ohjelmistoaan vuodesta 2003 l\u00e4htien, mik\u00e4 tekee siit\u00e4 kaksiter\u00e4isen miekan. Toisaalta se on eritt\u00e4in kattava. Se kattaa monia eri toimintoja eri mallien kautta, mik\u00e4 tarkoittaa, ett\u00e4 voit yhten\u00e4ist\u00e4\u00e4 prosesseja enemm\u00e4n. Toisaalta&#8230;  <a class=\"excerpt-read-more\" href=\"https:\/\/planyard.com\/fi\/onko-procoren-hinnoittelumalli-liian-kallis\" title=\"Lue  Onko Procoren hinnoittelumalli liian kallis?\">Lue lis\u00e4\u00e4 &#8221;<\/a><\/p>\n","protected":false},"author":2,"featured_media":0,"parent":0,"menu_order":0,"comment_status":"closed","ping_status":"closed","template":"","meta":{"_acf_changed":false,"content-type":"","footnotes":""},"page_intent":[193],"page_type":[],"class_list":["post-11866","page","type-page","status-publish","hentry"],"acf":[],"yoast_head":"<!-- This site is optimized with the Yoast SEO plugin v27.1.1 - https:\/\/yoast.com\/product\/yoast-seo-wordpress\/ -->\n<title>Onko Procoren hinnoittelumalli liian kallis? - Planyard Suomi<\/title>\n<meta name=\"description\" content=\"Procoren hinnoittelu liian kiinte\u00e4 sinulle? Planyard on pilvipohjainen rakennusalan talous- ja kustannuslaskenta-alusta koko tiimillesi.\" \/>\n<meta name=\"robots\" content=\"index, follow, max-snippet:-1, max-image-preview:large, max-video-preview:-1\" \/>\n<link rel=\"canonical\" href=\"https:\/\/planyard.com\/fi\/onko-procoren-hinnoittelumalli-liian-kallis\" \/>\n<meta property=\"og:locale\" content=\"fi_FI\" \/>\n<meta property=\"og:type\" content=\"article\" \/>\n<meta property=\"og:title\" content=\"Onko Procoren hinnoittelumalli liian kallis? - Planyard Suomi\" \/>\n<meta property=\"og:description\" content=\"Procoren hinnoittelu liian kiinte\u00e4 sinulle? Planyard on pilvipohjainen rakennusalan talous- ja kustannuslaskenta-alusta koko tiimillesi.\" \/>\n<meta property=\"og:url\" content=\"https:\/\/planyard.com\/fi\/onko-procoren-hinnoittelumalli-liian-kallis\" \/>\n<meta property=\"og:site_name\" content=\"Planyard Suomi\" \/>\n<meta property=\"article:modified_time\" content=\"2025-05-19T17:57:18+00:00\" \/>\n<meta property=\"og:image\" content=\"https:\/\/planyard.com\/wp-content\/uploads\/2024\/08\/procore-vector-logo.png\" \/>\n\t<meta property=\"og:image:width\" content=\"900\" \/>\n\t<meta property=\"og:image:height\" content=\"500\" \/>\n\t<meta property=\"og:image:type\" content=\"image\/png\" \/>\n<meta name=\"twitter:card\" content=\"summary_large_image\" \/>\n<meta name=\"twitter:label1\" content=\"Arvioitu lukuaika\" \/>\n\t<meta name=\"twitter:data1\" content=\"2 minuuttia\" \/>\n<!-- \/ Yoast SEO plugin. -->","yoast_head_json":{"title":"Onko Procoren hinnoittelumalli liian kallis? - Planyard Suomi","description":"Procoren hinnoittelu liian kiinte\u00e4 sinulle? Planyard on pilvipohjainen rakennusalan talous- ja kustannuslaskenta-alusta koko tiimillesi.","robots":{"index":"index","follow":"follow","max-snippet":"max-snippet:-1","max-image-preview":"max-image-preview:large","max-video-preview":"max-video-preview:-1"},"canonical":"https:\/\/planyard.com\/fi\/onko-procoren-hinnoittelumalli-liian-kallis","og_locale":"fi_FI","og_type":"article","og_title":"Onko Procoren hinnoittelumalli liian kallis? - Planyard Suomi","og_description":"Procoren hinnoittelu liian kiinte\u00e4 sinulle? Planyard on pilvipohjainen rakennusalan talous- ja kustannuslaskenta-alusta koko tiimillesi.","og_url":"https:\/\/planyard.com\/fi\/onko-procoren-hinnoittelumalli-liian-kallis","og_site_name":"Planyard Suomi","article_modified_time":"2025-05-19T17:57:18+00:00","og_image":[{"width":900,"height":500,"url":"https:\/\/planyard.com\/wp-content\/uploads\/2024\/08\/procore-vector-logo.png","type":"image\/png"}],"twitter_card":"summary_large_image","twitter_misc":{"Arvioitu lukuaika":"2 minuuttia"},"schema":{"@context":"https:\/\/schema.org","@graph":[{"@type":"WebPage","@id":"https:\/\/planyard.com\/fi\/onko-procoren-hinnoittelumalli-liian-kallis","url":"https:\/\/planyard.com\/fi\/onko-procoren-hinnoittelumalli-liian-kallis","name":"Onko Procoren hinnoittelumalli liian kallis? - Planyard Suomi","isPartOf":{"@id":"https:\/\/planyard.com\/fi#website"},"primaryImageOfPage":{"@id":"https:\/\/planyard.com\/fi\/onko-procoren-hinnoittelumalli-liian-kallis#primaryimage"},"image":{"@id":"https:\/\/planyard.com\/fi\/onko-procoren-hinnoittelumalli-liian-kallis#primaryimage"},"thumbnailUrl":"https:\/\/planyard.com\/wp-content\/uploads\/2024\/08\/procore-vector-logo.png","datePublished":"2024-08-27T13:45:07+00:00","dateModified":"2025-05-19T17:57:18+00:00","description":"Procoren hinnoittelu liian kiinte\u00e4 sinulle? Planyard on pilvipohjainen rakennusalan talous- ja kustannuslaskenta-alusta koko tiimillesi.","breadcrumb":{"@id":"https:\/\/planyard.com\/fi\/onko-procoren-hinnoittelumalli-liian-kallis#breadcrumb"},"inLanguage":"fi","potentialAction":[{"@type":"ReadAction","target":["https:\/\/planyard.com\/fi\/onko-procoren-hinnoittelumalli-liian-kallis"]}]},{"@type":"ImageObject","inLanguage":"fi","@id":"https:\/\/planyard.com\/fi\/onko-procoren-hinnoittelumalli-liian-kallis#primaryimage","url":"https:\/\/planyard.com\/wp-content\/uploads\/2024\/08\/procore-vector-logo.png","contentUrl":"https:\/\/planyard.com\/wp-content\/uploads\/2024\/08\/procore-vector-logo.png"},{"@type":"BreadcrumbList","@id":"https:\/\/planyard.com\/fi\/onko-procoren-hinnoittelumalli-liian-kallis#breadcrumb","itemListElement":[{"@type":"ListItem","position":1,"name":"Home","item":"https:\/\/planyard.com\/fi"},{"@type":"ListItem","position":2,"name":"Onko Procoren hinnoittelumalli liian kallis?"}]},{"@type":"WebSite","@id":"https:\/\/planyard.com\/fi#website","url":"https:\/\/planyard.com\/fi","name":"Planyard Suomi","description":"","potentialAction":[{"@type":"SearchAction","target":{"@type":"EntryPoint","urlTemplate":"https:\/\/planyard.com\/fi?s={search_term_string}"},"query-input":{"@type":"PropertyValueSpecification","valueRequired":true,"valueName":"search_term_string"}}],"inLanguage":"fi"}]}},"_links":{"self":[{"href":"https:\/\/planyard.com\/fi\/wp-json\/wp\/v2\/pages\/11866","targetHints":{"allow":["GET"]}}],"collection":[{"href":"https:\/\/planyard.com\/fi\/wp-json\/wp\/v2\/pages"}],"about":[{"href":"https:\/\/planyard.com\/fi\/wp-json\/wp\/v2\/types\/page"}],"author":[{"embeddable":true,"href":"https:\/\/planyard.com\/fi\/wp-json\/wp\/v2\/users\/2"}],"replies":[{"embeddable":true,"href":"https:\/\/planyard.com\/fi\/wp-json\/wp\/v2\/comments?post=11866"}],"version-history":[{"count":3,"href":"https:\/\/planyard.com\/fi\/wp-json\/wp\/v2\/pages\/11866\/revisions"}],"predecessor-version":[{"id":16119,"href":"https:\/\/planyard.com\/fi\/wp-json\/wp\/v2\/pages\/11866\/revisions\/16119"}],"wp:attachment":[{"href":"https:\/\/planyard.com\/fi\/wp-json\/wp\/v2\/media?parent=11866"}],"wp:term":[{"taxonomy":"page_intent","embeddable":true,"href":"https:\/\/planyard.com\/fi\/wp-json\/wp\/v2\/page_intent?post=11866"},{"taxonomy":"page_type","embeddable":true,"href":"https:\/\/planyard.com\/fi\/wp-json\/wp\/v2\/page_type?post=11866"}],"curies":[{"name":"wp","href":"https:\/\/api.w.org\/{rel}","templated":true}]}}