{"id":11865,"date":"2024-08-26T08:47:45","date_gmt":"2024-08-26T08:47:45","guid":{"rendered":"https:\/\/planyard.com\/procore-financials-module-too-complicated"},"modified":"2025-05-19T17:52:54","modified_gmt":"2025-05-19T17:52:54","slug":"procore-financials-moduuli-liian-monimutkainen","status":"publish","type":"page","link":"https:\/\/planyard.com\/fi\/procore-financials-moduuli-liian-monimutkainen","title":{"rendered":"Procore Financials -moduuli liian monimutkainen?"},"content":{"rendered":"\n<h2 class=\"wp-block-heading has-text-align-left paddedHeading\" id=\"still-using-procore-project-financials-for-budget-management-there-can-be-an-easier-way\">K\u00e4yt\u00e4tk\u00f6 edelleen Procore-projektin taloushallintoa budjetin hallintaan? On olemassa helpompi tapa.<\/h2>\n\n\n\n<p class=\"has-text-align-center\"><img loading=\"lazy\" decoding=\"async\" width=\"118\" height=\"40\" class=\"wp-image-108\" style=\"width: 500px\" src=\"https:\/\/planyard.com\/wp-content\/uploads\/2024\/07\/Procore_Logo_FC_Black_RGB-1.svg\" alt=\"\"><\/p>\n\n\n\n<p class=\"has-text-align-left\">Procore-taloushallinto ei v\u00e4ltt\u00e4m\u00e4tt\u00e4 ole paras ty\u00f6kalu pk-yrityksille Procore-k\u00e4ytt\u00e4j\u00e4arvostelujen mukaan<\/p>\n\n\n\n<ul class=\"wp-block-list\">\n<li>Hinnoittelu on joustamaton ja voi olla haastavaa yrityksille, joilla on korkeat tulot ja matalat katteet;<\/li>\n\n\n\n<li>K\u00e4ytt\u00f6\u00f6notto ja implementointi voivat olla monimutkaisia ja aikaa vievi\u00e4 prosesseja;<\/li>\n\n\n\n<li>K\u00e4ytt\u00e4j\u00e4tilien ja koulutuksen tarve toimittajille saattaa karkottaa heid\u00e4t ty\u00f6kalujen k\u00e4yt\u00f6st\u00e4;<\/li>\n\n\n\n<li>Kirjanpitointegraatiot tarjotaan kolmansien osapuolten toimesta, eiv\u00e4tk\u00e4 ne v\u00e4ltt\u00e4m\u00e4tt\u00e4 t\u00e4yt\u00e4 kaikkia tarpeita;<\/li>\n<\/ul>\n\n\n\n<h4 class=\"wp-block-heading\" id=\"planyard-saves-time-and-nerves\">Planyard s\u00e4\u00e4st\u00e4\u00e4 aikaa ja hermoja<\/h4>\n\n\n\n<p>Seuraa budjettiasi reaaliajassa ja toimi heti, kun virheit\u00e4 ilmenee.&nbsp;<a href=\"https:\/\/planyard.com\/fi\/rakennusprojektien-kustannuslaskentaohjelmisto\">Ty\u00f6kustannukset<\/a>&nbsp;ovat j\u00e4rjestettyj\u00e4, t\u00e4ysin haettavissa ja k\u00e4ytett\u00e4viss\u00e4 ennustamiseen, projektinhallintaan ja muuhun. Implementointi tapahtuu yleens\u00e4 yhdess\u00e4 muutaman tunnin koulutuksessa.<\/p>\n\n\n\n<div class=\"wp-block-buttons is-layout-flex wp-block-buttons-is-layout-flex\">\n<div class=\"wp-block-button\"><a class=\"wp-block-button__link wp-element-button\" href=\"https:\/\/planyard.com\/sign-up\">Aloita ilmainen kokeilu<\/a><\/div>\n\n\n\n<div class=\"wp-block-button\"><a class=\"wp-block-button__link wp-element-button\" href=\"https:\/\/meetings.hubspot.com\/cedlund\" target=\"_blank\" rel=\"noreferrer noopener\">Pyyd\u00e4 esittely<\/a><\/div>\n<\/div>\n\n\n\n<h2 class=\"wp-block-heading\" id=\"what-is-procore\">Mik\u00e4 on Procore?<\/h2>\n\n\n\n<p>Procore on yhdysvaltalainen rakennusprojektinhallintaohjelmisto, jossa on monia eri moduuleja.<\/p>\n\n\n\n<p>Ohjelmisto kattaa esirakentamisen, projektinhallinnan, resurssien hallinnan ja taloushallinnan.<\/p>\n\n\n\n<h2 class=\"wp-block-heading\" id=\"a-bit-more-context\">Hieman enemm\u00e4n kontekstia<\/h2>\n\n\n\n<p>Procore on kehitt\u00e4nyt ohjelmistoaan vuodesta 2003. T\u00e4m\u00e4 tekee siit\u00e4 kaksiter\u00e4isen miekan.<\/p>\n\n\n\n<p>Toisaalta se on eritt\u00e4in kattava. Se kattaa monia eri toimintoja eri malleilla. T\u00e4m\u00e4 tarkoittaa, ett\u00e4 voit yhten\u00e4ist\u00e4\u00e4 prosesseja enemm\u00e4n.<\/p>\n\n\n\n<p>Toisaalta yritykset pyrkiv\u00e4t siirtym\u00e4\u00e4n yl\u00f6sp\u00e4in markkinoilla kypsyess\u00e4\u00e4n. Heid\u00e4n ratkaisunsa muuttuvat paljon monimutkaisemmiksi ja hinnoittelu nousee yh\u00e4 korkeammaksi. Procore on kuin Salesforce siin\u00e4 mieless\u00e4 \u2013 sit\u00e4 k\u00e4ytt\u00e4v\u00e4t maailman suurimmat yritykset, mutta he kaikki maksavat siit\u00e4 paljon.<\/p>\n\n\n\n<p>Koska Procore on ollut kehityksess\u00e4 l\u00e4hes 20 vuotta, se tarkoittaa, ett\u00e4 se sis\u00e4lt\u00e4\u00e4 todenn\u00e4k\u00f6isesti paljon vanhaa teknologiaa. Asiat, jotka rakennettiin 10 vuotta sitten, n\u00e4ytt\u00e4v\u00e4t nyt vanhentuneilta ohjelmistossa.<\/p>\n\n\n\n<h2 class=\"wp-block-heading\" id=\"what-is-planyard\">Mik\u00e4 on Planyard?<\/h2>\n\n\n\n<p><a href=\"https:\/\/planyard.com\/fi\">Planyard<\/a>&nbsp;on pilvipohjainen budjetti- ja aliurakoitsijoiden hallintaohjelmisto p\u00e4\u00e4urakoitsijoille.<\/p>\n\n\n\n<p>Voit hallita budjetteja ilman Exceli\u00e4 ja edestakaisia s\u00e4hk\u00f6posteja. Aliurakoitsijasi tekev\u00e4t ty\u00f6n puolestasi.<\/p>\n\n\n\n<h2 class=\"wp-block-heading\" id=\"procore-project-financials-vs-planyard-construction-financials-software-functionality\">Procore-projektin taloushallinto vs Planyard-rakennusalan taloushallintaohjelmiston toiminnallisuus<\/h2>\n\n\n\n<p>Eri arvostelusivustot tuovat esiin, ett\u00e4 Procoren k\u00e4ytt\u00f6\u00f6notto on monimutkainen ja kallis. Jos haluat k\u00e4ytt\u00e4\u00e4 Procoren talousmoduulia, sinun on rekister\u00f6idytt\u00e4v\u00e4 useisiin eri moduulipaketteihin, joissa on todenn\u00e4k\u00f6isesti paljon toimintoja, joita et v\u00e4ltt\u00e4m\u00e4tt\u00e4 tarvitse.<\/p>\n\n\n\n<p>Koska Procore-taloushallinto on p\u00e4\u00e4asiassa yritysratkaisu, se vaatii paljon koulutusta ja konfigurointia kaiken asettamiseksi. Jos olet pienempi yritys, jolla on pieni tai ei lainkaan IT-tiimi\u00e4, asennus ei v\u00e4ltt\u00e4m\u00e4tt\u00e4 ole kovin suoraviivaista ja voi olla aikaa viev\u00e4\u00e4. Jos haluat kokeilla pilottiprojektilla n\u00e4hd\u00e4ksesi, vastaavatko prosessisi ohjelmistoa, se ei v\u00e4ltt\u00e4m\u00e4tt\u00e4 ole niin helppoa tehd\u00e4 kiinteiden prosessien vuoksi tilin asettamisessa.<\/p>\n\n\n\n<p>Jos haluat kokeilla ja digitalisoida prosessisi yksi pieni askel kerrallaan, Procoren prosessit eiv\u00e4t v\u00e4ltt\u00e4m\u00e4tt\u00e4 ole sinulle sopivimpia. Voi olla helpompaa testata helpommin asennettavaa alustaa, kuten <a href=\"https:\/\/planyard.com\/fi\">Planyard<\/a>, n\u00e4hd\u00e4ksesi, voisiko t\u00e4m\u00e4 olla sopiva yrityksellesi ja ty\u00f6ntekij\u00f6illesi.<\/p>\n\n\n\n<p>Hyv\u00e4 puoli on, ett\u00e4 Procorella on laaja markkinapaikka, jossa on paljon erilaisia ty\u00f6kaluja, jotka voidaan integroida, jos tarvitset tietyn osan prosessistasi korjattavaksi tai automatisoitavaksi.<\/p>\n\n\n\n<figure class=\"wp-block-table\"><table><tbody><tr><td class=\"has-text-align-left\" data-align=\"left\"><strong>Ominaisuus\/Toimittaja<\/strong><\/td><td class=\"has-text-align-left\" data-align=\"left\"><img loading=\"lazy\" decoding=\"async\" width=\"118\" height=\"40\" class=\"wp-image-108\" style=\"width: 118px\" src=\"https:\/\/planyard.com\/wp-content\/uploads\/2024\/07\/Procore_Logo_FC_Black_RGB-1.svg\" alt=\"\"><\/td><td class=\"has-text-align-left\" data-align=\"left\"><img loading=\"lazy\" decoding=\"async\" width=\"135\" height=\"28\" class=\"wp-image-2040\" style=\"width: 135px\" src=\"https:\/\/planyard.com\/wp-content\/uploads\/2024\/09\/planyard-logo.svg\" alt=\"\"><\/td><\/tr><tr><td class=\"has-text-align-left\" data-align=\"left\"><strong>Projektin ja yrityksen tason k\u00e4ytt\u00f6oikeudet<\/strong><\/td><td class=\"has-text-align-left\" data-align=\"left\"><img decoding=\"async\" src=\"https:\/\/planyard.com\/wp-content\/uploads\/2024\/10\/icons8-checkmark-30.png\" alt=\"\"><br>Yritys- ja projektikohtaiset hallintakonfiguraatiot<\/td><td class=\"has-text-align-left\" data-align=\"left\"><img decoding=\"async\" src=\"https:\/\/planyard.com\/wp-content\/uploads\/2024\/10\/icons8-checkmark-30.png\" alt=\"\"><br>Yritys- ja projektikohtaiset hallintakonfiguraatiot<br><img decoding=\"async\" src=\"https:\/\/planyard.com\/wp-content\/uploads\/2024\/10\/icons8-checkmark-30.png\" alt=\"\"><br>Projektikohtaiset hienos\u00e4\u00e4dett\u00e4v\u00e4t k\u00e4ytt\u00f6oikeudet RFQ:iden l\u00e4hett\u00e4miseen, aliurakoiden luomiseen ja asiakirjojen valmisteluun vahvistettavaksi<\/td><\/tr><tr><td class=\"has-text-align-left\" data-align=\"left\"><strong>Tarjoukset ja tarjousten vertailu<\/strong><\/td><td class=\"has-text-align-left\" data-align=\"left\"><img decoding=\"async\" src=\"https:\/\/planyard.com\/wp-content\/uploads\/2024\/10\/icons8-checkmark-30.png\" alt=\"\"><br>Voit l\u00e4hett\u00e4\u00e4 tarjouspyynt\u00f6j\u00e4 hakemistossasi oleville kontakteille ja yrityksille<\/td><td class=\"has-text-align-left\" data-align=\"left\"><img decoding=\"async\" src=\"https:\/\/planyard.com\/wp-content\/uploads\/2024\/10\/icons8-checkmark-30.png\" alt=\"\"><br>Voit l\u00e4hett\u00e4\u00e4 tarjouspyynt\u00f6j\u00e4 mihin tahansa s\u00e4hk\u00f6postiosoitteeseen, ja se lis\u00e4t\u00e4\u00e4n kontakteihisi.<br>Voit my\u00f6s lis\u00e4t\u00e4 mink\u00e4 tahansa kontaktin yhteystietokannastasi.<\/td><\/tr><tr><td class=\"has-text-align-left\" data-align=\"left\"><strong>Aliurakat<\/strong><\/td><td class=\"has-text-align-left\" data-align=\"left\"><img decoding=\"async\" src=\"https:\/\/planyard.com\/wp-content\/uploads\/2024\/10\/icons8-checkmark-30.png\" alt=\"\"><br>Luo sopimuksia aliurakoitsijoiden tarjouksista ja manuaalisesti<br><img decoding=\"async\" src=\"https:\/\/planyard.com\/wp-content\/uploads\/2024\/10\/icons8-delete-30.png\"><br>Yksikk\u00f6hintatietoja ei ole saatavilla<\/td><td class=\"has-text-align-left\" data-align=\"left\"><img decoding=\"async\" src=\"https:\/\/planyard.com\/wp-content\/uploads\/2024\/10\/icons8-checkmark-30.png\" alt=\"\"><br>Luo sopimuksia aliurakoitsijoiden tarjouksista ja manuaalisesti<br><img decoding=\"async\" src=\"https:\/\/planyard.com\/wp-content\/uploads\/2024\/10\/icons8-checkmark-30.png\" alt=\"\"><br>Yksikk\u00f6hintatiedot saatavilla<\/td><\/tr><tr><td class=\"has-text-align-left\" data-align=\"left\"><strong>Aliurakoitsijoiden edistymisraportit\/vaatimukset<\/strong><\/td><td class=\"has-text-align-left\" data-align=\"left\"><img decoding=\"async\" src=\"https:\/\/planyard.com\/wp-content\/uploads\/2024\/10\/icons8-checkmark-30.png\" alt=\"\"><br>Aliurakoitsijat ja projektip\u00e4\u00e4llik\u00f6t voivat luoda aliurakkalaskuja<br><img decoding=\"async\" src=\"https:\/\/planyard.com\/wp-content\/uploads\/2024\/10\/icons8-delete-30.png\"><br>Edistymisraporttiprosessi ei ole k\u00e4ytett\u00e4viss\u00e4 laskutuksen ulkopuolella<br><img decoding=\"async\" src=\"https:\/\/planyard.com\/wp-content\/uploads\/2024\/10\/icons8-delete-30.png\"><br>Edistymisraportin palautusprosessia ei ole laskutuksen ulkopuolella<\/td><td class=\"has-text-align-left\" data-align=\"left\"><img decoding=\"async\" src=\"https:\/\/planyard.com\/wp-content\/uploads\/2024\/10\/icons8-checkmark-30.png\" alt=\"\"><br>Luotavissa sek\u00e4 aliurakoitsijoiden ett\u00e4 projektip\u00e4\u00e4llik\u00f6iden toimesta<br><img decoding=\"async\" src=\"https:\/\/planyard.com\/wp-content\/uploads\/2024\/10\/icons8-checkmark-30.png\" alt=\"\"><br>Edistymisraporttiprosessi saatavilla<br><img decoding=\"async\" src=\"https:\/\/planyard.com\/wp-content\/uploads\/2024\/10\/icons8-checkmark-30.png\" alt=\"\"><br>Edistymisraportin palautusprosessi on yksinkertainen ja seurattavissa<\/td><\/tr><tr><td class=\"has-text-align-left\" data-align=\"left\"><strong>Aliurakoitsijoiden muutosty\u00f6t<\/strong><\/td><td class=\"has-text-align-left\" data-align=\"left\"><img decoding=\"async\" src=\"https:\/\/planyard.com\/wp-content\/uploads\/2024\/10\/icons8-checkmark-30.png\" alt=\"\"><br>Projektip\u00e4\u00e4llik\u00f6t ja aliurakoitsijat voivat luoda muutost\u00f6it\u00e4<\/td><td class=\"has-text-align-left\" data-align=\"left\"><img decoding=\"async\" src=\"https:\/\/planyard.com\/wp-content\/uploads\/2024\/10\/icons8-checkmark-30.png\" alt=\"\"><br>Projektip\u00e4\u00e4llik\u00f6t ja aliurakoitsijat voivat luoda muutost\u00f6it\u00e4<br>Projektip\u00e4\u00e4llik\u00f6t voivat muokata muutost\u00f6it\u00e4<\/td><\/tr><tr><td class=\"has-text-align-left\" data-align=\"left\"><strong>Ostotilaukset<\/strong><\/td><td class=\"has-text-align-left\" data-align=\"left\"><img decoding=\"async\" src=\"https:\/\/planyard.com\/wp-content\/uploads\/2024\/10\/icons8-checkmark-30.png\" alt=\"\"><br>Ostotilaukset voidaan luoda projektin toimittajille<\/td><td class=\"has-text-align-left\" data-align=\"left\"><img decoding=\"async\" src=\"https:\/\/planyard.com\/wp-content\/uploads\/2024\/10\/icons8-checkmark-30.png\" alt=\"\"><br>Ostotilaukset voidaan luoda koko yrityksen toimittajille<\/td><\/tr><tr><td class=\"has-text-align-left\" data-align=\"left\"><strong>P\u00e4\u00e4sopimukset<\/strong><\/td><td class=\"has-text-align-left\" data-align=\"left\"><img decoding=\"async\" src=\"https:\/\/planyard.com\/wp-content\/uploads\/2024\/10\/icons8-checkmark-30.png\" alt=\"\"><br>P\u00e4\u00e4sopimukset voidaan luoda olemassa olevista tai uusista budjettikohteista mukautetulla rakenteella<\/td><td class=\"has-text-align-left\" data-align=\"left\"><img decoding=\"async\" src=\"https:\/\/planyard.com\/wp-content\/uploads\/2024\/10\/icons8-checkmark-30.png\" alt=\"\"><br>P\u00e4\u00e4sopimukset voidaan luoda olemassa olevista tai uusista budjettikohteista mukautetulla rakenteella<\/td><\/tr><tr><td class=\"has-text-align-left\" data-align=\"left\"><strong>P\u00e4\u00e4sopimuksen muutosty\u00f6t<\/strong><\/td><td class=\"has-text-align-left\" data-align=\"left\"><img decoding=\"async\" src=\"https:\/\/planyard.com\/wp-content\/uploads\/2024\/10\/icons8-checkmark-30.png\" alt=\"\"><br>Voit luoda muutost\u00f6it\u00e4 p\u00e4\u00e4sopimukselle<br><img decoding=\"async\" src=\"https:\/\/planyard.com\/wp-content\/uploads\/2024\/10\/icons8-delete-30.png\"><br>Merkint\u00f6jen asettaminen on melko monimutkaista<\/td><td class=\"has-text-align-left\" data-align=\"left\"><img decoding=\"async\" src=\"https:\/\/planyard.com\/wp-content\/uploads\/2024\/10\/icons8-checkmark-30.png\" alt=\"\"><br>Voit luoda muutost\u00f6it\u00e4 p\u00e4\u00e4sopimukselle<br><img decoding=\"async\" src=\"https:\/\/planyard.com\/wp-content\/uploads\/2024\/10\/icons8-checkmark-30.png\" alt=\"\"><br>Merkint\u00f6jen asettaminen tapahtuu implisiittisesti t\u00f6iss\u00e4 eik\u00e4 vaadi lis\u00e4konfiguraatiota<\/td><\/tr><tr><td class=\"has-text-align-left\" data-align=\"left\"><strong>Lasku- ja kustannusten hallinta<\/strong><\/td><td class=\"has-text-align-left\" data-align=\"left\"><img decoding=\"async\" src=\"https:\/\/planyard.com\/wp-content\/uploads\/2024\/10\/icons8-checkmark-30.png\" alt=\"\"><br>Aliurakkalaskut toimitetaan suoraan aliurakkaa vastaan ilman edistymisraporttia<br><img decoding=\"async\" src=\"https:\/\/planyard.com\/wp-content\/uploads\/2024\/10\/icons8-checkmark-30.png\" alt=\"\"><br>Ostotilausten kustannusseuranta on saatavilla<\/td><td class=\"has-text-align-left\" data-align=\"left\"><img decoding=\"async\" src=\"https:\/\/planyard.com\/wp-content\/uploads\/2024\/10\/icons8-checkmark-30.png\" alt=\"\"><br>Aliurakkalaskut toimitetaan edistymisraportin mukaisesti<br><img decoding=\"async\" src=\"https:\/\/planyard.com\/wp-content\/uploads\/2024\/10\/icons8-checkmark-30.png\" alt=\"\"><br>Ostotilausten kustannusseuranta on saatavilla<\/td><\/tr><tr><td class=\"has-text-align-left\" data-align=\"left\"><strong>Laskudokumenttien lataaminen<\/strong><\/td><td class=\"has-text-align-left\" data-align=\"left\"><img decoding=\"async\" src=\"https:\/\/planyard.com\/wp-content\/uploads\/2024\/10\/icons8-delete-30.png\"><br>Ei ole kitkatonta tapaa saada asiakirjoja j\u00e4rjestelm\u00e4\u00e4n, paitsi manuaaliset lataukset kummankin osapuolen toimesta<\/td><td class=\"has-text-align-left\" data-align=\"left\"><img decoding=\"async\" src=\"https:\/\/planyard.com\/wp-content\/uploads\/2024\/10\/icons8-checkmark-30.png\" alt=\"\"><br>Useita yksinkertaisia tapoja saada kustannusdokumentit j\u00e4rjestelm\u00e4\u00e4n:<br>* Projektin ja yrityksen ostovelka-s\u00e4hk\u00f6postiosoitteet<br>* Outlook-laajennus<br>* Mobiilisovellukset<\/td><\/tr><tr><td class=\"has-text-align-left\" data-align=\"left\"><strong>Kirjanpitointegraatiot<\/strong><\/td><td class=\"has-text-align-left\" data-align=\"left\"><img decoding=\"async\" src=\"https:\/\/planyard.com\/wp-content\/uploads\/2024\/10\/icons8-checkmark-30.png\" alt=\"\"><br>Eri mukautetut liittimet markkinapaikalla<\/td><td class=\"has-text-align-left\" data-align=\"left\"><img decoding=\"async\" src=\"https:\/\/planyard.com\/wp-content\/uploads\/2024\/10\/icons8-checkmark-30.png\" alt=\"\"><br>Yksinkertainen asennus <a href=\"https:\/\/planyard.com\/fi\/xero-rakennus-integraatio\">Xeron<\/a>, <a href=\"https:\/\/planyard.com\/quickboks-contractors-integration-for-budgeting\">QuickBooksin<\/a>, Directon ja monien muiden kanssa.<br>Voit m\u00e4\u00e4ritt\u00e4\u00e4 kirjanpitotilit Planyardissa v\u00e4hent\u00e4\u00e4ksesi kirjanpit\u00e4j\u00e4n ty\u00f6t\u00e4<\/td><\/tr><tr><td class=\"has-text-align-left\" data-align=\"left\"><strong>Toimittajille ja aliurakoitsijoille ei tarvita tilej\u00e4<\/strong><\/td><td class=\"has-text-align-left\" data-align=\"left\"><img decoding=\"async\" src=\"https:\/\/planyard.com\/wp-content\/uploads\/2024\/10\/icons8-delete-30.png\"><br>Kaikilla k\u00e4ytt\u00e4jill\u00e4 on oltava tilit, joilla on oikeat k\u00e4ytt\u00f6oikeudet jaettuna heille, jotta he voivat k\u00e4ytt\u00e4\u00e4 tietoja<\/td><td class=\"has-text-align-left\" data-align=\"left\"><img decoding=\"async\" src=\"https:\/\/planyard.com\/wp-content\/uploads\/2024\/10\/icons8-checkmark-30.png\" alt=\"\"><br>Aliurakoitsijat voivat l\u00e4hett\u00e4\u00e4 tarjouksia, edistymisraportteja ja laskuja s\u00e4hk\u00f6postitse ilman k\u00e4ytt\u00e4j\u00e4tunnusta ja salasanaa<\/td><\/tr><tr><td class=\"has-text-align-left\" data-align=\"left\"><strong>Toimittajille ja aliurakoitsijoille ei tarvita koulutusta<\/strong><\/td><td class=\"has-text-align-left\" data-align=\"left\"><img decoding=\"async\" src=\"https:\/\/planyard.com\/wp-content\/uploads\/2024\/10\/icons8-delete-30.png\"><br>Kaikkien toimittajien ja aliurakoitsijoiden on suoritettava sertifiointi voidakseen k\u00e4ytt\u00e4\u00e4 alustaa<\/td><td class=\"has-text-align-left\" data-align=\"left\"><img decoding=\"async\" src=\"https:\/\/planyard.com\/wp-content\/uploads\/2024\/10\/icons8-checkmark-30.png\" alt=\"\"><br>Toimittajien ja aliurakoitsijoiden ei tarvitse olla sertifioituja ja he voivat alkaa k\u00e4ytt\u00e4\u00e4 ty\u00f6kalua ilman sertifiointia<\/td><\/tr><tr><td class=\"has-text-align-left\" data-align=\"left\"><strong>Hinnoittelu<\/strong><\/td><td class=\"has-text-align-left\" data-align=\"left\"><strong><strong>667<\/strong> USD kuukaudessa<\/strong><br>(vuosisopimuksella ja enint\u00e4\u00e4n 5M vuosittaisella liikevaihdolla)<\/td><td class=\"has-text-align-left\" data-align=\"left\">Suunnitelmat alkavat&nbsp;<strong>20 EUR per projekti kuukaudessa<\/strong><\/td><\/tr><\/tbody><\/table><\/figure>\n\n\n\n<div class=\"wp-block-columns is-layout-flex wp-container-core-columns-is-layout-9d6595d7 wp-block-columns-is-layout-flex\">\n<div class=\"wp-block-column is-layout-flow wp-block-column-is-layout-flow\"><\/div>\n<\/div>\n\n\n\n<div class=\"wp-block-buttons is-layout-flex wp-block-buttons-is-layout-flex\">\n<div class=\"wp-block-button is-style-fill\"><a class=\"wp-block-button__link wp-element-button\" href=\"\/sign-up\" rel=\"\/sign-up\">Kokeile nyt ilmaiseksi<\/a><\/div>\n\n\n\n<div class=\"wp-block-button is-style-fill\"><a class=\"wp-block-button__link wp-element-button\" href=\"https:\/\/meetings.hubspot.com\/cedlund\">Rekister\u00f6idy 30 minuutin esittelyyn<\/a><\/div>\n<\/div>\n\n\n\n<p>Ilmainen 14 p\u00e4iv\u00e4n t\u00e4ysimittainen kokeilu. T\u00e4ysi p\u00e4\u00e4sy. Ei luottokorttia vaadita.<\/p>\n\n\n\n<p><\/p>\n","protected":false},"excerpt":{"rendered":"<p>K\u00e4yt\u00e4tk\u00f6 edelleen Procore-projektin taloushallintoa budjetin hallintaan? On olemassa helpompi tapa. Procore-taloushallinto ei v\u00e4ltt\u00e4m\u00e4tt\u00e4 ole paras ty\u00f6kalu pk-yrityksille Procore-k\u00e4ytt\u00e4j\u00e4arvostelujen mukaan Planyard s\u00e4\u00e4st\u00e4\u00e4 aikaa ja hermoja Seuraa budjettiasi reaaliajassa ja toimi heti, kun virheit\u00e4 ilmenee.&nbsp;Ty\u00f6kustannukset&nbsp;ovat j\u00e4rjestettyj\u00e4, t\u00e4ysin haettavissa ja k\u00e4ytett\u00e4viss\u00e4 ennustamiseen, projektinhallintaan ja muuhun. Implementointi tapahtuu yleens\u00e4 yhdess\u00e4 muutaman tunnin koulutuksessa. Mik\u00e4 on Procore? Procore on yhdysvaltalainen&#8230;  <a class=\"excerpt-read-more\" href=\"https:\/\/planyard.com\/fi\/procore-financials-moduuli-liian-monimutkainen\" title=\"Lue  Procore Financials -moduuli liian monimutkainen?\">Lue lis\u00e4\u00e4 &#8221;<\/a><\/p>\n","protected":false},"author":2,"featured_media":0,"parent":0,"menu_order":0,"comment_status":"closed","ping_status":"closed","template":"","meta":{"_acf_changed":false,"content-type":"","footnotes":""},"page_intent":[193],"page_type":[],"class_list":["post-11865","page","type-page","status-publish","hentry"],"acf":[],"yoast_head":"<!-- This site is optimized with the Yoast SEO plugin v27.1.1 - https:\/\/yoast.com\/product\/yoast-seo-wordpress\/ -->\n<title>Procore Financials -moduuli liian monimutkainen? - Planyard Suomi<\/title>\n<meta name=\"description\" content=\"Onko Procore Financials liian monimutkainen sinulle? Planyard on pilvipohjainen rakennusalan taloushallinta- ja kustannuslaskenta-alusta koko tiimillesi.\" \/>\n<meta name=\"robots\" content=\"index, follow, max-snippet:-1, max-image-preview:large, max-video-preview:-1\" \/>\n<link rel=\"canonical\" href=\"https:\/\/planyard.com\/fi\/procore-financials-moduuli-liian-monimutkainen\" \/>\n<meta property=\"og:locale\" content=\"fi_FI\" \/>\n<meta property=\"og:type\" content=\"article\" \/>\n<meta property=\"og:title\" content=\"Procore Financials -moduuli liian monimutkainen? - Planyard Suomi\" \/>\n<meta property=\"og:description\" content=\"Onko Procore Financials liian monimutkainen sinulle? Planyard on pilvipohjainen rakennusalan taloushallinta- ja kustannuslaskenta-alusta koko tiimillesi.\" \/>\n<meta property=\"og:url\" content=\"https:\/\/planyard.com\/fi\/procore-financials-moduuli-liian-monimutkainen\" \/>\n<meta property=\"og:site_name\" content=\"Planyard Suomi\" \/>\n<meta property=\"article:modified_time\" content=\"2025-05-19T17:52:54+00:00\" \/>\n<meta name=\"twitter:card\" content=\"summary_large_image\" \/>\n<meta name=\"twitter:label1\" content=\"Arvioitu lukuaika\" \/>\n\t<meta name=\"twitter:data1\" content=\"13 minuuttia\" \/>\n<!-- \/ Yoast SEO plugin. -->","yoast_head_json":{"title":"Procore Financials -moduuli liian monimutkainen? - Planyard Suomi","description":"Onko Procore Financials liian monimutkainen sinulle? Planyard on pilvipohjainen rakennusalan taloushallinta- ja kustannuslaskenta-alusta koko tiimillesi.","robots":{"index":"index","follow":"follow","max-snippet":"max-snippet:-1","max-image-preview":"max-image-preview:large","max-video-preview":"max-video-preview:-1"},"canonical":"https:\/\/planyard.com\/fi\/procore-financials-moduuli-liian-monimutkainen","og_locale":"fi_FI","og_type":"article","og_title":"Procore Financials -moduuli liian monimutkainen? - Planyard Suomi","og_description":"Onko Procore Financials liian monimutkainen sinulle? Planyard on pilvipohjainen rakennusalan taloushallinta- ja kustannuslaskenta-alusta koko tiimillesi.","og_url":"https:\/\/planyard.com\/fi\/procore-financials-moduuli-liian-monimutkainen","og_site_name":"Planyard Suomi","article_modified_time":"2025-05-19T17:52:54+00:00","twitter_card":"summary_large_image","twitter_misc":{"Arvioitu lukuaika":"13 minuuttia"},"schema":{"@context":"https:\/\/schema.org","@graph":[{"@type":"WebPage","@id":"https:\/\/planyard.com\/fi\/procore-financials-moduuli-liian-monimutkainen","url":"https:\/\/planyard.com\/fi\/procore-financials-moduuli-liian-monimutkainen","name":"Procore Financials -moduuli liian monimutkainen? - Planyard Suomi","isPartOf":{"@id":"https:\/\/planyard.com\/fi#website"},"primaryImageOfPage":{"@id":"https:\/\/planyard.com\/fi\/procore-financials-moduuli-liian-monimutkainen#primaryimage"},"image":{"@id":"https:\/\/planyard.com\/fi\/procore-financials-moduuli-liian-monimutkainen#primaryimage"},"thumbnailUrl":"https:\/\/planyard.com\/wp-content\/uploads\/2024\/07\/Procore_Logo_FC_Black_RGB-1.svg","datePublished":"2024-08-26T08:47:45+00:00","dateModified":"2025-05-19T17:52:54+00:00","description":"Onko Procore Financials liian monimutkainen sinulle? Planyard on pilvipohjainen rakennusalan taloushallinta- ja kustannuslaskenta-alusta koko tiimillesi.","breadcrumb":{"@id":"https:\/\/planyard.com\/fi\/procore-financials-moduuli-liian-monimutkainen#breadcrumb"},"inLanguage":"fi","potentialAction":[{"@type":"ReadAction","target":["https:\/\/planyard.com\/fi\/procore-financials-moduuli-liian-monimutkainen"]}]},{"@type":"ImageObject","inLanguage":"fi","@id":"https:\/\/planyard.com\/fi\/procore-financials-moduuli-liian-monimutkainen#primaryimage","url":"https:\/\/planyard.com\/wp-content\/uploads\/2024\/07\/Procore_Logo_FC_Black_RGB-1.svg","contentUrl":"https:\/\/planyard.com\/wp-content\/uploads\/2024\/07\/Procore_Logo_FC_Black_RGB-1.svg"},{"@type":"BreadcrumbList","@id":"https:\/\/planyard.com\/fi\/procore-financials-moduuli-liian-monimutkainen#breadcrumb","itemListElement":[{"@type":"ListItem","position":1,"name":"Home","item":"https:\/\/planyard.com\/fi"},{"@type":"ListItem","position":2,"name":"Onko Procore Financials -moduuli liian monimutkainen?"}]},{"@type":"WebSite","@id":"https:\/\/planyard.com\/fi#website","url":"https:\/\/planyard.com\/fi","name":"Planyard Suomi","description":"","potentialAction":[{"@type":"SearchAction","target":{"@type":"EntryPoint","urlTemplate":"https:\/\/planyard.com\/fi?s={search_term_string}"},"query-input":{"@type":"PropertyValueSpecification","valueRequired":true,"valueName":"search_term_string"}}],"inLanguage":"fi"}]}},"_links":{"self":[{"href":"https:\/\/planyard.com\/fi\/wp-json\/wp\/v2\/pages\/11865","targetHints":{"allow":["GET"]}}],"collection":[{"href":"https:\/\/planyard.com\/fi\/wp-json\/wp\/v2\/pages"}],"about":[{"href":"https:\/\/planyard.com\/fi\/wp-json\/wp\/v2\/types\/page"}],"author":[{"embeddable":true,"href":"https:\/\/planyard.com\/fi\/wp-json\/wp\/v2\/users\/2"}],"replies":[{"embeddable":true,"href":"https:\/\/planyard.com\/fi\/wp-json\/wp\/v2\/comments?post=11865"}],"version-history":[{"count":3,"href":"https:\/\/planyard.com\/fi\/wp-json\/wp\/v2\/pages\/11865\/revisions"}],"predecessor-version":[{"id":16102,"href":"https:\/\/planyard.com\/fi\/wp-json\/wp\/v2\/pages\/11865\/revisions\/16102"}],"wp:attachment":[{"href":"https:\/\/planyard.com\/fi\/wp-json\/wp\/v2\/media?parent=11865"}],"wp:term":[{"taxonomy":"page_intent","embeddable":true,"href":"https:\/\/planyard.com\/fi\/wp-json\/wp\/v2\/page_intent?post=11865"},{"taxonomy":"page_type","embeddable":true,"href":"https:\/\/planyard.com\/fi\/wp-json\/wp\/v2\/page_type?post=11865"}],"curies":[{"name":"wp","href":"https:\/\/api.w.org\/{rel}","templated":true}]}}