{"id":11863,"date":"2024-08-26T07:14:20","date_gmt":"2024-08-26T07:14:20","guid":{"rendered":"https:\/\/planyard.com\/privacy-policy"},"modified":"2025-05-19T17:51:14","modified_gmt":"2025-05-19T17:51:14","slug":"tietosuojakaytanto","status":"publish","type":"page","link":"https:\/\/planyard.com\/fi\/tietosuojakaytanto","title":{"rendered":"Tietosuojak\u00e4yt\u00e4nt\u00f6"},"content":{"rendered":"\n<p>T\u00e4m\u00e4 tietosuojak\u00e4yt\u00e4nt\u00f6 s\u00e4\u00e4telee, kuinka Planyard ker\u00e4\u00e4, k\u00e4ytt\u00e4\u00e4, yll\u00e4pit\u00e4\u00e4 ja paljastaa tietoja, jotka on ker\u00e4tty k\u00e4ytt\u00e4jilt\u00e4 (jokainen, \u201cK\u00e4ytt\u00e4j\u00e4\u201d) planyard.com, central.planyard.com ja app.planyard.com verkkosivustoilla (\u201cSivusto\u201d). T\u00e4m\u00e4 tietosuojak\u00e4yt\u00e4nt\u00f6 koskee Sivustoa ja kaikkia Planyardin tarjoamia tuotteita ja palveluita.<\/p>\n\n\n\n<p><strong>Henkil\u00f6kohtaiset tunnistetiedot<\/strong><\/p>\n\n\n\n<p>Voimme ker\u00e4t\u00e4 henkil\u00f6kohtaisia tunnistetietoja K\u00e4ytt\u00e4jilt\u00e4 monin eri tavoin, mukaan lukien, mutta ei rajoittuen, kun K\u00e4ytt\u00e4j\u00e4t vierailevat sivustollamme, tilaavat uutiskirjeen, t\u00e4ytt\u00e4v\u00e4t lomakkeen ja osallistuvat muihin toimintoihin, palveluihin, ominaisuuksiin tai resursseihin, joita tarjoamme Sivustollamme. K\u00e4ytt\u00e4jilt\u00e4 voidaan pyyt\u00e4\u00e4, tarpeen mukaan, nime\u00e4, s\u00e4hk\u00f6postiosoitetta, yrityksen nime\u00e4, puhelinnumeroa. K\u00e4ytt\u00e4j\u00e4t voivat kuitenkin vierailla Sivustollamme anonyymisti. Ker\u00e4\u00e4mme henkil\u00f6kohtaisia tunnistetietoja K\u00e4ytt\u00e4jilt\u00e4 vain, jos he vapaaehtoisesti antavat meille t\u00e4llaisia tietoja. K\u00e4ytt\u00e4j\u00e4t voivat aina kielt\u00e4yty\u00e4 antamasta henkil\u00f6kohtaisia tunnistetietoja, paitsi ett\u00e4 se voi est\u00e4\u00e4 heit\u00e4 osallistumasta tiettyihin Sivustoon liittyviin toimintoihin &#8211; kuten Planyard-sovelluksiin.<\/p>\n\n\n\n<p><strong>Ei-henkil\u00f6kohtaiset tunnistetiedot<\/strong><\/p>\n\n\n\n<p>Voimme ker\u00e4t\u00e4 ei-henkil\u00f6kohtaisia tunnistetietoja K\u00e4ytt\u00e4jist\u00e4 aina, kun he ovat vuorovaikutuksessa Sivustomme kanssa. Ei-henkil\u00f6kohtaiset tunnistetiedot voivat sis\u00e4lt\u00e4\u00e4 selaimen nimen, tietokoneen tyypin ja teknisi\u00e4 tietoja K\u00e4ytt\u00e4jien yhteydenpidosta Sivustoomme, kuten k\u00e4ytt\u00f6j\u00e4rjestelm\u00e4n ja k\u00e4ytetyt Internet-palveluntarjoajat sek\u00e4 muita vastaavia tietoja.<\/p>\n\n\n\n<p><strong>Verkkoselaimen ev\u00e4steet<\/strong><\/p>\n\n\n\n<p>Sivustomme voi k\u00e4ytt\u00e4\u00e4 \u201cev\u00e4steit\u00e4\u201d parantaakseen K\u00e4ytt\u00e4j\u00e4n kokemusta. K\u00e4ytt\u00e4j\u00e4n verkkoselain tallentaa ev\u00e4steit\u00e4 kiintolevylleen kirjanpitotarkoituksiin ja joskus seuratakseen tietoja heist\u00e4. K\u00e4ytt\u00e4j\u00e4 voi valita asettaa verkkoselaimensa kielt\u00e4ytym\u00e4\u00e4n ev\u00e4steist\u00e4 tai ilmoittamaan, kun ev\u00e4steit\u00e4 l\u00e4hetet\u00e4\u00e4n. Jos he tekev\u00e4t niin, huomaa, ett\u00e4 jotkin osat Sivustosta eiv\u00e4t v\u00e4ltt\u00e4m\u00e4tt\u00e4 toimi oikein.<\/p>\n\n\n\n<p><strong>Kuinka k\u00e4yt\u00e4mme ker\u00e4ttyj\u00e4 tietoja<\/strong><\/p>\n\n\n\n<p>Planyard voi ker\u00e4t\u00e4 ja k\u00e4ytt\u00e4\u00e4 K\u00e4ytt\u00e4jien henkil\u00f6kohtaisia tietoja seuraaviin tarkoituksiin:<\/p>\n\n\n\n<ul class=\"wp-block-list\">\n<li>Asiakaspalvelun parantamiseksi<\/li>\n\n<ul class=\"wp-block-list\">\n<li>Antamasi tiedot auttavat meit\u00e4 vastaamaan asiakaspalvelupyynt\u00f6ihisi ja tukitarpeisiisi tehokkaammin.<\/li>\n<\/ul>\n<\/li>\n\n\n\n<li>Sivustomme parantamiseksi<\/li>\n\n<ul class=\"wp-block-list\">\n<li>Voimme k\u00e4ytt\u00e4\u00e4 antamaasi palautetta parantaaksemme tuotteitamme ja palveluitamme.<\/li>\n<\/ul>\n<\/li>\n\n\n\n<li>L\u00e4hett\u00e4\u00e4ksemme s\u00e4\u00e4nn\u00f6llisi\u00e4 s\u00e4hk\u00f6posteja<\/li>\n\n<ul class=\"wp-block-list\">\n<li>Voimme k\u00e4ytt\u00e4\u00e4 s\u00e4hk\u00f6postiosoitetta l\u00e4hett\u00e4\u00e4ksemme K\u00e4ytt\u00e4j\u00e4lle tietoja ja p\u00e4ivityksi\u00e4 heid\u00e4n tilauksestaan. Sit\u00e4 voidaan my\u00f6s k\u00e4ytt\u00e4\u00e4 vastaamaan heid\u00e4n tiedusteluihinsa, kysymyksiins\u00e4 ja\/tai muihin pyynt\u00f6ihin. Jos K\u00e4ytt\u00e4j\u00e4 p\u00e4\u00e4tt\u00e4\u00e4 liitty\u00e4 postituslistallemme, h\u00e4n saa s\u00e4hk\u00f6posteja, jotka voivat sis\u00e4lt\u00e4\u00e4 yritysuutisia, p\u00e4ivityksi\u00e4, liittyvi\u00e4 tuote- tai palvelutietoja jne. Jos K\u00e4ytt\u00e4j\u00e4 haluaa milloin tahansa peruuttaa tulevien s\u00e4hk\u00f6postien vastaanottamisen, sis\u00e4llyt\u00e4mme yksityiskohtaiset peruutusohjeet jokaisen s\u00e4hk\u00f6postin alaosaan.<\/li>\n<\/ul>\n<\/li>\n<\/ul>\n\n\n\n<p><strong>Kuinka suojaamme tietojasi<\/strong><\/p>\n\n\n\n<p>Omaksumme asianmukaiset tietojen ker\u00e4ys-, tallennus- ja k\u00e4sittelyk\u00e4yt\u00e4nn\u00f6t sek\u00e4 turvatoimet suojataksemme henkil\u00f6kohtaisia tietojasi, k\u00e4ytt\u00e4j\u00e4nime\u00e4si, salasanaasi, tapahtumatietojasi ja Sivustollamme tallennettuja tietoja luvattomalta p\u00e4\u00e4sylt\u00e4, muuttamiselta, paljastamiselta tai tuhoamiselta.<\/p>\n\n\n\n<p><strong>Henkil\u00f6kohtaisten tietojesi jakaminen<\/strong><\/p>\n\n\n\n<p>Emme myy, vaihda tai vuokraa K\u00e4ytt\u00e4jien henkil\u00f6kohtaisia tunnistetietoja muille. Voimme jakaa yleisi\u00e4 koottuja demografisia tietoja, jotka eiv\u00e4t ole linkitetty mihink\u00e4\u00e4n henkil\u00f6kohtaisiin tunnistetietoihin, vierailijoista ja k\u00e4ytt\u00e4jist\u00e4 liikekumppaneidemme, luotettujen yhteisty\u00f6kumppaneidemme ja mainostajiemme kanssa yll\u00e4 mainittuihin tarkoituksiin. Voimme k\u00e4ytt\u00e4\u00e4 kolmannen osapuolen palveluntarjoajia auttamaan meit\u00e4 liiketoimintamme ja Sivustomme toiminnassa tai hallinnoimaan toimintoja puolestamme, kuten uutiskirjeiden tai kyselyiden l\u00e4hett\u00e4misess\u00e4. Voimme jakaa tietojasi n\u00e4iden kolmansien osapuolten kanssa n\u00e4ihin rajoitettuihin tarkoituksiin, edellytt\u00e4en ett\u00e4 olet antanut meille luvan.<\/p>\n\n\n\n<p><strong>Kolmannen osapuolen verkkosivustot<\/strong><\/p>\n\n\n\n<p>K\u00e4ytt\u00e4j\u00e4t voivat l\u00f6yt\u00e4\u00e4 mainontaa tai muuta sis\u00e4lt\u00f6\u00e4 Sivustoltamme, joka linkitt\u00e4\u00e4 kumppaneidemme, toimittajiemme, mainostajiemme, sponsorimme, lisenssinantajiemme ja muiden kolmansien osapuolten sivustoille ja palveluihin. Emme hallitse n\u00e4iden sivustojen sis\u00e4lt\u00f6\u00e4 tai linkkej\u00e4 emmek\u00e4 ole vastuussa k\u00e4yt\u00e4nn\u00f6ist\u00e4, joita sovelletaan Sivustoomme linkitetyill\u00e4 tai sielt\u00e4 linkitetyill\u00e4 verkkosivustoilla. Lis\u00e4ksi n\u00e4m\u00e4 sivustot tai palvelut, mukaan lukien niiden sis\u00e4lt\u00f6 ja linkit, voivat muuttua jatkuvasti. N\u00e4ill\u00e4 sivustoilla ja palveluilla voi olla omat tietosuojak\u00e4yt\u00e4nt\u00f6ns\u00e4 ja asiakaspalveluk\u00e4yt\u00e4nt\u00f6ns\u00e4. Selaaminen ja vuorovaikutus mill\u00e4 tahansa muulla verkkosivustolla, mukaan lukien verkkosivustot, joilla on linkki Sivustoomme, on kyseisen verkkosivuston omien ehtojen ja k\u00e4yt\u00e4nt\u00f6jen alaista.<\/p>\n\n\n\n<p><strong>Muutokset t\u00e4h\u00e4n tietosuojak\u00e4yt\u00e4nt\u00f6\u00f6n<\/strong><\/p>\n\n\n\n<p>Planyard pid\u00e4tt\u00e4\u00e4 oikeuden p\u00e4ivitt\u00e4\u00e4 t\u00e4t\u00e4 tietosuojak\u00e4yt\u00e4nt\u00f6\u00e4 milloin tahansa. Kun teemme niin, p\u00e4ivit\u00e4mme t\u00e4m\u00e4n sivun alareunassa olevan p\u00e4iv\u00e4m\u00e4\u00e4r\u00e4n. Kannustamme K\u00e4ytt\u00e4ji\u00e4 tarkistamaan t\u00e4m\u00e4n sivun usein mahdollisten muutosten varalta pysy\u00e4kseen tietoisina siit\u00e4, kuinka autamme suojaamaan ker\u00e4\u00e4mi\u00e4mme henkil\u00f6kohtaisia tietoja. Hyv\u00e4ksyt ja suostut siihen, ett\u00e4 on sinun vastuullasi tarkistaa t\u00e4m\u00e4 tietosuojak\u00e4yt\u00e4nt\u00f6 s\u00e4\u00e4nn\u00f6llisesti ja tulla tietoiseksi muutoksista.<\/p>\n\n\n\n<p><strong>Hyv\u00e4ksyt n\u00e4m\u00e4 ehdot<\/strong><\/p>\n\n\n\n<p>K\u00e4ytt\u00e4m\u00e4ll\u00e4 t\u00e4t\u00e4 Sivustoa hyv\u00e4ksyt t\u00e4m\u00e4n k\u00e4yt\u00e4nn\u00f6n. Jos et hyv\u00e4ksy t\u00e4t\u00e4 k\u00e4yt\u00e4nt\u00f6\u00e4, \u00e4l\u00e4 k\u00e4yt\u00e4 Sivustoamme. Jatkamalla Sivuston k\u00e4ytt\u00f6\u00e4 t\u00e4m\u00e4n k\u00e4yt\u00e4nn\u00f6n muutosten julkaisemisen j\u00e4lkeen katsotaan, ett\u00e4 hyv\u00e4ksyt n\u00e4m\u00e4 muutokset.<\/p>\n\n\n\n<p><strong>Ota yhteytt\u00e4<\/strong><\/p>\n\n\n\n<p>Jos sinulla on kysytt\u00e4v\u00e4\u00e4 t\u00e4st\u00e4 tietosuojak\u00e4yt\u00e4nn\u00f6st\u00e4, t\u00e4m\u00e4n sivuston k\u00e4yt\u00e4nn\u00f6ist\u00e4 tai suhteestasi t\u00e4h\u00e4n sivustoon, ota meihin yhteytt\u00e4 osoitteessa info@planyard.com.<br><\/p>\n","protected":false},"excerpt":{"rendered":"<p>T\u00e4m\u00e4 tietosuojak\u00e4yt\u00e4nt\u00f6 s\u00e4\u00e4telee, kuinka Planyard ker\u00e4\u00e4, k\u00e4ytt\u00e4\u00e4, yll\u00e4pit\u00e4\u00e4 ja paljastaa tietoja, jotka on ker\u00e4tty k\u00e4ytt\u00e4jilt\u00e4 (jokainen, \u201cK\u00e4ytt\u00e4j\u00e4\u201d) planyard.com, central.planyard.com ja app.planyard.com verkkosivustoilla (\u201cSivusto\u201d). T\u00e4m\u00e4 tietosuojak\u00e4yt\u00e4nt\u00f6 koskee Sivustoa ja kaikkia Planyardin tarjoamia tuotteita ja palveluita. Henkil\u00f6kohtaiset tunnistetiedot Voimme ker\u00e4t\u00e4 henkil\u00f6kohtaisia tunnistetietoja K\u00e4ytt\u00e4jilt\u00e4 monin eri tavoin, mukaan lukien, mutta ei rajoittuen, kun K\u00e4ytt\u00e4j\u00e4t vierailevat sivustollamme, tilaavat uutiskirjeen,&#8230;  <a class=\"excerpt-read-more\" href=\"https:\/\/planyard.com\/fi\/tietosuojakaytanto\" title=\"Lue  Tietosuojak\u00e4yt\u00e4nt\u00f6\">Lue lis\u00e4\u00e4 &#8221;<\/a><\/p>\n","protected":false},"author":2,"featured_media":0,"parent":0,"menu_order":0,"comment_status":"closed","ping_status":"closed","template":"","meta":{"_acf_changed":false,"content-type":"","footnotes":""},"page_intent":[178],"page_type":[],"class_list":["post-11863","page","type-page","status-publish","hentry"],"acf":[],"yoast_head":"<!-- This site is optimized with the Yoast SEO plugin v27.1.1 - https:\/\/yoast.com\/product\/yoast-seo-wordpress\/ -->\n<title>Tietosuojak\u00e4yt\u00e4nt\u00f6 - Planyard Suomi<\/title>\n<meta name=\"description\" content=\"Planyard ei omista, hallitse tai ohjaa mink\u00e4\u00e4n Asiakastietojen k\u00e4ytt\u00f6\u00e4, jotka asiakas tai k\u00e4ytt\u00e4j\u00e4 tallentaa tai k\u00e4sittelee Palvelun kautta.\" \/>\n<meta name=\"robots\" content=\"index, follow, max-snippet:-1, max-image-preview:large, max-video-preview:-1\" \/>\n<link rel=\"canonical\" href=\"https:\/\/planyard.com\/fi\/tietosuojakaytanto\" \/>\n<meta property=\"og:locale\" content=\"fi_FI\" \/>\n<meta property=\"og:type\" content=\"article\" \/>\n<meta property=\"og:title\" content=\"Tietosuojak\u00e4yt\u00e4nt\u00f6 - Planyard Suomi\" \/>\n<meta property=\"og:description\" content=\"Planyard ei omista, hallitse tai ohjaa mink\u00e4\u00e4n Asiakastietojen k\u00e4ytt\u00f6\u00e4, jotka asiakas tai k\u00e4ytt\u00e4j\u00e4 tallentaa tai k\u00e4sittelee Palvelun kautta.\" \/>\n<meta property=\"og:url\" content=\"https:\/\/planyard.com\/fi\/tietosuojakaytanto\" \/>\n<meta property=\"og:site_name\" content=\"Planyard Suomi\" \/>\n<meta property=\"article:modified_time\" content=\"2025-05-19T17:51:14+00:00\" \/>\n<meta name=\"twitter:card\" content=\"summary_large_image\" \/>\n<meta name=\"twitter:label1\" content=\"Arvioitu lukuaika\" \/>\n\t<meta name=\"twitter:data1\" content=\"4 minuuttia\" \/>\n<!-- \/ Yoast SEO plugin. -->","yoast_head_json":{"title":"Tietosuojak\u00e4yt\u00e4nt\u00f6 - Planyard Suomi","description":"Planyard ei omista, hallitse tai ohjaa mink\u00e4\u00e4n Asiakastietojen k\u00e4ytt\u00f6\u00e4, jotka asiakas tai k\u00e4ytt\u00e4j\u00e4 tallentaa tai k\u00e4sittelee Palvelun kautta.","robots":{"index":"index","follow":"follow","max-snippet":"max-snippet:-1","max-image-preview":"max-image-preview:large","max-video-preview":"max-video-preview:-1"},"canonical":"https:\/\/planyard.com\/fi\/tietosuojakaytanto","og_locale":"fi_FI","og_type":"article","og_title":"Tietosuojak\u00e4yt\u00e4nt\u00f6 - Planyard Suomi","og_description":"Planyard ei omista, hallitse tai ohjaa mink\u00e4\u00e4n Asiakastietojen k\u00e4ytt\u00f6\u00e4, jotka asiakas tai k\u00e4ytt\u00e4j\u00e4 tallentaa tai k\u00e4sittelee Palvelun kautta.","og_url":"https:\/\/planyard.com\/fi\/tietosuojakaytanto","og_site_name":"Planyard Suomi","article_modified_time":"2025-05-19T17:51:14+00:00","twitter_card":"summary_large_image","twitter_misc":{"Arvioitu lukuaika":"4 minuuttia"},"schema":{"@context":"https:\/\/schema.org","@graph":[{"@type":"WebPage","@id":"https:\/\/planyard.com\/fi\/tietosuojakaytanto","url":"https:\/\/planyard.com\/fi\/tietosuojakaytanto","name":"Tietosuojak\u00e4yt\u00e4nt\u00f6 - Planyard Suomi","isPartOf":{"@id":"https:\/\/planyard.com\/fi#website"},"datePublished":"2024-08-26T07:14:20+00:00","dateModified":"2025-05-19T17:51:14+00:00","description":"Planyard ei omista, hallitse tai ohjaa mink\u00e4\u00e4n Asiakastietojen k\u00e4ytt\u00f6\u00e4, jotka asiakas tai k\u00e4ytt\u00e4j\u00e4 tallentaa tai k\u00e4sittelee Palvelun kautta.","breadcrumb":{"@id":"https:\/\/planyard.com\/fi\/tietosuojakaytanto#breadcrumb"},"inLanguage":"fi","potentialAction":[{"@type":"ReadAction","target":["https:\/\/planyard.com\/fi\/tietosuojakaytanto"]}]},{"@type":"BreadcrumbList","@id":"https:\/\/planyard.com\/fi\/tietosuojakaytanto#breadcrumb","itemListElement":[{"@type":"ListItem","position":1,"name":"Home","item":"https:\/\/planyard.com\/fi"},{"@type":"ListItem","position":2,"name":"Tietosuojak\u00e4yt\u00e4nt\u00f6"}]},{"@type":"WebSite","@id":"https:\/\/planyard.com\/fi#website","url":"https:\/\/planyard.com\/fi","name":"Planyard Suomi","description":"","potentialAction":[{"@type":"SearchAction","target":{"@type":"EntryPoint","urlTemplate":"https:\/\/planyard.com\/fi?s={search_term_string}"},"query-input":{"@type":"PropertyValueSpecification","valueRequired":true,"valueName":"search_term_string"}}],"inLanguage":"fi"}]}},"_links":{"self":[{"href":"https:\/\/planyard.com\/fi\/wp-json\/wp\/v2\/pages\/11863","targetHints":{"allow":["GET"]}}],"collection":[{"href":"https:\/\/planyard.com\/fi\/wp-json\/wp\/v2\/pages"}],"about":[{"href":"https:\/\/planyard.com\/fi\/wp-json\/wp\/v2\/types\/page"}],"author":[{"embeddable":true,"href":"https:\/\/planyard.com\/fi\/wp-json\/wp\/v2\/users\/2"}],"replies":[{"embeddable":true,"href":"https:\/\/planyard.com\/fi\/wp-json\/wp\/v2\/comments?post=11863"}],"version-history":[{"count":3,"href":"https:\/\/planyard.com\/fi\/wp-json\/wp\/v2\/pages\/11863\/revisions"}],"predecessor-version":[{"id":16097,"href":"https:\/\/planyard.com\/fi\/wp-json\/wp\/v2\/pages\/11863\/revisions\/16097"}],"wp:attachment":[{"href":"https:\/\/planyard.com\/fi\/wp-json\/wp\/v2\/media?parent=11863"}],"wp:term":[{"taxonomy":"page_intent","embeddable":true,"href":"https:\/\/planyard.com\/fi\/wp-json\/wp\/v2\/page_intent?post=11863"},{"taxonomy":"page_type","embeddable":true,"href":"https:\/\/planyard.com\/fi\/wp-json\/wp\/v2\/page_type?post=11863"}],"curies":[{"name":"wp","href":"https:\/\/api.w.org\/{rel}","templated":true}]}}