{"id":11858,"date":"2025-04-03T10:02:17","date_gmt":"2025-04-03T10:02:17","guid":{"rendered":"https:\/\/planyard.com\/planyard-professional-functionality-training-videos"},"modified":"2025-05-19T17:47:41","modified_gmt":"2025-05-19T17:47:41","slug":"planyard-ammattilaisten-toiminnallisuus-koulutusvideot","status":"publish","type":"page","link":"https:\/\/planyard.com\/fi\/planyard-ammattilaisten-toiminnallisuus-koulutusvideot","title":{"rendered":"Planyard-ammattilaisten toiminnallisuus -koulutusvideot"},"content":{"rendered":"\n<p>3\u20135 minuutin koulutusvideot kustannuslaskijoille ja projektip\u00e4\u00e4llik\u00f6ille Planyardin Professional-paketin hallitsemiseksi\u2014kattaen budjettikontrollin, ostotilaukset, lis\u00e4ty\u00f6t, laskujen hallinnan ja paljon muuta.<\/p>\n\n\n\n<h2 class=\"wp-block-heading\">Ostotilaukset<\/h2>\n\n\n\n<p>Opi tekem\u00e4\u00e4n ostotilauksia materiaaleille, seuraamaan budjettisitoumuksia, p\u00e4ivitt\u00e4m\u00e4\u00e4n ennusteita ja CVR-raportteja helposti, hallitsemaan ennakkomaksulaskuja, pysym\u00e4\u00e4n ajan tasalla maksuyhteenvedoista ja est\u00e4m\u00e4\u00e4n toimittajien ylilaskutusta.<\/p>\n\n\n\n<figure class=\"wp-block-embed is-type-video is-provider-youtube wp-block-embed-youtube wp-embed-aspect-16-9 wp-has-aspect-ratio\"><div class=\"wp-block-embed__wrapper\">\n<iframe loading=\"lazy\" title=\"See How Planyard Software Makes Construction Project Purchase Orders Easy\" width=\"500\" height=\"281\" src=\"https:\/\/www.youtube.com\/embed\/hlaGwY6-bhA?feature=oembed\" frameborder=\"0\" allow=\"accelerometer; autoplay; clipboard-write; encrypted-media; gyroscope; picture-in-picture; web-share\" referrerpolicy=\"strict-origin-when-cross-origin\" allowfullscreen><\/iframe>\n<\/div><\/figure>\n\n\n\n<h2 class=\"wp-block-heading\">Ostolaskujen k\u00e4sittely<\/h2>\n\n\n\n<p>K\u00e4sittele ostolaskut helposti, liit\u00e4 ne budjettiriveihin, synkronoi automaattisesti kirjanpidon kanssa ja seuraa projektikustannuksia reaaliajassa \u2014 ilman toistuvaa tietojen sy\u00f6tt\u00e4mist\u00e4.<\/p>\n\n\n\n<figure class=\"wp-block-embed is-type-video is-provider-youtube wp-block-embed-youtube wp-embed-aspect-16-9 wp-has-aspect-ratio\"><div class=\"wp-block-embed__wrapper\">\n<iframe loading=\"lazy\" title=\"Invoices processing on Planyard\" width=\"500\" height=\"281\" src=\"https:\/\/www.youtube.com\/embed\/cgVamRjQk1I?feature=oembed\" frameborder=\"0\" allow=\"accelerometer; autoplay; clipboard-write; encrypted-media; gyroscope; picture-in-picture; web-share\" referrerpolicy=\"strict-origin-when-cross-origin\" allowfullscreen><\/iframe>\n<\/div><\/figure>\n\n\n\n<h2 class=\"wp-block-heading\">Lis\u00e4ty\u00f6t (Variations)<\/h2>\n\n\n\n<p>Rekister\u00f6i helposti asiakkaan lis\u00e4ty\u00f6t sek\u00e4 alihankkijoiden ja ostotilausten muutokset. Seuraa jokaisen muutoksen taloudellisia vaikutuksia pysy\u00e4ksesi kannattavuuden tasalla.<\/p>\n\n\n\n<figure class=\"wp-block-embed is-type-video is-provider-youtube wp-block-embed-youtube wp-embed-aspect-16-9 wp-has-aspect-ratio\"><div class=\"wp-block-embed__wrapper\">\n<iframe loading=\"lazy\" title=\"Construction change-orders (variations) management on Planyard software\" width=\"500\" height=\"281\" src=\"https:\/\/www.youtube.com\/embed\/6tACV4YQtas?feature=oembed\" frameborder=\"0\" allow=\"accelerometer; autoplay; clipboard-write; encrypted-media; gyroscope; picture-in-picture; web-share\" referrerpolicy=\"strict-origin-when-cross-origin\" allowfullscreen><\/iframe>\n<\/div><\/figure>\n\n\n\n<h2 class=\"wp-block-heading\">Budjettikontrolli ja ennustaminen (CVR:t)<\/h2>\n\n\n\n<p>Valmistele tarkkoja ennusteita ja CVR-raportteja, tarkista budjetteja tarpeen mukaan, hyv\u00e4ksy laskuja ja tarkastele budjettipoikkeamia pysy\u00e4ksesi projektisi taloudellisen terveyden hallinnassa. Analysoi kannattavuusennusteita vaivattomasti.<\/p>\n\n\n\n<figure class=\"wp-block-embed is-type-video is-provider-youtube wp-block-embed-youtube wp-embed-aspect-16-9 wp-has-aspect-ratio\"><div class=\"wp-block-embed__wrapper\">\n<iframe loading=\"lazy\" title=\"Project cost control meeting how to video\" width=\"500\" height=\"281\" src=\"https:\/\/www.youtube.com\/embed\/oGkHgWPfIEo?feature=oembed\" frameborder=\"0\" allow=\"accelerometer; autoplay; clipboard-write; encrypted-media; gyroscope; picture-in-picture; web-share\" referrerpolicy=\"strict-origin-when-cross-origin\" allowfullscreen><\/iframe>\n<\/div><\/figure>\n\n\n\n<h2 class=\"wp-block-heading\">Asiakasmaksut ja maksuhakemukset (Valuations)<\/h2>\n\n\n\n<p>Opi hallitsemaan asiakkaan arvonm\u00e4\u00e4rityksi\u00e4, k\u00e4sittelem\u00e4\u00e4n lis\u00e4t\u00f6it\u00e4 (variations), laatimaan maksuhakemuksia, k\u00e4sittelem\u00e4\u00e4n ennakkomaksulaskuja, seuraamaan pid\u00e4tyksi\u00e4 ja hyv\u00e4ksym\u00e4\u00e4n myyntilaskuja vaivattomasti.<\/p>\n\n\n\n<figure class=\"wp-block-embed is-type-video is-provider-youtube wp-block-embed-youtube wp-embed-aspect-16-9 wp-has-aspect-ratio\"><div class=\"wp-block-embed__wrapper\">\n<iframe loading=\"lazy\" title=\"How the client billing process is made simple on Planyard construction software\" width=\"500\" height=\"281\" src=\"https:\/\/www.youtube.com\/embed\/wZ0vTYTJtFs?feature=oembed\" frameborder=\"0\" allow=\"accelerometer; autoplay; clipboard-write; encrypted-media; gyroscope; picture-in-picture; web-share\" referrerpolicy=\"strict-origin-when-cross-origin\" allowfullscreen><\/iframe>\n<\/div><\/figure>\n","protected":false},"excerpt":{"rendered":"<p>3\u20135 minuutin koulutusvideot kustannuslaskijoille ja projektip\u00e4\u00e4llik\u00f6ille Planyardin Professional-paketin hallitsemiseksi\u2014kattaen budjettikontrollin, ostotilaukset, lis\u00e4ty\u00f6t, laskujen hallinnan ja paljon muuta. Ostotilaukset Opi tekem\u00e4\u00e4n ostotilauksia materiaaleille, seuraamaan budjettisitoumuksia, p\u00e4ivitt\u00e4m\u00e4\u00e4n ennusteita ja CVR-raportteja helposti, hallitsemaan ennakkomaksulaskuja, pysym\u00e4\u00e4n ajan tasalla maksuyhteenvedoista ja est\u00e4m\u00e4\u00e4n toimittajien ylilaskutusta. Ostolaskujen k\u00e4sittely K\u00e4sittele ostolaskut helposti, liit\u00e4 ne budjettiriveihin, synkronoi automaattisesti kirjanpidon kanssa ja seuraa projektikustannuksia reaaliajassa&#8230;  <a class=\"excerpt-read-more\" href=\"https:\/\/planyard.com\/fi\/planyard-ammattilaisten-toiminnallisuus-koulutusvideot\" title=\"Lue  Planyard-ammattilaisten toiminnallisuus -koulutusvideot\">Lue lis\u00e4\u00e4 &#8221;<\/a><\/p>\n","protected":false},"author":4,"featured_media":0,"parent":0,"menu_order":0,"comment_status":"closed","ping_status":"closed","template":"page-smallheader.php","meta":{"_acf_changed":false,"content-type":"","footnotes":""},"page_intent":[],"page_type":[],"class_list":["post-11858","page","type-page","status-publish","hentry"],"acf":[],"yoast_head":"<!-- This site is optimized with the Yoast SEO plugin v27.1.1 - https:\/\/yoast.com\/product\/yoast-seo-wordpress\/ -->\n<title>Planyard Professional \u2013 T\u00e4ysi rakennuskustannusten hallinta kasvaville tiimeille<\/title>\n<meta name=\"description\" content=\"Lyhyet koulutusvideot kustannuslaskijoille ja projektip\u00e4\u00e4llik\u00f6ille Planyardin Professional-paketin hallitsemiseksi \u2013 budjettikontrolli, ostotilaukset ja paljon muuta.\" \/>\n<meta name=\"robots\" content=\"index, follow, max-snippet:-1, max-image-preview:large, max-video-preview:-1\" \/>\n<link rel=\"canonical\" href=\"https:\/\/planyard.com\/fi\/planyard-ammattilaisten-toiminnallisuus-koulutusvideot\" \/>\n<meta property=\"og:locale\" content=\"fi_FI\" \/>\n<meta property=\"og:type\" content=\"article\" \/>\n<meta property=\"og:title\" content=\"Planyard Professional \u2013 T\u00e4ysi rakennuskustannusten hallinta kasvaville tiimeille\" \/>\n<meta property=\"og:description\" content=\"Lyhyet koulutusvideot kustannuslaskijoille ja projektip\u00e4\u00e4llik\u00f6ille Planyardin Professional-paketin hallitsemiseksi \u2013 budjettikontrolli, ostotilaukset ja paljon muuta.\" \/>\n<meta property=\"og:url\" content=\"https:\/\/planyard.com\/fi\/planyard-ammattilaisten-toiminnallisuus-koulutusvideot\" \/>\n<meta property=\"og:site_name\" content=\"Planyard Suomi\" \/>\n<meta property=\"article:modified_time\" content=\"2025-05-19T17:47:41+00:00\" \/>\n<meta name=\"twitter:card\" content=\"summary_large_image\" \/>\n<meta name=\"twitter:label1\" content=\"Arvioitu lukuaika\" \/>\n\t<meta name=\"twitter:data1\" content=\"1 minuutti\" \/>\n<!-- \/ Yoast SEO plugin. -->","yoast_head_json":{"title":"Planyard Professional \u2013 T\u00e4ysi rakennuskustannusten hallinta kasvaville tiimeille","description":"Lyhyet koulutusvideot kustannuslaskijoille ja projektip\u00e4\u00e4llik\u00f6ille Planyardin Professional-paketin hallitsemiseksi \u2013 budjettikontrolli, ostotilaukset ja paljon muuta.","robots":{"index":"index","follow":"follow","max-snippet":"max-snippet:-1","max-image-preview":"max-image-preview:large","max-video-preview":"max-video-preview:-1"},"canonical":"https:\/\/planyard.com\/fi\/planyard-ammattilaisten-toiminnallisuus-koulutusvideot","og_locale":"fi_FI","og_type":"article","og_title":"Planyard Professional \u2013 T\u00e4ysi rakennuskustannusten hallinta kasvaville tiimeille","og_description":"Lyhyet koulutusvideot kustannuslaskijoille ja projektip\u00e4\u00e4llik\u00f6ille Planyardin Professional-paketin hallitsemiseksi \u2013 budjettikontrolli, ostotilaukset ja paljon muuta.","og_url":"https:\/\/planyard.com\/fi\/planyard-ammattilaisten-toiminnallisuus-koulutusvideot","og_site_name":"Planyard Suomi","article_modified_time":"2025-05-19T17:47:41+00:00","twitter_card":"summary_large_image","twitter_misc":{"Arvioitu lukuaika":"1 minuutti"},"schema":{"@context":"https:\/\/schema.org","@graph":[{"@type":"WebPage","@id":"https:\/\/planyard.com\/fi\/planyard-ammattilaisten-toiminnallisuus-koulutusvideot","url":"https:\/\/planyard.com\/fi\/planyard-ammattilaisten-toiminnallisuus-koulutusvideot","name":"Planyard Professional \u2013 T\u00e4ysi rakennuskustannusten hallinta kasvaville tiimeille","isPartOf":{"@id":"https:\/\/planyard.com\/fi#website"},"datePublished":"2025-04-03T10:02:17+00:00","dateModified":"2025-05-19T17:47:41+00:00","description":"Lyhyet koulutusvideot kustannuslaskijoille ja projektip\u00e4\u00e4llik\u00f6ille Planyardin Professional-paketin hallitsemiseksi \u2013 budjettikontrolli, ostotilaukset ja paljon muuta.","breadcrumb":{"@id":"https:\/\/planyard.com\/fi\/planyard-ammattilaisten-toiminnallisuus-koulutusvideot#breadcrumb"},"inLanguage":"fi","potentialAction":[{"@type":"ReadAction","target":["https:\/\/planyard.com\/fi\/planyard-ammattilaisten-toiminnallisuus-koulutusvideot"]}]},{"@type":"BreadcrumbList","@id":"https:\/\/planyard.com\/fi\/planyard-ammattilaisten-toiminnallisuus-koulutusvideot#breadcrumb","itemListElement":[{"@type":"ListItem","position":1,"name":"Home","item":"https:\/\/planyard.com\/fi"},{"@type":"ListItem","position":2,"name":"Planyard Professional &#8211; Toiminnallisuuden koulutusvideot"}]},{"@type":"WebSite","@id":"https:\/\/planyard.com\/fi#website","url":"https:\/\/planyard.com\/fi","name":"Planyard Suomi","description":"","potentialAction":[{"@type":"SearchAction","target":{"@type":"EntryPoint","urlTemplate":"https:\/\/planyard.com\/fi?s={search_term_string}"},"query-input":{"@type":"PropertyValueSpecification","valueRequired":true,"valueName":"search_term_string"}}],"inLanguage":"fi"}]}},"_links":{"self":[{"href":"https:\/\/planyard.com\/fi\/wp-json\/wp\/v2\/pages\/11858","targetHints":{"allow":["GET"]}}],"collection":[{"href":"https:\/\/planyard.com\/fi\/wp-json\/wp\/v2\/pages"}],"about":[{"href":"https:\/\/planyard.com\/fi\/wp-json\/wp\/v2\/types\/page"}],"author":[{"embeddable":true,"href":"https:\/\/planyard.com\/fi\/wp-json\/wp\/v2\/users\/4"}],"replies":[{"embeddable":true,"href":"https:\/\/planyard.com\/fi\/wp-json\/wp\/v2\/comments?post=11858"}],"version-history":[{"count":3,"href":"https:\/\/planyard.com\/fi\/wp-json\/wp\/v2\/pages\/11858\/revisions"}],"predecessor-version":[{"id":16091,"href":"https:\/\/planyard.com\/fi\/wp-json\/wp\/v2\/pages\/11858\/revisions\/16091"}],"wp:attachment":[{"href":"https:\/\/planyard.com\/fi\/wp-json\/wp\/v2\/media?parent=11858"}],"wp:term":[{"taxonomy":"page_intent","embeddable":true,"href":"https:\/\/planyard.com\/fi\/wp-json\/wp\/v2\/page_intent?post=11858"},{"taxonomy":"page_type","embeddable":true,"href":"https:\/\/planyard.com\/fi\/wp-json\/wp\/v2\/page_type?post=11858"}],"curies":[{"name":"wp","href":"https:\/\/api.w.org\/{rel}","templated":true}]}}