{"id":11853,"date":"2025-04-01T15:34:46","date_gmt":"2025-04-01T15:34:46","guid":{"rendered":"https:\/\/planyard.com\/planyard-essential-functionality-training-videos"},"modified":"2025-05-19T17:46:06","modified_gmt":"2025-05-19T17:46:06","slug":"planyardin-olennaisten-toimintojen-koulutusvideot","status":"publish","type":"page","link":"https:\/\/planyard.com\/fi\/planyardin-olennaisten-toimintojen-koulutusvideot","title":{"rendered":"Planyardin olennaisten toimintojen koulutusvideot"},"content":{"rendered":"\n<p>Aloita katsomalla lyhyit\u00e4 3\u20134 minuutin videoita, jotka on suunniteltu projektip\u00e4\u00e4llik\u00f6ille ja kustannuslaskijoille itseopiskeluun olennaisista ty\u00f6nkuluista\u2014ei tarvetta asennukselle tai koulutustilaisuuksille.<\/p>\n\n\n\n<h2 class=\"wp-block-heading\">Johdanto<\/h2>\n\n\n\n<figure class=\"wp-block-embed is-type-video is-provider-youtube wp-block-embed-youtube wp-embed-aspect-16-9 wp-has-aspect-ratio\"><div class=\"wp-block-embed__wrapper\">\n<iframe loading=\"lazy\" title=\"Planyard Essential Package: Ditch Spreadsheets &amp; Simplify Construction Cost Control\" width=\"500\" height=\"281\" src=\"https:\/\/www.youtube.com\/embed\/MmqEaSN7Y38?feature=oembed\" frameborder=\"0\" allow=\"accelerometer; autoplay; clipboard-write; encrypted-media; gyroscope; picture-in-picture; web-share\" referrerpolicy=\"strict-origin-when-cross-origin\" allowfullscreen><\/iframe>\n<\/div><\/figure>\n\n\n\n<h2 class=\"wp-block-heading\">Ostolaskujen k\u00e4sittely<\/h2>\n\n\n\n<p>K\u00e4sittele ostolaskut helposti, liit\u00e4 ne budjettilinjoihin, synkronoi automaattisesti kirjanpidon kanssa ja seuraa projektikustannuksia reaaliajassa\u2014kaikki ilman toistuvaa tietojen sy\u00f6tt\u00e4mist\u00e4.<\/p>\n\n\n\n<figure class=\"wp-block-embed is-type-video is-provider-youtube wp-block-embed-youtube wp-embed-aspect-16-9 wp-has-aspect-ratio\"><div class=\"wp-block-embed__wrapper\">\n<iframe loading=\"lazy\" title=\"Invoices processing on Planyard\" width=\"500\" height=\"281\" src=\"https:\/\/www.youtube.com\/embed\/cgVamRjQk1I?feature=oembed\" frameborder=\"0\" allow=\"accelerometer; autoplay; clipboard-write; encrypted-media; gyroscope; picture-in-picture; web-share\" referrerpolicy=\"strict-origin-when-cross-origin\" allowfullscreen><\/iframe>\n<\/div><\/figure>\n\n\n\n<h2 class=\"wp-block-heading\">Muutosm\u00e4\u00e4r\u00e4ykset (Variations)<\/h2>\n\n\n\n<p>Rekister\u00f6i helposti asiakkaan muutosm\u00e4\u00e4r\u00e4ykset sek\u00e4 alihankkijoiden ja ostotilausten muutokset. Seuraa jokaisen muutoksen taloudellista vaikutusta pysy\u00e4ksesi kannattavuuden tasalla.<\/p>\n\n\n\n<figure class=\"wp-block-embed is-type-video is-provider-youtube wp-block-embed-youtube wp-embed-aspect-16-9 wp-has-aspect-ratio\"><div class=\"wp-block-embed__wrapper\">\n<iframe loading=\"lazy\" title=\"Construction change-orders (variations) management on Planyard software\" width=\"500\" height=\"281\" src=\"https:\/\/www.youtube.com\/embed\/6tACV4YQtas?feature=oembed\" frameborder=\"0\" allow=\"accelerometer; autoplay; clipboard-write; encrypted-media; gyroscope; picture-in-picture; web-share\" referrerpolicy=\"strict-origin-when-cross-origin\" allowfullscreen><\/iframe>\n<\/div><\/figure>\n\n\n\n<h2 class=\"wp-block-heading\">Budjetin hallinta ja ennustaminen (CVR:t)<\/h2>\n\n\n\n<p>Laadi tarkkoja ennusteita ja CVR-raportteja, tarkista budjetteja tarvittaessa, hyv\u00e4ksy laskuja ja tarkastele budjettipoikkeamia pysy\u00e4ksesi projektisi taloudellisen tilanteen hallinnassa. Analysoi kannattavuusennusteita vaivattomasti.<\/p>\n\n\n\n<figure class=\"wp-block-embed is-type-video is-provider-youtube wp-block-embed-youtube wp-embed-aspect-16-9 wp-has-aspect-ratio\"><div class=\"wp-block-embed__wrapper\">\n<iframe loading=\"lazy\" title=\"Project cost control meeting how to video\" width=\"500\" height=\"281\" src=\"https:\/\/www.youtube.com\/embed\/oGkHgWPfIEo?feature=oembed\" frameborder=\"0\" allow=\"accelerometer; autoplay; clipboard-write; encrypted-media; gyroscope; picture-in-picture; web-share\" referrerpolicy=\"strict-origin-when-cross-origin\" allowfullscreen><\/iframe>\n<\/div><\/figure>\n\n\n\n<p><\/p>\n","protected":false},"excerpt":{"rendered":"<p>Aloita katsomalla lyhyit\u00e4 3\u20134 minuutin videoita, jotka on suunniteltu projektip\u00e4\u00e4llik\u00f6ille ja kustannuslaskijoille itseopiskeluun olennaisista ty\u00f6nkuluista\u2014ei tarvetta asennukselle tai koulutustilaisuuksille. Johdanto Ostolaskujen k\u00e4sittely K\u00e4sittele ostolaskut helposti, liit\u00e4 ne budjettilinjoihin, synkronoi automaattisesti kirjanpidon kanssa ja seuraa projektikustannuksia reaaliajassa\u2014kaikki ilman toistuvaa tietojen sy\u00f6tt\u00e4mist\u00e4. Muutosm\u00e4\u00e4r\u00e4ykset (Variations) Rekister\u00f6i helposti asiakkaan muutosm\u00e4\u00e4r\u00e4ykset sek\u00e4 alihankkijoiden ja ostotilausten muutokset. Seuraa jokaisen muutoksen taloudellista&#8230;  <a class=\"excerpt-read-more\" href=\"https:\/\/planyard.com\/fi\/planyardin-olennaisten-toimintojen-koulutusvideot\" title=\"Lue  Planyardin olennaisten toimintojen koulutusvideot\">Lue lis\u00e4\u00e4 &#8221;<\/a><\/p>\n","protected":false},"author":4,"featured_media":0,"parent":0,"menu_order":0,"comment_status":"closed","ping_status":"closed","template":"page-smallheader.php","meta":{"_acf_changed":false,"content-type":"","footnotes":""},"page_intent":[],"page_type":[],"class_list":["post-11853","page","type-page","status-publish","hentry"],"acf":[],"yoast_head":"<!-- This site is optimized with the Yoast SEO plugin v27.1.1 - https:\/\/yoast.com\/product\/yoast-seo-wordpress\/ -->\n<title>Planyardin olennaisten toimintojen koulutusvideot - Planyard Suomi<\/title>\n<meta name=\"description\" content=\"Opi hallitsemaan rakennusbudjetteja, muutosm\u00e4\u00e4r\u00e4yksi\u00e4 ja ennusteita lyhyill\u00e4 3\u20134 minuutin videoilla projektip\u00e4\u00e4llik\u00f6ille ja kustannuslaskijoille\u2014ei asennuksia tai koulutusta tarvitaan.\" \/>\n<meta name=\"robots\" content=\"index, follow, max-snippet:-1, max-image-preview:large, max-video-preview:-1\" \/>\n<link rel=\"canonical\" href=\"https:\/\/planyard.com\/fi\/planyardin-olennaisten-toimintojen-koulutusvideot\" \/>\n<meta property=\"og:locale\" content=\"fi_FI\" \/>\n<meta property=\"og:type\" content=\"article\" \/>\n<meta property=\"og:title\" content=\"Planyardin olennaisten toimintojen koulutusvideot - Planyard Suomi\" \/>\n<meta property=\"og:description\" content=\"Opi hallitsemaan rakennusbudjetteja, muutosm\u00e4\u00e4r\u00e4yksi\u00e4 ja ennusteita lyhyill\u00e4 3\u20134 minuutin videoilla projektip\u00e4\u00e4llik\u00f6ille ja kustannuslaskijoille\u2014ei asennuksia tai koulutusta tarvitaan.\" \/>\n<meta property=\"og:url\" content=\"https:\/\/planyard.com\/fi\/planyardin-olennaisten-toimintojen-koulutusvideot\" \/>\n<meta property=\"og:site_name\" content=\"Planyard Suomi\" \/>\n<meta property=\"article:modified_time\" content=\"2025-05-19T17:46:06+00:00\" \/>\n<meta name=\"twitter:card\" content=\"summary_large_image\" \/>\n<meta name=\"twitter:label1\" content=\"Arvioitu lukuaika\" \/>\n\t<meta name=\"twitter:data1\" content=\"1 minuutti\" \/>\n<!-- \/ Yoast SEO plugin. -->","yoast_head_json":{"title":"Planyardin olennaisten toimintojen koulutusvideot - Planyard Suomi","description":"Opi hallitsemaan rakennusbudjetteja, muutosm\u00e4\u00e4r\u00e4yksi\u00e4 ja ennusteita lyhyill\u00e4 3\u20134 minuutin videoilla projektip\u00e4\u00e4llik\u00f6ille ja kustannuslaskijoille\u2014ei asennuksia tai koulutusta tarvitaan.","robots":{"index":"index","follow":"follow","max-snippet":"max-snippet:-1","max-image-preview":"max-image-preview:large","max-video-preview":"max-video-preview:-1"},"canonical":"https:\/\/planyard.com\/fi\/planyardin-olennaisten-toimintojen-koulutusvideot","og_locale":"fi_FI","og_type":"article","og_title":"Planyardin olennaisten toimintojen koulutusvideot - Planyard Suomi","og_description":"Opi hallitsemaan rakennusbudjetteja, muutosm\u00e4\u00e4r\u00e4yksi\u00e4 ja ennusteita lyhyill\u00e4 3\u20134 minuutin videoilla projektip\u00e4\u00e4llik\u00f6ille ja kustannuslaskijoille\u2014ei asennuksia tai koulutusta tarvitaan.","og_url":"https:\/\/planyard.com\/fi\/planyardin-olennaisten-toimintojen-koulutusvideot","og_site_name":"Planyard Suomi","article_modified_time":"2025-05-19T17:46:06+00:00","twitter_card":"summary_large_image","twitter_misc":{"Arvioitu lukuaika":"1 minuutti"},"schema":{"@context":"https:\/\/schema.org","@graph":[{"@type":"WebPage","@id":"https:\/\/planyard.com\/fi\/planyardin-olennaisten-toimintojen-koulutusvideot","url":"https:\/\/planyard.com\/fi\/planyardin-olennaisten-toimintojen-koulutusvideot","name":"Planyardin olennaisten toimintojen koulutusvideot - Planyard Suomi","isPartOf":{"@id":"https:\/\/planyard.com\/fi#website"},"datePublished":"2025-04-01T15:34:46+00:00","dateModified":"2025-05-19T17:46:06+00:00","description":"Opi hallitsemaan rakennusbudjetteja, muutosm\u00e4\u00e4r\u00e4yksi\u00e4 ja ennusteita lyhyill\u00e4 3\u20134 minuutin videoilla projektip\u00e4\u00e4llik\u00f6ille ja kustannuslaskijoille\u2014ei asennuksia tai koulutusta tarvitaan.","breadcrumb":{"@id":"https:\/\/planyard.com\/fi\/planyardin-olennaisten-toimintojen-koulutusvideot#breadcrumb"},"inLanguage":"fi","potentialAction":[{"@type":"ReadAction","target":["https:\/\/planyard.com\/fi\/planyardin-olennaisten-toimintojen-koulutusvideot"]}]},{"@type":"BreadcrumbList","@id":"https:\/\/planyard.com\/fi\/planyardin-olennaisten-toimintojen-koulutusvideot#breadcrumb","itemListElement":[{"@type":"ListItem","position":1,"name":"Home","item":"https:\/\/planyard.com\/fi"},{"@type":"ListItem","position":2,"name":"Planyardin olennaisten toimintojen koulutusvideot"}]},{"@type":"WebSite","@id":"https:\/\/planyard.com\/fi#website","url":"https:\/\/planyard.com\/fi","name":"Planyard Suomi","description":"","potentialAction":[{"@type":"SearchAction","target":{"@type":"EntryPoint","urlTemplate":"https:\/\/planyard.com\/fi?s={search_term_string}"},"query-input":{"@type":"PropertyValueSpecification","valueRequired":true,"valueName":"search_term_string"}}],"inLanguage":"fi"}]}},"_links":{"self":[{"href":"https:\/\/planyard.com\/fi\/wp-json\/wp\/v2\/pages\/11853","targetHints":{"allow":["GET"]}}],"collection":[{"href":"https:\/\/planyard.com\/fi\/wp-json\/wp\/v2\/pages"}],"about":[{"href":"https:\/\/planyard.com\/fi\/wp-json\/wp\/v2\/types\/page"}],"author":[{"embeddable":true,"href":"https:\/\/planyard.com\/fi\/wp-json\/wp\/v2\/users\/4"}],"replies":[{"embeddable":true,"href":"https:\/\/planyard.com\/fi\/wp-json\/wp\/v2\/comments?post=11853"}],"version-history":[{"count":3,"href":"https:\/\/planyard.com\/fi\/wp-json\/wp\/v2\/pages\/11853\/revisions"}],"predecessor-version":[{"id":16088,"href":"https:\/\/planyard.com\/fi\/wp-json\/wp\/v2\/pages\/11853\/revisions\/16088"}],"wp:attachment":[{"href":"https:\/\/planyard.com\/fi\/wp-json\/wp\/v2\/media?parent=11853"}],"wp:term":[{"taxonomy":"page_intent","embeddable":true,"href":"https:\/\/planyard.com\/fi\/wp-json\/wp\/v2\/page_intent?post=11853"},{"taxonomy":"page_type","embeddable":true,"href":"https:\/\/planyard.com\/fi\/wp-json\/wp\/v2\/page_type?post=11853"}],"curies":[{"name":"wp","href":"https:\/\/api.w.org\/{rel}","templated":true}]}}