{"id":11843,"date":"2024-08-26T08:24:21","date_gmt":"2024-08-26T08:24:21","guid":{"rendered":"https:\/\/planyard.com\/partners"},"modified":"2025-05-19T17:56:51","modified_gmt":"2025-05-19T17:56:51","slug":"kumppaniohjelmat-2","status":"publish","type":"page","link":"https:\/\/planyard.com\/fi\/kumppaniohjelmat-2","title":{"rendered":"Kumppaniohjelmat"},"content":{"rendered":"\n<div class=\"wp-block-group\"><div class=\"wp-block-group__inner-container is-layout-constrained wp-block-group-is-layout-constrained\">\n<h3 class=\"wp-block-heading\">P\u00e4\u00e4urakoitsijoiden ongelmat<\/h3>\n\n\n\n<p>On melko yleist\u00e4, ett\u00e4 p\u00e4\u00e4urakoitsijat tiet\u00e4v\u00e4t projektin kannattavuuden vasta sen valmistuttua. J\u00e4lkik\u00e4teenkin on vaikea sanoa, mik\u00e4 meni tarkalleen ottaen oikein tai pieleen.<\/p>\n\n\n\n<p>Aliurakoitsijoiden edistymisraportit, laskut ja sopimukset ovat hajallaan sadoissa s\u00e4hk\u00f6posteissa ja kymmeniss\u00e4 kansioissa, ja budjetteja hallitaan Exceliss\u00e4. Laskun tai edistymisraportin hyv\u00e4ksyminen tarkoittaa usein ihmisten per\u00e4ss\u00e4 juoksemista viikkojen ajan (olettaen, ettei sit\u00e4 unohdeta).<\/p>\n\n\n\n<p>T\u00e4m\u00e4 on turhauttavaa projektip\u00e4\u00e4llik\u00f6ille, mutta my\u00f6s johdolle ja kirjanpit\u00e4jille.<\/p>\n\n\n\n<p>Se tarkoittaa my\u00f6s, ettei budjetinhallinnassa ole standardoituja prosesseja, mik\u00e4 vaikeuttaa liiketoiminnan kasvattamista.<\/p>\n\n\n\n<p>Planyard-kumppanina voit auttaa muuttamaan t\u00e4m\u00e4n.<\/p>\n\n\n\n<h3 class=\"wp-block-heading\">Kaksi tapaa kumppanoitua Planyardin kanssa<\/h3>\n\n\n\n<p>Sek\u00e4 yhteisty\u00f6kumppanit ett\u00e4 asiantuntijat saavat k\u00e4ytt\u00f6\u00f6ns\u00e4 myynti- ja markkinointiresursseja Planyardin myynnin edist\u00e4miseksi.<\/p>\n\n\n\n<p>Asiantuntijat saavat lis\u00e4koulutusta Planyardin k\u00e4ytt\u00f6\u00f6notosta.<\/p>\n\n\n\n<h4 class=\"wp-block-heading\">Yhteisty\u00f6kumppanit<\/h4>\n\n\n\n<ul class=\"wp-block-list\">\n<li>Suosittele potentiaalisia asiakkaita Planyardille erityisell\u00e4 kampanjakoodilla<\/li>\n\n\n\n<li>Me huolehdimme heid\u00e4n perehdytt\u00e4misest\u00e4\u00e4n<\/li>\n\n\n\n<li><strong>Ansaitse 30 % asiakkaiden ensimm\u00e4isen vuoden tuloista<\/strong><\/li>\n<\/ul>\n\n\n\n<h4 class=\"wp-block-heading\">Asiantuntijat<\/h4>\n\n\n\n<ul class=\"wp-block-list\">\n<li>Suosittele potentiaalisia asiakkaita Planyardille erityisell\u00e4 kampanjakoodilla<\/li>\n\n\n\n<li>Tarjoa perehdytyst\u00e4 ja tukea ensimm\u00e4isen vuoden aikana<\/li>\n\n\n\n<li><strong>Ansaitse 20 % asiakkaiden elinkaaren arvosta<\/strong><\/li>\n<\/ul>\n<\/div><\/div>\n\n\n\n<div class=\"wp-block-group\"><div class=\"wp-block-group__inner-container is-layout-constrained wp-block-group-is-layout-constrained\">\n<h3 class=\"wp-block-heading\">Ota yhteytt\u00e4<\/h3>\n\n\n\n<p>Ota yhteytt\u00e4 s\u00e4hk\u00f6postitse osoitteeseen info@planyard.com<\/p>\n<\/div><\/div>\n","protected":false},"excerpt":{"rendered":"<p>P\u00e4\u00e4urakoitsijoiden ongelmat On melko yleist\u00e4, ett\u00e4 p\u00e4\u00e4urakoitsijat tiet\u00e4v\u00e4t projektin kannattavuuden vasta sen valmistuttua. J\u00e4lkik\u00e4teenkin on vaikea sanoa, mik\u00e4 meni tarkalleen ottaen oikein tai pieleen. Aliurakoitsijoiden edistymisraportit, laskut ja sopimukset ovat hajallaan sadoissa s\u00e4hk\u00f6posteissa ja kymmeniss\u00e4 kansioissa, ja budjetteja hallitaan Exceliss\u00e4. Laskun tai edistymisraportin hyv\u00e4ksyminen tarkoittaa usein ihmisten per\u00e4ss\u00e4 juoksemista viikkojen ajan (olettaen, ettei sit\u00e4 unohdeta)&#8230;.  <a class=\"excerpt-read-more\" href=\"https:\/\/planyard.com\/fi\/kumppaniohjelmat-2\" title=\"Lue  Kumppaniohjelmat\">Lue lis\u00e4\u00e4 &#8221;<\/a><\/p>\n","protected":false},"author":2,"featured_media":0,"parent":0,"menu_order":0,"comment_status":"closed","ping_status":"closed","template":"","meta":{"_acf_changed":false,"content-type":"","footnotes":""},"page_intent":[178],"page_type":[],"class_list":["post-11843","page","type-page","status-publish","hentry"],"acf":[],"yoast_head":"<!-- This site is optimized with the Yoast SEO plugin v27.1.1 - https:\/\/yoast.com\/product\/yoast-seo-wordpress\/ -->\n<title>Yhteisty\u00f6ohjelmat - Planyard Suomi<\/title>\n<meta name=\"description\" content=\"Planyardin yhteisty\u00f6ohjelmat konsultteille, ohjelmistojen j\u00e4lleenmyyjille ja teknologiakumppaneille. Auta myym\u00e4\u00e4n Planyardia ja ansaitse prosenttiosuus.\" \/>\n<meta name=\"robots\" content=\"index, follow, max-snippet:-1, max-image-preview:large, max-video-preview:-1\" \/>\n<link rel=\"canonical\" href=\"https:\/\/planyard.com\/fi\/kumppaniohjelmat-2\" \/>\n<meta property=\"og:locale\" content=\"fi_FI\" \/>\n<meta property=\"og:type\" content=\"article\" \/>\n<meta property=\"og:title\" content=\"Yhteisty\u00f6ohjelmat - Planyard Suomi\" \/>\n<meta property=\"og:description\" content=\"Planyardin yhteisty\u00f6ohjelmat konsultteille, ohjelmistojen j\u00e4lleenmyyjille ja teknologiakumppaneille. Auta myym\u00e4\u00e4n Planyardia ja ansaitse prosenttiosuus.\" \/>\n<meta property=\"og:url\" content=\"https:\/\/planyard.com\/fi\/kumppaniohjelmat-2\" \/>\n<meta property=\"og:site_name\" content=\"Planyard Suomi\" \/>\n<meta property=\"article:modified_time\" content=\"2025-05-19T17:56:51+00:00\" \/>\n<meta name=\"twitter:card\" content=\"summary_large_image\" \/>\n<meta name=\"twitter:label1\" content=\"Arvioitu lukuaika\" \/>\n\t<meta name=\"twitter:data1\" content=\"1 minuutti\" \/>\n<!-- \/ Yoast SEO plugin. -->","yoast_head_json":{"title":"Yhteisty\u00f6ohjelmat - Planyard Suomi","description":"Planyardin yhteisty\u00f6ohjelmat konsultteille, ohjelmistojen j\u00e4lleenmyyjille ja teknologiakumppaneille. Auta myym\u00e4\u00e4n Planyardia ja ansaitse prosenttiosuus.","robots":{"index":"index","follow":"follow","max-snippet":"max-snippet:-1","max-image-preview":"max-image-preview:large","max-video-preview":"max-video-preview:-1"},"canonical":"https:\/\/planyard.com\/fi\/kumppaniohjelmat-2","og_locale":"fi_FI","og_type":"article","og_title":"Yhteisty\u00f6ohjelmat - Planyard Suomi","og_description":"Planyardin yhteisty\u00f6ohjelmat konsultteille, ohjelmistojen j\u00e4lleenmyyjille ja teknologiakumppaneille. Auta myym\u00e4\u00e4n Planyardia ja ansaitse prosenttiosuus.","og_url":"https:\/\/planyard.com\/fi\/kumppaniohjelmat-2","og_site_name":"Planyard Suomi","article_modified_time":"2025-05-19T17:56:51+00:00","twitter_card":"summary_large_image","twitter_misc":{"Arvioitu lukuaika":"1 minuutti"},"schema":{"@context":"https:\/\/schema.org","@graph":[{"@type":"WebPage","@id":"https:\/\/planyard.com\/fi\/kumppaniohjelmat-2","url":"https:\/\/planyard.com\/fi\/kumppaniohjelmat-2","name":"Yhteisty\u00f6ohjelmat - Planyard Suomi","isPartOf":{"@id":"https:\/\/planyard.com\/fi#website"},"datePublished":"2024-08-26T08:24:21+00:00","dateModified":"2025-05-19T17:56:51+00:00","description":"Planyardin yhteisty\u00f6ohjelmat konsultteille, ohjelmistojen j\u00e4lleenmyyjille ja teknologiakumppaneille. Auta myym\u00e4\u00e4n Planyardia ja ansaitse prosenttiosuus.","breadcrumb":{"@id":"https:\/\/planyard.com\/fi\/kumppaniohjelmat-2#breadcrumb"},"inLanguage":"fi","potentialAction":[{"@type":"ReadAction","target":["https:\/\/planyard.com\/fi\/kumppaniohjelmat-2"]}]},{"@type":"BreadcrumbList","@id":"https:\/\/planyard.com\/fi\/kumppaniohjelmat-2#breadcrumb","itemListElement":[{"@type":"ListItem","position":1,"name":"Home","item":"https:\/\/planyard.com\/fi"},{"@type":"ListItem","position":2,"name":"Yhteisty\u00f6ohjelmat"}]},{"@type":"WebSite","@id":"https:\/\/planyard.com\/fi#website","url":"https:\/\/planyard.com\/fi","name":"Planyard Suomi","description":"","potentialAction":[{"@type":"SearchAction","target":{"@type":"EntryPoint","urlTemplate":"https:\/\/planyard.com\/fi?s={search_term_string}"},"query-input":{"@type":"PropertyValueSpecification","valueRequired":true,"valueName":"search_term_string"}}],"inLanguage":"fi"}]}},"_links":{"self":[{"href":"https:\/\/planyard.com\/fi\/wp-json\/wp\/v2\/pages\/11843","targetHints":{"allow":["GET"]}}],"collection":[{"href":"https:\/\/planyard.com\/fi\/wp-json\/wp\/v2\/pages"}],"about":[{"href":"https:\/\/planyard.com\/fi\/wp-json\/wp\/v2\/types\/page"}],"author":[{"embeddable":true,"href":"https:\/\/planyard.com\/fi\/wp-json\/wp\/v2\/users\/2"}],"replies":[{"embeddable":true,"href":"https:\/\/planyard.com\/fi\/wp-json\/wp\/v2\/comments?post=11843"}],"version-history":[{"count":3,"href":"https:\/\/planyard.com\/fi\/wp-json\/wp\/v2\/pages\/11843\/revisions"}],"predecessor-version":[{"id":16116,"href":"https:\/\/planyard.com\/fi\/wp-json\/wp\/v2\/pages\/11843\/revisions\/16116"}],"wp:attachment":[{"href":"https:\/\/planyard.com\/fi\/wp-json\/wp\/v2\/media?parent=11843"}],"wp:term":[{"taxonomy":"page_intent","embeddable":true,"href":"https:\/\/planyard.com\/fi\/wp-json\/wp\/v2\/page_intent?post=11843"},{"taxonomy":"page_type","embeddable":true,"href":"https:\/\/planyard.com\/fi\/wp-json\/wp\/v2\/page_type?post=11843"}],"curies":[{"name":"wp","href":"https:\/\/api.w.org\/{rel}","templated":true}]}}