{"id":11841,"date":"2024-08-26T07:20:15","date_gmt":"2024-08-26T07:20:15","guid":{"rendered":"https:\/\/planyard.com\/nahb-cost-codes"},"modified":"2025-06-03T18:42:07","modified_gmt":"2025-06-03T18:42:07","slug":"nahb-kustannuskoodit","status":"publish","type":"page","link":"https:\/\/planyard.com\/fi\/nahb-kustannuskoodit","title":{"rendered":"NAHB-kustannuskoodit"},"content":{"rendered":"\n<div class=\"wp-block-media-text alignwide has-media-on-the-right is-stacked-on-mobile\" style=\"grid-template-columns:auto 49%\"><div class=\"wp-block-media-text__content\">\n<p><br>NAHB-kustannuskoodit ovat <a href=\"https:\/\/www.nahb.org\">National Association of Home Builders<\/a> -j\u00e4rjest\u00f6n m\u00e4\u00e4rittelem\u00e4 standardoitu koodij\u00e4rjestelm\u00e4 taloudellisten ja projektitietojen seurantaan, hallintaan ja raportointiin. N\u00e4m\u00e4 koodit tehostavat tietojen hallintaa koko yrityksess\u00e4, hy\u00f6dytt\u00e4en kaikkia sidosryhmi\u00e4, kuten arvioijia, projektip\u00e4\u00e4llik\u00f6it\u00e4 ja kirjanpitoa. Standardoitu rakenne auttaa arvioimaan kustannuksia aiempien projektien perusteella ja yksinkertaistaa projektin taloudellista hallintaa.<\/p>\n<\/div><figure class=\"wp-block-media-text__media\"><img loading=\"lazy\" decoding=\"async\" width=\"1010\" height=\"1006\" src=\"https:\/\/planyard.com\/wp-content\/uploads\/2024\/10\/NAHB_cost_codes.jpg\" alt=\"NAHB cost codes with sections and lower parts\" class=\"wp-image-2296 size-full\" srcset=\"https:\/\/planyard.com\/wp-content\/uploads\/2024\/10\/NAHB_cost_codes.jpg 1010w, https:\/\/planyard.com\/wp-content\/uploads\/2024\/10\/NAHB_cost_codes-150x150.jpg 150w\" sizes=\"auto, (max-width: 1010px) 100vw, 1010px\" \/><\/figure><\/div>\n\n\n\n<div class=\"wp-block-group\"><div class=\"wp-block-group__inner-container is-layout-constrained wp-block-group-is-layout-constrained\">\n<h2 class=\"wp-block-heading has-text-align-center paddedHeading\" id=\"benefits-of-using-construction-cost-codes\">Rakennuskustannuskoodien k\u00e4yt\u00f6n hy\u00f6dyt<\/h2>\n\n\n\n<div class=\"wp-block-columns is-layout-flex wp-container-core-columns-is-layout-9d6595d7 wp-block-columns-is-layout-flex\">\n<div class=\"wp-block-column is-layout-flow wp-block-column-is-layout-flow\">\n<h4 class=\"wp-block-heading\" id=\"cost-control\">Kustannusten hallinta<\/h4>\n\n\n\n<p>Nopea ja helppo tapa tunnistaa ja analysoida, mihin rahaa k\u00e4ytet\u00e4\u00e4n projektissa.<\/p>\n<\/div>\n\n\n\n<div class=\"wp-block-column is-layout-flow wp-block-column-is-layout-flow\">\n<h4 class=\"wp-block-heading\" id=\"kpis-tracking\">Avainlukujen seuranta<\/h4>\n\n\n\n<p>Seuraa ja hallitse avainlukuja, kuten arvioituja kustannuksia, kustannusarvioita, nykyisi\u00e4 kustannuksia ja paljon muuta.<\/p>\n<\/div>\n\n\n\n<div class=\"wp-block-column is-layout-flow wp-block-column-is-layout-flow\">\n<h4 class=\"wp-block-heading\" id=\"ideal-for-companywide-use\">Yrityksen laajuinen k\u00e4ytt\u00f6<\/h4>\n\n\n\n<p>Samat koodit koko yrityksess\u00e4 helpottavat kustannusten, virheiden ja ennusteiden seurantaa ja analysointia kaikille sidosryhmille.<\/p>\n<\/div>\n<\/div>\n\n\n\n<div class=\"wp-block-columns is-layout-flex wp-container-core-columns-is-layout-9d6595d7 wp-block-columns-is-layout-flex\">\n<div class=\"wp-block-column is-layout-flow wp-block-column-is-layout-flow\">\n<h4 class=\"wp-block-heading\" id=\"visualize-profit-centers\">Voittokeskusten visualisointi<\/h4>\n\n\n\n<p>Kokonaisvaltainen analyysi voittokeskusten ja ongelma-alueiden visualisoimiseksi.<\/p>\n<\/div>\n\n\n\n<div class=\"wp-block-column is-layout-flow wp-block-column-is-layout-flow\">\n<h4 class=\"wp-block-heading\" id=\"estimating\">Arviointi<\/h4>\n\n\n\n<p>Tarjoaa rakenteen ja p\u00e4\u00e4syn kustannusten reaaliaikaiseen seurantaan tarkempien ja realistisempien arvioiden asettamiseksi.<\/p>\n<\/div>\n\n\n\n<div class=\"wp-block-column is-layout-flow wp-block-column-is-layout-flow\">\n<h4 class=\"wp-block-heading\" id=\"real-time-tracking\">Reaaliaikainen seuranta<\/h4>\n\n\n\n<p>Mahdollistaa johdolle selke\u00e4n yleiskuvan ty\u00f6st\u00e4 ja pit\u00e4\u00e4 kaikki sidosryhm\u00e4t mukana.<\/p>\n<\/div>\n<\/div>\n<\/div><\/div>\n\n\n\n<h2 class=\"wp-block-heading has-text-align-center paddedHeading\" id=\"cost-codes-are-hierarchical-and-chronological\">Kustannuskoodit ovat hierarkkisia ja kronologisia<\/h2>\n\n\n\n<div class=\"wp-block-media-text alignwide has-media-on-the-right is-stacked-on-mobile\"><div class=\"wp-block-media-text__content\">\n<p>Voit n\u00e4hd\u00e4, ett\u00e4 ty\u00f6t on jaettu rakenteellisesti ja aikaj\u00e4rjestyksess\u00e4. NAHB on m\u00e4\u00e4ritellyt kustannuskoodit hyvin siten, ett\u00e4 suuremmat ty\u00f6osat sis\u00e4lt\u00e4v\u00e4t pienempi\u00e4 osia.<\/p>\n\n\n\n<p>T\u00e4m\u00e4n ansiosta voit helposti n\u00e4hd\u00e4 projektin etenemisen ja kannattavuuden vaiheittain. T\u00e4m\u00e4 tarkoittaa, ett\u00e4 voit jo ennen projektin p\u00e4\u00e4ttymist\u00e4 n\u00e4hd\u00e4, kuinka paljon voittoa jotkut ensimm\u00e4isist\u00e4 t\u00f6ist\u00e4 tuottavat.<\/p>\n<\/div><figure class=\"wp-block-media-text__media\"><img loading=\"lazy\" decoding=\"async\" width=\"736\" height=\"890\" src=\"https:\/\/planyard.com\/wp-content\/uploads\/2024\/10\/NAHB_cost_code_job_sections.jpg\" alt=\"NAHB cost code job sections\" class=\"wp-image-2294 size-full\"\/><\/figure><\/div>\n\n\n\n<h2 class=\"wp-block-heading has-text-align-center paddedHeading\" id=\"where-can-you-get-a-list-of-nahb-cost-codes\">Mist\u00e4 saat NAHB-kustannuskoodit?<\/h2>\n\n\n\n<div class=\"wp-block-buttons is-content-justification-center is-layout-flex wp-container-core-buttons-is-layout-16018d1d wp-block-buttons-is-layout-flex\">\n<div class=\"wp-block-button\"><a class=\"wp-block-button__link wp-element-button\" href=\"https:\/\/planyard.com\/fi\/hanki-ilmaiset-nahb-kustannuskoodit\">Hanki NAHB-rakennuskustannuskoodit ilmaiseksi<\/a><\/div>\n<\/div>\n\n\n\n<h3 class=\"wp-block-heading has-text-align-center\">Planyard-urakoitsijaohjelmisto auttaa kunnianhimoisia tiimej\u00e4 saavuttamaan tavoitteensa ja nopeuttamaan kasvuaan.<\/h3>\n\n\n\n<div class=\"wp-block-media-text alignwide has-media-on-the-right is-stacked-on-mobile is-vertically-aligned-center\"><div class=\"wp-block-media-text__content\">\n<ul class=\"wp-block-list\">\n<li>Ei en\u00e4\u00e4 taulukoita<\/li>\n\n\n\n<li>S\u00e4\u00e4st\u00e4\u00e4 projektip\u00e4\u00e4llik\u00f6iden ja kustannuslaskijoiden aikaa<\/li>\n\n\n\n<li>Helppo ottaa k\u00e4ytt\u00f6\u00f6n ja k\u00e4ytt\u00e4\u00e4<\/li>\n\n\n\n<li>Reaaliaikaiset ja tarkat taloudelliset ennusteet<\/li>\n\n\n\n<li>Ei en\u00e4\u00e4 p\u00e4\u00e4llekk\u00e4isi\u00e4 tietojen sy\u00f6tt\u00f6j\u00e4<\/li>\n<\/ul>\n<\/div><figure class=\"wp-block-media-text__media\"><img loading=\"lazy\" decoding=\"async\" width=\"1024\" height=\"598\" src=\"https:\/\/planyard.com\/wp-content\/uploads\/2024\/09\/construction-project-management-software-macbook-iphone-1_reduced-1024x598-1.webp\" alt=\"\" class=\"wp-image-1980 size-large\"\/><\/figure><\/div>\n","protected":false},"excerpt":{"rendered":"<p>NAHB-kustannuskoodit ovat National Association of Home Builders -j\u00e4rjest\u00f6n m\u00e4\u00e4rittelem\u00e4 standardoitu koodij\u00e4rjestelm\u00e4 taloudellisten ja projektitietojen seurantaan, hallintaan ja raportointiin. N\u00e4m\u00e4 koodit tehostavat tietojen hallintaa koko yrityksess\u00e4, hy\u00f6dytt\u00e4en kaikkia sidosryhmi\u00e4, kuten arvioijia, projektip\u00e4\u00e4llik\u00f6it\u00e4 ja kirjanpitoa. Standardoitu rakenne auttaa arvioimaan kustannuksia aiempien projektien perusteella ja yksinkertaistaa projektin taloudellista hallintaa. Rakennuskustannuskoodien k\u00e4yt\u00f6n hy\u00f6dyt Kustannusten hallinta Nopea ja helppo tapa&#8230;  <a class=\"excerpt-read-more\" href=\"https:\/\/planyard.com\/fi\/nahb-kustannuskoodit\" title=\"Lue  NAHB-kustannuskoodit\">Lue lis\u00e4\u00e4 &#8221;<\/a><\/p>\n","protected":false},"author":2,"featured_media":0,"parent":0,"menu_order":0,"comment_status":"closed","ping_status":"closed","template":"","meta":{"_acf_changed":false,"content-type":"","footnotes":""},"page_intent":[163],"page_type":[],"class_list":["post-11841","page","type-page","status-publish","hentry"],"acf":[],"yoast_head":"<!-- This site is optimized with the Yoast SEO plugin v26.9 - https:\/\/yoast.com\/product\/yoast-seo-wordpress\/ -->\n<title>NAHB-kustannuskoodit - Opas ja ilmainen malli<\/title>\n<meta name=\"description\" content=\"Lataa NAHB-rakennuskustannuskoodit ilmaiseksi ja hallitse ty\u00f6si kustannuksia helposti. Standardoi prosessisi l\u00e4pin\u00e4kyvyyden takaamiseksi.\" \/>\n<meta name=\"robots\" content=\"index, follow, max-snippet:-1, max-image-preview:large, max-video-preview:-1\" \/>\n<link rel=\"canonical\" href=\"https:\/\/planyard.com\/fi\/nahb-kustannuskoodit\" \/>\n<meta property=\"og:locale\" content=\"fi_FI\" \/>\n<meta property=\"og:type\" content=\"article\" \/>\n<meta property=\"og:title\" content=\"NAHB-kustannuskoodit - Opas ja ilmainen malli\" \/>\n<meta property=\"og:description\" content=\"Lataa NAHB-rakennuskustannuskoodit ilmaiseksi ja hallitse ty\u00f6si kustannuksia helposti. Standardoi prosessisi l\u00e4pin\u00e4kyvyyden takaamiseksi.\" \/>\n<meta property=\"og:url\" content=\"https:\/\/planyard.com\/fi\/nahb-kustannuskoodit\" \/>\n<meta property=\"og:site_name\" content=\"Planyard Suomi\" \/>\n<meta property=\"article:modified_time\" content=\"2025-06-03T18:42:07+00:00\" \/>\n<meta property=\"og:image\" content=\"https:\/\/planyard.com\/wp-content\/uploads\/2024\/10\/NAHB_cost_codes.jpg\" \/>\n\t<meta property=\"og:image:width\" content=\"1010\" \/>\n\t<meta property=\"og:image:height\" content=\"1006\" \/>\n\t<meta property=\"og:image:type\" content=\"image\/jpeg\" \/>\n<meta name=\"twitter:card\" content=\"summary_large_image\" \/>\n<meta name=\"twitter:label1\" content=\"Arvioitu lukuaika\" \/>\n\t<meta name=\"twitter:data1\" content=\"2 minuuttia\" \/>\n<!-- \/ Yoast SEO plugin. -->","yoast_head_json":{"title":"NAHB-kustannuskoodit - Opas ja ilmainen malli","description":"Lataa NAHB-rakennuskustannuskoodit ilmaiseksi ja hallitse ty\u00f6si kustannuksia helposti. Standardoi prosessisi l\u00e4pin\u00e4kyvyyden takaamiseksi.","robots":{"index":"index","follow":"follow","max-snippet":"max-snippet:-1","max-image-preview":"max-image-preview:large","max-video-preview":"max-video-preview:-1"},"canonical":"https:\/\/planyard.com\/fi\/nahb-kustannuskoodit","og_locale":"fi_FI","og_type":"article","og_title":"NAHB-kustannuskoodit - Opas ja ilmainen malli","og_description":"Lataa NAHB-rakennuskustannuskoodit ilmaiseksi ja hallitse ty\u00f6si kustannuksia helposti. Standardoi prosessisi l\u00e4pin\u00e4kyvyyden takaamiseksi.","og_url":"https:\/\/planyard.com\/fi\/nahb-kustannuskoodit","og_site_name":"Planyard Suomi","article_modified_time":"2025-06-03T18:42:07+00:00","og_image":[{"width":1010,"height":1006,"url":"https:\/\/planyard.com\/wp-content\/uploads\/2024\/10\/NAHB_cost_codes.jpg","type":"image\/jpeg"}],"twitter_card":"summary_large_image","twitter_misc":{"Arvioitu lukuaika":"2 minuuttia"},"schema":{"@context":"https:\/\/schema.org","@graph":[{"@type":"WebPage","@id":"https:\/\/planyard.com\/fi\/nahb-kustannuskoodit","url":"https:\/\/planyard.com\/fi\/nahb-kustannuskoodit","name":"NAHB-kustannuskoodit - Opas ja ilmainen malli","isPartOf":{"@id":"https:\/\/planyard.com\/fi#website"},"primaryImageOfPage":{"@id":"https:\/\/planyard.com\/fi\/nahb-kustannuskoodit#primaryimage"},"image":{"@id":"https:\/\/planyard.com\/fi\/nahb-kustannuskoodit#primaryimage"},"thumbnailUrl":"https:\/\/planyard.com\/wp-content\/uploads\/2024\/10\/NAHB_cost_codes.jpg","datePublished":"2024-08-26T07:20:15+00:00","dateModified":"2025-06-03T18:42:07+00:00","description":"Lataa NAHB-rakennuskustannuskoodit ilmaiseksi ja hallitse ty\u00f6si kustannuksia helposti. Standardoi prosessisi l\u00e4pin\u00e4kyvyyden takaamiseksi.","breadcrumb":{"@id":"https:\/\/planyard.com\/fi\/nahb-kustannuskoodit#breadcrumb"},"inLanguage":"fi","potentialAction":[{"@type":"ReadAction","target":["https:\/\/planyard.com\/fi\/nahb-kustannuskoodit"]}]},{"@type":"ImageObject","inLanguage":"fi","@id":"https:\/\/planyard.com\/fi\/nahb-kustannuskoodit#primaryimage","url":"https:\/\/planyard.com\/wp-content\/uploads\/2024\/10\/NAHB_cost_codes.jpg","contentUrl":"https:\/\/planyard.com\/wp-content\/uploads\/2024\/10\/NAHB_cost_codes.jpg"},{"@type":"BreadcrumbList","@id":"https:\/\/planyard.com\/fi\/nahb-kustannuskoodit#breadcrumb","itemListElement":[{"@type":"ListItem","position":1,"name":"Home","item":"https:\/\/planyard.com\/fi"},{"@type":"ListItem","position":2,"name":"NAHB-kustannuskoodit"}]},{"@type":"WebSite","@id":"https:\/\/planyard.com\/fi#website","url":"https:\/\/planyard.com\/fi","name":"Planyard Suomi","description":"","potentialAction":[{"@type":"SearchAction","target":{"@type":"EntryPoint","urlTemplate":"https:\/\/planyard.com\/fi?s={search_term_string}"},"query-input":{"@type":"PropertyValueSpecification","valueRequired":true,"valueName":"search_term_string"}}],"inLanguage":"fi"}]}},"_links":{"self":[{"href":"https:\/\/planyard.com\/fi\/wp-json\/wp\/v2\/pages\/11841","targetHints":{"allow":["GET"]}}],"collection":[{"href":"https:\/\/planyard.com\/fi\/wp-json\/wp\/v2\/pages"}],"about":[{"href":"https:\/\/planyard.com\/fi\/wp-json\/wp\/v2\/types\/page"}],"author":[{"embeddable":true,"href":"https:\/\/planyard.com\/fi\/wp-json\/wp\/v2\/users\/2"}],"replies":[{"embeddable":true,"href":"https:\/\/planyard.com\/fi\/wp-json\/wp\/v2\/comments?post=11841"}],"version-history":[{"count":4,"href":"https:\/\/planyard.com\/fi\/wp-json\/wp\/v2\/pages\/11841\/revisions"}],"predecessor-version":[{"id":16777,"href":"https:\/\/planyard.com\/fi\/wp-json\/wp\/v2\/pages\/11841\/revisions\/16777"}],"wp:attachment":[{"href":"https:\/\/planyard.com\/fi\/wp-json\/wp\/v2\/media?parent=11841"}],"wp:term":[{"taxonomy":"page_intent","embeddable":true,"href":"https:\/\/planyard.com\/fi\/wp-json\/wp\/v2\/page_intent?post=11841"},{"taxonomy":"page_type","embeddable":true,"href":"https:\/\/planyard.com\/fi\/wp-json\/wp\/v2\/page_type?post=11841"}],"curies":[{"name":"wp","href":"https:\/\/api.w.org\/{rel}","templated":true}]}}