{"id":11837,"date":"2025-01-29T11:38:00","date_gmt":"2025-01-29T11:38:00","guid":{"rendered":"https:\/\/planyard.com\/construction-scheduling"},"modified":"2025-06-04T05:56:54","modified_gmt":"2025-06-04T05:56:54","slug":"rakennusaikataulut","status":"publish","type":"page","link":"https:\/\/planyard.com\/fi\/rakennusaikataulut","title":{"rendered":"Hallitse rakennusaikataulut: V\u00e4ltt\u00e4m\u00e4tt\u00f6m\u00e4t vaiheet ja ty\u00f6kalut menestykseen"},"content":{"rendered":"\n<p><em>Luku 1 teoksesta <a href=\"https:\/\/planyard.com\/fi\/ilmainen-opas-rakennusprojektin-hallinnan-mestari\">Rakennusprojektinhallinta: K\u00e4yt\u00e4nn\u00f6n 10-vaiheinen opas<\/a>.<\/em><\/p>\n\n\n\n<h3 class=\"wp-block-heading\">Projektiaikataulujen luominen ja seuranta<\/h3>\n\n\n\n<p><strong>Rakennusaikataulutus on enemm\u00e4n kuin pelkki\u00e4 aikajanoja\u2014se on monimutkaisuuden hallintaa.<\/strong> Kun se tehd\u00e4\u00e4n oikein, se varmistaa projektin oikea-aikaisen toimituksen, pit\u00e4\u00e4 tiimit linjassa ja auttaa hallitsemaan resursseja tehokkaasti.<\/p>\n\n\n\n<p>T\u00e4m\u00e4 luku syventyy ajattelutapoihin, ty\u00f6kaluihin ja tekniikoihin, joita tarvitset realististen aikataulujen luomiseen, edistymisen seuraamiseen ja h\u00e4iri\u00f6ihin sopeutumiseen.<\/p>\n\n\n\n<h2 class=\"wp-block-heading\">Miksi aikataulutus on projektin menestyksen perusta<\/h2>\n\n\n\n<p>Aikataulu ei ole rakennusalalla vain &#8221;kiva olla&#8221;\u2014se on v\u00e4ltt\u00e4m\u00e4t\u00f6n. T\u00e4ss\u00e4 syit\u00e4:<\/p>\n\n\n\n<ul class=\"wp-block-list\">\n<li><strong>Est\u00e4\u00e4 viiv\u00e4stykset:<\/strong> Aikataulut tunnistavat pullonkaulat ajoissa, jotta voit toimia ennen kuin ne est\u00e4v\u00e4t edistymisen.<\/li>\n\n\n\n<li><strong>Pit\u00e4\u00e4 sidosryhm\u00e4t linjassa:<\/strong> Aliurakoitsijoista asiakkaisiin, kaikki tiet\u00e4v\u00e4t suunnitelman.<\/li>\n\n\n\n<li><strong>Optimoi resurssit:<\/strong> V\u00e4lt\u00e4 ty\u00f6voiman tai laitteiden kaksoisvarausta.<\/li>\n\n\n\n<li><strong>Seuraa projektin terveytt\u00e4:<\/strong> Reaaliaikaiset p\u00e4ivitykset n\u00e4ytt\u00e4v\u00e4t, miss\u00e4 olet edell\u00e4\u2014tai j\u00e4ljess\u00e4.<\/li>\n<\/ul>\n\n\n\n<blockquote class=\"wp-block-quote is-layout-flow wp-block-quote-is-layout-flow\">\n<p>&#8221;<em>Esimerkki:<\/em> 3 miljoonan dollarin toimistoremontissa kriittinen polkusi sis\u00e4lt\u00e4\u00e4 LVI:n asentamisen ennen seinien sulkemista. Jos LVI-toimitus viiv\u00e4styy, koko aikajana siirtyy, ellei t\u00e4t\u00e4 riippuvuutta huomioida aikataulussa.&#8221;<\/p>\n<\/blockquote>\n\n\n\n<h2 class=\"wp-block-heading\">Ty\u00f6kalut rakennusaikataulutuksen yksinkertaistamiseen<\/h2>\n\n\n\n<p>Parhaat aikataulut eiv\u00e4t perustu pelk\u00e4st\u00e4\u00e4n intuitioon\u2014niit\u00e4 tukevat ty\u00f6kalut, jotka on suunniteltu minimoimaan inhimilliset virheet ja s\u00e4\u00e4st\u00e4m\u00e4\u00e4n aikaa.<\/p>\n\n\n\n<h3 class=\"wp-block-heading\">1. Microsoft Project<\/h3>\n\n\n\n<ul class=\"wp-block-list\">\n<li><strong>Paras:<\/strong> Yksityiskohtaiseen aikataulutukseen riippuvuuksilla ja resurssien hallinnalla.<\/li>\n\n\n\n<li><strong>Haitta:<\/strong> Vaatii koulutusta eik\u00e4 ole budjettiyst\u00e4v\u00e4llinen pienille tiimeille.<\/li>\n<\/ul>\n\n\n\n<h3 class=\"wp-block-heading\">2. Excel tai Google Sheets<\/h3>\n\n\n\n<ul class=\"wp-block-list\">\n<li><strong>Paras:<\/strong> Pienemmille projekteille tai tiimeille, jotka suosivat tuttua ty\u00f6kalua.<\/li>\n\n\n\n<li><strong>Haitta:<\/strong> Manuaaliset p\u00e4ivitykset ovat ty\u00f6l\u00e4it\u00e4 ja alttiita virheille.<\/li>\n<\/ul>\n\n\n\n<h3 class=\"wp-block-heading\">3. Rakennuskohtaiset alustat<\/h3>\n\n\n\n<ul class=\"wp-block-list\">\n<li><strong>Paras:<\/strong> Aikataulutuksen saumattomaan integrointiin budjetoinnin, laskutuksen ja resurssien allokoinnin kanssa\u200b\u200b.<\/li>\n\n\n\n<li><strong>Keskeinen etu:<\/strong> Reaaliaikaiset p\u00e4ivitykset varmistavat, ett\u00e4 aikataulut mukautuvat muutoksiin, mik\u00e4 poistaa manuaalisen tietojen sy\u00f6t\u00f6n.<\/li>\n<\/ul>\n\n\n\n<h2 class=\"wp-block-heading\">Vaiheittainen opas rakennusaikataulun laatimiseen<\/h2>\n\n\n\n<h3 class=\"wp-block-heading\">Vaihe 1: M\u00e4\u00e4rit\u00e4 virstanpylv\u00e4\u00e4t<\/h3>\n\n\n\n<p>Aloita korkean tason virstanpylv\u00e4ill\u00e4, kuten suunnittelun valmistuminen, perustusty\u00f6t ja tarkastukset.<\/p>\n\n\n\n<h3 class=\"wp-block-heading\">Vaihe 2: Pilko teht\u00e4v\u00e4t<\/h3>\n\n\n\n<p>Jaa virstanpylv\u00e4\u00e4t pienempiin, toteutettaviin teht\u00e4viin.<br><em>Esimerkki:<\/em> &#8221;Perustusty\u00f6t&#8221; voi sis\u00e4lt\u00e4\u00e4 kaivamisen, betonin valamisen ja kovettumisen.<\/p>\n\n\n\n<h3 class=\"wp-block-heading\">Vaihe 3: Arvioi kestot<\/h3>\n\n\n\n<p>M\u00e4\u00e4rit\u00e4 realistiset aikataulut jokaiselle teht\u00e4v\u00e4lle, huomioiden riskit, kuten s\u00e4\u00e4 tai lomat.<\/p>\n\n\n\n<h3 class=\"wp-block-heading\">Vaihe 4: Kartta riippuvuudet<\/h3>\n\n\n\n<p>Korosta teht\u00e4v\u00e4t, jotka ovat riippuvaisia toisista. Esimerkiksi runkoty\u00f6t eiv\u00e4t voi alkaa ennen kuin perustus on valmis.<\/p>\n\n\n\n<h3 class=\"wp-block-heading\">Vaihe 5: Tunnista kriittinen polku<\/h3>\n\n\n\n<p>Keskity teht\u00e4viin, jotka vaikuttavat suoraan aikatauluun. Jos n\u00e4m\u00e4 viiv\u00e4styv\u00e4t, projekti j\u00e4\u00e4 j\u00e4lkeen.<\/p>\n\n\n\n<h3 class=\"wp-block-heading\">Vaihe 6: Allokoi resurssit<\/h3>\n\n\n\n<p>Jaa ty\u00f6voima, laitteet ja materiaalit strategisesti resurssikonfliktien v\u00e4ltt\u00e4miseksi.<\/p>\n\n\n\n<figure class=\"wp-block-image size-full\"><img loading=\"lazy\" decoding=\"async\" width=\"1318\" height=\"661\" src=\"https:\/\/planyard.com\/wp-content\/uploads\/2025\/01\/image-11.png\" alt=\"A Gantt chart highlighting dependencies, task durations, and the critical path.\" class=\"wp-image-8740\"\/><\/figure>\n\n\n\n<p>Lataa <strong><a href=\"https:\/\/planyard.com\/fi\/hanki-ilmainen-rakennusaikataulupohja-excelille\">rakennusaikataulupohja Excelille<\/a><\/strong> <\/p>\n\n\n\n<h2 class=\"wp-block-heading\">Aikataulun seuranta ja s\u00e4\u00e4t\u00e4minen<\/h2>\n\n\n\n<p>Jopa parhaat aikataulut tarvitsevat usein p\u00e4ivityksi\u00e4.<\/p>\n\n\n\n<ol class=\"wp-block-list\">\n<li><strong>Seuraa edistymist\u00e4 viikoittain:<\/strong> K\u00e4yt\u00e4 projektinhallintaohjelmistoa valmiiden teht\u00e4vien seuraamiseen.<\/li>\n\n\n\n<li><strong>Huomaa varoitusmerkit:<\/strong> Kriittisten teht\u00e4vien viiv\u00e4stykset vaativat v\u00e4lit\u00f6nt\u00e4 toimintaa.<\/li>\n\n\n\n<li><strong>Sovita nopeasti:<\/strong> Ty\u00f6kalut kuten Planyard s\u00e4\u00e4t\u00e4v\u00e4t automaattisesti budjetteja ja aikatauluja, kun muutoksia tapahtuu\u200b\u200b.<\/li>\n\n\n\n<li><strong>Viestit\u00e4 muutokset:<\/strong> Pid\u00e4 sidosryhm\u00e4t ajan tasalla luottamuksen ja linjauksen s\u00e4ilytt\u00e4miseksi.<\/li>\n<\/ol>\n\n\n\n<h2 class=\"wp-block-heading\">Yleiset aikatauluvirheet\u2014ja kuinka v\u00e4ltt\u00e4\u00e4 ne<\/h2>\n\n\n\n<h3 class=\"wp-block-heading\">1. Ep\u00e4realistiset m\u00e4\u00e4r\u00e4ajat<\/h3>\n\n\n\n<ul class=\"wp-block-list\">\n<li><strong>Ongelma:<\/strong> Liian kunnianhimoiset aikataulut aiheuttavat stressi\u00e4 ja viiv\u00e4styksi\u00e4.<\/li>\n\n\n\n<li><strong>Ratkaisu:<\/strong> Sis\u00e4llyt\u00e4 puskuriaikaa teht\u00e4ville, joilla on suurempi riski.<\/li>\n<\/ul>\n\n\n\n<h3 class=\"wp-block-heading\">2. Tiimien ylikuormittaminen<\/h3>\n\n\n\n<ul class=\"wp-block-list\">\n<li><strong>Ongelma:<\/strong> P\u00e4\u00e4llekk\u00e4isten teht\u00e4vien antaminen samalle tiimille luo pullonkauloja.<\/li>\n\n\n\n<li><strong>Ratkaisu:<\/strong> K\u00e4yt\u00e4 resurssienhallintaominaisuuksia ty\u00f6kuormien tasapainottamiseen.<\/li>\n<\/ul>\n\n\n\n<h3 class=\"wp-block-heading\">3. Aikataulun p\u00e4ivitt\u00e4m\u00e4tt\u00e4 j\u00e4tt\u00e4minen<\/h3>\n\n\n\n<ul class=\"wp-block-list\">\n<li><strong>Ongelma:<\/strong> Staattinen aikataulu menett\u00e4\u00e4 merkityksens\u00e4.<\/li>\n\n\n\n<li><strong>Ratkaisu:<\/strong> P\u00e4ivit\u00e4 s\u00e4\u00e4nn\u00f6llisesti ja k\u00e4yt\u00e4 reaaliaikaisia ty\u00f6kaluja ajantasaisiin s\u00e4\u00e4t\u00f6ihin.<\/li>\n<\/ul>\n\n\n\n<h2 class=\"wp-block-heading\">Nousevat trendit rakennusaikataulutuksessa<\/h2>\n\n\n\n<p>Teknologia muuttaa l\u00e4hestymistapaamme aikataulutukseen:<\/p>\n\n\n\n<ul class=\"wp-block-list\">\n<li><strong>3D\/4D\/5D-aikataulutus<\/strong>: Visualisoi projektit kolmiulotteisesti, lis\u00e4ten aikaa ja kustannuksia paremman kontekstin saamiseksi\u200b\u200b.<\/li>\n\n\n\n<li><strong>AI-pohjainen optimointi<\/strong>: Ennustaa viiv\u00e4styksi\u00e4 ja ehdottaa aikataulumuutoksia.<\/li>\n\n\n\n<li><strong>Mobiili-integraatio<\/strong>: Hallitse aikatauluja suoraan ty\u00f6maalta mobiilisovellusten kautta.<\/li>\n<\/ul>\n\n\n\n<h2 class=\"wp-block-heading\">Keskeiset opit<\/h2>\n\n\n\n<ul class=\"wp-block-list\">\n<li><strong>Aloita yksinkertaisesti:<\/strong> Aloita virstanpylv\u00e4ist\u00e4, sitten tarkenna riippuvuuksilla ja kriittisill\u00e4 poluilla.<\/li>\n\n\n\n<li><strong>Hy\u00f6dynn\u00e4 teknologiaa:<\/strong> Valitse ty\u00f6kalut, jotka integroivat aikataulutuksen budjetointiin ja resurssien hallintaan.<\/li>\n\n\n\n<li><strong>Seuraa edistymist\u00e4 johdonmukaisesti:<\/strong> S\u00e4\u00e4nn\u00f6lliset p\u00e4ivitykset pit\u00e4v\u00e4t aikataulut realistisina ja toteuttamiskelpoisina.<\/li>\n<\/ul>\n\n\n\n<p>Valmis virtaviivaistamaan projektin kustannusten hallintaprosessia? Kokeile <a href=\"https:\/\/planyard.com\/fi\">Planyardia<\/a> reaaliaikaiseen projektin taloudelliseen seurantaan ja budjetin integrointiin. Aloita ilmainen kokeilusi t\u00e4n\u00e4\u00e4n!<\/p>\n\n\n\n<h2 class=\"wp-block-heading\">Tietoa kirjoittajasta<\/h2>\n\n\n\n<p><strong>Margus Rahuoja<\/strong> on kokenut rakennusprojektip\u00e4\u00e4llikk\u00f6, jolla on yli 15 vuoden kokemus monimutkaisten projektien toimittamisesta ajallaan ja budjetin puitteissa. Margus erikoistuu modernien aikataulutusty\u00f6kalujen integroimiseen perinteisiin projektinhallintak\u00e4yt\u00e4nt\u00f6ihin tehokkuuden maksimoimiseksi.<\/p>\n\n\n\n<h3 class=\"wp-block-heading\">Tutustu seuraavaan lukuun: Rakennustarjoukset<\/h3>\n\n\n\n<p>Olet hallinnut aikataulutuksen. Seuraavaksi sukella <strong><a href=\"https:\/\/planyard.com\/fi\/rakennusurakointi-opas\">rakennustarjouksiin<\/a><\/strong> oppiaksesi, kuinka varmistaa resurssit tehokkaasti ja v\u00e4ltt\u00e4\u00e4 yleiset sudenkuopat tarjousprosessissa.<\/p>\n\n\n\n<p><em>Siirry <a href=\"https:\/\/planyard.com\/fi\/ilmainen-opas-rakennusprojektin-hallinnan-mestari\">Rakennusprojektinhallinta: K\u00e4yt\u00e4nn\u00f6n 10-vaiheinen opas<\/a>.<\/em><\/p>\n\n\n\n<p><\/p>\n","protected":false},"excerpt":{"rendered":"<p>Luku 1 teoksesta Rakennusprojektinhallinta: K\u00e4yt\u00e4nn\u00f6n 10-vaiheinen opas. Projektiaikataulujen luominen ja seuranta Rakennusaikataulutus on enemm\u00e4n kuin pelkki\u00e4 aikajanoja\u2014se on monimutkaisuuden hallintaa. Kun se tehd\u00e4\u00e4n oikein, se varmistaa projektin oikea-aikaisen toimituksen, pit\u00e4\u00e4 tiimit linjassa ja auttaa hallitsemaan resursseja tehokkaasti. T\u00e4m\u00e4 luku syventyy ajattelutapoihin, ty\u00f6kaluihin ja tekniikoihin, joita tarvitset realististen aikataulujen luomiseen, edistymisen seuraamiseen ja h\u00e4iri\u00f6ihin sopeutumiseen. Miksi&#8230;  <a class=\"excerpt-read-more\" href=\"https:\/\/planyard.com\/fi\/rakennusaikataulut\" title=\"Lue  Hallitse rakennusaikataulut: V\u00e4ltt\u00e4m\u00e4tt\u00f6m\u00e4t vaiheet ja ty\u00f6kalut menestykseen\">Lue lis\u00e4\u00e4 &#8221;<\/a><\/p>\n","protected":false},"author":4,"featured_media":0,"parent":0,"menu_order":0,"comment_status":"closed","ping_status":"closed","template":"","meta":{"_acf_changed":false,"content-type":"","footnotes":""},"page_intent":[283],"page_type":[],"class_list":["post-11837","page","type-page","status-publish","hentry"],"acf":[],"yoast_head":"<!-- This site is optimized with the Yoast SEO plugin v26.9 - https:\/\/yoast.com\/product\/yoast-seo-wordpress\/ -->\n<title>Rakennusaikataulutus yksinkertaiseksi: Hallitse aikajanoja ja resursseja<\/title>\n<meta name=\"description\" content=\"Opi luomaan, seuraamaan ja mukauttamaan rakennusaikatauluja, jotta projektit pysyv\u00e4t aikataulussa ja budjetissa. L\u00f6yd\u00e4 k\u00e4yt\u00e4nn\u00f6nl\u00e4heisi\u00e4 vaiheita ja ty\u00f6kaluja ty\u00f6nkulkujen optimoimiseksi.\" \/>\n<meta name=\"robots\" content=\"index, follow, max-snippet:-1, max-image-preview:large, max-video-preview:-1\" \/>\n<link rel=\"canonical\" href=\"https:\/\/planyard.com\/fi\/rakennusaikataulut\" \/>\n<meta property=\"og:locale\" content=\"fi_FI\" \/>\n<meta property=\"og:type\" content=\"article\" \/>\n<meta property=\"og:title\" content=\"Rakennusaikataulutus yksinkertaiseksi: Hallitse aikajanoja ja resursseja\" \/>\n<meta property=\"og:description\" content=\"Opi luomaan, seuraamaan ja mukauttamaan rakennusaikatauluja, jotta projektit pysyv\u00e4t aikataulussa ja budjetissa. L\u00f6yd\u00e4 k\u00e4yt\u00e4nn\u00f6nl\u00e4heisi\u00e4 vaiheita ja ty\u00f6kaluja ty\u00f6nkulkujen optimoimiseksi.\" \/>\n<meta property=\"og:url\" content=\"https:\/\/planyard.com\/fi\/rakennusaikataulut\" \/>\n<meta property=\"og:site_name\" content=\"Planyard Suomi\" \/>\n<meta property=\"article:modified_time\" content=\"2025-06-04T05:56:54+00:00\" \/>\n<meta property=\"og:image\" content=\"https:\/\/planyard.com\/wp-content\/uploads\/2025\/01\/image-11.png\" \/>\n\t<meta property=\"og:image:width\" content=\"1318\" \/>\n\t<meta property=\"og:image:height\" content=\"661\" \/>\n\t<meta property=\"og:image:type\" content=\"image\/png\" \/>\n<meta name=\"twitter:card\" content=\"summary_large_image\" \/>\n<meta name=\"twitter:label1\" content=\"Arvioitu lukuaika\" \/>\n\t<meta name=\"twitter:data1\" content=\"4 minuuttia\" \/>\n<!-- \/ Yoast SEO plugin. -->","yoast_head_json":{"title":"Rakennusaikataulutus yksinkertaiseksi: Hallitse aikajanoja ja resursseja","description":"Opi luomaan, seuraamaan ja mukauttamaan rakennusaikatauluja, jotta projektit pysyv\u00e4t aikataulussa ja budjetissa. L\u00f6yd\u00e4 k\u00e4yt\u00e4nn\u00f6nl\u00e4heisi\u00e4 vaiheita ja ty\u00f6kaluja ty\u00f6nkulkujen optimoimiseksi.","robots":{"index":"index","follow":"follow","max-snippet":"max-snippet:-1","max-image-preview":"max-image-preview:large","max-video-preview":"max-video-preview:-1"},"canonical":"https:\/\/planyard.com\/fi\/rakennusaikataulut","og_locale":"fi_FI","og_type":"article","og_title":"Rakennusaikataulutus yksinkertaiseksi: Hallitse aikajanoja ja resursseja","og_description":"Opi luomaan, seuraamaan ja mukauttamaan rakennusaikatauluja, jotta projektit pysyv\u00e4t aikataulussa ja budjetissa. L\u00f6yd\u00e4 k\u00e4yt\u00e4nn\u00f6nl\u00e4heisi\u00e4 vaiheita ja ty\u00f6kaluja ty\u00f6nkulkujen optimoimiseksi.","og_url":"https:\/\/planyard.com\/fi\/rakennusaikataulut","og_site_name":"Planyard Suomi","article_modified_time":"2025-06-04T05:56:54+00:00","og_image":[{"width":1318,"height":661,"url":"https:\/\/planyard.com\/wp-content\/uploads\/2025\/01\/image-11.png","type":"image\/png"}],"twitter_card":"summary_large_image","twitter_misc":{"Arvioitu lukuaika":"4 minuuttia"},"schema":{"@context":"https:\/\/schema.org","@graph":[{"@type":"WebPage","@id":"https:\/\/planyard.com\/fi\/rakennusaikataulut","url":"https:\/\/planyard.com\/fi\/rakennusaikataulut","name":"Rakennusaikataulutus yksinkertaiseksi: Hallitse aikajanoja ja resursseja","isPartOf":{"@id":"https:\/\/planyard.com\/fi#website"},"primaryImageOfPage":{"@id":"https:\/\/planyard.com\/fi\/rakennusaikataulut#primaryimage"},"image":{"@id":"https:\/\/planyard.com\/fi\/rakennusaikataulut#primaryimage"},"thumbnailUrl":"https:\/\/planyard.com\/wp-content\/uploads\/2025\/01\/image-11.png","datePublished":"2025-01-29T11:38:00+00:00","dateModified":"2025-06-04T05:56:54+00:00","description":"Opi luomaan, seuraamaan ja mukauttamaan rakennusaikatauluja, jotta projektit pysyv\u00e4t aikataulussa ja budjetissa. L\u00f6yd\u00e4 k\u00e4yt\u00e4nn\u00f6nl\u00e4heisi\u00e4 vaiheita ja ty\u00f6kaluja ty\u00f6nkulkujen optimoimiseksi.","breadcrumb":{"@id":"https:\/\/planyard.com\/fi\/rakennusaikataulut#breadcrumb"},"inLanguage":"fi","potentialAction":[{"@type":"ReadAction","target":["https:\/\/planyard.com\/fi\/rakennusaikataulut"]}]},{"@type":"ImageObject","inLanguage":"fi","@id":"https:\/\/planyard.com\/fi\/rakennusaikataulut#primaryimage","url":"https:\/\/planyard.com\/wp-content\/uploads\/2025\/01\/image-11.png","contentUrl":"https:\/\/planyard.com\/wp-content\/uploads\/2025\/01\/image-11.png"},{"@type":"BreadcrumbList","@id":"https:\/\/planyard.com\/fi\/rakennusaikataulut#breadcrumb","itemListElement":[{"@type":"ListItem","position":1,"name":"Home","item":"https:\/\/planyard.com\/fi"},{"@type":"ListItem","position":2,"name":"Hallitse rakennusaikataulut: V\u00e4ltt\u00e4m\u00e4tt\u00f6m\u00e4t vaiheet ja ty\u00f6kalut menestykseen"}]},{"@type":"WebSite","@id":"https:\/\/planyard.com\/fi#website","url":"https:\/\/planyard.com\/fi","name":"Planyard Suomi","description":"","potentialAction":[{"@type":"SearchAction","target":{"@type":"EntryPoint","urlTemplate":"https:\/\/planyard.com\/fi?s={search_term_string}"},"query-input":{"@type":"PropertyValueSpecification","valueRequired":true,"valueName":"search_term_string"}}],"inLanguage":"fi"}]}},"_links":{"self":[{"href":"https:\/\/planyard.com\/fi\/wp-json\/wp\/v2\/pages\/11837","targetHints":{"allow":["GET"]}}],"collection":[{"href":"https:\/\/planyard.com\/fi\/wp-json\/wp\/v2\/pages"}],"about":[{"href":"https:\/\/planyard.com\/fi\/wp-json\/wp\/v2\/types\/page"}],"author":[{"embeddable":true,"href":"https:\/\/planyard.com\/fi\/wp-json\/wp\/v2\/users\/4"}],"replies":[{"embeddable":true,"href":"https:\/\/planyard.com\/fi\/wp-json\/wp\/v2\/comments?post=11837"}],"version-history":[{"count":5,"href":"https:\/\/planyard.com\/fi\/wp-json\/wp\/v2\/pages\/11837\/revisions"}],"predecessor-version":[{"id":16911,"href":"https:\/\/planyard.com\/fi\/wp-json\/wp\/v2\/pages\/11837\/revisions\/16911"}],"wp:attachment":[{"href":"https:\/\/planyard.com\/fi\/wp-json\/wp\/v2\/media?parent=11837"}],"wp:term":[{"taxonomy":"page_intent","embeddable":true,"href":"https:\/\/planyard.com\/fi\/wp-json\/wp\/v2\/page_intent?post=11837"},{"taxonomy":"page_type","embeddable":true,"href":"https:\/\/planyard.com\/fi\/wp-json\/wp\/v2\/page_type?post=11837"}],"curies":[{"name":"wp","href":"https:\/\/api.w.org\/{rel}","templated":true}]}}