{"id":11826,"date":"2024-08-22T08:14:52","date_gmt":"2024-08-22T08:14:52","guid":{"rendered":"https:\/\/planyard.com\/how-to-create-subcontracts"},"modified":"2025-05-19T17:44:58","modified_gmt":"2025-05-19T17:44:58","slug":"kuinka-luoda-aliurakoita","status":"publish","type":"page","link":"https:\/\/planyard.com\/fi\/kuinka-luoda-aliurakoita","title":{"rendered":"Kuinka luoda ja allekirjoittaa aliurakoita (Julkaisup\u00e4iv\u00e4: 27. huhtikuuta 2023)"},"content":{"rendered":"\n<div class=\"wp-block-columns is-layout-flex wp-container-core-columns-is-layout-9d6595d7 wp-block-columns-is-layout-flex\">\n<div class=\"wp-block-column is-layout-flow wp-block-column-is-layout-flow\">\n<h2 class=\"wp-block-heading\">Tilaa nyt, niin l\u00e4het\u00e4mme sinulle s\u00e4hk\u00f6postia, kun se julkaistaan<\/h2>\n\n\n\n<h5 class=\"wp-block-heading\">Miten t\u00e4m\u00e4n oppaan lukeminen hy\u00f6dytt\u00e4\u00e4 sinua?<\/h5>\n\n\n\n<ol class=\"wp-block-list\">\n<li>Saat tietoa aliurakoiden luomisesta ja allekirjoittamisesta<\/li>\n\n\n\n<li>Opit parantamaan projektinhallintataitojasi<\/li>\n\n\n\n<li>Opit toimittamaan projektisi ajallaan ja budjetissa<\/li>\n<\/ol>\n\n\n\n<p>Luotu projektip\u00e4\u00e4llik\u00f6ilt\u00e4 projektip\u00e4\u00e4llik\u00f6ille<\/p>\n<\/div>\n\n\n\n<div class=\"wp-block-column is-layout-flow wp-block-column-is-layout-flow\">\n\n\n  hbspt.forms.create({\n\tportalId: &#8221;4963994&#8221;,\n\tformId: &#8221;755fb653-4e2b-44be-8e55-113df2ff998b&#8221;\n});\n\n<\/div>\n<\/div>\n","protected":false},"excerpt":{"rendered":"<p>Tilaa nyt, niin l\u00e4het\u00e4mme sinulle s\u00e4hk\u00f6postia, kun se julkaistaan Miten t\u00e4m\u00e4n oppaan lukeminen hy\u00f6dytt\u00e4\u00e4 sinua? Luotu projektip\u00e4\u00e4llik\u00f6ilt\u00e4 projektip\u00e4\u00e4llik\u00f6ille hbspt.forms.create({ portalId: &#8221;4963994&#8221;, formId: &#8221;755fb653-4e2b-44be-8e55-113df2ff998b&#8221; });<\/p>\n","protected":false},"author":2,"featured_media":0,"parent":0,"menu_order":0,"comment_status":"closed","ping_status":"closed","template":"","meta":{"_acf_changed":false,"content-type":"","footnotes":""},"page_intent":[163],"page_type":[],"class_list":["post-11826","page","type-page","status-publish","hentry"],"acf":[],"yoast_head":"<!-- This site is optimized with the Yoast SEO plugin v27.1.1 - https:\/\/yoast.com\/product\/yoast-seo-wordpress\/ -->\n<title>Kuinka luoda ja allekirjoittaa aliurakoita (Julkaisup\u00e4iv\u00e4: 27. huhtikuuta 2023) - Planyard Suomi<\/title>\n<meta name=\"description\" content=\"T\u00e4yt\u00e4 lomake ja lataa rakennusprojektinhallinnan opas ja paranna projektinhallintataitojasi.\" \/>\n<meta name=\"robots\" content=\"index, follow, max-snippet:-1, max-image-preview:large, max-video-preview:-1\" \/>\n<link rel=\"canonical\" href=\"https:\/\/planyard.com\/fi\/kuinka-luoda-aliurakoita\" \/>\n<meta property=\"og:locale\" content=\"fi_FI\" \/>\n<meta property=\"og:type\" content=\"article\" \/>\n<meta property=\"og:title\" content=\"Kuinka luoda ja allekirjoittaa aliurakoita (Julkaisup\u00e4iv\u00e4: 27. huhtikuuta 2023) - Planyard Suomi\" \/>\n<meta property=\"og:description\" content=\"T\u00e4yt\u00e4 lomake ja lataa rakennusprojektinhallinnan opas ja paranna projektinhallintataitojasi.\" \/>\n<meta property=\"og:url\" content=\"https:\/\/planyard.com\/fi\/kuinka-luoda-aliurakoita\" \/>\n<meta property=\"og:site_name\" content=\"Planyard Suomi\" \/>\n<meta property=\"article:modified_time\" content=\"2025-05-19T17:44:58+00:00\" \/>\n<meta name=\"twitter:card\" content=\"summary_large_image\" \/>\n<meta name=\"twitter:label1\" content=\"Arvioitu lukuaika\" \/>\n\t<meta name=\"twitter:data1\" content=\"1 minuutti\" \/>\n<!-- \/ Yoast SEO plugin. -->","yoast_head_json":{"title":"Kuinka luoda ja allekirjoittaa aliurakoita (Julkaisup\u00e4iv\u00e4: 27. huhtikuuta 2023) - Planyard Suomi","description":"T\u00e4yt\u00e4 lomake ja lataa rakennusprojektinhallinnan opas ja paranna projektinhallintataitojasi.","robots":{"index":"index","follow":"follow","max-snippet":"max-snippet:-1","max-image-preview":"max-image-preview:large","max-video-preview":"max-video-preview:-1"},"canonical":"https:\/\/planyard.com\/fi\/kuinka-luoda-aliurakoita","og_locale":"fi_FI","og_type":"article","og_title":"Kuinka luoda ja allekirjoittaa aliurakoita (Julkaisup\u00e4iv\u00e4: 27. huhtikuuta 2023) - Planyard Suomi","og_description":"T\u00e4yt\u00e4 lomake ja lataa rakennusprojektinhallinnan opas ja paranna projektinhallintataitojasi.","og_url":"https:\/\/planyard.com\/fi\/kuinka-luoda-aliurakoita","og_site_name":"Planyard Suomi","article_modified_time":"2025-05-19T17:44:58+00:00","twitter_card":"summary_large_image","twitter_misc":{"Arvioitu lukuaika":"1 minuutti"},"schema":{"@context":"https:\/\/schema.org","@graph":[{"@type":"WebPage","@id":"https:\/\/planyard.com\/fi\/kuinka-luoda-aliurakoita","url":"https:\/\/planyard.com\/fi\/kuinka-luoda-aliurakoita","name":"Kuinka luoda ja allekirjoittaa aliurakoita (Julkaisup\u00e4iv\u00e4: 27. huhtikuuta 2023) - Planyard Suomi","isPartOf":{"@id":"https:\/\/planyard.com\/fi#website"},"datePublished":"2024-08-22T08:14:52+00:00","dateModified":"2025-05-19T17:44:58+00:00","description":"T\u00e4yt\u00e4 lomake ja lataa rakennusprojektinhallinnan opas ja paranna projektinhallintataitojasi.","breadcrumb":{"@id":"https:\/\/planyard.com\/fi\/kuinka-luoda-aliurakoita#breadcrumb"},"inLanguage":"fi","potentialAction":[{"@type":"ReadAction","target":["https:\/\/planyard.com\/fi\/kuinka-luoda-aliurakoita"]}]},{"@type":"BreadcrumbList","@id":"https:\/\/planyard.com\/fi\/kuinka-luoda-aliurakoita#breadcrumb","itemListElement":[{"@type":"ListItem","position":1,"name":"Home","item":"https:\/\/planyard.com\/fi"},{"@type":"ListItem","position":2,"name":"Kuinka luoda ja allekirjoittaa aliurakat (Julkaisup\u00e4iv\u00e4: 27. huhtikuuta 2023)"}]},{"@type":"WebSite","@id":"https:\/\/planyard.com\/fi#website","url":"https:\/\/planyard.com\/fi","name":"Planyard Suomi","description":"","potentialAction":[{"@type":"SearchAction","target":{"@type":"EntryPoint","urlTemplate":"https:\/\/planyard.com\/fi?s={search_term_string}"},"query-input":{"@type":"PropertyValueSpecification","valueRequired":true,"valueName":"search_term_string"}}],"inLanguage":"fi"}]}},"_links":{"self":[{"href":"https:\/\/planyard.com\/fi\/wp-json\/wp\/v2\/pages\/11826","targetHints":{"allow":["GET"]}}],"collection":[{"href":"https:\/\/planyard.com\/fi\/wp-json\/wp\/v2\/pages"}],"about":[{"href":"https:\/\/planyard.com\/fi\/wp-json\/wp\/v2\/types\/page"}],"author":[{"embeddable":true,"href":"https:\/\/planyard.com\/fi\/wp-json\/wp\/v2\/users\/2"}],"replies":[{"embeddable":true,"href":"https:\/\/planyard.com\/fi\/wp-json\/wp\/v2\/comments?post=11826"}],"version-history":[{"count":3,"href":"https:\/\/planyard.com\/fi\/wp-json\/wp\/v2\/pages\/11826\/revisions"}],"predecessor-version":[{"id":16081,"href":"https:\/\/planyard.com\/fi\/wp-json\/wp\/v2\/pages\/11826\/revisions\/16081"}],"wp:attachment":[{"href":"https:\/\/planyard.com\/fi\/wp-json\/wp\/v2\/media?parent=11826"}],"wp:term":[{"taxonomy":"page_intent","embeddable":true,"href":"https:\/\/planyard.com\/fi\/wp-json\/wp\/v2\/page_intent?post=11826"},{"taxonomy":"page_type","embeddable":true,"href":"https:\/\/planyard.com\/fi\/wp-json\/wp\/v2\/page_type?post=11826"}],"curies":[{"name":"wp","href":"https:\/\/api.w.org\/{rel}","templated":true}]}}