{"id":11816,"date":"2025-01-30T10:30:14","date_gmt":"2025-01-30T10:30:14","guid":{"rendered":"https:\/\/planyard.com\/get-the-next-chapter-of-the-master-construction-project-management-guide"},"modified":"2025-05-19T17:42:27","modified_gmt":"2025-05-19T17:42:27","slug":"hanki-seuraava-luku-master-construction-project-management-oppaasta","status":"publish","type":"page","link":"https:\/\/planyard.com\/fi\/hanki-seuraava-luku-master-construction-project-management-oppaasta","title":{"rendered":"Hanki seuraava luku Master Construction Project Management -oppaasta"},"content":{"rendered":"\n<div class=\"wp-block-columns is-layout-flex wp-container-core-columns-is-layout-9d6595d7 wp-block-columns-is-layout-flex\">\n<div class=\"wp-block-column is-layout-flow wp-block-column-is-layout-flow\">\n<p>Haluatko pysy\u00e4 ajan tasalla rakennusprojektien hallinnassa? Tilaa ilmoitukset, kun oppaamme seuraava ilmainen luku julkaistaan\u2014t\u00e4ynn\u00e4 asiantuntijoiden n\u00e4kemyksi\u00e4, jotka auttavat sinua tehostamaan projekteja, parantamaan kustannusten hallintaa ja lis\u00e4\u00e4m\u00e4\u00e4n tehokkuutta.<\/p>\n\n\n\n<h5 class=\"wp-block-heading\">Tarkista koko julkaisuaikataulu <a href=\"https:\/\/planyard.com\/fi\/ilmainen-opas-rakennushankkeiden-hallintaan\">t\u00e4\u00e4lt\u00e4<\/a><\/h5>\n<\/div>\n\n\n\n<div class=\"wp-block-column is-layout-flow wp-block-column-is-layout-flow\">\n<div id=\"mc_embed_shell\">\n      \n  \n        #mc_embed_signup{background:#fff; false;clear:left; font:14px Helvetica,Arial,sans-serif; width: 600px;}\n        \/* Add your own Mailchimp form style overrides in your site stylesheet or in this style block.\n           We recommend moving this block and the preceding CSS link to the HEAD of your HTML file. *\/\n\n<div id=\"mc_embed_signup\">\n    \n        <div id=\"mc_embed_signup_scroll\"><h2>Tilaa<\/h2>\n            <div class=\"indicates-required\"><span class=\"asterisk\">*<\/span> pakollinen<\/div>\n            <div class=\"mc-field-group\"><label for=\"mce-EMAIL\">S\u00e4hk\u00f6postiosoite <span class=\"asterisk\">*<\/span><\/label><\/div><div class=\"mc-field-group\"><label for=\"mce-FNAME\">Etunimi <\/label><\/div><div class=\"mc-field-group\"><label for=\"mce-LNAME\">Sukunimi <\/label><\/div><div class=\"mc-field-group\"><label for=\"mce-COMPANY\">Yritys <span class=\"asterisk\">*<\/span><\/label><\/div><div class=\"mc-field-group\"><label for=\"mce-PHONE\">Puhelinnumero <\/label><\/div><div class=\"mc-field-group\"><label for=\"mce-MMERGE8\">Rooli <span class=\"asterisk\">*<\/span><\/label><\/div>\n<div hidden=\"\"><\/div>\n        <div id=\"mce-responses\" class=\"clear\">\n            <div class=\"response\" id=\"mce-error-response\"><\/div>\n            <div class=\"response\" id=\"mce-success-response\"><\/div>\n        <\/div><div aria-hidden=\"true\" style=\"position: absolute;left: -5000px\"><\/div><div class=\"clear\"><\/div>\n    <\/div>\n\n<\/div>\n(function($) {window.fnames = new Array(); window.ftypes = new Array();fnames[0]=&#8217;EMAIL&#8217;;ftypes[0]=&#8217;email&#8217;;fnames[1]=&#8217;FNAME&#8217;;ftypes[1]=&#8217;text&#8217;;fnames[2]=&#8217;LNAME&#8217;;ftypes[2]=&#8217;text&#8217;;fnames[7]=&#8217;COMPANY&#8217;;ftypes[7]=&#8217;text&#8217;;fnames[4]=&#8217;PHONE&#8217;;ftypes[4]=&#8217;phone&#8217;;fnames[8]=&#8217;MMERGE8&#8242;;ftypes[8]=&#8217;text&#8217;;fnames[3]=&#8217;ADDRESS&#8217;;ftypes[3]=&#8217;address&#8217;;fnames[5]=&#8217;BIRTHDAY&#8217;;ftypes[5]=&#8217;birthday&#8217;;fnames[6]=&#8217;ORIGIN&#8217;;ftypes[6]=&#8217;text&#8217;;}(jQuery));var $mcj = jQuery.noConflict(true);<\/div>\n\n<\/div>\n<\/div>\n\n\n\n<p><\/p>\n","protected":false},"excerpt":{"rendered":"<p>Haluatko pysy\u00e4 ajan tasalla rakennusprojektien hallinnassa? Tilaa ilmoitukset, kun oppaamme seuraava ilmainen luku julkaistaan\u2014t\u00e4ynn\u00e4 asiantuntijoiden n\u00e4kemyksi\u00e4, jotka auttavat sinua tehostamaan projekteja, parantamaan kustannusten hallintaa ja lis\u00e4\u00e4m\u00e4\u00e4n tehokkuutta. Tarkista koko julkaisuaikataulu t\u00e4\u00e4lt\u00e4 #mc_embed_signup{background:#fff; false;clear:left; font:14px Helvetica,Arial,sans-serif; width: 600px;} \/* Add your own Mailchimp form style overrides in your site stylesheet or in this style block. We&#8230;  <a class=\"excerpt-read-more\" href=\"https:\/\/planyard.com\/fi\/hanki-seuraava-luku-master-construction-project-management-oppaasta\" title=\"Lue  Hanki seuraava luku Master Construction Project Management -oppaasta\">Lue lis\u00e4\u00e4 &#8221;<\/a><\/p>\n","protected":false},"author":4,"featured_media":0,"parent":0,"menu_order":0,"comment_status":"closed","ping_status":"closed","template":"","meta":{"_acf_changed":false,"content-type":"","footnotes":""},"page_intent":[163],"page_type":[],"class_list":["post-11816","page","type-page","status-publish","hentry"],"acf":[],"yoast_head":"<!-- This site is optimized with the Yoast SEO plugin v26.9 - https:\/\/yoast.com\/product\/yoast-seo-wordpress\/ -->\n<title>Hanki seuraava luku Master Construction Project Management -oppaasta<\/title>\n<meta name=\"description\" content=\"Haluatko pysy\u00e4 ajan tasalla rakennusprojektien hallinnassa? Tilaa ilmoitukset, kun seuraava luku ilmaisesta oppaastamme julkaistaan.\" \/>\n<meta name=\"robots\" content=\"index, follow, max-snippet:-1, max-image-preview:large, max-video-preview:-1\" \/>\n<link rel=\"canonical\" href=\"https:\/\/planyard.com\/fi\/hanki-seuraava-luku-master-construction-project-management-oppaasta\" \/>\n<meta property=\"og:locale\" content=\"fi_FI\" \/>\n<meta property=\"og:type\" content=\"article\" \/>\n<meta property=\"og:title\" content=\"Hanki seuraava luku Master Construction Project Management -oppaasta\" \/>\n<meta property=\"og:description\" content=\"Haluatko pysy\u00e4 ajan tasalla rakennusprojektien hallinnassa? Tilaa ilmoitukset, kun seuraava luku ilmaisesta oppaastamme julkaistaan.\" \/>\n<meta property=\"og:url\" content=\"https:\/\/planyard.com\/fi\/hanki-seuraava-luku-master-construction-project-management-oppaasta\" \/>\n<meta property=\"og:site_name\" content=\"Planyard Suomi\" \/>\n<meta property=\"article:modified_time\" content=\"2025-05-19T17:42:27+00:00\" \/>\n<meta name=\"twitter:card\" content=\"summary_large_image\" \/>\n<meta name=\"twitter:label1\" content=\"Arvioitu lukuaika\" \/>\n\t<meta name=\"twitter:data1\" content=\"1 minuutti\" \/>\n<!-- \/ Yoast SEO plugin. -->","yoast_head_json":{"title":"Hanki seuraava luku Master Construction Project Management -oppaasta","description":"Haluatko pysy\u00e4 ajan tasalla rakennusprojektien hallinnassa? Tilaa ilmoitukset, kun seuraava luku ilmaisesta oppaastamme julkaistaan.","robots":{"index":"index","follow":"follow","max-snippet":"max-snippet:-1","max-image-preview":"max-image-preview:large","max-video-preview":"max-video-preview:-1"},"canonical":"https:\/\/planyard.com\/fi\/hanki-seuraava-luku-master-construction-project-management-oppaasta","og_locale":"fi_FI","og_type":"article","og_title":"Hanki seuraava luku Master Construction Project Management -oppaasta","og_description":"Haluatko pysy\u00e4 ajan tasalla rakennusprojektien hallinnassa? Tilaa ilmoitukset, kun seuraava luku ilmaisesta oppaastamme julkaistaan.","og_url":"https:\/\/planyard.com\/fi\/hanki-seuraava-luku-master-construction-project-management-oppaasta","og_site_name":"Planyard Suomi","article_modified_time":"2025-05-19T17:42:27+00:00","twitter_card":"summary_large_image","twitter_misc":{"Arvioitu lukuaika":"1 minuutti"},"schema":{"@context":"https:\/\/schema.org","@graph":[{"@type":"WebPage","@id":"https:\/\/planyard.com\/fi\/hanki-seuraava-luku-master-construction-project-management-oppaasta","url":"https:\/\/planyard.com\/fi\/hanki-seuraava-luku-master-construction-project-management-oppaasta","name":"Hanki seuraava luku Master Construction Project Management -oppaasta","isPartOf":{"@id":"https:\/\/planyard.com\/fi#website"},"datePublished":"2025-01-30T10:30:14+00:00","dateModified":"2025-05-19T17:42:27+00:00","description":"Haluatko pysy\u00e4 ajan tasalla rakennusprojektien hallinnassa? Tilaa ilmoitukset, kun seuraava luku ilmaisesta oppaastamme julkaistaan.","breadcrumb":{"@id":"https:\/\/planyard.com\/fi\/hanki-seuraava-luku-master-construction-project-management-oppaasta#breadcrumb"},"inLanguage":"fi","potentialAction":[{"@type":"ReadAction","target":["https:\/\/planyard.com\/fi\/hanki-seuraava-luku-master-construction-project-management-oppaasta"]}]},{"@type":"BreadcrumbList","@id":"https:\/\/planyard.com\/fi\/hanki-seuraava-luku-master-construction-project-management-oppaasta#breadcrumb","itemListElement":[{"@type":"ListItem","position":1,"name":"Home","item":"https:\/\/planyard.com\/fi"},{"@type":"ListItem","position":2,"name":"Hanki seuraava luku Master Construction Project Management -oppaasta"}]},{"@type":"WebSite","@id":"https:\/\/planyard.com\/fi#website","url":"https:\/\/planyard.com\/fi","name":"Planyard Suomi","description":"","potentialAction":[{"@type":"SearchAction","target":{"@type":"EntryPoint","urlTemplate":"https:\/\/planyard.com\/fi?s={search_term_string}"},"query-input":{"@type":"PropertyValueSpecification","valueRequired":true,"valueName":"search_term_string"}}],"inLanguage":"fi"}]}},"_links":{"self":[{"href":"https:\/\/planyard.com\/fi\/wp-json\/wp\/v2\/pages\/11816","targetHints":{"allow":["GET"]}}],"collection":[{"href":"https:\/\/planyard.com\/fi\/wp-json\/wp\/v2\/pages"}],"about":[{"href":"https:\/\/planyard.com\/fi\/wp-json\/wp\/v2\/types\/page"}],"author":[{"embeddable":true,"href":"https:\/\/planyard.com\/fi\/wp-json\/wp\/v2\/users\/4"}],"replies":[{"embeddable":true,"href":"https:\/\/planyard.com\/fi\/wp-json\/wp\/v2\/comments?post=11816"}],"version-history":[{"count":3,"href":"https:\/\/planyard.com\/fi\/wp-json\/wp\/v2\/pages\/11816\/revisions"}],"predecessor-version":[{"id":16069,"href":"https:\/\/planyard.com\/fi\/wp-json\/wp\/v2\/pages\/11816\/revisions\/16069"}],"wp:attachment":[{"href":"https:\/\/planyard.com\/fi\/wp-json\/wp\/v2\/media?parent=11816"}],"wp:term":[{"taxonomy":"page_intent","embeddable":true,"href":"https:\/\/planyard.com\/fi\/wp-json\/wp\/v2\/page_intent?post=11816"},{"taxonomy":"page_type","embeddable":true,"href":"https:\/\/planyard.com\/fi\/wp-json\/wp\/v2\/page_type?post=11816"}],"curies":[{"name":"wp","href":"https:\/\/api.w.org\/{rel}","templated":true}]}}