{"id":11814,"date":"2025-02-12T12:12:00","date_gmt":"2025-02-12T12:12:00","guid":{"rendered":"https:\/\/planyard.com\/free-construction-schedule-template-for-excel-download-now"},"modified":"2025-06-04T05:55:11","modified_gmt":"2025-06-04T05:55:11","slug":"ilmainen-rakennusaikataulupohja-excelille-lataa-nyt","status":"publish","type":"page","link":"https:\/\/planyard.com\/fi\/ilmainen-rakennusaikataulupohja-excelille-lataa-nyt","title":{"rendered":"Ilmainen rakennusaikataulupohja Excelille \u2013 Lataa nyt"},"content":{"rendered":"\n<div class=\"wp-block-media-text is-stacked-on-mobile\" style=\"grid-template-columns:55% auto\"><figure class=\"wp-block-media-text__media\"><img loading=\"lazy\" decoding=\"async\" width=\"1318\" height=\"661\" src=\"https:\/\/planyard.com\/wp-content\/uploads\/2025\/01\/image-11.png\" alt=\"\" class=\"wp-image-8740 size-full\" \/><\/figure><div class=\"wp-block-media-text__content\">\n<p>Rakennusprojektin hallinta ilman selke\u00e4\u00e4 aikataulua voi johtaa <strong>viiv\u00e4styksiin, kustannusten ylityksiin ja v\u00e4\u00e4rink\u00e4sityksiin<\/strong>. Olitpa sitten <strong>urakoitsija, projektip\u00e4\u00e4llikk\u00f6 tai rakennusalan talousjohtaja<\/strong>, j\u00e4sennelty aikajana on ratkaisevan t\u00e4rke\u00e4 <strong>projektisi pit\u00e4miseksi aikataulussa<\/strong>.<\/p>\n\n\n\n<p>T\u00e4m\u00e4 <strong>ilmainen rakennusaikataulupohja Excelille<\/strong> tarjoaa <strong>yksinkertaisen, muokattavan ratkaisun<\/strong> auttamaan sinua suunnittelemaan ja seuraamaan projektisi jokaista vaihetta.<\/p>\n<\/div><\/div>\n\n\n\n<p>Lis\u00e4tietoja siit\u00e4, miksi aikataulut ep\u00e4onnistuvat ja kuinka luoda toimivia aikatauluja.&nbsp;<a href=\"https:\/\/planyard.com\/fi\/rakennusaikataulut\">Lue lis\u00e4\u00e4 t\u00e4\u00e4lt\u00e4<\/a><\/p>\n\n\n\n<h2 class=\"wp-block-heading\"><strong>Lataa ilmainen rakennusaikataulupohjasi<\/strong><\/h2>\n\n\n\n<p>Saat <strong>v\u00e4litt\u00f6m\u00e4n p\u00e4\u00e4syn<\/strong> ammattimaiseen rakennusaikataulupohjaan, joka on suunniteltu <strong>urakoitsijoille, projektip\u00e4\u00e4llik\u00f6ille ja rakentajille<\/strong>.<\/p>\n\n\n\n<div class=\"wp-block-buttons is-layout-flex wp-block-buttons-is-layout-flex\">\n<div class=\"wp-block-button\"><a class=\"wp-block-button__link has-white-color has-text-color has-background has-link-color wp-element-button\" href=\"https:\/\/planyard.com\/fi\/hanki-ilmainen-rakennusaikataulupohja-excelille\" style=\"background-color:#2756ff\">Lataa ilmainen pohja<\/a><\/div>\n<\/div>\n\n\n\n<h2 class=\"wp-block-heading\">Miksi k\u00e4ytt\u00e4\u00e4 rakennusaikataulupohjaa?<\/h2>\n\n\n\n<p><strong>Rakennusaikataulu<\/strong> on visuaalinen aikajana, joka hahmottaa projektin <strong>teht\u00e4v\u00e4t, kestot, riippuvuudet ja m\u00e4\u00e4r\u00e4ajat<\/strong>. Se auttaa rakennustiimej\u00e4:<\/p>\n\n\n\n<ul class=\"wp-block-list\">\n<li><strong>V\u00e4ltt\u00e4m\u00e4\u00e4n viiv\u00e4styksi\u00e4<\/strong> \u2013 Tunnista mahdolliset pullonkaulat ennen niiden syntymist\u00e4.<\/li>\n\n\n\n<li><strong>Parantamaan viestint\u00e4\u00e4<\/strong> \u2013 Pid\u00e4 sidosryhm\u00e4t ajan tasalla edistymisest\u00e4.<\/li>\n\n\n\n<li><strong>Pysym\u00e4\u00e4n budjetissa<\/strong> \u2013 Sovita aikataulut yhteen kustannustenhallintaty\u00f6kalujen, kuten <strong>Planyardin<\/strong>, kanssa.<\/li>\n\n\n\n<li><strong>Lis\u00e4\u00e4m\u00e4\u00e4n tehokkuutta<\/strong> \u2013 M\u00e4\u00e4rit\u00e4 vastuut ja virtaviivaista ty\u00f6nkulku.<\/li>\n<\/ul>\n\n\n\n<p><strong>Valmiiksi rakennetun Excel-pohjan<\/strong> k\u00e4ytt\u00f6 s\u00e4\u00e4st\u00e4\u00e4 aikaa ja varmistaa tarkkuuden verrattuna manuaaliseen aikataulutukseen.<\/p>\n\n\n\n<h3 class=\"wp-block-heading\">Kuinka k\u00e4ytt\u00e4\u00e4 t\u00e4t\u00e4 rakennusaikataulupohjaa<\/h3>\n\n\n\n<h3 class=\"wp-block-heading\">1. M\u00e4\u00e4rit\u00e4 projektisi laajuus<\/h3>\n\n\n\n<p>Listaa projektisi <strong>p\u00e4\u00e4vaiheet<\/strong>, kuten:<\/p>\n\n\n\n<ul class=\"wp-block-list\">\n<li><strong>Ty\u00f6maan valmistelu<\/strong><\/li>\n\n\n\n<li><strong>Perustusty\u00f6t<\/strong><\/li>\n\n\n\n<li><strong>Rungon ja rakenteiden ty\u00f6t<\/strong><\/li>\n\n\n\n<li><strong>LVIS-asennukset (L\u00e4mmitys, Vesi, Ilmastointi, S\u00e4hk\u00f6)<\/strong><\/li>\n\n\n\n<li><strong>Sis\u00e4- ja ulkoviimeistely<\/strong><\/li>\n\n\n\n<li><strong>Loppukatselmus ja luovutus<\/strong><\/li>\n<\/ul>\n\n\n\n<h3 class=\"wp-block-heading\">2. Aseta teht\u00e4vien kestot ja riippuvuudet<\/h3>\n\n\n\n<p>M\u00e4\u00e4rit\u00e4 kullekin teht\u00e4v\u00e4lle <strong>aloitus- ja p\u00e4\u00e4ttymisp\u00e4iv\u00e4<\/strong>. Jos teht\u00e4v\u00e4 riippuu toisesta, yhdist\u00e4 ne Excelin <strong>Gantt-kaavio-ominaisuuksilla<\/strong>.<\/p>\n\n\n\n<h3 class=\"wp-block-heading\">3. M\u00e4\u00e4rit\u00e4 vastuut<\/h3>\n\n\n\n<p>M\u00e4\u00e4rit\u00e4, kuka on <strong>vastuussa<\/strong> kustakin vaiheesta. T\u00e4m\u00e4 auttaa <strong>alihankkijoita, ty\u00f6maap\u00e4\u00e4llik\u00f6it\u00e4 ja projektip\u00e4\u00e4llik\u00f6it\u00e4<\/strong> pysym\u00e4\u00e4n linjassa.<\/p>\n\n\n\n<h3 class=\"wp-block-heading\">4. Seuraa edistymist\u00e4 ja tee muutoksia<\/h3>\n\n\n\n<p>P\u00e4ivit\u00e4 aikataulua teht\u00e4vien valmistuessa. S\u00e4\u00e4d\u00e4 m\u00e4\u00e4r\u00e4aikoja, jos viiv\u00e4styksi\u00e4 ilmenee, jotta <strong>projekti pysyy aikataulussa<\/strong>.<\/p>\n\n\n\n<h3 class=\"wp-block-heading\">5. Integroi kustannustenhallintaohjelmistoon<\/h3>\n\n\n\n<p>Pelkk\u00e4 aikataulu ei est\u00e4 budjetin ylityksi\u00e4. K\u00e4yt\u00e4 <strong>Planyardia<\/strong> <strong>seuraamaan kustannuksia, valvomaan taloudellista suorituskyky\u00e4 ja hallitsemaan laskuja<\/strong> projektiaikataulusi rinnalla.<\/p>\n\n\n\n<h2 class=\"wp-block-heading\">Ilmaisen rakennusaikataulupohjan ominaisuudet<\/h2>\n\n\n\n<ul class=\"wp-block-list\">\n<li><strong>Esimuotoiltu Exceliss\u00e4<\/strong> \u2013 Ei tarvita monimutkaista ohjelmistoa.<\/li>\n\n\n\n<li><strong>Teht\u00e4vien ja virstanpylv\u00e4iden seuranta<\/strong> \u2013 Visualisoi keskeiset toimitukset.<\/li>\n\n\n\n<li><strong>Gantt-kaavion\u00e4kym\u00e4<\/strong> \u2013 S\u00e4\u00e4d\u00e4 projektiaikatauluja helposti.<\/li>\n\n\n\n<li><strong>Muokattavat kent\u00e4t<\/strong> \u2013 Mukauta projektisi erityistarpeisiin.<\/li>\n\n\n\n<li><strong>Helppo vienti ja jakaminen<\/strong> \u2013 L\u00e4het\u00e4 p\u00e4ivityksi\u00e4 sidosryhmille.<\/li>\n<\/ul>\n\n\n\n<h2 class=\"wp-block-heading\">Optimoi projektisi \u00e4lykk\u00e4ill\u00e4 budjetointity\u00f6kaluilla<\/h2>\n\n\n\n<p><strong>Hyvin j\u00e4sennelty aikataulu<\/strong> on tehokas vain, jos se on linjassa <strong>projektisi budjetin<\/strong> kanssa. Planyardin <strong><a href=\"https:\/\/planyard.com\/fi\/rakennusbudjetointiohjelmisto\">rakennusbudjetointiohjelmisto<\/a><\/strong> integroituu aikatauluusi, varmistaen, ett\u00e4 <strong>pysyt budjetissa<\/strong> samalla kun seuraat jokaista kustannusta reaaliajassa.<\/p>\n\n\n\n<ul class=\"wp-block-list\">\n<li><strong>Automaattinen kustannusseuranta<\/strong> yhdistettyn\u00e4 projektivaiheisiin<\/li>\n\n\n\n<li><strong>Ei en\u00e4\u00e4 taulukkolaskentavirheit\u00e4<\/strong> keskitetyn datan ansiosta<\/li>\n\n\n\n<li><strong>Reaaliaikaiset taloudelliset n\u00e4kemykset<\/strong> parempaa p\u00e4\u00e4t\u00f6ksentekoa varten<\/li>\n<\/ul>\n\n\n\n<h2 class=\"wp-block-heading\">Kuka voi hy\u00f6ty\u00e4 t\u00e4st\u00e4 pohjasta?<\/h2>\n\n\n\n<ul class=\"wp-block-list\">\n<li><strong>P\u00e4\u00e4urakoitsijat<\/strong> \u2013 Hallitse projektiaikatauluja tehokkaasti.<\/li>\n\n\n\n<li><strong>Projektip\u00e4\u00e4llik\u00f6t<\/strong> \u2013 Suunnittele ja seuraa virstanpylv\u00e4it\u00e4 vaivattomasti.<\/li>\n\n\n\n<li><strong>Rakennusalan talousjohtajat ja talousp\u00e4\u00e4llik\u00f6t<\/strong> \u2013 Sovita aikataulutus taloudelliseen suunnitteluun.<\/li>\n\n\n\n<li><strong>Aliurakoitsijat ja ty\u00f6maap\u00e4\u00e4llik\u00f6t<\/strong> \u2013 Pysy ajan tasalla m\u00e4\u00e4r\u00e4ajoista ja teht\u00e4vist\u00e4.<\/li>\n<\/ul>\n\n\n\n<h2 class=\"wp-block-heading\">Lataa ilmainen rakennusaikataulupohjasi<\/h2>\n\n\n\n<p>\u00c4l\u00e4 anna huonon suunnittelun viiv\u00e4stytt\u00e4\u00e4 projektiasi. Lataa t\u00e4m\u00e4 <strong><a href=\"https:\/\/planyard.com\/fi\/hanki-ilmainen-rakennusaikataulupohja-excelille\">ilmainen rakennusaikataulupohja Excelille<\/a><\/strong> t\u00e4n\u00e4\u00e4n ja ala hallita projektejasi <strong>tehokkaammin<\/strong>.<\/p>\n\n\n\n<p>Planyardin avulla varmistat, ett\u00e4 jokainen euro on huomioitu, kustannukset seurataan reaaliajassa ja kannattavuus maksimoidaan.<\/p>\n","protected":false},"excerpt":{"rendered":"<p>Rakennusprojektin hallinta ilman selke\u00e4\u00e4 aikataulua voi johtaa viiv\u00e4styksiin, kustannusten ylityksiin ja v\u00e4\u00e4rink\u00e4sityksiin. Olitpa sitten urakoitsija, projektip\u00e4\u00e4llikk\u00f6 tai rakennusalan talousjohtaja, j\u00e4sennelty aikajana on ratkaisevan t\u00e4rke\u00e4 projektisi pit\u00e4miseksi aikataulussa. T\u00e4m\u00e4 ilmainen rakennusaikataulupohja Excelille tarjoaa yksinkertaisen, muokattavan ratkaisun auttamaan sinua suunnittelemaan ja seuraamaan projektisi jokaista vaihetta. Lis\u00e4tietoja siit\u00e4, miksi aikataulut ep\u00e4onnistuvat ja kuinka luoda toimivia aikatauluja.&nbsp;Lue lis\u00e4\u00e4 t\u00e4\u00e4lt\u00e4&#8230;  <a class=\"excerpt-read-more\" href=\"https:\/\/planyard.com\/fi\/ilmainen-rakennusaikataulupohja-excelille-lataa-nyt\" title=\"Lue  Ilmainen rakennusaikataulupohja Excelille \u2013 Lataa nyt\">Lue lis\u00e4\u00e4 &#8221;<\/a><\/p>\n","protected":false},"author":4,"featured_media":0,"parent":0,"menu_order":0,"comment_status":"closed","ping_status":"closed","template":"","meta":{"_acf_changed":false,"content-type":"","footnotes":""},"page_intent":[163],"page_type":[],"class_list":["post-11814","page","type-page","status-publish","hentry"],"acf":[],"yoast_head":"<!-- This site is optimized with the Yoast SEO plugin v27.1.1 - https:\/\/yoast.com\/product\/yoast-seo-wordpress\/ -->\n<title>Ilmainen rakennusbudjettipohja - Planyard Suomi<\/title>\n<meta name=\"description\" content=\"T\u00e4m\u00e4 rakennusbudjettipohja auttaa sinua pysym\u00e4\u00e4n ajan tasalla projektikustannuksista helposti. Se on luotu projektip\u00e4\u00e4llik\u00f6ilt\u00e4 projektip\u00e4\u00e4llik\u00f6ille.\" \/>\n<meta name=\"robots\" content=\"index, follow, max-snippet:-1, max-image-preview:large, max-video-preview:-1\" \/>\n<link rel=\"canonical\" href=\"https:\/\/planyard.com\/fi\/ilmainen-rakennusaikataulupohja-excelille-lataa-nyt\" \/>\n<meta property=\"og:locale\" content=\"fi_FI\" \/>\n<meta property=\"og:type\" content=\"article\" \/>\n<meta property=\"og:title\" content=\"Ilmainen rakennusbudjettipohja - Planyard Suomi\" \/>\n<meta property=\"og:description\" content=\"T\u00e4m\u00e4 rakennusbudjettipohja auttaa sinua pysym\u00e4\u00e4n ajan tasalla projektikustannuksista helposti. Se on luotu projektip\u00e4\u00e4llik\u00f6ilt\u00e4 projektip\u00e4\u00e4llik\u00f6ille.\" \/>\n<meta property=\"og:url\" content=\"https:\/\/planyard.com\/fi\/ilmainen-rakennusaikataulupohja-excelille-lataa-nyt\" \/>\n<meta property=\"og:site_name\" content=\"Planyard Suomi\" \/>\n<meta property=\"article:modified_time\" content=\"2025-06-04T05:55:11+00:00\" \/>\n<meta property=\"og:image\" content=\"https:\/\/planyard.com\/wp-content\/uploads\/2025\/01\/image-11.png\" \/>\n\t<meta property=\"og:image:width\" content=\"1318\" \/>\n\t<meta property=\"og:image:height\" content=\"661\" \/>\n\t<meta property=\"og:image:type\" content=\"image\/png\" \/>\n<meta name=\"twitter:card\" content=\"summary_large_image\" \/>\n<meta name=\"twitter:label1\" content=\"Arvioitu lukuaika\" \/>\n\t<meta name=\"twitter:data1\" content=\"3 minuuttia\" \/>\n<!-- \/ Yoast SEO plugin. -->","yoast_head_json":{"title":"Ilmainen rakennusbudjettipohja - Planyard Suomi","description":"T\u00e4m\u00e4 rakennusbudjettipohja auttaa sinua pysym\u00e4\u00e4n ajan tasalla projektikustannuksista helposti. Se on luotu projektip\u00e4\u00e4llik\u00f6ilt\u00e4 projektip\u00e4\u00e4llik\u00f6ille.","robots":{"index":"index","follow":"follow","max-snippet":"max-snippet:-1","max-image-preview":"max-image-preview:large","max-video-preview":"max-video-preview:-1"},"canonical":"https:\/\/planyard.com\/fi\/ilmainen-rakennusaikataulupohja-excelille-lataa-nyt","og_locale":"fi_FI","og_type":"article","og_title":"Ilmainen rakennusbudjettipohja - Planyard Suomi","og_description":"T\u00e4m\u00e4 rakennusbudjettipohja auttaa sinua pysym\u00e4\u00e4n ajan tasalla projektikustannuksista helposti. Se on luotu projektip\u00e4\u00e4llik\u00f6ilt\u00e4 projektip\u00e4\u00e4llik\u00f6ille.","og_url":"https:\/\/planyard.com\/fi\/ilmainen-rakennusaikataulupohja-excelille-lataa-nyt","og_site_name":"Planyard Suomi","article_modified_time":"2025-06-04T05:55:11+00:00","og_image":[{"width":1318,"height":661,"url":"https:\/\/planyard.com\/wp-content\/uploads\/2025\/01\/image-11.png","type":"image\/png"}],"twitter_card":"summary_large_image","twitter_misc":{"Arvioitu lukuaika":"3 minuuttia"},"schema":{"@context":"https:\/\/schema.org","@graph":[{"@type":"WebPage","@id":"https:\/\/planyard.com\/fi\/ilmainen-rakennusaikataulupohja-excelille-lataa-nyt","url":"https:\/\/planyard.com\/fi\/ilmainen-rakennusaikataulupohja-excelille-lataa-nyt","name":"Ilmainen rakennusbudjettipohja - Planyard Suomi","isPartOf":{"@id":"https:\/\/planyard.com\/fi#website"},"primaryImageOfPage":{"@id":"https:\/\/planyard.com\/fi\/ilmainen-rakennusaikataulupohja-excelille-lataa-nyt#primaryimage"},"image":{"@id":"https:\/\/planyard.com\/fi\/ilmainen-rakennusaikataulupohja-excelille-lataa-nyt#primaryimage"},"thumbnailUrl":"https:\/\/planyard.com\/wp-content\/uploads\/2025\/01\/image-11.png","datePublished":"2025-02-12T12:12:00+00:00","dateModified":"2025-06-04T05:55:11+00:00","description":"T\u00e4m\u00e4 rakennusbudjettipohja auttaa sinua pysym\u00e4\u00e4n ajan tasalla projektikustannuksista helposti. Se on luotu projektip\u00e4\u00e4llik\u00f6ilt\u00e4 projektip\u00e4\u00e4llik\u00f6ille.","breadcrumb":{"@id":"https:\/\/planyard.com\/fi\/ilmainen-rakennusaikataulupohja-excelille-lataa-nyt#breadcrumb"},"inLanguage":"fi","potentialAction":[{"@type":"ReadAction","target":["https:\/\/planyard.com\/fi\/ilmainen-rakennusaikataulupohja-excelille-lataa-nyt"]}]},{"@type":"ImageObject","inLanguage":"fi","@id":"https:\/\/planyard.com\/fi\/ilmainen-rakennusaikataulupohja-excelille-lataa-nyt#primaryimage","url":"https:\/\/planyard.com\/wp-content\/uploads\/2025\/01\/image-11.png","contentUrl":"https:\/\/planyard.com\/wp-content\/uploads\/2025\/01\/image-11.png"},{"@type":"BreadcrumbList","@id":"https:\/\/planyard.com\/fi\/ilmainen-rakennusaikataulupohja-excelille-lataa-nyt#breadcrumb","itemListElement":[{"@type":"ListItem","position":1,"name":"Home","item":"https:\/\/planyard.com\/fi"},{"@type":"ListItem","position":2,"name":"Ilmainen rakennusaikataulupohja Excelille \u2013 Lataa nyt"}]},{"@type":"WebSite","@id":"https:\/\/planyard.com\/fi#website","url":"https:\/\/planyard.com\/fi","name":"Planyard Suomi","description":"","potentialAction":[{"@type":"SearchAction","target":{"@type":"EntryPoint","urlTemplate":"https:\/\/planyard.com\/fi?s={search_term_string}"},"query-input":{"@type":"PropertyValueSpecification","valueRequired":true,"valueName":"search_term_string"}}],"inLanguage":"fi"}]}},"_links":{"self":[{"href":"https:\/\/planyard.com\/fi\/wp-json\/wp\/v2\/pages\/11814","targetHints":{"allow":["GET"]}}],"collection":[{"href":"https:\/\/planyard.com\/fi\/wp-json\/wp\/v2\/pages"}],"about":[{"href":"https:\/\/planyard.com\/fi\/wp-json\/wp\/v2\/types\/page"}],"author":[{"embeddable":true,"href":"https:\/\/planyard.com\/fi\/wp-json\/wp\/v2\/users\/4"}],"replies":[{"embeddable":true,"href":"https:\/\/planyard.com\/fi\/wp-json\/wp\/v2\/comments?post=11814"}],"version-history":[{"count":4,"href":"https:\/\/planyard.com\/fi\/wp-json\/wp\/v2\/pages\/11814\/revisions"}],"predecessor-version":[{"id":16893,"href":"https:\/\/planyard.com\/fi\/wp-json\/wp\/v2\/pages\/11814\/revisions\/16893"}],"wp:attachment":[{"href":"https:\/\/planyard.com\/fi\/wp-json\/wp\/v2\/media?parent=11814"}],"wp:term":[{"taxonomy":"page_intent","embeddable":true,"href":"https:\/\/planyard.com\/fi\/wp-json\/wp\/v2\/page_intent?post=11814"},{"taxonomy":"page_type","embeddable":true,"href":"https:\/\/planyard.com\/fi\/wp-json\/wp\/v2\/page_type?post=11814"}],"curies":[{"name":"wp","href":"https:\/\/api.w.org\/{rel}","templated":true}]}}