{"id":11812,"date":"2024-09-25T08:20:28","date_gmt":"2024-09-25T08:20:28","guid":{"rendered":"https:\/\/planyard.com\/real-time-financial-control-for-construction-leaders"},"modified":"2025-05-17T17:17:34","modified_gmt":"2025-05-17T17:17:34","slug":"taloudellinen-hallinta-rakennusalan-johtajille","status":"publish","type":"page","link":"https:\/\/planyard.com\/fi\/taloudellinen-hallinta-rakennusalan-johtajille","title":{"rendered":"Taloudellinen hallinta johdolle ja omistajille"},"content":{"rendered":"","protected":false},"excerpt":{"rendered":"","protected":false},"author":5,"featured_media":0,"parent":0,"menu_order":0,"comment_status":"closed","ping_status":"closed","template":"","meta":{"_acf_changed":false,"content-type":"","footnotes":""},"page_intent":[193],"page_type":[],"class_list":["post-11812","page","type-page","status-publish","hentry"],"acf":[],"yoast_head":"<!-- This site is optimized with the Yoast SEO plugin v26.9 - https:\/\/yoast.com\/product\/yoast-seo-wordpress\/ -->\n<title>Taloudellinen hallinta rakennusalan omistajille \u2013 Kokeile ilmaiseksi<\/title>\n<meta name=\"description\" content=\"Vaivaton taloudellinen hallinta johdolle ja yrityksen omistajille reaaliaikaisella l\u00e4pin\u00e4kyvyydell\u00e4 ja virtaviivaisella kustannusseurannalla Planyardilla. Kokeile ilmaiseksi.\" \/>\n<meta name=\"robots\" content=\"index, follow, max-snippet:-1, max-image-preview:large, max-video-preview:-1\" \/>\n<link rel=\"canonical\" href=\"https:\/\/planyard.com\/fi\/taloudellinen-hallinta-rakennusalan-johtajille\" \/>\n<meta property=\"og:locale\" content=\"fi_FI\" \/>\n<meta property=\"og:type\" content=\"article\" \/>\n<meta property=\"og:title\" content=\"Taloudellinen hallinta rakennusalan omistajille \u2013 Kokeile ilmaiseksi\" \/>\n<meta property=\"og:description\" content=\"Vaivaton taloudellinen hallinta johdolle ja yrityksen omistajille reaaliaikaisella l\u00e4pin\u00e4kyvyydell\u00e4 ja virtaviivaisella kustannusseurannalla Planyardilla. Kokeile ilmaiseksi.\" \/>\n<meta property=\"og:url\" content=\"https:\/\/planyard.com\/fi\/taloudellinen-hallinta-rakennusalan-johtajille\" \/>\n<meta property=\"og:site_name\" content=\"Planyard Suomi\" \/>\n<meta property=\"article:modified_time\" content=\"2025-05-17T17:17:34+00:00\" \/>\n<meta name=\"twitter:card\" content=\"summary_large_image\" \/>\n<!-- \/ Yoast SEO plugin. -->","yoast_head_json":{"title":"Taloudellinen hallinta rakennusalan omistajille \u2013 Kokeile ilmaiseksi","description":"Vaivaton taloudellinen hallinta johdolle ja yrityksen omistajille reaaliaikaisella l\u00e4pin\u00e4kyvyydell\u00e4 ja virtaviivaisella kustannusseurannalla Planyardilla. Kokeile ilmaiseksi.","robots":{"index":"index","follow":"follow","max-snippet":"max-snippet:-1","max-image-preview":"max-image-preview:large","max-video-preview":"max-video-preview:-1"},"canonical":"https:\/\/planyard.com\/fi\/taloudellinen-hallinta-rakennusalan-johtajille","og_locale":"fi_FI","og_type":"article","og_title":"Taloudellinen hallinta rakennusalan omistajille \u2013 Kokeile ilmaiseksi","og_description":"Vaivaton taloudellinen hallinta johdolle ja yrityksen omistajille reaaliaikaisella l\u00e4pin\u00e4kyvyydell\u00e4 ja virtaviivaisella kustannusseurannalla Planyardilla. Kokeile ilmaiseksi.","og_url":"https:\/\/planyard.com\/fi\/taloudellinen-hallinta-rakennusalan-johtajille","og_site_name":"Planyard Suomi","article_modified_time":"2025-05-17T17:17:34+00:00","twitter_card":"summary_large_image","schema":{"@context":"https:\/\/schema.org","@graph":[{"@type":"WebPage","@id":"https:\/\/planyard.com\/fi\/taloudellinen-hallinta-rakennusalan-johtajille","url":"https:\/\/planyard.com\/fi\/taloudellinen-hallinta-rakennusalan-johtajille","name":"Taloudellinen hallinta rakennusalan omistajille \u2013 Kokeile ilmaiseksi","isPartOf":{"@id":"https:\/\/planyard.com\/fi#website"},"datePublished":"2024-09-25T08:20:28+00:00","dateModified":"2025-05-17T17:17:34+00:00","description":"Vaivaton taloudellinen hallinta johdolle ja yrityksen omistajille reaaliaikaisella l\u00e4pin\u00e4kyvyydell\u00e4 ja virtaviivaisella kustannusseurannalla Planyardilla. Kokeile ilmaiseksi.","breadcrumb":{"@id":"https:\/\/planyard.com\/fi\/taloudellinen-hallinta-rakennusalan-johtajille#breadcrumb"},"inLanguage":"fi","potentialAction":[{"@type":"ReadAction","target":["https:\/\/planyard.com\/fi\/taloudellinen-hallinta-rakennusalan-johtajille"]}]},{"@type":"BreadcrumbList","@id":"https:\/\/planyard.com\/fi\/taloudellinen-hallinta-rakennusalan-johtajille#breadcrumb","itemListElement":[{"@type":"ListItem","position":1,"name":"Home","item":"https:\/\/planyard.com\/fi"},{"@type":"ListItem","position":2,"name":"Taloudellinen hallinta johdolle ja omistajille"}]},{"@type":"WebSite","@id":"https:\/\/planyard.com\/fi#website","url":"https:\/\/planyard.com\/fi","name":"Planyard Suomi","description":"","potentialAction":[{"@type":"SearchAction","target":{"@type":"EntryPoint","urlTemplate":"https:\/\/planyard.com\/fi?s={search_term_string}"},"query-input":{"@type":"PropertyValueSpecification","valueRequired":true,"valueName":"search_term_string"}}],"inLanguage":"fi"}]}},"_links":{"self":[{"href":"https:\/\/planyard.com\/fi\/wp-json\/wp\/v2\/pages\/11812","targetHints":{"allow":["GET"]}}],"collection":[{"href":"https:\/\/planyard.com\/fi\/wp-json\/wp\/v2\/pages"}],"about":[{"href":"https:\/\/planyard.com\/fi\/wp-json\/wp\/v2\/types\/page"}],"author":[{"embeddable":true,"href":"https:\/\/planyard.com\/fi\/wp-json\/wp\/v2\/users\/5"}],"replies":[{"embeddable":true,"href":"https:\/\/planyard.com\/fi\/wp-json\/wp\/v2\/comments?post=11812"}],"version-history":[{"count":1,"href":"https:\/\/planyard.com\/fi\/wp-json\/wp\/v2\/pages\/11812\/revisions"}],"predecessor-version":[{"id":11902,"href":"https:\/\/planyard.com\/fi\/wp-json\/wp\/v2\/pages\/11812\/revisions\/11902"}],"wp:attachment":[{"href":"https:\/\/planyard.com\/fi\/wp-json\/wp\/v2\/media?parent=11812"}],"wp:term":[{"taxonomy":"page_intent","embeddable":true,"href":"https:\/\/planyard.com\/fi\/wp-json\/wp\/v2\/page_intent?post=11812"},{"taxonomy":"page_type","embeddable":true,"href":"https:\/\/planyard.com\/fi\/wp-json\/wp\/v2\/page_type?post=11812"}],"curies":[{"name":"wp","href":"https:\/\/api.w.org\/{rel}","templated":true}]}}