{"id":11811,"date":"2025-04-04T10:49:04","date_gmt":"2025-04-04T10:49:04","guid":{"rendered":"https:\/\/planyard.com\/planyard-essential-functionality-setup"},"modified":"2025-05-19T17:41:14","modified_gmt":"2025-05-19T17:41:14","slug":"planyard-olennaisten-toimintojen-asennus","status":"publish","type":"page","link":"https:\/\/planyard.com\/fi\/planyard-olennaisten-toimintojen-asennus","title":{"rendered":"Olennaisten toimintojen asennusopas"},"content":{"rendered":"\n<p>Planyardin olennaiset ominaisuudet poistavat taulukkolaskentojen tarpeen virtaviivaistamalla kustannusarviointia, asiakastarjouksia, laskujen k\u00e4sittely\u00e4 ja reaaliaikaista budjettiseurantaa automaattisilla budjettip\u00e4ivityksill\u00e4 ja saumattomalla kirjanpidon integroinnilla.<\/p>\n\n\n\n<h2 class=\"wp-block-heading\">1. Kustannusarviointi ja asiakastarjoukset<\/h2>\n\n\n\n<ul class=\"wp-block-list\">\n<li>T\u00e4ss\u00e4 on&nbsp;<a href=\"https:\/\/planyard.com\/fi\/planyardin-kustannusarvio-ja-tarjoustoimintojen-koulutusvideot\" target=\"_blank\" rel=\"noreferrer noopener\">4 minuutin opastettu video<\/a>&nbsp;nopeaan aloitukseen.<\/li>\n\n\n\n<li>Siirry kohtaan\u00a0<a href=\"https:\/\/app.planyard.com\/company\/settings#\/company\/settings\" target=\"_blank\" rel=\"noreferrer noopener\">Yritys \u2192 Asetukset<\/a>\u00a0sy\u00f6tt\u00e4\u00e4ksesi yrityksesi tiedot\u2014ne lis\u00e4t\u00e4\u00e4n automaattisesti PDF-tarjouksiisi.<\/li>\n\n\n\n<li>Tarkista ja p\u00e4ivit\u00e4 tarjousehtojen mallisi kohdassa\u00a0<a href=\"https:\/\/app.planyard.com\/company\/settings#\/company\/settings?tab=features\" target=\"_blank\" rel=\"noreferrer noopener\">Yritys \u2192 Yrityksen laajuiset ominaisuudet \u2192 Asiakastarjouksen ehdot.<\/a><\/li>\n\n\n\n<li>Muokkaa arviointiputkeasi kohdassa\u00a0<a href=\"https:\/\/app.planyard.com\/company\/settings#\/company\/settings?tab=features\">Yritys \u2192 Yrityksen laajuiset ominaisuudet<\/a> \u2192 Budjetointiputken vaiheet &amp; Asiakastarjouksen ehdot.<\/li>\n<\/ul>\n\n\n\n<p><\/p>\n\n\n\n<h2 class=\"wp-block-heading\">2. Projektin budjetin hallinta ja laskujen k\u00e4sittely<\/h2>\n\n\n\n<ul class=\"wp-block-list\">\n<li><a href=\"https:\/\/youtu.be\/oWLReUavnDY\">Katso t\u00e4m\u00e4 2 minuutin esittelyvideo<\/a>\u00a0oppia k\u00e4sittelem\u00e4\u00e4n aliurakoitsijoiden ja toimittajien laskuja automaattisilla budjettip\u00e4ivityksill\u00e4 ja saumattomalla kirjanpidon integroinnilla.<\/li>\n<\/ul>\n\n\n\n<ol class=\"wp-block-list\">\n<li>Aloita seuraava projektisi Planyardissa: Siirry Planyard \u2192 Projektit \u2192 Luo projekti, ja seuraa lyhyit\u00e4 1\u20132 minuutin video-oppaita ladataksesi aloitusprojektin budjetin taulukkolaskennasta.<\/li>\n\n\n\n<li>Parhaat tavat yhdist\u00e4\u00e4 toimittajien ja aliurakoitsijoiden laskut projekteihisi:<\/li>\n\n<ol class=\"wp-block-list\">\n<li><a href=\"https:\/\/www.youtube.com\/watch?v=2vl0Y8rcoHs&amp;ab_channel=Planyard\" target=\"_blank\" rel=\"noreferrer noopener\">Tuo laskut automaattisesti<\/a>\u00a0ostovelka-s\u00e4hk\u00f6postisi kautta\u00a0(suosituin).<\/li>\n\n\n\n<li>K\u00e4sittele laskuja suoraan\u00a0<a href=\"https:\/\/www.youtube.com\/watch?v=-eJj0xiNqUs&amp;ab_channel=Planyard\" target=\"_blank\" rel=\"noreferrer noopener\">Outlookista<\/a>\u00a0tai\u00a0<a href=\"https:\/\/www.youtube.com\/watch?v=aYRBl17hUEU&amp;ab_channel=Planyard\" target=\"_blank\" rel=\"noreferrer noopener\">Gmailista<\/a><strong>\u00a0<\/strong>s\u00e4hk\u00f6postia selatessasi.<\/li>\n\n\n\n<li>Skannaa\u00a0paperikuitit mobiililaitteella\u2014milloin ja miss\u00e4 tahansa.\u00a0<a href=\"https:\/\/www.youtube.com\/watch?v=1QhcGHX49bE&amp;ab_channel=Planyard\" target=\"_blank\" rel=\"noreferrer noopener\">iPhone<\/a>\u00a0&amp;\u00a0<a href=\"https:\/\/www.youtube.com\/watch?v=2eLWF1dFt8Q&amp;ab_channel=Planyard\" target=\"_blank\" rel=\"noreferrer noopener\">Android<\/a><\/li>\n<\/ol>\n<\/li>\n\n\n\n<li>Automatisoi laskujen k\u00e4sittely kirjanpitoon:<\/li>\n\n<ol class=\"wp-block-list\">\n<li>Integroi\u00a0<a href=\"https:\/\/central.planyard.com\/planyard-xero-integration\" target=\"_blank\" rel=\"noreferrer noopener\">Xeron<\/a><strong>,\u00a0<\/strong><a href=\"https:\/\/central.planyard.com\/planyard-quickbooks-integration\" target=\"_blank\" rel=\"noreferrer noopener\">QuickBooksin<\/a><strong>,\u00a0<\/strong><a href=\"https:\/\/central.planyard.com\/planyard-sage-accounting\" target=\"_blank\" rel=\"noreferrer noopener\">Sagen<\/a> tai\u00a0<a href=\"https:\/\/central.planyard.com\/planyard-myob-integration\" target=\"_blank\" rel=\"noreferrer noopener\">MYOBin<\/a>\u00a0kanssa poistaaksesi manuaalisen tietojen sy\u00f6tt\u00e4misen.<\/li>\n\n\n\n<li>Tai anna&nbsp;<a href=\"https:\/\/central.planyard.com\/connect-accountants-email-for-notifications\" target=\"_blank\" rel=\"noreferrer noopener\">Planyardin l\u00e4hett\u00e4\u00e4 automaattisesti<\/a>&nbsp;projektip\u00e4\u00e4llik\u00f6n tai kustannuslaskijan hyv\u00e4ksym\u00e4t laskut suoraan kirjanpit\u00e4j\u00e4si s\u00e4hk\u00f6postiin. (Sopii testaukseen)<\/li>\n<\/ol>\n<\/li>\n<\/ol>\n","protected":false},"excerpt":{"rendered":"<p>Planyardin olennaiset ominaisuudet poistavat taulukkolaskentojen tarpeen virtaviivaistamalla kustannusarviointia, asiakastarjouksia, laskujen k\u00e4sittely\u00e4 ja reaaliaikaista budjettiseurantaa automaattisilla budjettip\u00e4ivityksill\u00e4 ja saumattomalla kirjanpidon integroinnilla. 1. Kustannusarviointi ja asiakastarjoukset 2. Projektin budjetin hallinta ja laskujen k\u00e4sittely<\/p>\n","protected":false},"author":4,"featured_media":0,"parent":0,"menu_order":0,"comment_status":"closed","ping_status":"closed","template":"page-smallheader.php","meta":{"_acf_changed":false,"content-type":"","footnotes":""},"page_intent":[],"page_type":[],"class_list":["post-11811","page","type-page","status-publish","hentry"],"acf":[],"yoast_head":"<!-- This site is optimized with the Yoast SEO plugin v26.9 - https:\/\/yoast.com\/product\/yoast-seo-wordpress\/ -->\n<title>Planyard Olennaisten Asennusopas \u2013 Pienille Rakennusyrityksille<\/title>\n<meta name=\"description\" content=\"Aloita Planyard Essentialin k\u00e4ytt\u00f6 minuuteissa. T\u00e4m\u00e4 nopea asennusopas auttaa pieni\u00e4 rakennusyrityksi\u00e4 siirtym\u00e4\u00e4n taulukkolaskennasta reaaliaikaiseen budjettiseurantaan, tarjouksiin ja laskujen hallintaan\u2014ilman konsultteja tai IT-tukea.\" \/>\n<meta name=\"robots\" content=\"index, follow, max-snippet:-1, max-image-preview:large, max-video-preview:-1\" \/>\n<link rel=\"canonical\" href=\"https:\/\/planyard.com\/fi\/planyard-olennaisten-toimintojen-asennus\" \/>\n<meta property=\"og:locale\" content=\"fi_FI\" \/>\n<meta property=\"og:type\" content=\"article\" \/>\n<meta property=\"og:title\" content=\"Planyard Olennaisten Asennusopas \u2013 Pienille Rakennusyrityksille\" \/>\n<meta property=\"og:description\" content=\"Aloita Planyard Essentialin k\u00e4ytt\u00f6 minuuteissa. T\u00e4m\u00e4 nopea asennusopas auttaa pieni\u00e4 rakennusyrityksi\u00e4 siirtym\u00e4\u00e4n taulukkolaskennasta reaaliaikaiseen budjettiseurantaan, tarjouksiin ja laskujen hallintaan\u2014ilman konsultteja tai IT-tukea.\" \/>\n<meta property=\"og:url\" content=\"https:\/\/planyard.com\/fi\/planyard-olennaisten-toimintojen-asennus\" \/>\n<meta property=\"og:site_name\" content=\"Planyard Suomi\" \/>\n<meta property=\"article:modified_time\" content=\"2025-05-19T17:41:14+00:00\" \/>\n<meta name=\"twitter:card\" content=\"summary_large_image\" \/>\n<meta name=\"twitter:label1\" content=\"Arvioitu lukuaika\" \/>\n\t<meta name=\"twitter:data1\" content=\"1 minuutti\" \/>\n<!-- \/ Yoast SEO plugin. -->","yoast_head_json":{"title":"Planyard Olennaisten Asennusopas \u2013 Pienille Rakennusyrityksille","description":"Aloita Planyard Essentialin k\u00e4ytt\u00f6 minuuteissa. T\u00e4m\u00e4 nopea asennusopas auttaa pieni\u00e4 rakennusyrityksi\u00e4 siirtym\u00e4\u00e4n taulukkolaskennasta reaaliaikaiseen budjettiseurantaan, tarjouksiin ja laskujen hallintaan\u2014ilman konsultteja tai IT-tukea.","robots":{"index":"index","follow":"follow","max-snippet":"max-snippet:-1","max-image-preview":"max-image-preview:large","max-video-preview":"max-video-preview:-1"},"canonical":"https:\/\/planyard.com\/fi\/planyard-olennaisten-toimintojen-asennus","og_locale":"fi_FI","og_type":"article","og_title":"Planyard Olennaisten Asennusopas \u2013 Pienille Rakennusyrityksille","og_description":"Aloita Planyard Essentialin k\u00e4ytt\u00f6 minuuteissa. T\u00e4m\u00e4 nopea asennusopas auttaa pieni\u00e4 rakennusyrityksi\u00e4 siirtym\u00e4\u00e4n taulukkolaskennasta reaaliaikaiseen budjettiseurantaan, tarjouksiin ja laskujen hallintaan\u2014ilman konsultteja tai IT-tukea.","og_url":"https:\/\/planyard.com\/fi\/planyard-olennaisten-toimintojen-asennus","og_site_name":"Planyard Suomi","article_modified_time":"2025-05-19T17:41:14+00:00","twitter_card":"summary_large_image","twitter_misc":{"Arvioitu lukuaika":"1 minuutti"},"schema":{"@context":"https:\/\/schema.org","@graph":[{"@type":"WebPage","@id":"https:\/\/planyard.com\/fi\/planyard-olennaisten-toimintojen-asennus","url":"https:\/\/planyard.com\/fi\/planyard-olennaisten-toimintojen-asennus","name":"Planyard Olennaisten Asennusopas \u2013 Pienille Rakennusyrityksille","isPartOf":{"@id":"https:\/\/planyard.com\/fi#website"},"datePublished":"2025-04-04T10:49:04+00:00","dateModified":"2025-05-19T17:41:14+00:00","description":"Aloita Planyard Essentialin k\u00e4ytt\u00f6 minuuteissa. T\u00e4m\u00e4 nopea asennusopas auttaa pieni\u00e4 rakennusyrityksi\u00e4 siirtym\u00e4\u00e4n taulukkolaskennasta reaaliaikaiseen budjettiseurantaan, tarjouksiin ja laskujen hallintaan\u2014ilman konsultteja tai IT-tukea.","breadcrumb":{"@id":"https:\/\/planyard.com\/fi\/planyard-olennaisten-toimintojen-asennus#breadcrumb"},"inLanguage":"fi","potentialAction":[{"@type":"ReadAction","target":["https:\/\/planyard.com\/fi\/planyard-olennaisten-toimintojen-asennus"]}]},{"@type":"BreadcrumbList","@id":"https:\/\/planyard.com\/fi\/planyard-olennaisten-toimintojen-asennus#breadcrumb","itemListElement":[{"@type":"ListItem","position":1,"name":"Home","item":"https:\/\/planyard.com\/fi"},{"@type":"ListItem","position":2,"name":"Olennaisten toimintojen asennusopas"}]},{"@type":"WebSite","@id":"https:\/\/planyard.com\/fi#website","url":"https:\/\/planyard.com\/fi","name":"Planyard Suomi","description":"","potentialAction":[{"@type":"SearchAction","target":{"@type":"EntryPoint","urlTemplate":"https:\/\/planyard.com\/fi?s={search_term_string}"},"query-input":{"@type":"PropertyValueSpecification","valueRequired":true,"valueName":"search_term_string"}}],"inLanguage":"fi"}]}},"_links":{"self":[{"href":"https:\/\/planyard.com\/fi\/wp-json\/wp\/v2\/pages\/11811","targetHints":{"allow":["GET"]}}],"collection":[{"href":"https:\/\/planyard.com\/fi\/wp-json\/wp\/v2\/pages"}],"about":[{"href":"https:\/\/planyard.com\/fi\/wp-json\/wp\/v2\/types\/page"}],"author":[{"embeddable":true,"href":"https:\/\/planyard.com\/fi\/wp-json\/wp\/v2\/users\/4"}],"replies":[{"embeddable":true,"href":"https:\/\/planyard.com\/fi\/wp-json\/wp\/v2\/comments?post=11811"}],"version-history":[{"count":3,"href":"https:\/\/planyard.com\/fi\/wp-json\/wp\/v2\/pages\/11811\/revisions"}],"predecessor-version":[{"id":16062,"href":"https:\/\/planyard.com\/fi\/wp-json\/wp\/v2\/pages\/11811\/revisions\/16062"}],"wp:attachment":[{"href":"https:\/\/planyard.com\/fi\/wp-json\/wp\/v2\/media?parent=11811"}],"wp:term":[{"taxonomy":"page_intent","embeddable":true,"href":"https:\/\/planyard.com\/fi\/wp-json\/wp\/v2\/page_intent?post=11811"},{"taxonomy":"page_type","embeddable":true,"href":"https:\/\/planyard.com\/fi\/wp-json\/wp\/v2\/page_type?post=11811"}],"curies":[{"name":"wp","href":"https:\/\/api.w.org\/{rel}","templated":true}]}}