{"id":11809,"date":"2024-08-23T13:33:52","date_gmt":"2024-08-23T13:33:52","guid":{"rendered":"https:\/\/planyard.com\/practical-construction-project-management-guide-for-beginners"},"modified":"2025-06-12T09:14:59","modified_gmt":"2025-06-12T09:14:59","slug":"kaytannon-opas-rakennusprojektien-hallintaan-aloittelijoille","status":"publish","type":"page","link":"https:\/\/planyard.com\/fi\/kaytannon-opas-rakennusprojektien-hallintaan-aloittelijoille","title":{"rendered":"Lataa k\u00e4yt\u00e4nn\u00f6n opas rakennusprojektien hallintaan aloittelijoille"},"content":{"rendered":"\n<div class=\"wp-block-columns is-layout-flex wp-container-core-columns-is-layout-9d6595d7 wp-block-columns-is-layout-flex\">\n<div class=\"wp-block-column is-layout-flow wp-block-column-is-layout-flow\">\n<h2 class=\"wp-block-heading\">Tilaa nyt ja lataa ilmainen opas rakennusprojektien hallintaan<\/h2>\n\n\n\n<h5 class=\"wp-block-heading\">Miten t\u00e4m\u00e4n oppaan lukeminen hy\u00f6dytt\u00e4\u00e4 sinua?<\/h5>\n\n\n\n<ol class=\"wp-block-list\">\n<li>Hankit tietoa aikataulujen laatimisesta<\/li>\n\n\n\n<li>Opit, miten rakentaa hyv\u00e4 hankintaprosessi<\/li>\n\n\n\n<li>Opit, mihin asioihin tulee kiinnitt\u00e4\u00e4 huomiota projekteja l\u00e4pik\u00e4ydess\u00e4<\/li>\n\n\n\n<li>Opit erilaisista sopimustyypeist\u00e4<\/li>\n\n\n\n<li>Opit, miten delegoida teht\u00e4vi\u00e4 ja motivoida tiimi\u00e4si<\/li>\n<\/ol>\n\n\n\n<p>Luotu projektip\u00e4\u00e4llik\u00f6ilt\u00e4 projektip\u00e4\u00e4llik\u00f6ille<\/p>\n<\/div>\n\n\n\n<div class=\"wp-block-column is-layout-flow wp-block-column-is-layout-flow\">\n<div id=\"mc_embed_shell\">\n      <link href=\"\/\/cdn-images.mailchimp.com\/embedcode\/classic-061523.css\" rel=\"stylesheet\" type=\"text\/css\">\n  <style type=\"text\/css\">\n        #mc_embed_signup{background:#fff; false;clear:left; font:14px Helvetica,Arial,sans-serif; width: 600px;}\n        \/* Add your own Mailchimp form style overrides in your site stylesheet or in this style block.\n           We recommend moving this block and the preceding CSS link to the HEAD of your HTML file. *\/\n<\/style>\n<div id=\"mc_embed_signup\">\n    <form action=\"https:\/\/fizure.us20.list-manage.com\/subscribe\/post?u=f9f67b9f9dc3438656ad73fc8&amp;id=f8c5dc20cf&amp;f_id=008b20eef0\" method=\"post\" id=\"mc-embedded-subscribe-form\" name=\"mc-embedded-subscribe-form\" class=\"validate\" target=\"_blank\">\n        <div id=\"mc_embed_signup_scroll\"><h2>Subscribe<\/h2>\n            <div class=\"indicates-required\"><span class=\"asterisk\">*<\/span> indicates required<\/div>\n            <div class=\"mc-field-group\"><label for=\"mce-EMAIL\">Email Address <span class=\"asterisk\">*<\/span><\/label><input type=\"email\" name=\"EMAIL\" class=\"required email\" id=\"mce-EMAIL\" required=\"\" value=\"\"><\/div><div class=\"mc-field-group\"><label for=\"mce-FNAME\">First Name <\/label><input type=\"text\" name=\"FNAME\" class=\" text\" id=\"mce-FNAME\" value=\"\"><\/div><div class=\"mc-field-group\"><label for=\"mce-LNAME\">Last Name <\/label><input type=\"text\" name=\"LNAME\" class=\" text\" id=\"mce-LNAME\" value=\"\"><\/div><div class=\"mc-field-group\"><label for=\"mce-COMPANY\">Company <span class=\"asterisk\">*<\/span><\/label><input type=\"text\" name=\"COMPANY\" class=\"required text\" id=\"mce-COMPANY\" required=\"\" value=\"\"><\/div><div class=\"mc-field-group\"><label for=\"mce-PHONE\">Phone Number <\/label><input type=\"text\" name=\"PHONE\" class=\"REQ_CSS\" id=\"mce-PHONE\" value=\"\"><\/div><div class=\"mc-field-group\"><label for=\"mce-MMERGE8\">Role <span class=\"asterisk\">*<\/span><\/label><input type=\"text\" name=\"MMERGE8\" class=\"required text\" id=\"mce-MMERGE8\" required=\"\" value=\"\"><\/div>\n<div hidden=\"\"><input type=\"hidden\" name=\"tags\" value=\"4263455\"><\/div>\n        <div id=\"mce-responses\" class=\"clear\">\n            <div class=\"response\" id=\"mce-error-response\" style=\"display: none;\"><\/div>\n            <div class=\"response\" id=\"mce-success-response\" style=\"display: none;\"><\/div>\n        <\/div><div aria-hidden=\"true\" style=\"position: absolute; left: -5000px;\"><input type=\"text\" name=\"b_f9f67b9f9dc3438656ad73fc8_f8c5dc20cf\" tabindex=\"-1\" value=\"\"><\/div><div class=\"clear\"><input type=\"submit\" name=\"subscribe\" id=\"mc-embedded-subscribe\" class=\"button\" value=\"Subscribe\"><\/div>\n    <\/div>\n<\/form>\n<\/div>\n<script type=\"text\/javascript\" src=\"\/\/s3.amazonaws.com\/downloads.mailchimp.com\/js\/mc-validate.js\"><\/script><script type=\"text\/javascript\">(function($) {window.fnames = new Array(); window.ftypes = new Array();fnames[0]='EMAIL';ftypes[0]='email';fnames[1]='FNAME';ftypes[1]='text';fnames[2]='LNAME';ftypes[2]='text';fnames[7]='COMPANY';ftypes[7]='text';fnames[4]='PHONE';ftypes[4]='phone';fnames[8]='MMERGE8';ftypes[8]='text';fnames[3]='ADDRESS';ftypes[3]='address';fnames[5]='BIRTHDAY';ftypes[5]='birthday';fnames[6]='ORIGIN';ftypes[6]='text';}(jQuery));var $mcj = jQuery.noConflict(true);<\/script><\/div>\n<\/div>\n<\/div>\n\n\n\n<p class=\"has-text-align-center\"><\/p>\n\n\n\n<p><\/p>\n","protected":false},"excerpt":{"rendered":"<p>Tilaa nyt ja lataa ilmainen opas rakennusprojektien hallintaan Miten t\u00e4m\u00e4n oppaan lukeminen hy\u00f6dytt\u00e4\u00e4 sinua? Luotu projektip\u00e4\u00e4llik\u00f6ilt\u00e4 projektip\u00e4\u00e4llik\u00f6ille Subscribe * indicates required Email Address * First Name Last Name Company * Phone Number Role *<\/p>\n","protected":false},"author":2,"featured_media":0,"parent":0,"menu_order":0,"comment_status":"closed","ping_status":"closed","template":"","meta":{"_acf_changed":false,"content-type":"","footnotes":""},"page_intent":[163],"page_type":[],"class_list":["post-11809","page","type-page","status-publish","hentry"],"acf":[],"yoast_head":"<!-- This site is optimized with the Yoast SEO plugin v26.9 - https:\/\/yoast.com\/product\/yoast-seo-wordpress\/ -->\n<title>Lataa k\u00e4yt\u00e4nn\u00f6n opas rakennusprojektien hallintaan aloittelijoille - Planyard Suomi<\/title>\n<meta name=\"description\" content=\"T\u00e4yt\u00e4 lomake ja lataa opas rakennusprojektien hallintaan ja paranna projektinhallintataitojasi.\" \/>\n<meta name=\"robots\" content=\"index, follow, max-snippet:-1, max-image-preview:large, max-video-preview:-1\" \/>\n<link rel=\"canonical\" href=\"https:\/\/planyard.com\/fi\/kaytannon-opas-rakennusprojektien-hallintaan-aloittelijoille\" \/>\n<meta property=\"og:locale\" content=\"fi_FI\" \/>\n<meta property=\"og:type\" content=\"article\" \/>\n<meta property=\"og:title\" content=\"Lataa k\u00e4yt\u00e4nn\u00f6n opas rakennusprojektien hallintaan aloittelijoille - Planyard Suomi\" \/>\n<meta property=\"og:description\" content=\"T\u00e4yt\u00e4 lomake ja lataa opas rakennusprojektien hallintaan ja paranna projektinhallintataitojasi.\" \/>\n<meta property=\"og:url\" content=\"https:\/\/planyard.com\/fi\/kaytannon-opas-rakennusprojektien-hallintaan-aloittelijoille\" \/>\n<meta property=\"og:site_name\" content=\"Planyard Suomi\" \/>\n<meta property=\"article:modified_time\" content=\"2025-06-12T09:14:59+00:00\" \/>\n<meta name=\"twitter:card\" content=\"summary_large_image\" \/>\n<meta name=\"twitter:label1\" content=\"Arvioitu lukuaika\" \/>\n\t<meta name=\"twitter:data1\" content=\"1 minuutti\" \/>\n<!-- \/ Yoast SEO plugin. -->","yoast_head_json":{"title":"Lataa k\u00e4yt\u00e4nn\u00f6n opas rakennusprojektien hallintaan aloittelijoille - Planyard Suomi","description":"T\u00e4yt\u00e4 lomake ja lataa opas rakennusprojektien hallintaan ja paranna projektinhallintataitojasi.","robots":{"index":"index","follow":"follow","max-snippet":"max-snippet:-1","max-image-preview":"max-image-preview:large","max-video-preview":"max-video-preview:-1"},"canonical":"https:\/\/planyard.com\/fi\/kaytannon-opas-rakennusprojektien-hallintaan-aloittelijoille","og_locale":"fi_FI","og_type":"article","og_title":"Lataa k\u00e4yt\u00e4nn\u00f6n opas rakennusprojektien hallintaan aloittelijoille - Planyard Suomi","og_description":"T\u00e4yt\u00e4 lomake ja lataa opas rakennusprojektien hallintaan ja paranna projektinhallintataitojasi.","og_url":"https:\/\/planyard.com\/fi\/kaytannon-opas-rakennusprojektien-hallintaan-aloittelijoille","og_site_name":"Planyard Suomi","article_modified_time":"2025-06-12T09:14:59+00:00","twitter_card":"summary_large_image","twitter_misc":{"Arvioitu lukuaika":"1 minuutti"},"schema":{"@context":"https:\/\/schema.org","@graph":[{"@type":"WebPage","@id":"https:\/\/planyard.com\/fi\/kaytannon-opas-rakennusprojektien-hallintaan-aloittelijoille","url":"https:\/\/planyard.com\/fi\/kaytannon-opas-rakennusprojektien-hallintaan-aloittelijoille","name":"Lataa k\u00e4yt\u00e4nn\u00f6n opas rakennusprojektien hallintaan aloittelijoille - Planyard Suomi","isPartOf":{"@id":"https:\/\/planyard.com\/fi#website"},"datePublished":"2024-08-23T13:33:52+00:00","dateModified":"2025-06-12T09:14:59+00:00","description":"T\u00e4yt\u00e4 lomake ja lataa opas rakennusprojektien hallintaan ja paranna projektinhallintataitojasi.","breadcrumb":{"@id":"https:\/\/planyard.com\/fi\/kaytannon-opas-rakennusprojektien-hallintaan-aloittelijoille#breadcrumb"},"inLanguage":"fi","potentialAction":[{"@type":"ReadAction","target":["https:\/\/planyard.com\/fi\/kaytannon-opas-rakennusprojektien-hallintaan-aloittelijoille"]}]},{"@type":"BreadcrumbList","@id":"https:\/\/planyard.com\/fi\/kaytannon-opas-rakennusprojektien-hallintaan-aloittelijoille#breadcrumb","itemListElement":[{"@type":"ListItem","position":1,"name":"Home","item":"https:\/\/planyard.com\/fi"},{"@type":"ListItem","position":2,"name":"Lataa k\u00e4yt\u00e4nn\u00f6n opas rakennusprojektien hallintaan aloittelijoille"}]},{"@type":"WebSite","@id":"https:\/\/planyard.com\/fi#website","url":"https:\/\/planyard.com\/fi","name":"Planyard Suomi","description":"","potentialAction":[{"@type":"SearchAction","target":{"@type":"EntryPoint","urlTemplate":"https:\/\/planyard.com\/fi?s={search_term_string}"},"query-input":{"@type":"PropertyValueSpecification","valueRequired":true,"valueName":"search_term_string"}}],"inLanguage":"fi"}]}},"_links":{"self":[{"href":"https:\/\/planyard.com\/fi\/wp-json\/wp\/v2\/pages\/11809","targetHints":{"allow":["GET"]}}],"collection":[{"href":"https:\/\/planyard.com\/fi\/wp-json\/wp\/v2\/pages"}],"about":[{"href":"https:\/\/planyard.com\/fi\/wp-json\/wp\/v2\/types\/page"}],"author":[{"embeddable":true,"href":"https:\/\/planyard.com\/fi\/wp-json\/wp\/v2\/users\/2"}],"replies":[{"embeddable":true,"href":"https:\/\/planyard.com\/fi\/wp-json\/wp\/v2\/comments?post=11809"}],"version-history":[{"count":4,"href":"https:\/\/planyard.com\/fi\/wp-json\/wp\/v2\/pages\/11809\/revisions"}],"predecessor-version":[{"id":17214,"href":"https:\/\/planyard.com\/fi\/wp-json\/wp\/v2\/pages\/11809\/revisions\/17214"}],"wp:attachment":[{"href":"https:\/\/planyard.com\/fi\/wp-json\/wp\/v2\/media?parent=11809"}],"wp:term":[{"taxonomy":"page_intent","embeddable":true,"href":"https:\/\/planyard.com\/fi\/wp-json\/wp\/v2\/page_intent?post=11809"},{"taxonomy":"page_type","embeddable":true,"href":"https:\/\/planyard.com\/fi\/wp-json\/wp\/v2\/page_type?post=11809"}],"curies":[{"name":"wp","href":"https:\/\/api.w.org\/{rel}","templated":true}]}}