{"id":11807,"date":"2024-08-22T11:00:44","date_gmt":"2024-08-22T11:00:44","guid":{"rendered":"https:\/\/planyard.com\/download-construction-cost-codes"},"modified":"2025-06-04T06:34:22","modified_gmt":"2025-06-04T06:34:22","slug":"lataa-rakennuskustannuskoodit","status":"publish","type":"page","link":"https:\/\/planyard.com\/fi\/lataa-rakennuskustannuskoodit","title":{"rendered":"Lataa rakennuskustannuskoodit"},"content":{"rendered":"\n<div class=\"wp-block-columns is-layout-flex wp-container-core-columns-is-layout-9d6595d7 wp-block-columns-is-layout-flex\">\n<div class=\"wp-block-column is-layout-flow wp-block-column-is-layout-flow\">\n<h2 class=\"wp-block-heading\">Lataa rakennuskustannuskoodit \u2013 taulukkomalli<\/h2>\n\n\n\n<h5 class=\"wp-block-heading\">Lataa Planyard-rakennuskustannuskoodit ilmaiseksi ja pysy helposti ajan tasalla projektikustannuksista.<\/h5>\n\n\n\n<h5 class=\"wp-block-heading\">Hy\u00f6dyt<\/h5>\n\n\n\n<ul class=\"wp-block-list\">\n<li>Kustannusten hallinta<\/li>\n\n\n\n<li>Avainlukujen seuranta<\/li>\n\n\n\n<li>Ihanteellinen yrityksen laajuiseen k\u00e4ytt\u00f6\u00f6n<\/li>\n\n\n\n<li>Visualisoi tulosyksik\u00f6t<\/li>\n\n\n\n<li>Arviointi<\/li>\n\n\n\n<li>Reaaliaikainen seuranta<\/li>\n<\/ul>\n<\/div>\n\n\n\n<div class=\"wp-block-column is-layout-flow wp-block-column-is-layout-flow\">\n<script charset=\"utf-8\" type=\"text\/javascript\" src=\"\/\/js.hsforms.net\/forms\/shell.js\"><\/script>\n<script>\n  hbspt.forms.create({\n\tportalId: \"4963994\",\n\tformId: \"b77db056-6416-45c4-beb7-cf58e6f4e409\"\n});\n<\/script>\n<\/div>\n<\/div>\n","protected":false},"excerpt":{"rendered":"<p>Lataa rakennuskustannuskoodit \u2013 taulukkomalli Lataa Planyard-rakennuskustannuskoodit ilmaiseksi ja pysy helposti ajan tasalla projektikustannuksista. Hy\u00f6dyt<\/p>\n","protected":false},"author":2,"featured_media":0,"parent":0,"menu_order":0,"comment_status":"closed","ping_status":"closed","template":"","meta":{"_acf_changed":false,"content-type":"","footnotes":""},"page_intent":[163],"page_type":[],"class_list":["post-11807","page","type-page","status-publish","hentry"],"acf":[],"yoast_head":"<!-- This site is optimized with the Yoast SEO plugin v26.9 - https:\/\/yoast.com\/product\/yoast-seo-wordpress\/ -->\n<title>Lataa rakennuskustannuskoodit - Planyard Suomi<\/title>\n<meta name=\"description\" content=\"Lataa Planyard-rakennuskustannuskoodit ilmaiseksi ja pysy helposti ajan tasalla projektikustannuksista. Kustannusten hallinta, avainlukujen seuranta, ihanteellinen yrityksen laajuiseen k\u00e4ytt\u00f6\u00f6n ja paljon muuta\" \/>\n<meta name=\"robots\" content=\"index, follow, max-snippet:-1, max-image-preview:large, max-video-preview:-1\" \/>\n<link rel=\"canonical\" href=\"https:\/\/planyard.com\/fi\/lataa-rakennuskustannuskoodit\" \/>\n<meta property=\"og:locale\" content=\"fi_FI\" \/>\n<meta property=\"og:type\" content=\"article\" \/>\n<meta property=\"og:title\" content=\"Lataa rakennuskustannuskoodit - Planyard Suomi\" \/>\n<meta property=\"og:description\" content=\"Lataa Planyard-rakennuskustannuskoodit ilmaiseksi ja pysy helposti ajan tasalla projektikustannuksista. Kustannusten hallinta, avainlukujen seuranta, ihanteellinen yrityksen laajuiseen k\u00e4ytt\u00f6\u00f6n ja paljon muuta\" \/>\n<meta property=\"og:url\" content=\"https:\/\/planyard.com\/fi\/lataa-rakennuskustannuskoodit\" \/>\n<meta property=\"og:site_name\" content=\"Planyard Suomi\" \/>\n<meta property=\"article:modified_time\" content=\"2025-06-04T06:34:22+00:00\" \/>\n<meta name=\"twitter:card\" content=\"summary_large_image\" \/>\n<meta name=\"twitter:label1\" content=\"Arvioitu lukuaika\" \/>\n\t<meta name=\"twitter:data1\" content=\"1 minuutti\" \/>\n<!-- \/ Yoast SEO plugin. -->","yoast_head_json":{"title":"Lataa rakennuskustannuskoodit - Planyard Suomi","description":"Lataa Planyard-rakennuskustannuskoodit ilmaiseksi ja pysy helposti ajan tasalla projektikustannuksista. Kustannusten hallinta, avainlukujen seuranta, ihanteellinen yrityksen laajuiseen k\u00e4ytt\u00f6\u00f6n ja paljon muuta","robots":{"index":"index","follow":"follow","max-snippet":"max-snippet:-1","max-image-preview":"max-image-preview:large","max-video-preview":"max-video-preview:-1"},"canonical":"https:\/\/planyard.com\/fi\/lataa-rakennuskustannuskoodit","og_locale":"fi_FI","og_type":"article","og_title":"Lataa rakennuskustannuskoodit - Planyard Suomi","og_description":"Lataa Planyard-rakennuskustannuskoodit ilmaiseksi ja pysy helposti ajan tasalla projektikustannuksista. Kustannusten hallinta, avainlukujen seuranta, ihanteellinen yrityksen laajuiseen k\u00e4ytt\u00f6\u00f6n ja paljon muuta","og_url":"https:\/\/planyard.com\/fi\/lataa-rakennuskustannuskoodit","og_site_name":"Planyard Suomi","article_modified_time":"2025-06-04T06:34:22+00:00","twitter_card":"summary_large_image","twitter_misc":{"Arvioitu lukuaika":"1 minuutti"},"schema":{"@context":"https:\/\/schema.org","@graph":[{"@type":"WebPage","@id":"https:\/\/planyard.com\/fi\/lataa-rakennuskustannuskoodit","url":"https:\/\/planyard.com\/fi\/lataa-rakennuskustannuskoodit","name":"Lataa rakennuskustannuskoodit - Planyard Suomi","isPartOf":{"@id":"https:\/\/planyard.com\/fi#website"},"datePublished":"2024-08-22T11:00:44+00:00","dateModified":"2025-06-04T06:34:22+00:00","description":"Lataa Planyard-rakennuskustannuskoodit ilmaiseksi ja pysy helposti ajan tasalla projektikustannuksista. Kustannusten hallinta, avainlukujen seuranta, ihanteellinen yrityksen laajuiseen k\u00e4ytt\u00f6\u00f6n ja paljon muuta","breadcrumb":{"@id":"https:\/\/planyard.com\/fi\/lataa-rakennuskustannuskoodit#breadcrumb"},"inLanguage":"fi","potentialAction":[{"@type":"ReadAction","target":["https:\/\/planyard.com\/fi\/lataa-rakennuskustannuskoodit"]}]},{"@type":"BreadcrumbList","@id":"https:\/\/planyard.com\/fi\/lataa-rakennuskustannuskoodit#breadcrumb","itemListElement":[{"@type":"ListItem","position":1,"name":"Home","item":"https:\/\/planyard.com\/fi"},{"@type":"ListItem","position":2,"name":"Lataa rakennuskustannuskoodit"}]},{"@type":"WebSite","@id":"https:\/\/planyard.com\/fi#website","url":"https:\/\/planyard.com\/fi","name":"Planyard Suomi","description":"","potentialAction":[{"@type":"SearchAction","target":{"@type":"EntryPoint","urlTemplate":"https:\/\/planyard.com\/fi?s={search_term_string}"},"query-input":{"@type":"PropertyValueSpecification","valueRequired":true,"valueName":"search_term_string"}}],"inLanguage":"fi"}]}},"_links":{"self":[{"href":"https:\/\/planyard.com\/fi\/wp-json\/wp\/v2\/pages\/11807","targetHints":{"allow":["GET"]}}],"collection":[{"href":"https:\/\/planyard.com\/fi\/wp-json\/wp\/v2\/pages"}],"about":[{"href":"https:\/\/planyard.com\/fi\/wp-json\/wp\/v2\/types\/page"}],"author":[{"embeddable":true,"href":"https:\/\/planyard.com\/fi\/wp-json\/wp\/v2\/users\/2"}],"replies":[{"embeddable":true,"href":"https:\/\/planyard.com\/fi\/wp-json\/wp\/v2\/comments?post=11807"}],"version-history":[{"count":5,"href":"https:\/\/planyard.com\/fi\/wp-json\/wp\/v2\/pages\/11807\/revisions"}],"predecessor-version":[{"id":17008,"href":"https:\/\/planyard.com\/fi\/wp-json\/wp\/v2\/pages\/11807\/revisions\/17008"}],"wp:attachment":[{"href":"https:\/\/planyard.com\/fi\/wp-json\/wp\/v2\/media?parent=11807"}],"wp:term":[{"taxonomy":"page_intent","embeddable":true,"href":"https:\/\/planyard.com\/fi\/wp-json\/wp\/v2\/page_intent?post=11807"},{"taxonomy":"page_type","embeddable":true,"href":"https:\/\/planyard.com\/fi\/wp-json\/wp\/v2\/page_type?post=11807"}],"curies":[{"name":"wp","href":"https:\/\/api.w.org\/{rel}","templated":true}]}}