{"id":11801,"date":"2024-12-05T13:29:27","date_gmt":"2024-12-05T13:29:27","guid":{"rendered":"https:\/\/planyard.com\/construction-templates"},"modified":"2025-05-19T17:39:56","modified_gmt":"2025-05-19T17:39:56","slug":"rakennusmallikirjasto","status":"publish","type":"page","link":"https:\/\/planyard.com\/fi\/rakennusmallikirjasto","title":{"rendered":"Rakennusmallikirjasto"},"content":{"rendered":"\n<div class=\"wp-block-media-text is-stacked-on-mobile\"><figure class=\"wp-block-media-text__media\"><img loading=\"lazy\" decoding=\"async\" width=\"1080\" height=\"1080\" src=\"https:\/\/planyard.com\/wp-content\/uploads\/2024\/12\/construction_contract_template.png\" alt=\"Construction contract template\" class=\"wp-image-7944 size-full\" srcset=\"https:\/\/planyard.com\/wp-content\/uploads\/2024\/12\/construction_contract_template.png 1080w, https:\/\/planyard.com\/wp-content\/uploads\/2024\/12\/construction_contract_template-150x150.png 150w\" sizes=\"auto, (max-width: 1080px) 100vw, 1080px\" \/><\/figure><div class=\"wp-block-media-text__content\">\n<p>Tervetuloa kattavaan rakennusmallikirjastoomme, joka on suunniteltu tehostamaan projektiasi alusta loppuun.<\/p>\n\n\n\n<p>Olitpa kokenut urakoitsija tai aloitteleva projektip\u00e4\u00e4llikk\u00f6, mallimme tarjoavat ty\u00f6kalut tehokkaaseen suunnitteluun, toteutukseen ja hallintaan.<\/p>\n\n\n\n<p><\/p>\n<\/div><\/div>\n\n\n\n<p><\/p>\n\n\n\n<p>Tutustu alla oleviin kategorisoituihin malleihimme l\u00f6yt\u00e4\u00e4ksesi juuri sen, mit\u00e4 tarvitset rakennusprojektisi toteuttamiseen. Malliluetteloa laajennetaan ja parannetaan ajan my\u00f6t\u00e4. Jos tunnet, ett\u00e4 jokin tarvitsemasi malli puuttuu t\u00e4st\u00e4 luettelosta, ilmoitathan siit\u00e4 meille.<\/p>\n\n\n\n<h2 class=\"wp-block-heading\">Kustannuskoodimallit<\/h2>\n\n\n\n<p><em>Erilaisia vaihtoehtoja <\/em>kustannuskoodeille projektisi ja alueesi mukaan.<\/p>\n\n\n\n<ul class=\"wp-block-list\">\n<li><strong><a href=\"https:\/\/planyard.com\/blog\/aia-construction-codes-for-construction-billing\">AIA-kustannuskoodimalli<\/a><\/strong><\/li>\n\n\n\n<li><strong><a href=\"https:\/\/planyard.com\/fi\/nahb-kustannuskoodit\">NAHB-kustannuskoodimalli<\/a><\/strong><\/li>\n\n\n\n<li><strong><a href=\"https:\/\/planyard.com\/fi\/rakennuskustannuskoodit-projektipaallikoille\">Yksityiskohtainen kustannuskoodimalli<\/a><\/strong><\/li>\n\n\n\n<li><strong>Kustannuskoodin ja p\u00e4\u00e4kirjan kartoitusmalli (tulossa pian)<\/strong><\/li>\n<\/ul>\n\n\n\n<h2 class=\"wp-block-heading\">Projektisuunnittelumallit<\/h2>\n\n\n\n<p><em>Luo vankka perusta projektillesi n\u00e4ill\u00e4 olennaisilla suunnitteluty\u00f6kaluilla.<\/em><\/p>\n\n\n\n<ul class=\"wp-block-list\">\n<li><strong><a href=\"https:\/\/planyard.com\/fi\/rakennusbudjetin-malli\">Rakennusbudjettimalli<\/a><\/strong><\/li>\n\n\n\n<li><a href=\"https:\/\/planyard.com\/fi\/ilmainen-rakennusalan-kustannusarviolomake\"><strong>Rakennusarviomalli<\/strong><\/a><\/li>\n\n\n\n<li><strong><a href=\"https:\/\/planyard.com\/fi\/rakennushankkeen-tarjouspohja\">Projektitarjousmalli<\/a><\/strong><\/li>\n\n\n\n<li><a href=\"https:\/\/planyard.com\/fi\/ilmainen-rakennusaikataulupohja-excelille-lataa-nyt\"><strong>Rakennusaikataulumalli<\/strong><\/a><\/li>\n\n\n\n<li><strong>Resurssien jakomalli<strong> (tulossa pian)<\/strong><\/strong><\/li>\n<\/ul>\n\n\n\n<h2 class=\"wp-block-heading\">Projektinhallintamallit<\/h2>\n\n\n\n<p><em>Pid\u00e4 projektisi aikataulussa ja sidosryhm\u00e4t ajan tasalla n\u00e4ill\u00e4 hallintaty\u00f6kaluilla.<\/em><\/p>\n\n\n\n<ul class=\"wp-block-list\">\n<li><strong><a href=\"https:\/\/planyard.com\/fi\/kustannusarvion-ja-arvon-vertailun-malli\">Rakennuksen CVR-malli<\/a><\/strong><\/li>\n\n\n\n<li><strong>Gantt-kaaviomalli<strong><strong> (tulossa pian)<\/strong><\/strong><\/strong><\/li>\n\n\n\n<li><strong>Etenemisraporttimalli<strong><strong> (tulossa pian)<\/strong><\/strong><\/strong><\/li>\n\n\n\n<li><strong>Muutosm\u00e4\u00e4r\u00e4ysmalli<strong><strong> (tulossa pian)<\/strong><\/strong><\/strong><\/li>\n\n\n\n<li><strong>Sidosryhmien viestint\u00e4suunnitelma<strong><strong> (tulossa pian)<\/strong><\/strong><\/strong><\/li>\n<\/ul>\n\n\n\n<h2 class=\"wp-block-heading\">Dokumentaatio- ja sopimusmallit<\/h2>\n\n\n\n<p><em>Hallitse laillisuuksia ja dokumentaatiota vaivattomasti n\u00e4ill\u00e4 kattavilla malleilla.<\/em><\/p>\n\n\n\n<ul class=\"wp-block-list\">\n<li><strong><a href=\"https:\/\/planyard.com\/fi\/rakennussopimuspohja\">Rakennussopimusmalli<\/a><\/strong><\/li>\n\n\n\n<li><strong><a href=\"https:\/\/planyard.com\/fi\/rakennuslaskumalli\">Rakennuslaskumalli<\/a><\/strong><\/li>\n\n\n\n<li><strong>Ty\u00f6m\u00e4\u00e4r\u00e4ysmalli (tulossa pian)<\/strong><\/li>\n\n\n\n<li><strong>Punch List -malli<strong> (tulossa pian)<\/strong><\/strong><\/li>\n<\/ul>\n\n\n\n<h2 class=\"wp-block-heading\">Turvallisuus- ja vaatimustenmukaisuusmallit<\/h2>\n\n\n\n<p><em>Varmista, ett\u00e4 projektisi t\u00e4ytt\u00e4\u00e4 kaikki turvallisuusstandardit ja s\u00e4\u00e4ntelyvaatimukset.<\/em><\/p>\n\n\n\n<ul class=\"wp-block-list\">\n<li><strong>Turvallisuussuunnitelmamalli<strong> (tulossa pian)<\/strong><\/strong><\/li>\n\n\n\n<li><strong>Riskinarviointimalli<strong> (tulossa pian)<\/strong><\/strong><\/li>\n\n\n\n<li><strong>S\u00e4\u00e4ntelyvaatimusten tarkistuslista<strong> (tulossa pian)<\/strong><\/strong><\/li>\n\n\n\n<li><strong>Tapaturmaraporttimalli<strong> (tulossa pian)<\/strong><\/strong><\/li>\n<\/ul>\n\n\n\n<p>Lataa ja mukauta n\u00e4it\u00e4 malleja vapaasti projektisi erityistarpeisiin. Jokainen malli on suunniteltu auttamaan sinua s\u00e4\u00e4st\u00e4m\u00e4\u00e4n aikaa, v\u00e4hent\u00e4m\u00e4\u00e4n virheit\u00e4 ja varmistamaan, ett\u00e4 kaikki rakennusprosessisi osa-alueet ovat hyvin dokumentoituja ja ammattimaisesti hallittuja.<\/p>\n\n\n\n<p>Pyrimme tarjoamaan asiakirjamme siten, ett\u00e4 ne ovat ajan tasalla <a href=\"https:\/\/www.hse.gov.uk\/construction\/index.htm\">HSE-s\u00e4\u00e4d\u00f6sten<\/a>, <a href=\"https:\/\/www.osha.gov\/construction\">OSHA-s\u00e4\u00e4d\u00f6sten<\/a> ja muiden kanssa &#8211; voi olla, ett\u00e4 jotkin asiakirjat eiv\u00e4t ole viel\u00e4 p\u00e4ivitettyj\u00e4. Jos n\u00e4in on, ilmoitathan siit\u00e4 meille.<\/p>\n","protected":false},"excerpt":{"rendered":"<p>Tervetuloa kattavaan rakennusmallikirjastoomme, joka on suunniteltu tehostamaan projektiasi alusta loppuun. Olitpa kokenut urakoitsija tai aloitteleva projektip\u00e4\u00e4llikk\u00f6, mallimme tarjoavat ty\u00f6kalut tehokkaaseen suunnitteluun, toteutukseen ja hallintaan. Tutustu alla oleviin kategorisoituihin malleihimme l\u00f6yt\u00e4\u00e4ksesi juuri sen, mit\u00e4 tarvitset rakennusprojektisi toteuttamiseen. Malliluetteloa laajennetaan ja parannetaan ajan my\u00f6t\u00e4. Jos tunnet, ett\u00e4 jokin tarvitsemasi malli puuttuu t\u00e4st\u00e4 luettelosta, ilmoitathan siit\u00e4 meille. Kustannuskoodimallit&#8230;  <a class=\"excerpt-read-more\" href=\"https:\/\/planyard.com\/fi\/rakennusmallikirjasto\" title=\"Lue  Rakennusmallikirjasto\">Lue lis\u00e4\u00e4 &#8221;<\/a><\/p>\n","protected":false},"author":3,"featured_media":0,"parent":0,"menu_order":0,"comment_status":"closed","ping_status":"closed","template":"","meta":{"_acf_changed":false,"content-type":"","footnotes":""},"page_intent":[163],"page_type":[],"class_list":["post-11801","page","type-page","status-publish","hentry"],"acf":[],"yoast_head":"<!-- This site is optimized with the Yoast SEO plugin v26.9 - https:\/\/yoast.com\/product\/yoast-seo-wordpress\/ -->\n<title>Rakennusmallikirjasto - Ilmaiset lataukset - Planyard Suomi<\/title>\n<meta name=\"description\" content=\"Ilmaiset rakennusmallit suunnitteluun, suunnitteluun, turvallisuuteen tai dokumentointiin. Paranna projektinhallintaasi muokattavilla malleilla.\" \/>\n<meta name=\"robots\" content=\"index, follow, max-snippet:-1, max-image-preview:large, max-video-preview:-1\" \/>\n<link rel=\"canonical\" href=\"https:\/\/planyard.com\/fi\/rakennusmallikirjasto\" \/>\n<meta property=\"og:locale\" content=\"fi_FI\" \/>\n<meta property=\"og:type\" content=\"article\" \/>\n<meta property=\"og:title\" content=\"Rakennusmallikirjasto - Ilmaiset lataukset - Planyard Suomi\" \/>\n<meta property=\"og:description\" content=\"Ilmaiset rakennusmallit suunnitteluun, suunnitteluun, turvallisuuteen tai dokumentointiin. Paranna projektinhallintaasi muokattavilla malleilla.\" \/>\n<meta property=\"og:url\" content=\"https:\/\/planyard.com\/fi\/rakennusmallikirjasto\" \/>\n<meta property=\"og:site_name\" content=\"Planyard Suomi\" \/>\n<meta property=\"article:modified_time\" content=\"2025-05-19T17:39:56+00:00\" \/>\n<meta property=\"og:image\" content=\"https:\/\/planyard.com\/wp-content\/uploads\/2024\/12\/construction_contract_template.png\" \/>\n\t<meta property=\"og:image:width\" content=\"1080\" \/>\n\t<meta property=\"og:image:height\" content=\"1080\" \/>\n\t<meta property=\"og:image:type\" content=\"image\/png\" \/>\n<meta name=\"twitter:card\" content=\"summary_large_image\" \/>\n<meta name=\"twitter:label1\" content=\"Arvioitu lukuaika\" \/>\n\t<meta name=\"twitter:data1\" content=\"2 minuuttia\" \/>\n<!-- \/ Yoast SEO plugin. -->","yoast_head_json":{"title":"Rakennusmallikirjasto - Ilmaiset lataukset - Planyard Suomi","description":"Ilmaiset rakennusmallit suunnitteluun, suunnitteluun, turvallisuuteen tai dokumentointiin. Paranna projektinhallintaasi muokattavilla malleilla.","robots":{"index":"index","follow":"follow","max-snippet":"max-snippet:-1","max-image-preview":"max-image-preview:large","max-video-preview":"max-video-preview:-1"},"canonical":"https:\/\/planyard.com\/fi\/rakennusmallikirjasto","og_locale":"fi_FI","og_type":"article","og_title":"Rakennusmallikirjasto - Ilmaiset lataukset - Planyard Suomi","og_description":"Ilmaiset rakennusmallit suunnitteluun, suunnitteluun, turvallisuuteen tai dokumentointiin. Paranna projektinhallintaasi muokattavilla malleilla.","og_url":"https:\/\/planyard.com\/fi\/rakennusmallikirjasto","og_site_name":"Planyard Suomi","article_modified_time":"2025-05-19T17:39:56+00:00","og_image":[{"width":1080,"height":1080,"url":"https:\/\/planyard.com\/wp-content\/uploads\/2024\/12\/construction_contract_template.png","type":"image\/png"}],"twitter_card":"summary_large_image","twitter_misc":{"Arvioitu lukuaika":"2 minuuttia"},"schema":{"@context":"https:\/\/schema.org","@graph":[{"@type":"WebPage","@id":"https:\/\/planyard.com\/fi\/rakennusmallikirjasto","url":"https:\/\/planyard.com\/fi\/rakennusmallikirjasto","name":"Rakennusmallikirjasto - Ilmaiset lataukset - Planyard Suomi","isPartOf":{"@id":"https:\/\/planyard.com\/fi#website"},"primaryImageOfPage":{"@id":"https:\/\/planyard.com\/fi\/rakennusmallikirjasto#primaryimage"},"image":{"@id":"https:\/\/planyard.com\/fi\/rakennusmallikirjasto#primaryimage"},"thumbnailUrl":"https:\/\/planyard.com\/wp-content\/uploads\/2024\/12\/construction_contract_template.png","datePublished":"2024-12-05T13:29:27+00:00","dateModified":"2025-05-19T17:39:56+00:00","description":"Ilmaiset rakennusmallit suunnitteluun, suunnitteluun, turvallisuuteen tai dokumentointiin. Paranna projektinhallintaasi muokattavilla malleilla.","breadcrumb":{"@id":"https:\/\/planyard.com\/fi\/rakennusmallikirjasto#breadcrumb"},"inLanguage":"fi","potentialAction":[{"@type":"ReadAction","target":["https:\/\/planyard.com\/fi\/rakennusmallikirjasto"]}]},{"@type":"ImageObject","inLanguage":"fi","@id":"https:\/\/planyard.com\/fi\/rakennusmallikirjasto#primaryimage","url":"https:\/\/planyard.com\/wp-content\/uploads\/2024\/12\/construction_contract_template.png","contentUrl":"https:\/\/planyard.com\/wp-content\/uploads\/2024\/12\/construction_contract_template.png"},{"@type":"BreadcrumbList","@id":"https:\/\/planyard.com\/fi\/rakennusmallikirjasto#breadcrumb","itemListElement":[{"@type":"ListItem","position":1,"name":"Home","item":"https:\/\/planyard.com\/fi"},{"@type":"ListItem","position":2,"name":"Rakennusmallikirjasto"}]},{"@type":"WebSite","@id":"https:\/\/planyard.com\/fi#website","url":"https:\/\/planyard.com\/fi","name":"Planyard Suomi","description":"","potentialAction":[{"@type":"SearchAction","target":{"@type":"EntryPoint","urlTemplate":"https:\/\/planyard.com\/fi?s={search_term_string}"},"query-input":{"@type":"PropertyValueSpecification","valueRequired":true,"valueName":"search_term_string"}}],"inLanguage":"fi"}]}},"_links":{"self":[{"href":"https:\/\/planyard.com\/fi\/wp-json\/wp\/v2\/pages\/11801","targetHints":{"allow":["GET"]}}],"collection":[{"href":"https:\/\/planyard.com\/fi\/wp-json\/wp\/v2\/pages"}],"about":[{"href":"https:\/\/planyard.com\/fi\/wp-json\/wp\/v2\/types\/page"}],"author":[{"embeddable":true,"href":"https:\/\/planyard.com\/fi\/wp-json\/wp\/v2\/users\/3"}],"replies":[{"embeddable":true,"href":"https:\/\/planyard.com\/fi\/wp-json\/wp\/v2\/comments?post=11801"}],"version-history":[{"count":3,"href":"https:\/\/planyard.com\/fi\/wp-json\/wp\/v2\/pages\/11801\/revisions"}],"predecessor-version":[{"id":16054,"href":"https:\/\/planyard.com\/fi\/wp-json\/wp\/v2\/pages\/11801\/revisions\/16054"}],"wp:attachment":[{"href":"https:\/\/planyard.com\/fi\/wp-json\/wp\/v2\/media?parent=11801"}],"wp:term":[{"taxonomy":"page_intent","embeddable":true,"href":"https:\/\/planyard.com\/fi\/wp-json\/wp\/v2\/page_intent?post=11801"},{"taxonomy":"page_type","embeddable":true,"href":"https:\/\/planyard.com\/fi\/wp-json\/wp\/v2\/page_type?post=11801"}],"curies":[{"name":"wp","href":"https:\/\/api.w.org\/{rel}","templated":true}]}}