{"id":11796,"date":"2025-01-29T11:49:32","date_gmt":"2025-01-29T11:49:32","guid":{"rendered":"https:\/\/planyard.com\/free-guide-master-construction-project-management"},"modified":"2025-05-19T17:54:15","modified_gmt":"2025-05-19T17:54:15","slug":"ilmainen-opas-rakennusprojektin-hallinnan-mestari","status":"publish","type":"page","link":"https:\/\/planyard.com\/fi\/ilmainen-opas-rakennusprojektin-hallinnan-mestari","title":{"rendered":"Rakennusprojektin hallinta: K\u00e4yt\u00e4nn\u00f6n 10 askeleen opas"},"content":{"rendered":"\n<h2 class=\"wp-block-heading\">Rakennusprojektip\u00e4\u00e4llik\u00f6n ajattelutapa<\/h2>\n\n\n\n<p>Kun ajattelet rakennusprojektin hallintaa, on helppo eksy\u00e4 monimutkaisuuteen. On aikatauluja laadittavana, sopimuksia tarkastettavana, budjetteja seurattavana ja kymmeni\u00e4 ihmisi\u00e4 odottamassa p\u00e4\u00e4t\u00f6ksi\u00e4si. Se on kaaosta\u2014hallittua kaaosta, jos teet sen oikein.<\/p>\n\n\n\n<p>Viimeisen 20 vuoden aikana olen ty\u00f6skennellyt projekteissa, jotka vaihtelevat 104 023 dollarin (\u20ac100 000) remontoinneista miljardin euron infrastruktuurihankkeisiin. Ydinvoimalat, kehittyneet LVI-j\u00e4rjestelm\u00e4t ja hiukkaskiihdyttimet ovat vain muutamia esimerkkej\u00e4. Panokset olivat korkealla, aikataulut tiukkoja ja tiimit yht\u00e4 monimuotoisia kuin kohtaamamme haasteet.<\/p>\n\n\n\n<p>Kaiken t\u00e4m\u00e4n aikana tajusin jotain perustavanlaatuista: ty\u00f6kalut ja ohjelmistot eiv\u00e4t tee projektista menestyksek\u00e4st\u00e4. <em>Ajattelutapasi tekee.<\/em> Voit k\u00e4ytt\u00e4\u00e4 parhaita resursseja, mutta jos et l\u00e4hesty projektia oikeilla tavoilla, periaatteilla ja j\u00e4rjestelmill\u00e4, se ep\u00e4onnistuu.<\/p>\n\n\n\n<p>T\u00e4m\u00e4 opas ei k\u00e4sittele ylevi\u00e4 teorioita tai sit\u00e4, mit\u00e4 lukisit projektinhallinnan sertifikaattikirjasta. Se on tiivistelm\u00e4 vaikeasti opituista opetuksista\u2014ty\u00f6maalla, kokouksissa ja hetkin\u00e4, jolloin tuntui silt\u00e4, ett\u00e4 kaikki oli hajoamassa.<\/p>\n\n\n\n<h2 class=\"wp-block-heading\">Miksi kirjoitin t\u00e4m\u00e4n oppaan<\/h2>\n\n\n\n<p>Uran alkuvaiheessa projektip\u00e4\u00e4llikk\u00f6n\u00e4 kaipasin usein jotain, jota nyt kutsun &#8221;kentt\u00e4oppaaksi.&#8221; Resurssia, joka ei saarnaa vaan tarjoaa k\u00e4yt\u00e4nn\u00f6n neuvoja niihin hetkiin, kun paine on kova. Mit\u00e4 tehd\u00e4, kun hankinnat ep\u00e4onnistuvat viime hetkell\u00e4? Tai kun alihankkijan viiv\u00e4stykset uhkaavat aikataulua?<\/p>\n\n\n\n<p>Minulla ei ollut sellaista opasta. Sen sijaan minulla oli yritys ja erehdys. Tein virheit\u00e4, korjasin ne ja opin.<\/p>\n\n\n\n<p>T\u00e4n\u00e4\u00e4n, lukemattomien projektien hallinnan j\u00e4lkeen, olen huomannut kaavoja. Ongelmat saattavat n\u00e4ytt\u00e4\u00e4 erilaisilta pinnalta, mutta niiden alla on yht\u00e4l\u00e4isyyksi\u00e4. Strategiat, jotka toimivat miljardin dollarin projektissa, toimivat usein yht\u00e4 hyvin 520 115 dollarin (\u20ac500 000) projektissa. T\u00e4m\u00e4 opas on yritykseni dokumentoida nuo strategiat\u2014antaa sinulle jotain, mit\u00e4 toivoin omistavani alussa.<\/p>\n\n\n\n<h2 class=\"wp-block-heading\"><strong>Mit\u00e4 t\u00e4m\u00e4 opas kattaa<\/strong><\/h2>\n\n\n\n<p>T\u00e4m\u00e4 on 10-luvun opas. Jokainen luku keskittyy yhteen projektinhallinnan osa-alueeseen. Ajattele sit\u00e4 tarkistuslistana tai sarjana &#8221;peukalos\u00e4\u00e4nt\u00f6j\u00e4&#8221;, joihin voit palata ennen uuden projektin aloittamista.<\/p>\n\n\n\n<p>Tutustu lukuihin:<\/p>\n\n\n\n<ol class=\"wp-block-list\">\n<li><strong>Projektiaikataulujen luominen ja seuranta<\/strong> <br>Miksi aikataulut ep\u00e4onnistuvat ja miten luoda sellaisia, jotka eiv\u00e4t. <a href=\"https:\/\/planyard.com\/fi\/rakennusaikataulun-hallinta\">Lue lis\u00e4\u00e4 t\u00e4\u00e4lt\u00e4<\/a><\/li>\n\n\n\n<li><strong>Rakennusurakointi<\/strong> <br>Kuinka toteuttaa sujuvia tarjousprosesseja, jotka minimoivat riskit. <a href=\"https:\/\/planyard.com\/fi\/rakennusurakointi-opas\">Lue lis\u00e4\u00e4 t\u00e4\u00e4lt\u00e4<\/a><\/li>\n\n\n\n<li><strong>Esirakennusprojektin tarkastelu<\/strong> <br>Suunnitelmien purkamisen taito riskien l\u00f6yt\u00e4miseksi ennen kuin ne muuttuvat ongelmiksi. <a href=\"https:\/\/planyard.com\/fi\/esirakennusprojektin-tarkistuslista\">Lue lis\u00e4\u00e4 t\u00e4\u00e4lt\u00e4<\/a><\/li>\n\n\n\n<li><strong>Sopimusten hallinta<\/strong> <br>Oikeiden sopimusten valinta ja ehtojen neuvottelu, jotka suojaavat projektiasi. <a href=\"https:\/\/planyard.com\/fi\/rakennussopimusten-hallintaopas\">Lue lis\u00e4\u00e4 t\u00e4\u00e4lt\u00e4<\/a><\/li>\n\n\n\n<li><strong>Delegointi ja motivointi<\/strong> <br>Tiimisi tehokas johtaminen\u2014even when resources are tight. (Julkaistaan 26. maaliskuuta 2025; tilaa <a href=\"https:\/\/planyard.com\/fi\/hanki-seuraava-luku-master-construction-project-management-oppaasta\">t\u00e4\u00e4lt\u00e4<\/a> saadaksesi ilmoituksen)<\/li>\n\n\n\n<li><strong>T\u00e4rke\u00e4t kokoukset<\/strong> <br>V\u00e4lt\u00e4 kokousten aikasy\u00f6pp\u00f6j\u00e4 ja edist\u00e4 silti edistyst\u00e4. (Julkaistaan 9. huhtikuuta 2025; tilaa <a href=\"https:\/\/planyard.com\/fi\/hanki-seuraava-luku-master-construction-project-management-oppaasta\">t\u00e4\u00e4lt\u00e4<\/a> saadaksesi ilmoituksen)<\/li>\n\n\n\n<li><strong>Kustannusten seuranta<\/strong>  <br>K\u00e4yt\u00e4nn\u00f6n strategioita budjetissa pysymiseen ja ep\u00e4miellytt\u00e4vien yll\u00e4tysten v\u00e4ltt\u00e4miseen. (Julkaistaan 23. huhtikuuta 2025; tilaa <a href=\"https:\/\/planyard.com\/fi\/hanki-seuraava-luku-master-construction-project-management-oppaasta\">t\u00e4\u00e4lt\u00e4<\/a> saadaksesi ilmoituksen)<\/li>\n\n\n\n<li><strong>Viestint\u00e4<\/strong><br>N\u00e4kym\u00e4t\u00f6n lanka, joka pit\u00e4\u00e4 projektit sujuvina\u2014tai repii ne hajalle. (Julkaistaan 7. toukokuuta; tilaa <a href=\"https:\/\/planyard.com\/fi\/hanki-seuraava-luku-master-construction-project-management-oppaasta\">t\u00e4\u00e4lt\u00e4<\/a> saadaksesi ilmoituksen)<\/li>\n\n\n\n<li><strong>Budjetointi ja ennustaminen<\/strong> <br>Budjettien luominen, jotka kest\u00e4v\u00e4t odottamattomat tilanteet. (Julkaistaan 21. toukokuuta 2025; tilaa <a href=\"https:\/\/planyard.com\/fi\/hanki-seuraava-luku-master-construction-project-management-oppaasta\">t\u00e4\u00e4lt\u00e4<\/a> saadaksesi ilmoituksen)<\/li>\n\n\n\n<li><strong>Tavoitteiden asettaminen ja saavuttaminen<\/strong> <br>Tiimisi ja sidosryhmiesi yhdist\u00e4minen yhteiseen menestykseen. (Julkaistaan 4. kes\u00e4kuuta 2025; tilaa <a href=\"https:\/\/planyard.com\/fi\/hanki-seuraava-luku-master-construction-project-management-oppaasta\">t\u00e4\u00e4lt\u00e4<\/a> saadaksesi ilmoituksen)<\/li>\n<\/ol>\n\n\n\n<p>T\u00e4m\u00e4 ei ole teoreettinen kehys\u2014se on ty\u00f6kalupakki\u2014neuvoja, joita voit soveltaa seuraavassa projektin aloituskokouksessa.<\/p>\n\n\n\n<h2 class=\"wp-block-heading\"><strong>Kuka hy\u00f6tyy t\u00e4st\u00e4 oppaasta?<\/strong><\/h2>\n\n\n\n<p>Se on tarkoitettu kaikille, jotka ovat mukana rakennusprojektien hallinnassa, mutta erityisesti:<\/p>\n\n\n\n<ul class=\"wp-block-list\">\n<li><strong>Nuoremmat projektip\u00e4\u00e4llik\u00f6t:<\/strong> Jos olet vasta aloittamassa, t\u00e4m\u00e4 antaa sinulle perustan, jolla p\u00e4\u00e4set vauhtiin.<\/li>\n\n\n\n<li><strong>Pienyritysten omistajat:<\/strong> Haluatko parantaa sis\u00e4isi\u00e4 prosessejasi ja ymm\u00e4rt\u00e4\u00e4 paremmin urakoitsijoiden ajatusmaailmaa? T\u00e4m\u00e4 on sinulle.<\/li>\n\n\n\n<li><strong>Rakennusalan johtajat:<\/strong> K\u00e4yt\u00e4 t\u00e4t\u00e4 opasta varmistaaksesi, ett\u00e4 tiimisi noudattavat parhaita k\u00e4yt\u00e4nt\u00f6j\u00e4 ja tuottavat johdonmukaisia tuloksia.<\/li>\n<\/ul>\n\n\n\n<p>Olipa kyseess\u00e4 pieni remontti tai laajamittainen infrastruktuuriprojekti, periaatteet pysyv\u00e4t samoina.<\/p>\n\n\n\n<h2 class=\"wp-block-heading\"><strong>Miksi t\u00e4m\u00e4 opas toimii<\/strong><\/h2>\n\n\n\n<p>Kun aloitan uuden projektin, k\u00e4yn aina l\u00e4pi n\u00e4m\u00e4 periaatteet. Joka kerta. Ei siksi, etten tiet\u00e4isi niit\u00e4\u2014vaan siksi, ett\u00e4 toisto ter\u00e4v\u00f6itt\u00e4\u00e4 keskittymist\u00e4. Perusteiden tarkistaminen varmistaa, ettei mik\u00e4\u00e4n yksityiskohta, olipa se kuinka pieni tahansa, j\u00e4\u00e4 huomaamatta.<\/p>\n\n\n\n<p>Rakennusprojektit ovat armottomia. Jos unohdat tarkistaa sopimusehdon, saatat p\u00e4\u00e4ty\u00e4 kalliiseen oikeuskiistaan. Jos my\u00f6h\u00e4styt m\u00e4\u00e4r\u00e4ajasta, asiakkaasi saattaa menett\u00e4\u00e4 luottamuksen. N\u00e4m\u00e4 virheet eiv\u00e4t vain tapahdu\u2014ne ovat merkkej\u00e4 valmistautumattomuudesta.<\/p>\n\n\n\n<p>T\u00e4m\u00e4 opas on tapani valmistautua. Ja nyt se on sinun k\u00e4ytett\u00e4viss\u00e4si.<\/p>\n\n\n\n<h3 class=\"wp-block-heading\"><strong>Tietoa kirjoittajasta<\/strong><\/h3>\n\n\n\n<p>Margus Rahuoja (<a href=\"https:\/\/www.linkedin.com\/in\/margus-rahuoja-96b27184\/\">LinkedIn<\/a>) omaa yli 20 vuoden kokemuksen rakennusprojektien hallinnasta. Olen toteuttanut projekteja Virossa, Suomessa ja Ruotsissa, ty\u00f6skennellen kaikkea monen miljoonan dollarin LVI-j\u00e4rjestelmist\u00e4 miljardin euron ydinvoimaloihin. Filosofiani on yksinkertainen: hallitse projektiasi kuin maineesi riippuisi siit\u00e4\u2014koska se riippuu.<\/p>\n\n\n\n<p><strong><a href=\"https:\/\/planyard.com\/fi\/rakennusaikataulun-hallinta\">Lue seuraava luku<\/a><\/strong><\/p>\n\n\n\n<p><\/p>\n","protected":false},"excerpt":{"rendered":"<p>Rakennusprojektip\u00e4\u00e4llik\u00f6n ajattelutapa Kun ajattelet rakennusprojektin hallintaa, on helppo eksy\u00e4 monimutkaisuuteen. On aikatauluja laadittavana, sopimuksia tarkastettavana, budjetteja seurattavana ja kymmeni\u00e4 ihmisi\u00e4 odottamassa p\u00e4\u00e4t\u00f6ksi\u00e4si. Se on kaaosta\u2014hallittua kaaosta, jos teet sen oikein. Viimeisen 20 vuoden aikana olen ty\u00f6skennellyt projekteissa, jotka vaihtelevat 104 023 dollarin (\u20ac100 000) remontoinneista miljardin euron infrastruktuurihankkeisiin. Ydinvoimalat, kehittyneet LVI-j\u00e4rjestelm\u00e4t ja hiukkaskiihdyttimet ovat vain&#8230;  <a class=\"excerpt-read-more\" href=\"https:\/\/planyard.com\/fi\/ilmainen-opas-rakennusprojektin-hallinnan-mestari\" title=\"Lue  Rakennusprojektin hallinta: K\u00e4yt\u00e4nn\u00f6n 10 askeleen opas\">Lue lis\u00e4\u00e4 &#8221;<\/a><\/p>\n","protected":false},"author":4,"featured_media":0,"parent":0,"menu_order":0,"comment_status":"closed","ping_status":"closed","template":"","meta":{"_acf_changed":false,"content-type":"","footnotes":""},"page_intent":[283],"page_type":[],"class_list":["post-11796","page","type-page","status-publish","hentry"],"acf":[],"yoast_head":"<!-- This site is optimized with the Yoast SEO plugin v27.1.1 - https:\/\/yoast.com\/product\/yoast-seo-wordpress\/ -->\n<title>Rakennusprojektin hallinta: K\u00e4yt\u00e4nn\u00f6n 10 askeleen opas - Planyard Suomi<\/title>\n<meta name=\"description\" content=\"Kun ajattelet rakennushankkeiden hallintaa, on helppo eksy\u00e4 monimutkaisuuteen.\" \/>\n<meta name=\"robots\" content=\"index, follow, max-snippet:-1, max-image-preview:large, max-video-preview:-1\" \/>\n<link rel=\"canonical\" href=\"https:\/\/planyard.com\/fi\/ilmainen-opas-rakennusprojektin-hallinnan-mestari\" \/>\n<meta property=\"og:locale\" content=\"fi_FI\" \/>\n<meta property=\"og:type\" content=\"article\" \/>\n<meta property=\"og:title\" content=\"Rakennusprojektin hallinta: K\u00e4yt\u00e4nn\u00f6n 10 askeleen opas - Planyard Suomi\" \/>\n<meta property=\"og:description\" content=\"Kun ajattelet rakennushankkeiden hallintaa, on helppo eksy\u00e4 monimutkaisuuteen.\" \/>\n<meta property=\"og:url\" content=\"https:\/\/planyard.com\/fi\/ilmainen-opas-rakennusprojektin-hallinnan-mestari\" \/>\n<meta property=\"og:site_name\" content=\"Planyard Suomi\" \/>\n<meta property=\"article:modified_time\" content=\"2025-05-19T17:54:15+00:00\" \/>\n<meta name=\"twitter:card\" content=\"summary_large_image\" \/>\n<meta name=\"twitter:label1\" content=\"Arvioitu lukuaika\" \/>\n\t<meta name=\"twitter:data1\" content=\"4 minuuttia\" \/>\n<!-- \/ Yoast SEO plugin. -->","yoast_head_json":{"title":"Rakennusprojektin hallinta: K\u00e4yt\u00e4nn\u00f6n 10 askeleen opas - Planyard Suomi","description":"Kun ajattelet rakennushankkeiden hallintaa, on helppo eksy\u00e4 monimutkaisuuteen.","robots":{"index":"index","follow":"follow","max-snippet":"max-snippet:-1","max-image-preview":"max-image-preview:large","max-video-preview":"max-video-preview:-1"},"canonical":"https:\/\/planyard.com\/fi\/ilmainen-opas-rakennusprojektin-hallinnan-mestari","og_locale":"fi_FI","og_type":"article","og_title":"Rakennusprojektin hallinta: K\u00e4yt\u00e4nn\u00f6n 10 askeleen opas - Planyard Suomi","og_description":"Kun ajattelet rakennushankkeiden hallintaa, on helppo eksy\u00e4 monimutkaisuuteen.","og_url":"https:\/\/planyard.com\/fi\/ilmainen-opas-rakennusprojektin-hallinnan-mestari","og_site_name":"Planyard Suomi","article_modified_time":"2025-05-19T17:54:15+00:00","twitter_card":"summary_large_image","twitter_misc":{"Arvioitu lukuaika":"4 minuuttia"},"schema":{"@context":"https:\/\/schema.org","@graph":[{"@type":"WebPage","@id":"https:\/\/planyard.com\/fi\/ilmainen-opas-rakennusprojektin-hallinnan-mestari","url":"https:\/\/planyard.com\/fi\/ilmainen-opas-rakennusprojektin-hallinnan-mestari","name":"Rakennusprojektin hallinta: K\u00e4yt\u00e4nn\u00f6n 10 askeleen opas - Planyard Suomi","isPartOf":{"@id":"https:\/\/planyard.com\/fi#website"},"datePublished":"2025-01-29T11:49:32+00:00","dateModified":"2025-05-19T17:54:15+00:00","description":"Kun ajattelet rakennushankkeiden hallintaa, on helppo eksy\u00e4 monimutkaisuuteen.","breadcrumb":{"@id":"https:\/\/planyard.com\/fi\/ilmainen-opas-rakennusprojektin-hallinnan-mestari#breadcrumb"},"inLanguage":"fi","potentialAction":[{"@type":"ReadAction","target":["https:\/\/planyard.com\/fi\/ilmainen-opas-rakennusprojektin-hallinnan-mestari"]}]},{"@type":"BreadcrumbList","@id":"https:\/\/planyard.com\/fi\/ilmainen-opas-rakennusprojektin-hallinnan-mestari#breadcrumb","itemListElement":[{"@type":"ListItem","position":1,"name":"Home","item":"https:\/\/planyard.com\/fi"},{"@type":"ListItem","position":2,"name":"Rakennushankkeiden hallinta: K\u00e4yt\u00e4nn\u00f6n 10 askeleen opas"}]},{"@type":"WebSite","@id":"https:\/\/planyard.com\/fi#website","url":"https:\/\/planyard.com\/fi","name":"Planyard Suomi","description":"","potentialAction":[{"@type":"SearchAction","target":{"@type":"EntryPoint","urlTemplate":"https:\/\/planyard.com\/fi?s={search_term_string}"},"query-input":{"@type":"PropertyValueSpecification","valueRequired":true,"valueName":"search_term_string"}}],"inLanguage":"fi"}]}},"_links":{"self":[{"href":"https:\/\/planyard.com\/fi\/wp-json\/wp\/v2\/pages\/11796","targetHints":{"allow":["GET"]}}],"collection":[{"href":"https:\/\/planyard.com\/fi\/wp-json\/wp\/v2\/pages"}],"about":[{"href":"https:\/\/planyard.com\/fi\/wp-json\/wp\/v2\/types\/page"}],"author":[{"embeddable":true,"href":"https:\/\/planyard.com\/fi\/wp-json\/wp\/v2\/users\/4"}],"replies":[{"embeddable":true,"href":"https:\/\/planyard.com\/fi\/wp-json\/wp\/v2\/comments?post=11796"}],"version-history":[{"count":3,"href":"https:\/\/planyard.com\/fi\/wp-json\/wp\/v2\/pages\/11796\/revisions"}],"predecessor-version":[{"id":16106,"href":"https:\/\/planyard.com\/fi\/wp-json\/wp\/v2\/pages\/11796\/revisions\/16106"}],"wp:attachment":[{"href":"https:\/\/planyard.com\/fi\/wp-json\/wp\/v2\/media?parent=11796"}],"wp:term":[{"taxonomy":"page_intent","embeddable":true,"href":"https:\/\/planyard.com\/fi\/wp-json\/wp\/v2\/page_intent?post=11796"},{"taxonomy":"page_type","embeddable":true,"href":"https:\/\/planyard.com\/fi\/wp-json\/wp\/v2\/page_type?post=11796"}],"curies":[{"name":"wp","href":"https:\/\/api.w.org\/{rel}","templated":true}]}}