{"id":11784,"date":"2024-12-12T15:08:49","date_gmt":"2024-12-12T15:08:49","guid":{"rendered":"https:\/\/planyard.com\/construction-invoice-template"},"modified":"2025-05-19T17:53:29","modified_gmt":"2025-05-19T17:53:29","slug":"rakennuslaskumalli","status":"publish","type":"page","link":"https:\/\/planyard.com\/fi\/rakennuslaskumalli","title":{"rendered":"Rakennuslaskumalli"},"content":{"rendered":"\n<div class=\"wp-block-media-text is-stacked-on-mobile\" style=\"grid-template-columns:40% auto\"><figure class=\"wp-block-media-text__media\"><img loading=\"lazy\" decoding=\"async\" width=\"1570\" height=\"2036\" src=\"https:\/\/planyard.com\/wp-content\/uploads\/2024\/12\/construction_invoice_template_preview.png\" alt=\"Construction invoice preview with automatic calculations\" class=\"wp-image-8069 size-full\" srcset=\"https:\/\/planyard.com\/wp-content\/uploads\/2024\/12\/construction_invoice_template_preview.png 1570w, https:\/\/planyard.com\/wp-content\/uploads\/2024\/12\/construction_invoice_template_preview-1184x1536.png 1184w\" sizes=\"auto, (max-width: 1570px) 100vw, 1570px\" \/><\/figure><div class=\"wp-block-media-text__content\">\n<p>T\u00e4lt\u00e4 sivulta l\u00f6yd\u00e4t ladattavia malleja (Google Docs, Excel ja PDF) sek\u00e4 kattavan oppaan, joka auttaa sinua luomaan ammattimaisia rakennuslaskuja tarpeidesi mukaan.<\/p>\n\n\n\n<p>Tehokas laskujen hallinta on kriittist\u00e4 taloudellisen hallinnan yll\u00e4pit\u00e4miseksi rakennusprojekteissa.<\/p>\n<\/div><\/div>\n\n\n\n<p><\/p>\n\n\n\n<p>Alla on erilaisia rakennuslaskumalleja, mukaan lukien Google Docs, Excel ja PDF. Vaikka kaikki muodot ovat hy\u00f6dyllisi\u00e4, suosittelemme k\u00e4ytt\u00e4m\u00e4\u00e4n Google Sheetsia tai Exceli\u00e4 automaattisten laskentaominaisuuksien vuoksi.<\/p>\n\n\n\n<h2 class=\"wp-block-heading\">Rakennuslaskumalli<\/h2>\n\n\n\n<div class=\"wp-block-buttons is-layout-flex wp-block-buttons-is-layout-flex\">\n<div class=\"wp-block-button\"><a class=\"wp-block-button__link has-white-color has-text-color has-background has-link-color wp-element-button\" href=\"https:\/\/docs.google.com\/spreadsheets\/d\/1rqCyjQwpTwhrKaIA4ac0D6-qKKWO5tzM\/edit?gid=1137767001#gid=1137767001\" style=\"background-color:#2756ff\">Lataa ilmainen malli &#8211; Google Drive<\/a><\/div>\n\n\n\n<div class=\"wp-block-button\"><a class=\"wp-block-button__link has-white-color has-cyan-bluish-gray-background-color has-text-color has-background has-link-color wp-element-button\" href=\"https:\/\/docs.google.com\/spreadsheets\/d\/1rqCyjQwpTwhrKaIA4ac0D6-qKKWO5tzM\/export?format=xlsx\">Lataa ilmainen malli &#8211; Excel<\/a><\/div>\n\n\n\n<div class=\"wp-block-button\"><a class=\"wp-block-button__link has-white-color has-cyan-bluish-gray-background-color has-text-color has-background has-link-color wp-element-button\" href=\"https:\/\/docs.google.com\/spreadsheets\/d\/1rqCyjQwpTwhrKaIA4ac0D6-qKKWO5tzM\/export?format=pdf\">Lataa ilmainen malli &#8211; PDF<\/a><\/div>\n<\/div>\n\n\n\n<h2 class=\"wp-block-heading\">Rakennuslaskumallimme ominaisuudet<\/h2>\n\n\n\n<p>Rakennuslaskumallimme on suunniteltu huolellisesti yksinkertaistamaan laskutusprosessia s\u00e4ilytt\u00e4en samalla ammattimaisen ja huolitellun ulkoasun. Olipa kyseess\u00e4 yksitt\u00e4isen projektin laskutus tai useiden t\u00f6iden hallinta, malli sis\u00e4lt\u00e4\u00e4 ominaisuuksia, jotka vastaavat urakoitsijoiden, rakentajien ja alihankkijoiden erityistarpeisiin.<\/p>\n\n\n\n<p>N\u00e4m\u00e4 ominaisuudet auttavat virtaviivaistamaan laskutusprosessiasi suorittamalla tarkkoja, reaaliaikaisia laskelmia kokonaissummista, veroista ja muista maksuista, v\u00e4hent\u00e4en manuaalisten virheiden riski\u00e4. Ne mahdollistavat my\u00f6s helpon mukauttamisen ja p\u00e4ivitykset, mik\u00e4 tekee niist\u00e4 ihanteellisia dynaamisten ja monimutkaisten rakennusprojektikustannusten tehokkaaseen hallintaan.<\/p>\n\n\n\n<h3 class=\"wp-block-heading\">Mukautettavat kent\u00e4t<\/h3>\n\n\n\n<p>Malli tarjoaa t\u00e4ysin mukautettavat kent\u00e4t, joiden avulla voit r\u00e4\u00e4t\u00e4l\u00f6id\u00e4 sen erityistarpeisiisi. Muokkaa yhteystietojasi, asiakastietoja, tuotteen kuvauksia, alennuksia, veroja ja lis\u00e4maksuja varmistaaksesi tarkan ja l\u00e4pin\u00e4kyv\u00e4n laskutuksen.<\/p>\n\n\n\n<h3 class=\"wp-block-heading\">Automaattiset laskelmat (Excel ja Google Sheets)<\/h3>\n\n\n\n<p>K\u00e4ytt\u00e4jille, jotka valitsevat Excelin tai Google Sheetsin, malli sis\u00e4lt\u00e4\u00e4 sis\u00e4\u00e4nrakennetut kaavat automaattisia laskelmia varten. Kokonaissummat, alennukset, verot ja v\u00e4lisummat lasketaan reaaliajassa, mik\u00e4 v\u00e4hent\u00e4\u00e4 virheit\u00e4 ja s\u00e4\u00e4st\u00e4\u00e4 arvokasta aikaa.<\/p>\n\n\n\n<figure class=\"wp-block-image size-full\"><img loading=\"lazy\" decoding=\"async\" width=\"2270\" height=\"316\" src=\"https:\/\/planyard.com\/wp-content\/uploads\/2024\/12\/construction_invoice_automatic_calculations.png\" alt=\"Construction invoice automatic calculations\" class=\"wp-image-8071\" srcset=\"https:\/\/planyard.com\/wp-content\/uploads\/2024\/12\/construction_invoice_automatic_calculations.png 2270w, https:\/\/planyard.com\/wp-content\/uploads\/2024\/12\/construction_invoice_automatic_calculations-1536x214.png 1536w, https:\/\/planyard.com\/wp-content\/uploads\/2024\/12\/construction_invoice_automatic_calculations-2048x285.png 2048w\" sizes=\"auto, (max-width: 2270px) 100vw, 2270px\" \/><\/figure>\n\n\n\n<h3 class=\"wp-block-heading\">Vaihtelevat ALV:t jokaiselle tuotteelle<\/h3>\n\n\n\n<p>Rakennuslaskumallimme tarjoaa joustavuutta soveltaa erilaisia ALV-kantoja yksitt\u00e4isiin tuotteisiin, mik\u00e4 vastaa rakennusprojekteissa usein esiintyvi\u00e4 vaihtelevia verovaatimuksia. Olipa kyseess\u00e4 ty\u00f6voima, materiaalit tai erikoislaitteet, voit helposti m\u00e4\u00e4ritt\u00e4\u00e4 erityiset ALV-prosentit jokaiselle rivikohdalle.<\/p>\n\n\n\n<p>T\u00e4m\u00e4 ominaisuus varmistaa tarkat verolaskelmat, paikallisten veros\u00e4\u00e4nn\u00f6sten noudattamisen ja l\u00e4pin\u00e4kyvyyden asiakkaillesi. Mukauttamalla erilaisia verorakenteita malli auttaa virtaviivaistamaan laskutusta monimutkaisissa projekteissa, v\u00e4hent\u00e4en virheiden riski\u00e4 ja varmistaen tarkan taloudellisen raportoinnin.<\/p>\n\n\n\n<figure class=\"wp-block-image size-full\"><img loading=\"lazy\" decoding=\"async\" width=\"2270\" height=\"316\" src=\"https:\/\/planyard.com\/wp-content\/uploads\/2024\/12\/construction_invoice_varying_vat.png\" alt=\"Construction invoice with varying VAT rates highlighted\" class=\"wp-image-8072\" srcset=\"https:\/\/planyard.com\/wp-content\/uploads\/2024\/12\/construction_invoice_varying_vat.png 2270w, https:\/\/planyard.com\/wp-content\/uploads\/2024\/12\/construction_invoice_varying_vat-1536x214.png 1536w, https:\/\/planyard.com\/wp-content\/uploads\/2024\/12\/construction_invoice_varying_vat-2048x285.png 2048w\" sizes=\"auto, (max-width: 2270px) 100vw, 2270px\" \/><\/figure>\n\n\n\n<h3 class=\"wp-block-heading\">Ammattimainen ulkoasu<\/h3>\n\n\n\n<p>Selke\u00e4 ja j\u00e4rjestelm\u00e4llinen muotoilu varmistaa, ett\u00e4 laskusi n\u00e4ytt\u00e4v\u00e4t ammattimaisilta. Ulkoasu sis\u00e4lt\u00e4\u00e4 selke\u00e4sti m\u00e4\u00e4ritellyt osiot projektin yksityiskohdille, eritellyille kustannuksille ja maksuehdoille, mik\u00e4 tekee asiakkaiden ymm\u00e4rt\u00e4misest\u00e4 ja k\u00e4sittelyst\u00e4 helppoa. Mallin yl\u00e4osassa voit vaihtaa paikkamerkkilogon omaasi.<\/p>\n\n\n\n<h3 class=\"wp-block-heading\">Useita muotovaihtoehtoja<\/h3>\n\n\n\n<p>Valitse Google Sheetsin, Excelin ja PDF:n v\u00e4lill\u00e4 ty\u00f6skentelytapojesi mukaan. Tarvitsetpa mallin manuaalisille merkinn\u00f6ille tai automaatiolle optimoidun, meill\u00e4 on sinulle sopiva vaihtoehto.<\/p>\n\n\n\n<h3 class=\"wp-block-heading\">Esimuotoiltu veronmukaisuutta varten<\/h3>\n\n\n\n<p>Malli sis\u00e4lt\u00e4\u00e4 kent\u00e4t verokannoille ja laskelmille, mik\u00e4 varmistaa paikallisten veros\u00e4\u00e4nn\u00f6sten noudattamisen. Voit helposti s\u00e4\u00e4t\u00e4\u00e4 n\u00e4it\u00e4 kentti\u00e4 sijaintisi ja projektivaatimustesi mukaan.<\/p>\n\n\n\n<p>Voit jopa tarjota vaihtelevia verokantoja jokaiselle laskun tuotteelle. Laskun kokonaisverosumma ilmoitetaan sitten laskun alareunassa.<\/p>\n\n\n<div class=\"wp-block-image\">\n<figure class=\"aligncenter size-full\"><img loading=\"lazy\" decoding=\"async\" width=\"1122\" height=\"344\" src=\"https:\/\/planyard.com\/wp-content\/uploads\/2024\/12\/construction_invoice_taxes.png\" alt=\"Construction invoice template automatic tax calculation\" class=\"wp-image-8074\"\/><\/figure>\n<\/div>\n\n\n<h3 class=\"wp-block-heading\">Ty\u00f6n aloitus- ja p\u00e4\u00e4ttymisp\u00e4iv\u00e4t<\/h3>\n\n\n\n<p>Rakennuslaskumallimme sis\u00e4lt\u00e4\u00e4 kent\u00e4t projektin tai laskutetun ty\u00f6n aloitus- ja p\u00e4\u00e4ttymisp\u00e4ivien m\u00e4\u00e4ritt\u00e4miseksi. N\u00e4m\u00e4 p\u00e4iv\u00e4m\u00e4\u00e4r\u00e4t tarjoavat asiakkaille t\u00e4rke\u00e4\u00e4 kontekstia, varmistaen, ett\u00e4 he ymm\u00e4rt\u00e4v\u00e4t maksuihin liittyv\u00e4n aikataulun. M\u00e4\u00e4rittelem\u00e4ll\u00e4 selke\u00e4sti, milloin ty\u00f6 alkoi ja p\u00e4\u00e4ttyi, voit auttaa est\u00e4m\u00e4\u00e4n v\u00e4\u00e4rink\u00e4sityksi\u00e4 ja luomaan l\u00e4pin\u00e4kyv\u00e4n kirjanpidon molemmille osapuolille.<\/p>\n\n\n\n<p>T\u00e4m\u00e4 ominaisuus on erityisen hy\u00f6dyllinen edistymislaskutuksessa, toistuvissa huoltopalveluissa tai projekteissa, joissa on p\u00e4\u00e4llekk\u00e4isi\u00e4 vaiheita, sill\u00e4 se varmistaa, ett\u00e4 jokainen lasku liittyy tiettyyn ty\u00f6jaksoon, edist\u00e4en selkeytt\u00e4 ja ammattimaisuutta.<\/p>\n\n\n\n<figure class=\"wp-block-image size-full\"><img loading=\"lazy\" decoding=\"async\" width=\"1086\" height=\"196\" src=\"https:\/\/planyard.com\/wp-content\/uploads\/2024\/12\/construction_invoice_start_end_dates.png\" alt=\"Construction invoice date of work\" class=\"wp-image-8076\"\/><\/figure>\n\n\n\n<h3 class=\"wp-block-heading\">Tilaa ty\u00f6n kuvaukselle<\/h3>\n\n\n\n<p>Rakennuslaskumallimme sis\u00e4lt\u00e4\u00e4 erillisen osion suoritetun ty\u00f6n yksityiskohtaiselle kuvaukselle. T\u00e4m\u00e4 ominaisuus antaa sinulle mahdollisuuden tarjota asiakkaille selke\u00e4 selitys palveluista, mukaan lukien suoritetut teht\u00e4v\u00e4t, k\u00e4ytetyt materiaalit ja saavutetut projektivirstanpylv\u00e4\u00e4t.<\/p>\n\n\n\n<p>Tarjoamalla t\u00e4m\u00e4n tason l\u00e4pin\u00e4kyvyytt\u00e4 voit minimoida asiakkaiden kysymykset, v\u00e4ltt\u00e4\u00e4 kiistoja ja rakentaa luottamusta. Tila on joustava, joten voit r\u00e4\u00e4t\u00e4l\u00f6id\u00e4 kuvaukset kunkin projektin laajuuden ja monimutkaisuuden mukaan, varmistaen, ett\u00e4 jokainen lasku viestii ty\u00f6si arvon tehokkaasti ja ammattimaisesti.<\/p>\n\n\n\n<figure class=\"wp-block-image size-full\"><img loading=\"lazy\" decoding=\"async\" width=\"2156\" height=\"394\" src=\"https:\/\/planyard.com\/wp-content\/uploads\/2024\/12\/construction_invoice_description_of_work.png\" alt=\"Construction invoice description of work section\" class=\"wp-image-8078\" srcset=\"https:\/\/planyard.com\/wp-content\/uploads\/2024\/12\/construction_invoice_description_of_work.png 2156w, https:\/\/planyard.com\/wp-content\/uploads\/2024\/12\/construction_invoice_description_of_work-1536x281.png 1536w, https:\/\/planyard.com\/wp-content\/uploads\/2024\/12\/construction_invoice_description_of_work-2048x374.png 2048w\" sizes=\"auto, (max-width: 2156px) 100vw, 2156px\" \/><\/figure>\n\n\n\n<h3 class=\"wp-block-heading\">Tulostettava ja jaettavissa<\/h3>\n\n\n\n<p>Malli on suunniteltu tulostusyst\u00e4v\u00e4lliseksi, varmistaen, ett\u00e4 se n\u00e4ytt\u00e4\u00e4 ammattimaiselta paperilla. Se on my\u00f6s helppo jakaa s\u00e4hk\u00f6isesti, mik\u00e4 tekee siit\u00e4 k\u00e4tev\u00e4n digitaaliseen laskutukseen.<\/p>\n\n\n\n<p>K\u00e4ytt\u00e4m\u00e4ll\u00e4 rakennuslaskumalliamme voit virtaviivaistaa laskutusprosessiasi, v\u00e4hent\u00e4\u00e4 manuaalisia virheit\u00e4 ja parantaa ammattimaista imagoasi, samalla kun s\u00e4\u00e4st\u00e4t aikaa ja vaivaa.<\/p>\n\n\n\n<h2 class=\"wp-block-heading\">Milloin minun pit\u00e4isi k\u00e4ytt\u00e4\u00e4 rakennuslaskua?<\/h2>\n\n\n\n<p>Rakennuslasku on t\u00e4rke\u00e4 asiakirja, jota k\u00e4ytet\u00e4\u00e4n laskuttamaan asiakkaita rakennusprojektissa suoritetusta ty\u00f6st\u00e4. Olitpa urakoitsija, rakentaja tai alihankkija, laskun antamisen ajankohdan tunteminen on ratkaisevan t\u00e4rke\u00e4\u00e4 kassavirran yll\u00e4pit\u00e4miseksi ja taloudellisen l\u00e4pin\u00e4kyvyyden varmistamiseksi.<\/p>\n\n\n\n<h3 class=\"wp-block-heading\">Yleisi\u00e4 tilanteita rakennuslaskun k\u00e4ytt\u00e4miseen<\/h3>\n\n\n\n<ol class=\"wp-block-list\">\n<li><strong>Valmiit virstanpylv\u00e4\u00e4t:<\/strong> Suurissa projekteissa on yleist\u00e4 laskuttaa asiakkaita tiettyjen virstanpylv\u00e4iden, kuten perustuksen tai runkorakenteen valmistumisen j\u00e4lkeen.<\/li>\n\n\n\n<li><strong>Edistymislaskutus:<\/strong> Jatkuvissa projekteissa laskujen antaminen s\u00e4\u00e4nn\u00f6llisin v\u00e4liajoin (viikoittain tai kuukausittain) suoritetun ty\u00f6n prosenttiosuuden perusteella pit\u00e4\u00e4 maksut tasaisina.<\/li>\n\n\n\n<li><strong>Projektin valmistuttua:<\/strong> Pienemm\u00e4t projektit tai yksitt\u00e4iset teht\u00e4v\u00e4t voivat oikeuttaa laskutuksen vasta, kun ty\u00f6 on t\u00e4ysin valmis ja tarkastettu.<\/li>\n\n\n\n<li><strong>Tiettyj\u00e4 kustannuksia varten:<\/strong> K\u00e4yt\u00e4 laskuja pyyt\u00e4\u00e4ksesi korvausta lis\u00e4kustannuksista, kuten lis\u00e4t\u00f6ist\u00e4 tai materiaaleista, joita alkuper\u00e4inen sopimus ei kata.<\/li>\n<\/ol>\n\n\n\n<p>Rakennuslaskujen asianmukainen k\u00e4ytt\u00f6 varmistaa ammattimaisuuden ja auttaa rakentamaan luottamusta asiakkaisiin samalla kun se tarjoaa selke\u00e4n kirjanpidon suoritetuista palveluista.<\/p>\n\n\n\n<h2 class=\"wp-block-heading\">Kuinka luon rakennuslaskun?<\/h2>\n\n\n\n<p>Rakennuslaskun luominen voi tuntua pelottavalta, mutta jakamalla se yksinkertaisiin vaiheisiin voit tehd\u00e4 prosessista sujuvan ja tehokkaan. Alla ovat olennaiset elementit, jotka jokaisen ammattimaisen rakennuslaskun tulisi sis\u00e4lt\u00e4\u00e4.<\/p>\n\n\n\n<h3 class=\"wp-block-heading\">Laskun otsikko<\/h3>\n\n\n\n<p>Aloita otsikolla, joka selke\u00e4sti tunnistaa yrityksesi. Sis\u00e4llyt\u00e4 yrityksesi nimi, osoite, puhelinnumero, s\u00e4hk\u00f6postiosoite ja logo. T\u00e4m\u00e4 lis\u00e4\u00e4 ammattimaisuutta ja varmistaa, ett\u00e4 asiakkaat voivat helposti ottaa sinuun yhteytt\u00e4 tarvittaessa.<\/p>\n\n\n\n<h3 class=\"wp-block-heading\">Laskunumero<\/h3>\n\n\n\n<p>Anna jokaiselle laskulle yksil\u00f6llinen numero seurantaa ja kirjanpitoa varten. Numerointij\u00e4rjestelm\u00e4 auttaa sek\u00e4 sinua ett\u00e4 asiakastasi viittaamaan tiettyihin laskuihin nopeasti, erityisesti useiden projektien hallinnassa.<\/p>\n\n\n\n<h3 class=\"wp-block-heading\">Asiakastiedot<\/h3>\n\n\n\n<p>Sis\u00e4llyt\u00e4 asiakkaasi tiedot, kuten nimi, osoite ja yhteystiedot. T\u00e4m\u00e4 varmistaa, ett\u00e4 lasku ohjataan oikealle henkil\u00f6lle tai osastolle.<\/p>\n\n\n\n<h3 class=\"wp-block-heading\">Eritellyt kustannukset<\/h3>\n\n\n\n<p>Erittele kaikki maksut yksityiskohtaisesti. Sis\u00e4llyt\u00e4:<\/p>\n\n\n\n<ul class=\"wp-block-list\">\n<li><strong>Ty\u00f6voima:<\/strong> Ty\u00f6tuntien m\u00e4\u00e4r\u00e4 ja tuntihinnat.<\/li>\n\n\n\n<li><strong>Materiaalit:<\/strong> K\u00e4ytettyjen materiaalien tyypit, m\u00e4\u00e4r\u00e4t ja kustannukset.<\/li>\n\n\n\n<li><strong>Laitteet:<\/strong> Mahdolliset konevuokrat tai k\u00e4ytt\u00f6maksut.<\/li>\n\n\n\n<li><strong>Muut kustannukset:<\/strong> Luvat, matkakulut tai lis\u00e4maksut. T\u00e4m\u00e4n tason yksityiskohtaisuus antaa l\u00e4pin\u00e4kyvyytt\u00e4 ja est\u00e4\u00e4 kiistoja.<\/li>\n<\/ul>\n\n\n\n<h3 class=\"wp-block-heading\">Maksettava kokonaism\u00e4\u00e4r\u00e4<\/h3>\n\n\n\n<p>Voit tiivist\u00e4\u00e4 kustannukset v\u00e4lisummiin, veroihin ja lopulliseen maksettavaan m\u00e4\u00e4r\u00e4\u00e4n. T\u00e4m\u00e4 osio tulisi esitt\u00e4\u00e4 selke\u00e4sti, jotta se on helposti ymm\u00e4rrett\u00e4viss\u00e4.<\/p>\n\n\n\n<h3 class=\"wp-block-heading\">Maksuehdot<\/h3>\n\n\n\n<p>M\u00e4\u00e4rit\u00e4 maksuehdot, kuten er\u00e4p\u00e4iv\u00e4 ja hyv\u00e4ksytt\u00e4v\u00e4t maksutavat (esim. pankkisiirto, luottokortti, sekki). Mainitse mahdolliset my\u00f6h\u00e4stymismaksut kannustaaksesi ajallaan maksamista.<\/p>\n\n\n\n<h3 class=\"wp-block-heading\">Lis\u00e4huomautukset<\/h3>\n\n\n\n<p>K\u00e4yt\u00e4 t\u00e4t\u00e4 osiota lis\u00e4tietojen antamiseen, kuten ty\u00f6lle annettuihin takuihin, palautusk\u00e4yt\u00e4nt\u00f6ihin tai kiitosviestiin asiakassuhteen vahvistamiseksi.<\/p>\n\n\n\n<p>Hyvin j\u00e4sennelty lasku ei ainoastaan varmista, ett\u00e4 saat maksun ajoissa, vaan my\u00f6s vahvistaa ammattimaista imagoasi.<\/p>\n\n\n\n<h2 class=\"wp-block-heading\">Mit\u00e4 rakennuslaskuun tulisi sis\u00e4llytt\u00e4\u00e4?<\/h2>\n\n\n\n<p>Jokaisen rakennuslaskun tulisi sis\u00e4lt\u00e4\u00e4 keskeiset tiedot, jotta se t\u00e4ytt\u00e4\u00e4 tarkoituksensa tehokkaasti. Alla ovat olennaiset elementit, jotka sinun on katettava:<\/p>\n\n\n\n<h3 class=\"wp-block-heading\">Projektin yksityiskohdat<\/h3>\n\n\n\n<p>Aloita projektin nimell\u00e4, osoitteella ja lyhyell\u00e4 kuvauksella ty\u00f6st\u00e4. T\u00e4m\u00e4 konteksti auttaa asiakkaita yhdist\u00e4m\u00e4\u00e4n laskun tiettyyn ty\u00f6h\u00f6n.<\/p>\n\n\n\n<h3 class=\"wp-block-heading\">Kustannusten erittely<\/h3>\n\n\n\n<p>Tarjoa selke\u00e4 ja yksityiskohtainen kustannusten erittely. T\u00e4m\u00e4 sis\u00e4lt\u00e4\u00e4:<\/p>\n\n\n\n<ul class=\"wp-block-list\">\n<li>Ty\u00f6voimakustannukset<\/li>\n\n\n\n<li>K\u00e4ytetyt materiaalit<\/li>\n\n\n\n<li>Laitevuokrat<\/li>\n\n\n\n<li>Verot ja muut maksut Kustannusten l\u00e4pin\u00e4kyvyys minimoi asiakkaiden kyselyt ja kiistat.<\/li>\n<\/ul>\n\n\n\n<h3 class=\"wp-block-heading\">Maksuehdot ja -tavat<\/h3>\n\n\n\n<p>M\u00e4\u00e4rit\u00e4 maksuehdot selke\u00e4sti:<\/p>\n\n\n\n<ul class=\"wp-block-list\">\n<li>Laskun er\u00e4p\u00e4iv\u00e4<\/li>\n\n\n\n<li>Hyv\u00e4ksytyt maksutavat (esim. pankkisiirto, sekki)<\/li>\n\n\n\n<li>Mahdolliset ennakkomaksualennukset tai my\u00f6h\u00e4stymismaksut<\/li>\n<\/ul>\n\n\n\n<h3 class=\"wp-block-heading\">Yhteystiedot<\/h3>\n\n\n\n<p>Varmista, ett\u00e4 yhteystietosi ovat helposti saatavilla. Asiakkaiden tulisi tiet\u00e4\u00e4, miten ottaa sinuun yhteytt\u00e4, jos heill\u00e4 on kysytt\u00e4v\u00e4\u00e4 tai he tarvitsevat lis\u00e4selvityksi\u00e4.<\/p>\n\n\n\n<p>N\u00e4iden osien sis\u00e4llytt\u00e4minen varmistaa, ett\u00e4 laskusi ovat ammattimaisia, selkeit\u00e4 ja tehokkaita maksujen saamisessa ajoissa, samalla kun ne minimoivat edestakaisen viestinn\u00e4n asiakkaiden kanssa.<\/p>\n\n\n\n<h2 class=\"wp-block-heading\">Yhteenveto<\/h2>\n\n\n\n<p>Virtaviivaista rakennusprojektisi ilmaisella rakennuslaskumallillamme. Se on r\u00e4\u00e4t\u00e4l\u00f6ity rakentajille, p\u00e4\u00e4urakoitsijoille ja rakennusp\u00e4\u00e4llik\u00f6ille, varmistaen, ett\u00e4 saat maksun ajallaan.<\/p>\n\n\n\n<p>Kun ty\u00f6skentelet monimutkaisempien projektien parissa, joissa on useita maksuvaiheita asiakkaiden kanssa, tutustu Planyardin <a href=\"https:\/\/planyard.com\/fi\/rakennusalan-laskujen-hallintaohjelmisto\">laskunhallintaohjelmistoon<\/a> helpottaaksesi el\u00e4m\u00e4\u00e4si.<\/p>\n","protected":false},"excerpt":{"rendered":"<p>T\u00e4lt\u00e4 sivulta l\u00f6yd\u00e4t ladattavia malleja (Google Docs, Excel ja PDF) sek\u00e4 kattavan oppaan, joka auttaa sinua luomaan ammattimaisia rakennuslaskuja tarpeidesi mukaan. Tehokas laskujen hallinta on kriittist\u00e4 taloudellisen hallinnan yll\u00e4pit\u00e4miseksi rakennusprojekteissa. Alla on erilaisia rakennuslaskumalleja, mukaan lukien Google Docs, Excel ja PDF. Vaikka kaikki muodot ovat hy\u00f6dyllisi\u00e4, suosittelemme k\u00e4ytt\u00e4m\u00e4\u00e4n Google Sheetsia tai Exceli\u00e4 automaattisten laskentaominaisuuksien vuoksi&#8230;.  <a class=\"excerpt-read-more\" href=\"https:\/\/planyard.com\/fi\/rakennuslaskumalli\" title=\"Lue  Rakennuslaskumalli\">Lue lis\u00e4\u00e4 &#8221;<\/a><\/p>\n","protected":false},"author":3,"featured_media":0,"parent":0,"menu_order":0,"comment_status":"closed","ping_status":"closed","template":"","meta":{"_acf_changed":false,"content-type":"","footnotes":""},"page_intent":[163],"page_type":[],"class_list":["post-11784","page","type-page","status-publish","hentry"],"acf":[],"yoast_head":"<!-- This site is optimized with the Yoast SEO plugin v26.9 - https:\/\/yoast.com\/product\/yoast-seo-wordpress\/ -->\n<title>Ilmainen rakennuslaskumalli - Planyard Suomi<\/title>\n<meta name=\"description\" content=\"Lataa ilmainen rakennuslaskumalli Excelille, PDF:lle tai Google Sheetsille. Ihanteellinen urakoitsijoille, rakentajille tai rakennusyrityksille.\" \/>\n<meta name=\"robots\" content=\"index, follow, max-snippet:-1, max-image-preview:large, max-video-preview:-1\" \/>\n<link rel=\"canonical\" href=\"https:\/\/planyard.com\/fi\/rakennuslaskumalli\" \/>\n<meta property=\"og:locale\" content=\"fi_FI\" \/>\n<meta property=\"og:type\" content=\"article\" \/>\n<meta property=\"og:title\" content=\"Ilmainen rakennuslaskumalli - Planyard Suomi\" \/>\n<meta property=\"og:description\" content=\"Lataa ilmainen rakennuslaskumalli Excelille, PDF:lle tai Google Sheetsille. Ihanteellinen urakoitsijoille, rakentajille tai rakennusyrityksille.\" \/>\n<meta property=\"og:url\" content=\"https:\/\/planyard.com\/fi\/rakennuslaskumalli\" \/>\n<meta property=\"og:site_name\" content=\"Planyard Suomi\" \/>\n<meta property=\"article:modified_time\" content=\"2025-05-19T17:53:29+00:00\" \/>\n<meta property=\"og:image\" content=\"https:\/\/planyard.com\/wp-content\/uploads\/2024\/12\/construction_invoice_template_preview.png\" \/>\n\t<meta property=\"og:image:width\" content=\"1570\" \/>\n\t<meta property=\"og:image:height\" content=\"2036\" \/>\n\t<meta property=\"og:image:type\" content=\"image\/png\" \/>\n<meta name=\"twitter:card\" content=\"summary_large_image\" \/>\n<meta name=\"twitter:label1\" content=\"Arvioitu lukuaika\" \/>\n\t<meta name=\"twitter:data1\" content=\"8 minuuttia\" \/>\n<!-- \/ Yoast SEO plugin. -->","yoast_head_json":{"title":"Ilmainen rakennuslaskumalli - Planyard Suomi","description":"Lataa ilmainen rakennuslaskumalli Excelille, PDF:lle tai Google Sheetsille. Ihanteellinen urakoitsijoille, rakentajille tai rakennusyrityksille.","robots":{"index":"index","follow":"follow","max-snippet":"max-snippet:-1","max-image-preview":"max-image-preview:large","max-video-preview":"max-video-preview:-1"},"canonical":"https:\/\/planyard.com\/fi\/rakennuslaskumalli","og_locale":"fi_FI","og_type":"article","og_title":"Ilmainen rakennuslaskumalli - Planyard Suomi","og_description":"Lataa ilmainen rakennuslaskumalli Excelille, PDF:lle tai Google Sheetsille. Ihanteellinen urakoitsijoille, rakentajille tai rakennusyrityksille.","og_url":"https:\/\/planyard.com\/fi\/rakennuslaskumalli","og_site_name":"Planyard Suomi","article_modified_time":"2025-05-19T17:53:29+00:00","og_image":[{"width":1570,"height":2036,"url":"https:\/\/planyard.com\/wp-content\/uploads\/2024\/12\/construction_invoice_template_preview.png","type":"image\/png"}],"twitter_card":"summary_large_image","twitter_misc":{"Arvioitu lukuaika":"8 minuuttia"},"schema":{"@context":"https:\/\/schema.org","@graph":[{"@type":"WebPage","@id":"https:\/\/planyard.com\/fi\/rakennuslaskumalli","url":"https:\/\/planyard.com\/fi\/rakennuslaskumalli","name":"Ilmainen rakennuslaskumalli - Planyard Suomi","isPartOf":{"@id":"https:\/\/planyard.com\/fi#website"},"primaryImageOfPage":{"@id":"https:\/\/planyard.com\/fi\/rakennuslaskumalli#primaryimage"},"image":{"@id":"https:\/\/planyard.com\/fi\/rakennuslaskumalli#primaryimage"},"thumbnailUrl":"https:\/\/planyard.com\/wp-content\/uploads\/2024\/12\/construction_invoice_template_preview.png","datePublished":"2024-12-12T15:08:49+00:00","dateModified":"2025-05-19T17:53:29+00:00","description":"Lataa ilmainen rakennuslaskumalli Excelille, PDF:lle tai Google Sheetsille. Ihanteellinen urakoitsijoille, rakentajille tai rakennusyrityksille.","breadcrumb":{"@id":"https:\/\/planyard.com\/fi\/rakennuslaskumalli#breadcrumb"},"inLanguage":"fi","potentialAction":[{"@type":"ReadAction","target":["https:\/\/planyard.com\/fi\/rakennuslaskumalli"]}]},{"@type":"ImageObject","inLanguage":"fi","@id":"https:\/\/planyard.com\/fi\/rakennuslaskumalli#primaryimage","url":"https:\/\/planyard.com\/wp-content\/uploads\/2024\/12\/construction_invoice_template_preview.png","contentUrl":"https:\/\/planyard.com\/wp-content\/uploads\/2024\/12\/construction_invoice_template_preview.png"},{"@type":"BreadcrumbList","@id":"https:\/\/planyard.com\/fi\/rakennuslaskumalli#breadcrumb","itemListElement":[{"@type":"ListItem","position":1,"name":"Home","item":"https:\/\/planyard.com\/fi"},{"@type":"ListItem","position":2,"name":"Rakennuslaskumalli"}]},{"@type":"WebSite","@id":"https:\/\/planyard.com\/fi#website","url":"https:\/\/planyard.com\/fi","name":"Planyard Suomi","description":"","potentialAction":[{"@type":"SearchAction","target":{"@type":"EntryPoint","urlTemplate":"https:\/\/planyard.com\/fi?s={search_term_string}"},"query-input":{"@type":"PropertyValueSpecification","valueRequired":true,"valueName":"search_term_string"}}],"inLanguage":"fi"}]}},"_links":{"self":[{"href":"https:\/\/planyard.com\/fi\/wp-json\/wp\/v2\/pages\/11784","targetHints":{"allow":["GET"]}}],"collection":[{"href":"https:\/\/planyard.com\/fi\/wp-json\/wp\/v2\/pages"}],"about":[{"href":"https:\/\/planyard.com\/fi\/wp-json\/wp\/v2\/types\/page"}],"author":[{"embeddable":true,"href":"https:\/\/planyard.com\/fi\/wp-json\/wp\/v2\/users\/3"}],"replies":[{"embeddable":true,"href":"https:\/\/planyard.com\/fi\/wp-json\/wp\/v2\/comments?post=11784"}],"version-history":[{"count":3,"href":"https:\/\/planyard.com\/fi\/wp-json\/wp\/v2\/pages\/11784\/revisions"}],"predecessor-version":[{"id":16105,"href":"https:\/\/planyard.com\/fi\/wp-json\/wp\/v2\/pages\/11784\/revisions\/16105"}],"wp:attachment":[{"href":"https:\/\/planyard.com\/fi\/wp-json\/wp\/v2\/media?parent=11784"}],"wp:term":[{"taxonomy":"page_intent","embeddable":true,"href":"https:\/\/planyard.com\/fi\/wp-json\/wp\/v2\/page_intent?post=11784"},{"taxonomy":"page_type","embeddable":true,"href":"https:\/\/planyard.com\/fi\/wp-json\/wp\/v2\/page_type?post=11784"}],"curies":[{"name":"wp","href":"https:\/\/api.w.org\/{rel}","templated":true}]}}