{"id":11778,"date":"2024-11-06T09:38:07","date_gmt":"2024-11-06T09:38:07","guid":{"rendered":"https:\/\/planyard.com\/construction-glossary-collection"},"modified":"2025-05-19T17:51:54","modified_gmt":"2025-05-19T17:51:54","slug":"rakennusalan-taloussanasto","status":"publish","type":"page","link":"https:\/\/planyard.com\/fi\/rakennusalan-taloussanasto","title":{"rendered":"Rakennusalan taloussanasto"},"content":{"rendered":"\n<p>Tervetuloa Rakennusalan taloussanastoon, joka on olennainen resurssi rakennusalalle ainutlaatuisten taloudellisten termien ja k\u00e4sitteiden ymm\u00e4rt\u00e4miseen. T\u00e4m\u00e4 sanasto on suunniteltu sek\u00e4 alan ammattilaisille ett\u00e4 uusille tulokkaille, ja se kattaa kaiken perusbudjetoinnista edistyneeseen kustannusten hallintaan.<\/p>\n\n\n\n<p>Olitpa sitten vastuussa projektin taloudesta, hallitsemassa kassavirtaa tai laatimassa kustannusennusteita, l\u00f6yd\u00e4t t\u00e4\u00e4lt\u00e4 tarvitsemasi m\u00e4\u00e4ritelm\u00e4t. Pysy ajan tasalla ja tee varmoja p\u00e4\u00e4t\u00f6ksi\u00e4 jokaisessa projektissa.<\/p>\n","protected":false},"excerpt":{"rendered":"<p>Tervetuloa Rakennusalan taloussanastoon, joka on olennainen resurssi rakennusalalle ainutlaatuisten taloudellisten termien ja k\u00e4sitteiden ymm\u00e4rt\u00e4miseen. T\u00e4m\u00e4 sanasto on suunniteltu sek\u00e4 alan ammattilaisille ett\u00e4 uusille tulokkaille, ja se kattaa kaiken perusbudjetoinnista edistyneeseen kustannusten hallintaan. Olitpa sitten vastuussa projektin taloudesta, hallitsemassa kassavirtaa tai laatimassa kustannusennusteita, l\u00f6yd\u00e4t t\u00e4\u00e4lt\u00e4 tarvitsemasi m\u00e4\u00e4ritelm\u00e4t. Pysy ajan tasalla ja tee varmoja p\u00e4\u00e4t\u00f6ksi\u00e4 jokaisessa projektissa.<\/p>\n","protected":false},"author":3,"featured_media":0,"parent":0,"menu_order":0,"comment_status":"closed","ping_status":"closed","template":"","meta":{"_acf_changed":false,"content-type":"","footnotes":""},"page_intent":[238],"page_type":[],"class_list":["post-11778","page","type-page","status-publish","hentry"],"acf":[],"yoast_head":"<!-- This site is optimized with the Yoast SEO plugin v26.9 - https:\/\/yoast.com\/product\/yoast-seo-wordpress\/ -->\n<title>Rakennusalan taloussanasto - Planyard Suomi<\/title>\n<meta name=\"description\" content=\"Luotettava resurssi rakennusalan taloussanaston selkeille m\u00e4\u00e4ritelmille. Se kattaa budjetoinnin, kassavirran ja paljon muuta.\" \/>\n<meta name=\"robots\" content=\"index, follow, max-snippet:-1, max-image-preview:large, max-video-preview:-1\" \/>\n<link rel=\"canonical\" href=\"https:\/\/planyard.com\/fi\/rakennusalan-taloussanasto\" \/>\n<meta property=\"og:locale\" content=\"fi_FI\" \/>\n<meta property=\"og:type\" content=\"article\" \/>\n<meta property=\"og:title\" content=\"Rakennusalan taloussanasto - Planyard Suomi\" \/>\n<meta property=\"og:description\" content=\"Luotettava resurssi rakennusalan taloussanaston selkeille m\u00e4\u00e4ritelmille. Se kattaa budjetoinnin, kassavirran ja paljon muuta.\" \/>\n<meta property=\"og:url\" content=\"https:\/\/planyard.com\/fi\/rakennusalan-taloussanasto\" \/>\n<meta property=\"og:site_name\" content=\"Planyard Suomi\" \/>\n<meta property=\"article:modified_time\" content=\"2025-05-19T17:51:54+00:00\" \/>\n<meta name=\"twitter:card\" content=\"summary_large_image\" \/>\n<meta name=\"twitter:label1\" content=\"Arvioitu lukuaika\" \/>\n\t<meta name=\"twitter:data1\" content=\"1 minuutti\" \/>\n<!-- \/ Yoast SEO plugin. -->","yoast_head_json":{"title":"Rakennusalan taloussanasto - Planyard Suomi","description":"Luotettava resurssi rakennusalan taloussanaston selkeille m\u00e4\u00e4ritelmille. Se kattaa budjetoinnin, kassavirran ja paljon muuta.","robots":{"index":"index","follow":"follow","max-snippet":"max-snippet:-1","max-image-preview":"max-image-preview:large","max-video-preview":"max-video-preview:-1"},"canonical":"https:\/\/planyard.com\/fi\/rakennusalan-taloussanasto","og_locale":"fi_FI","og_type":"article","og_title":"Rakennusalan taloussanasto - Planyard Suomi","og_description":"Luotettava resurssi rakennusalan taloussanaston selkeille m\u00e4\u00e4ritelmille. Se kattaa budjetoinnin, kassavirran ja paljon muuta.","og_url":"https:\/\/planyard.com\/fi\/rakennusalan-taloussanasto","og_site_name":"Planyard Suomi","article_modified_time":"2025-05-19T17:51:54+00:00","twitter_card":"summary_large_image","twitter_misc":{"Arvioitu lukuaika":"1 minuutti"},"schema":{"@context":"https:\/\/schema.org","@graph":[{"@type":"WebPage","@id":"https:\/\/planyard.com\/fi\/rakennusalan-taloussanasto","url":"https:\/\/planyard.com\/fi\/rakennusalan-taloussanasto","name":"Rakennusalan taloussanasto - Planyard Suomi","isPartOf":{"@id":"https:\/\/planyard.com\/fi#website"},"datePublished":"2024-11-06T09:38:07+00:00","dateModified":"2025-05-19T17:51:54+00:00","description":"Luotettava resurssi rakennusalan taloussanaston selkeille m\u00e4\u00e4ritelmille. Se kattaa budjetoinnin, kassavirran ja paljon muuta.","breadcrumb":{"@id":"https:\/\/planyard.com\/fi\/rakennusalan-taloussanasto#breadcrumb"},"inLanguage":"fi","potentialAction":[{"@type":"ReadAction","target":["https:\/\/planyard.com\/fi\/rakennusalan-taloussanasto"]}]},{"@type":"BreadcrumbList","@id":"https:\/\/planyard.com\/fi\/rakennusalan-taloussanasto#breadcrumb","itemListElement":[{"@type":"ListItem","position":1,"name":"Home","item":"https:\/\/planyard.com\/fi"},{"@type":"ListItem","position":2,"name":"Rakennusalan taloussanasto"}]},{"@type":"WebSite","@id":"https:\/\/planyard.com\/fi#website","url":"https:\/\/planyard.com\/fi","name":"Planyard Suomi","description":"","potentialAction":[{"@type":"SearchAction","target":{"@type":"EntryPoint","urlTemplate":"https:\/\/planyard.com\/fi?s={search_term_string}"},"query-input":{"@type":"PropertyValueSpecification","valueRequired":true,"valueName":"search_term_string"}}],"inLanguage":"fi"}]}},"_links":{"self":[{"href":"https:\/\/planyard.com\/fi\/wp-json\/wp\/v2\/pages\/11778","targetHints":{"allow":["GET"]}}],"collection":[{"href":"https:\/\/planyard.com\/fi\/wp-json\/wp\/v2\/pages"}],"about":[{"href":"https:\/\/planyard.com\/fi\/wp-json\/wp\/v2\/types\/page"}],"author":[{"embeddable":true,"href":"https:\/\/planyard.com\/fi\/wp-json\/wp\/v2\/users\/3"}],"replies":[{"embeddable":true,"href":"https:\/\/planyard.com\/fi\/wp-json\/wp\/v2\/comments?post=11778"}],"version-history":[{"count":3,"href":"https:\/\/planyard.com\/fi\/wp-json\/wp\/v2\/pages\/11778\/revisions"}],"predecessor-version":[{"id":16101,"href":"https:\/\/planyard.com\/fi\/wp-json\/wp\/v2\/pages\/11778\/revisions\/16101"}],"wp:attachment":[{"href":"https:\/\/planyard.com\/fi\/wp-json\/wp\/v2\/media?parent=11778"}],"wp:term":[{"taxonomy":"page_intent","embeddable":true,"href":"https:\/\/planyard.com\/fi\/wp-json\/wp\/v2\/page_intent?post=11778"},{"taxonomy":"page_type","embeddable":true,"href":"https:\/\/planyard.com\/fi\/wp-json\/wp\/v2\/page_type?post=11778"}],"curies":[{"name":"wp","href":"https:\/\/api.w.org\/{rel}","templated":true}]}}