{"id":11777,"date":"2024-08-22T05:41:05","date_gmt":"2024-08-22T05:41:05","guid":{"rendered":"https:\/\/planyard.com\/expenses-approval-workflow"},"modified":"2025-05-17T17:29:50","modified_gmt":"2025-05-17T17:29:50","slug":"rakennuskustannusten-hyvaksyntaprosessi","status":"publish","type":"page","link":"https:\/\/planyard.com\/fi\/rakennuskustannusten-hyvaksyntaprosessi","title":{"rendered":"Rakennuskustannusten hyv\u00e4ksynt\u00e4prosessi"},"content":{"rendered":"","protected":false},"excerpt":{"rendered":"","protected":false},"author":2,"featured_media":0,"parent":0,"menu_order":0,"comment_status":"closed","ping_status":"closed","template":"","meta":{"_acf_changed":false,"content-type":"","footnotes":""},"page_intent":[193],"page_type":[],"class_list":["post-11777","page","type-page","status-publish","hentry"],"acf":[],"yoast_head":"<!-- This site is optimized with the Yoast SEO plugin v27.1.1 - https:\/\/yoast.com\/product\/yoast-seo-wordpress\/ -->\n<title>Rakennuskustannusten hyv\u00e4ksynt\u00e4prosessi ty\u00f6maahenkil\u00f6st\u00f6lle<\/title>\n<meta name=\"description\" content=\"Planyard helpottaa rakennusprojektien kustannusten hyv\u00e4ksynt\u00e4\u00e4. Kustannukset, jotka projektip\u00e4\u00e4llikk\u00f6 hyv\u00e4ksyy, p\u00e4ivittyv\u00e4t automaattisesti projektin budjettiin.\" \/>\n<meta name=\"robots\" content=\"index, follow, max-snippet:-1, max-image-preview:large, max-video-preview:-1\" \/>\n<link rel=\"canonical\" href=\"https:\/\/planyard.com\/fi\/rakennuskustannusten-hyvaksyntaprosessi\" \/>\n<meta property=\"og:locale\" content=\"fi_FI\" \/>\n<meta property=\"og:type\" content=\"article\" \/>\n<meta property=\"og:title\" content=\"Rakennuskustannusten hyv\u00e4ksynt\u00e4prosessi ty\u00f6maahenkil\u00f6st\u00f6lle\" \/>\n<meta property=\"og:description\" content=\"Planyard helpottaa rakennusprojektien kustannusten hyv\u00e4ksynt\u00e4\u00e4. Kustannukset, jotka projektip\u00e4\u00e4llikk\u00f6 hyv\u00e4ksyy, p\u00e4ivittyv\u00e4t automaattisesti projektin budjettiin.\" \/>\n<meta property=\"og:url\" content=\"https:\/\/planyard.com\/fi\/rakennuskustannusten-hyvaksyntaprosessi\" \/>\n<meta property=\"og:site_name\" content=\"Planyard Suomi\" \/>\n<meta property=\"article:modified_time\" content=\"2025-05-17T17:29:50+00:00\" \/>\n<meta name=\"twitter:card\" content=\"summary_large_image\" \/>\n<!-- \/ Yoast SEO plugin. -->","yoast_head_json":{"title":"Rakennuskustannusten hyv\u00e4ksynt\u00e4prosessi ty\u00f6maahenkil\u00f6st\u00f6lle","description":"Planyard helpottaa rakennusprojektien kustannusten hyv\u00e4ksynt\u00e4\u00e4. Kustannukset, jotka projektip\u00e4\u00e4llikk\u00f6 hyv\u00e4ksyy, p\u00e4ivittyv\u00e4t automaattisesti projektin budjettiin.","robots":{"index":"index","follow":"follow","max-snippet":"max-snippet:-1","max-image-preview":"max-image-preview:large","max-video-preview":"max-video-preview:-1"},"canonical":"https:\/\/planyard.com\/fi\/rakennuskustannusten-hyvaksyntaprosessi","og_locale":"fi_FI","og_type":"article","og_title":"Rakennuskustannusten hyv\u00e4ksynt\u00e4prosessi ty\u00f6maahenkil\u00f6st\u00f6lle","og_description":"Planyard helpottaa rakennusprojektien kustannusten hyv\u00e4ksynt\u00e4\u00e4. Kustannukset, jotka projektip\u00e4\u00e4llikk\u00f6 hyv\u00e4ksyy, p\u00e4ivittyv\u00e4t automaattisesti projektin budjettiin.","og_url":"https:\/\/planyard.com\/fi\/rakennuskustannusten-hyvaksyntaprosessi","og_site_name":"Planyard Suomi","article_modified_time":"2025-05-17T17:29:50+00:00","twitter_card":"summary_large_image","schema":{"@context":"https:\/\/schema.org","@graph":[{"@type":"WebPage","@id":"https:\/\/planyard.com\/fi\/rakennuskustannusten-hyvaksyntaprosessi","url":"https:\/\/planyard.com\/fi\/rakennuskustannusten-hyvaksyntaprosessi","name":"Rakennuskustannusten hyv\u00e4ksynt\u00e4prosessi ty\u00f6maahenkil\u00f6st\u00f6lle","isPartOf":{"@id":"https:\/\/planyard.com\/fi#website"},"datePublished":"2024-08-22T05:41:05+00:00","dateModified":"2025-05-17T17:29:50+00:00","description":"Planyard helpottaa rakennusprojektien kustannusten hyv\u00e4ksynt\u00e4\u00e4. Kustannukset, jotka projektip\u00e4\u00e4llikk\u00f6 hyv\u00e4ksyy, p\u00e4ivittyv\u00e4t automaattisesti projektin budjettiin.","breadcrumb":{"@id":"https:\/\/planyard.com\/fi\/rakennuskustannusten-hyvaksyntaprosessi#breadcrumb"},"inLanguage":"fi","potentialAction":[{"@type":"ReadAction","target":["https:\/\/planyard.com\/fi\/rakennuskustannusten-hyvaksyntaprosessi"]}]},{"@type":"BreadcrumbList","@id":"https:\/\/planyard.com\/fi\/rakennuskustannusten-hyvaksyntaprosessi#breadcrumb","itemListElement":[{"@type":"ListItem","position":1,"name":"Home","item":"https:\/\/planyard.com\/fi"},{"@type":"ListItem","position":2,"name":"Rakennuskustannusten hyv\u00e4ksynt\u00e4prosessi"}]},{"@type":"WebSite","@id":"https:\/\/planyard.com\/fi#website","url":"https:\/\/planyard.com\/fi","name":"Planyard Suomi","description":"","potentialAction":[{"@type":"SearchAction","target":{"@type":"EntryPoint","urlTemplate":"https:\/\/planyard.com\/fi?s={search_term_string}"},"query-input":{"@type":"PropertyValueSpecification","valueRequired":true,"valueName":"search_term_string"}}],"inLanguage":"fi"}]}},"_links":{"self":[{"href":"https:\/\/planyard.com\/fi\/wp-json\/wp\/v2\/pages\/11777","targetHints":{"allow":["GET"]}}],"collection":[{"href":"https:\/\/planyard.com\/fi\/wp-json\/wp\/v2\/pages"}],"about":[{"href":"https:\/\/planyard.com\/fi\/wp-json\/wp\/v2\/types\/page"}],"author":[{"embeddable":true,"href":"https:\/\/planyard.com\/fi\/wp-json\/wp\/v2\/users\/2"}],"replies":[{"embeddable":true,"href":"https:\/\/planyard.com\/fi\/wp-json\/wp\/v2\/comments?post=11777"}],"version-history":[{"count":1,"href":"https:\/\/planyard.com\/fi\/wp-json\/wp\/v2\/pages\/11777\/revisions"}],"predecessor-version":[{"id":12068,"href":"https:\/\/planyard.com\/fi\/wp-json\/wp\/v2\/pages\/11777\/revisions\/12068"}],"wp:attachment":[{"href":"https:\/\/planyard.com\/fi\/wp-json\/wp\/v2\/media?parent=11777"}],"wp:term":[{"taxonomy":"page_intent","embeddable":true,"href":"https:\/\/planyard.com\/fi\/wp-json\/wp\/v2\/page_intent?post=11777"},{"taxonomy":"page_type","embeddable":true,"href":"https:\/\/planyard.com\/fi\/wp-json\/wp\/v2\/page_type?post=11777"}],"curies":[{"name":"wp","href":"https:\/\/api.w.org\/{rel}","templated":true}]}}