{"id":11768,"date":"2024-09-12T06:06:03","date_gmt":"2024-09-12T06:06:03","guid":{"rendered":"https:\/\/planyard.com\/construction-cost-codes-for-project-managers"},"modified":"2025-05-19T17:51:48","modified_gmt":"2025-05-19T17:51:48","slug":"rakennuskustannuskoodit-projektipaallikoille","status":"publish","type":"page","link":"https:\/\/planyard.com\/fi\/rakennuskustannuskoodit-projektipaallikoille","title":{"rendered":"Rakennuskustannuskoodit"},"content":{"rendered":"\n<h2 class=\"wp-block-heading has-text-align-center paddedHeading\" id=\"what-are-construction-cost-codes\">Mit\u00e4 ovat rakennuskustannuskoodit?<\/h2>\n\n\n\n<div class=\"wp-block-media-text alignwide has-media-on-the-right is-stacked-on-mobile\"><div class=\"wp-block-media-text__content\">\n<p><br>Rakennuskustannuskoodit ovat m\u00e4\u00e4ritelty lista koodeja, joita k\u00e4ytet\u00e4\u00e4n seuraamaan, hallitsemaan ja raportoimaan summia, m\u00e4\u00e4ri\u00e4, budjetteja, voittoja ja muita ty\u00f6h\u00f6n liittyvi\u00e4 tietoja. <\/p>\n\n\n\n<p>N\u00e4m\u00e4 koodit tehostavat yrityksen laajuista tiedonhallintaa kaikille sidosryhmille, mukaan lukien arvioijat, projektip\u00e4\u00e4llik\u00f6t ja kirjanpito.<\/p>\n\n\n\n<p>Niit\u00e4 tulisi k\u00e4ytt\u00e4\u00e4 ennustamiseen ja sopimusten hallintaan kustannusten hallinnan ja kirjanpidon kanssa, varmistaen t\u00e4ydellisen projektin n\u00e4kyvyyden ja mahdollistaen virheiden havaitsemisen ja tietojen uudelleenk\u00e4yt\u00f6n.<\/p>\n<\/div><figure class=\"wp-block-media-text__media\"><img loading=\"lazy\" decoding=\"async\" width=\"386\" height=\"365\" src=\"https:\/\/planyard.com\/wp-content\/uploads\/2024\/09\/Example-construction-cost-codes.png\" alt=\"\" class=\"wp-image-1976 size-full\"\/><\/figure><\/div>\n\n\n\n<h2 class=\"wp-block-heading has-text-align-center\">Rakennuskustannuskoodien k\u00e4yt\u00f6n hy\u00f6dyt<\/h2>\n\n\n\n<div class=\"wp-block-columns is-layout-flex wp-container-core-columns-is-layout-9d6595d7 wp-block-columns-is-layout-flex\">\n<div class=\"wp-block-column is-layout-flow wp-block-column-is-layout-flow\">\n<h4 class=\"wp-block-heading\" id=\"cost-control\">Kustannusten hallinta<\/h4>\n\n\n\n<p>Nopea ja helppo tapa tunnistaa ja analysoida, miten rahaa k\u00e4ytet\u00e4\u00e4n projektiin.<\/p>\n<\/div>\n\n\n\n<div class=\"wp-block-column is-layout-flow wp-block-column-is-layout-flow\">\n<h4 class=\"wp-block-heading\" id=\"kpis-tracking\">Tunnuslukujen seuranta<\/h4>\n\n\n\n<p>Seuraa ja hallitse tunnuslukuja, kuten arvioituja kustannuksia, kustannusarvioita, nykyisi\u00e4 kustannuksia ja muuta.<\/p>\n<\/div>\n\n\n\n<div class=\"wp-block-column is-layout-flow wp-block-column-is-layout-flow\">\n<h4 class=\"wp-block-heading\" id=\"ideal-for-companywide-use\">Ihanteellinen yrityksen laajuiseen k\u00e4ytt\u00f6\u00f6n<\/h4>\n\n\n\n<p>Samat koodit yrityksen laajuisesti helpottavat kustannusten, virheiden ja ennusteiden seuraamista ja analysointia kaikille sidosryhmille.<\/p>\n<\/div>\n<\/div>\n\n\n\n<div class=\"wp-block-columns is-layout-flex wp-container-core-columns-is-layout-9d6595d7 wp-block-columns-is-layout-flex\">\n<div class=\"wp-block-column is-layout-flow wp-block-column-is-layout-flow\">\n<h4 class=\"wp-block-heading\" id=\"visualize-profit-centers\">Visualisoi voittoalueet<\/h4>\n\n\n\n<p>Loppuun asti analysointi voittoalueiden ja ongelmallisten alueiden visualisoimiseksi.<\/p>\n<\/div>\n\n\n\n<div class=\"wp-block-column is-layout-flow wp-block-column-is-layout-flow\">\n<h4 class=\"wp-block-heading\" id=\"estimating\">Arviointi<\/h4>\n\n\n\n<p>Antaa rakenteen ja p\u00e4\u00e4syn kustannusten seuraamiseen reaaliajassa tarkempien ja realistisempien arvioiden asettamiseksi.<\/p>\n<\/div>\n\n\n\n<div class=\"wp-block-column is-layout-flow wp-block-column-is-layout-flow\">\n<h4 class=\"wp-block-heading\" id=\"real-time-tracking\">Reaaliaikainen seuranta<\/h4>\n\n\n\n<p>Antaa johdolle selke\u00e4n yleiskuvan ty\u00f6st\u00e4 ja pit\u00e4\u00e4 kaikki sidosryhm\u00e4t mukana.<\/p>\n<\/div>\n<\/div>\n\n\n\n<h2 class=\"wp-block-heading has-text-align-center\">Ty\u00f6 jaettu pienempiin toimituksiin<\/h2>\n\n\n\n<div class=\"wp-block-media-text alignwide has-media-on-the-right is-stacked-on-mobile\"><div class=\"wp-block-media-text__content\">\n<p><br>Ty\u00f6 voidaan jakaa projektin rakennuskustannuskoodien avulla pienempiin toimituksiin (esim. perustukset, asennukset, julkisivut).<\/p>\n\n\n\n<p>Planyard suosittelee t\u00f6iden aikaj\u00e4rjestyksen seuraamista. Kustannusten j\u00e4sent\u00e4minen paikan p\u00e4\u00e4ll\u00e4 tapahtuvien toimintojen mukaan auttaa johtoa seuraamaan kannattavuutta vaiheittain. Projektin puoliv\u00e4liss\u00e4 voit n\u00e4hd\u00e4, olivatko alkuvaiheet, kuten perustusty\u00f6t, kannattavia.<\/p>\n<\/div><figure class=\"wp-block-media-text__media\"><img loading=\"lazy\" decoding=\"async\" width=\"586\" height=\"367\" src=\"https:\/\/planyard.com\/wp-content\/uploads\/2024\/09\/Categoreis.png\" alt=\"\" class=\"wp-image-1977 size-full\"\/><\/figure><\/div>\n\n\n\n<h2 class=\"wp-block-heading has-text-align-center\">Rakennusbudjetin rakenne<\/h2>\n\n\n\n<div class=\"wp-block-media-text alignwide has-media-on-the-right is-stacked-on-mobile\"><div class=\"wp-block-media-text__content\">\n<p>Rakennuskustannuskoodien tulisi yhdist\u00e4\u00e4 projektin ennuste ja kustannusten hallinta ty\u00f6teht\u00e4viin ja rakenteeseen. Kustannuskoodien tulisi olla tunnistettavissa oleva rakenne, projektin kokonaisuudesta yksitt\u00e4isiin t\u00f6ihin ja tileihin.<\/p>\n\n\n\n<p>Oikealla n\u00e4et ulkoisten asennusten kategorian jaettuna tilitasolle.<\/p>\n<\/div><figure class=\"wp-block-media-text__media\"><img loading=\"lazy\" decoding=\"async\" width=\"809\" height=\"198\" src=\"https:\/\/planyard.com\/wp-content\/uploads\/2024\/09\/Category-breakdown.png\" alt=\"\" class=\"wp-image-1978 size-full\"\/><\/figure><\/div>\n\n\n\n<h2 class=\"wp-block-heading has-text-align-center paddedHeading\" id=\"budget-managed-from-an-estimate-from-job-costing-to-project-income\">Budjetti hallitaan arviosta, ty\u00f6kohtaisista kustannuksista projektituloihin<\/h2>\n\n\n\n<p>Lis\u00e4ksi on fiksua listata budjetti asiakkaan maksamien kustannusten kanssa, jotta ty\u00f6n kannattavuutta voidaan seurata artikkelitasolla.<\/p>\n\n\n\n<figure class=\"wp-block-image size-full\"><img loading=\"lazy\" decoding=\"async\" width=\"1024\" height=\"165\" src=\"https:\/\/planyard.com\/wp-content\/uploads\/2024\/09\/Category-breakdown-goal-and-free-1024x165-1.png\" alt=\"\" class=\"wp-image-1979\"\/><\/figure>\n\n\n\n<div class=\"wp-block-group\"><div class=\"wp-block-group__inner-container is-layout-constrained wp-block-group-is-layout-constrained\">\n<h2 class=\"wp-block-heading has-text-align-center paddedHeading\" id=\"to-what-level-should-you-break-down-construction-cost-codes\">Mihin tasoon asti rakennuskustannuskoodit tulisi jakaa?<\/h2>\n\n\n\n<p>T\u00e4h\u00e4n kysymykseen ei ole yht\u00e4 oikeaa vastausta. Sinun tulisi aloittaa seuraamalla eri sidosryhmien tarvitsemaa yksityiskohtaisuuden tasoa. Kustannusten seuraaminen liian yksityiskohtaisesti tekee raportoinnista aikaa viev\u00e4n teht\u00e4v\u00e4n projektip\u00e4\u00e4llik\u00f6ille ja lis\u00e4\u00e4 monimutkaisuutta kustannusanalyysiprosessiin.<\/p>\n\n\n\n<p><strong>HUOM! On t\u00e4rke\u00e4\u00e4 muistaa, ett\u00e4 kustannuskoodien hallintaan liittyy useita sidosryhmi\u00e4. Kaikkien sidosryhmien tulisi olla mukana valitsemassa sopivaa kustannuskoodirakennetta.<\/strong><\/p>\n\n\n\n<ol class=\"wp-block-list\">\n<li>T\u00e4rke\u00e4\u00e4 mietti\u00e4, kuka k\u00e4ytt\u00e4\u00e4 kustannuskooditietoja<\/li>\n\n\n\n<li>Projektip\u00e4\u00e4llik\u00f6t ovat kiinnostuneita ty\u00f6n suorittamisesta ja heid\u00e4n tulisi hallita budjettia mahdollisimman v\u00e4h\u00e4ll\u00e4 raportointiin k\u00e4ytetyll\u00e4 ajalla<\/li>\n\n\n\n<li>Kirjanpito on kiinnostunut seuraamaan kustannuksia kunkin tilin mukaan<br>Johtajien tulisi pysty\u00e4 seuraamaan virheit\u00e4, vastuullisuutta ja kannattavuutta<\/li>\n\n\n\n<li>Arvioijat tulevia arvioita varten tarvitsevat mahdollisuuden seurata nykyisten t\u00f6iden todellisia kustannuksia<\/li>\n<\/ol>\n<\/div><\/div>\n\n\n\n<h2 class=\"wp-block-heading has-text-align-center paddedHeading\" id=\"where-to-get-a-list-of-construction-cost-codes\">Mist\u00e4 saada lista rakennuskustannuskoodeista?<\/h2>\n\n\n\n<div class=\"wp-block-buttons is-horizontal is-content-justification-center is-layout-flex wp-container-core-buttons-is-layout-499968f5 wp-block-buttons-is-layout-flex\">\n<div class=\"wp-block-button\"><a class=\"wp-block-button__link has-background wp-element-button\" href=\"https:\/\/planyard.com\/fi\/hanki-ilmainen-rakennuskustannuskoodit\" style=\"background-color:#2756ff\" target=\"_blank\" rel=\"noreferrer noopener\">Hanki rakennuskustannuskoodit ilmaiseksi<\/a><\/div>\n<\/div>\n\n\n\n<h2 class=\"wp-block-heading has-text-align-center\">Planyard-urakoitsijaohjelmisto auttaa kunnianhimoisia tiimej\u00e4 saavuttamaan tavoitteensa ja nopeuttamaan kasvuansa.<\/h2>\n\n\n\n<div class=\"wp-block-media-text alignwide has-media-on-the-right is-stacked-on-mobile is-vertically-aligned-center\" style=\"grid-template-columns:auto 41%\"><div class=\"wp-block-media-text__content\">\n<ul class=\"wp-block-list\">\n<li>Ei en\u00e4\u00e4 taulukoita<\/li>\n\n\n\n<li>S\u00e4\u00e4st\u00e4\u00e4 projektip\u00e4\u00e4llik\u00f6iden ja kustannuslaskijoiden aikaa<\/li>\n\n\n\n<li>Helppo ottaa k\u00e4ytt\u00f6\u00f6n ja k\u00e4ytt\u00e4\u00e4<\/li>\n\n\n\n<li>Reaaliaikaiset ja tarkat talousennusteet<\/li>\n\n\n\n<li>Ei en\u00e4\u00e4 p\u00e4\u00e4llekk\u00e4ist\u00e4 tietojen sy\u00f6tt\u00f6\u00e4<\/li>\n<\/ul>\n\n\n\n<div class=\"wp-block-buttons is-layout-flex wp-block-buttons-is-layout-flex\">\n<div class=\"wp-block-button\"><a class=\"wp-block-button__link has-background wp-element-button\" href=\"https:\/\/planyard.com\/sign-up\" style=\"background-color:#2756ff\">Aloita ilmainen kokeilu<\/a><\/div>\n\n\n\n<div class=\"wp-block-button\"><a class=\"wp-block-button__link has-background wp-element-button\" href=\"https:\/\/meetings.hubspot.com\/cedlund\" style=\"background-color:#2756ff\" target=\"_blank\" rel=\"noreferrer noopener\">Pyyd\u00e4 esittely<\/a><\/div>\n<\/div>\n<\/div><figure class=\"wp-block-media-text__media\"><img loading=\"lazy\" decoding=\"async\" width=\"1024\" height=\"598\" src=\"https:\/\/planyard.com\/wp-content\/uploads\/2024\/09\/construction-project-management-software-macbook-iphone-1_reduced-1024x598-1.webp\" alt=\"\" class=\"wp-image-1980 size-large\"\/><\/figure><\/div>\n","protected":false},"excerpt":{"rendered":"<p>Mit\u00e4 ovat rakennuskustannuskoodit? Rakennuskustannuskoodit ovat m\u00e4\u00e4ritelty lista koodeja, joita k\u00e4ytet\u00e4\u00e4n seuraamaan, hallitsemaan ja raportoimaan summia, m\u00e4\u00e4ri\u00e4, budjetteja, voittoja ja muita ty\u00f6h\u00f6n liittyvi\u00e4 tietoja. N\u00e4m\u00e4 koodit tehostavat yrityksen laajuista tiedonhallintaa kaikille sidosryhmille, mukaan lukien arvioijat, projektip\u00e4\u00e4llik\u00f6t ja kirjanpito. Niit\u00e4 tulisi k\u00e4ytt\u00e4\u00e4 ennustamiseen ja sopimusten hallintaan kustannusten hallinnan ja kirjanpidon kanssa, varmistaen t\u00e4ydellisen projektin n\u00e4kyvyyden ja mahdollistaen&#8230;  <a class=\"excerpt-read-more\" href=\"https:\/\/planyard.com\/fi\/rakennuskustannuskoodit-projektipaallikoille\" title=\"Lue  Rakennuskustannuskoodit\">Lue lis\u00e4\u00e4 &#8221;<\/a><\/p>\n","protected":false},"author":5,"featured_media":0,"parent":0,"menu_order":0,"comment_status":"closed","ping_status":"closed","template":"","meta":{"_acf_changed":false,"content-type":"","footnotes":""},"page_intent":[163],"page_type":[],"class_list":["post-11768","page","type-page","status-publish","hentry"],"acf":[],"yoast_head":"<!-- This site is optimized with the Yoast SEO plugin v27.1.1 - https:\/\/yoast.com\/product\/yoast-seo-wordpress\/ -->\n<title>Rakennuskustannuskoodit projektip\u00e4\u00e4llik\u00f6ille - Opas ja ilmainen malli<\/title>\n<meta name=\"description\" content=\"Lataa Planyardin rakennuskustannuskoodit ilmaiseksi ja pysy helposti k\u00e4rryill\u00e4 ty\u00f6si kustannuksista. Ilmainen taulukko rakennusprojektip\u00e4\u00e4llik\u00f6ille.\" \/>\n<meta name=\"robots\" content=\"index, follow, max-snippet:-1, max-image-preview:large, max-video-preview:-1\" \/>\n<link rel=\"canonical\" href=\"https:\/\/planyard.com\/fi\/rakennuskustannuskoodit-projektipaallikoille\" \/>\n<meta property=\"og:locale\" content=\"fi_FI\" \/>\n<meta property=\"og:type\" content=\"article\" \/>\n<meta property=\"og:title\" content=\"Rakennuskustannuskoodit projektip\u00e4\u00e4llik\u00f6ille - Opas ja ilmainen malli\" \/>\n<meta property=\"og:description\" content=\"Lataa Planyardin rakennuskustannuskoodit ilmaiseksi ja pysy helposti k\u00e4rryill\u00e4 ty\u00f6si kustannuksista. Ilmainen taulukko rakennusprojektip\u00e4\u00e4llik\u00f6ille.\" \/>\n<meta property=\"og:url\" content=\"https:\/\/planyard.com\/fi\/rakennuskustannuskoodit-projektipaallikoille\" \/>\n<meta property=\"og:site_name\" content=\"Planyard Suomi\" \/>\n<meta property=\"article:modified_time\" content=\"2025-05-19T17:51:48+00:00\" \/>\n<meta property=\"og:image\" content=\"https:\/\/planyard.com\/wp-content\/uploads\/2024\/09\/Example-construction-cost-codes.png\" \/>\n\t<meta property=\"og:image:width\" content=\"386\" \/>\n\t<meta property=\"og:image:height\" content=\"365\" \/>\n\t<meta property=\"og:image:type\" content=\"image\/png\" \/>\n<meta name=\"twitter:card\" content=\"summary_large_image\" \/>\n<meta name=\"twitter:label1\" content=\"Arvioitu lukuaika\" \/>\n\t<meta name=\"twitter:data1\" content=\"4 minuuttia\" \/>\n<!-- \/ Yoast SEO plugin. -->","yoast_head_json":{"title":"Rakennuskustannuskoodit projektip\u00e4\u00e4llik\u00f6ille - Opas ja ilmainen malli","description":"Lataa Planyardin rakennuskustannuskoodit ilmaiseksi ja pysy helposti k\u00e4rryill\u00e4 ty\u00f6si kustannuksista. Ilmainen taulukko rakennusprojektip\u00e4\u00e4llik\u00f6ille.","robots":{"index":"index","follow":"follow","max-snippet":"max-snippet:-1","max-image-preview":"max-image-preview:large","max-video-preview":"max-video-preview:-1"},"canonical":"https:\/\/planyard.com\/fi\/rakennuskustannuskoodit-projektipaallikoille","og_locale":"fi_FI","og_type":"article","og_title":"Rakennuskustannuskoodit projektip\u00e4\u00e4llik\u00f6ille - Opas ja ilmainen malli","og_description":"Lataa Planyardin rakennuskustannuskoodit ilmaiseksi ja pysy helposti k\u00e4rryill\u00e4 ty\u00f6si kustannuksista. Ilmainen taulukko rakennusprojektip\u00e4\u00e4llik\u00f6ille.","og_url":"https:\/\/planyard.com\/fi\/rakennuskustannuskoodit-projektipaallikoille","og_site_name":"Planyard Suomi","article_modified_time":"2025-05-19T17:51:48+00:00","og_image":[{"width":386,"height":365,"url":"https:\/\/planyard.com\/wp-content\/uploads\/2024\/09\/Example-construction-cost-codes.png","type":"image\/png"}],"twitter_card":"summary_large_image","twitter_misc":{"Arvioitu lukuaika":"4 minuuttia"},"schema":{"@context":"https:\/\/schema.org","@graph":[{"@type":"WebPage","@id":"https:\/\/planyard.com\/fi\/rakennuskustannuskoodit-projektipaallikoille","url":"https:\/\/planyard.com\/fi\/rakennuskustannuskoodit-projektipaallikoille","name":"Rakennuskustannuskoodit projektip\u00e4\u00e4llik\u00f6ille - Opas ja ilmainen malli","isPartOf":{"@id":"https:\/\/planyard.com\/fi#website"},"primaryImageOfPage":{"@id":"https:\/\/planyard.com\/fi\/rakennuskustannuskoodit-projektipaallikoille#primaryimage"},"image":{"@id":"https:\/\/planyard.com\/fi\/rakennuskustannuskoodit-projektipaallikoille#primaryimage"},"thumbnailUrl":"https:\/\/planyard.com\/wp-content\/uploads\/2024\/09\/Example-construction-cost-codes.png","datePublished":"2024-09-12T06:06:03+00:00","dateModified":"2025-05-19T17:51:48+00:00","description":"Lataa Planyardin rakennuskustannuskoodit ilmaiseksi ja pysy helposti k\u00e4rryill\u00e4 ty\u00f6si kustannuksista. Ilmainen taulukko rakennusprojektip\u00e4\u00e4llik\u00f6ille.","breadcrumb":{"@id":"https:\/\/planyard.com\/fi\/rakennuskustannuskoodit-projektipaallikoille#breadcrumb"},"inLanguage":"fi","potentialAction":[{"@type":"ReadAction","target":["https:\/\/planyard.com\/fi\/rakennuskustannuskoodit-projektipaallikoille"]}]},{"@type":"ImageObject","inLanguage":"fi","@id":"https:\/\/planyard.com\/fi\/rakennuskustannuskoodit-projektipaallikoille#primaryimage","url":"https:\/\/planyard.com\/wp-content\/uploads\/2024\/09\/Example-construction-cost-codes.png","contentUrl":"https:\/\/planyard.com\/wp-content\/uploads\/2024\/09\/Example-construction-cost-codes.png"},{"@type":"BreadcrumbList","@id":"https:\/\/planyard.com\/fi\/rakennuskustannuskoodit-projektipaallikoille#breadcrumb","itemListElement":[{"@type":"ListItem","position":1,"name":"Home","item":"https:\/\/planyard.com\/fi"},{"@type":"ListItem","position":2,"name":"Rakennuskustannuskoodit"}]},{"@type":"WebSite","@id":"https:\/\/planyard.com\/fi#website","url":"https:\/\/planyard.com\/fi","name":"Planyard Suomi","description":"","potentialAction":[{"@type":"SearchAction","target":{"@type":"EntryPoint","urlTemplate":"https:\/\/planyard.com\/fi?s={search_term_string}"},"query-input":{"@type":"PropertyValueSpecification","valueRequired":true,"valueName":"search_term_string"}}],"inLanguage":"fi"}]}},"_links":{"self":[{"href":"https:\/\/planyard.com\/fi\/wp-json\/wp\/v2\/pages\/11768","targetHints":{"allow":["GET"]}}],"collection":[{"href":"https:\/\/planyard.com\/fi\/wp-json\/wp\/v2\/pages"}],"about":[{"href":"https:\/\/planyard.com\/fi\/wp-json\/wp\/v2\/types\/page"}],"author":[{"embeddable":true,"href":"https:\/\/planyard.com\/fi\/wp-json\/wp\/v2\/users\/5"}],"replies":[{"embeddable":true,"href":"https:\/\/planyard.com\/fi\/wp-json\/wp\/v2\/comments?post=11768"}],"version-history":[{"count":3,"href":"https:\/\/planyard.com\/fi\/wp-json\/wp\/v2\/pages\/11768\/revisions"}],"predecessor-version":[{"id":16100,"href":"https:\/\/planyard.com\/fi\/wp-json\/wp\/v2\/pages\/11768\/revisions\/16100"}],"wp:attachment":[{"href":"https:\/\/planyard.com\/fi\/wp-json\/wp\/v2\/media?parent=11768"}],"wp:term":[{"taxonomy":"page_intent","embeddable":true,"href":"https:\/\/planyard.com\/fi\/wp-json\/wp\/v2\/page_intent?post=11768"},{"taxonomy":"page_type","embeddable":true,"href":"https:\/\/planyard.com\/fi\/wp-json\/wp\/v2\/page_type?post=11768"}],"curies":[{"name":"wp","href":"https:\/\/api.w.org\/{rel}","templated":true}]}}