{"id":10897,"date":"2024-08-28T08:51:54","date_gmt":"2024-08-28T08:51:54","guid":{"rendered":"https:\/\/planyard.com\/xero-job-costing-integration-for-construction"},"modified":"2025-05-17T16:29:04","modified_gmt":"2025-05-17T16:29:04","slug":"xero-toode-kuluarvestuse-integreerimine-ehituses","status":"publish","type":"page","link":"https:\/\/planyard.com\/et\/xero-toode-kuluarvestuse-integreerimine-ehituses","title":{"rendered":"Xero t\u00f6\u00f6de kuluarvestuse integreerimine"},"content":{"rendered":"","protected":false},"excerpt":{"rendered":"","protected":false},"author":2,"featured_media":0,"parent":0,"menu_order":0,"comment_status":"closed","ping_status":"closed","template":"","meta":{"_acf_changed":false,"content-type":"","footnotes":""},"page_intent":[250],"page_type":[],"class_list":["post-10897","page","type-page","status-publish","hentry"],"acf":[],"yoast_head":"<!-- This site is optimized with the Yoast SEO plugin v27.1.1 - https:\/\/yoast.com\/product\/yoast-seo-wordpress\/ -->\n<title>Xero t\u00f6\u00f6de kuluarvestuse integreerimine ehituses - Planyard Eesti<\/title>\n<meta name=\"description\" content=\"Planyardi Xero t\u00f6\u00f6de kuluarvestuse integreerimine ehituses kaotab vajaduse tabelarvutuste j\u00e4rele ja j\u00e4lgib projekti kulusid reaalajas. Tasuta 14 p\u00e4eva.\" \/>\n<meta name=\"robots\" content=\"index, follow, max-snippet:-1, max-image-preview:large, max-video-preview:-1\" \/>\n<link rel=\"canonical\" href=\"https:\/\/planyard.com\/et\/xero-toode-kuluarvestuse-integreerimine-ehituses\" \/>\n<meta property=\"og:locale\" content=\"et_EE\" \/>\n<meta property=\"og:type\" content=\"article\" \/>\n<meta property=\"og:title\" content=\"Xero t\u00f6\u00f6de kuluarvestuse integreerimine ehituses - Planyard Eesti\" \/>\n<meta property=\"og:description\" content=\"Planyardi Xero t\u00f6\u00f6de kuluarvestuse integreerimine ehituses kaotab vajaduse tabelarvutuste j\u00e4rele ja j\u00e4lgib projekti kulusid reaalajas. Tasuta 14 p\u00e4eva.\" \/>\n<meta property=\"og:url\" content=\"https:\/\/planyard.com\/et\/xero-toode-kuluarvestuse-integreerimine-ehituses\" \/>\n<meta property=\"og:site_name\" content=\"Planyard Eesti\" \/>\n<meta property=\"article:modified_time\" content=\"2025-05-17T16:29:04+00:00\" \/>\n<meta name=\"twitter:card\" content=\"summary_large_image\" \/>\n<!-- \/ Yoast SEO plugin. -->","yoast_head_json":{"title":"Xero t\u00f6\u00f6de kuluarvestuse integreerimine ehituses - Planyard Eesti","description":"Planyardi Xero t\u00f6\u00f6de kuluarvestuse integreerimine ehituses kaotab vajaduse tabelarvutuste j\u00e4rele ja j\u00e4lgib projekti kulusid reaalajas. Tasuta 14 p\u00e4eva.","robots":{"index":"index","follow":"follow","max-snippet":"max-snippet:-1","max-image-preview":"max-image-preview:large","max-video-preview":"max-video-preview:-1"},"canonical":"https:\/\/planyard.com\/et\/xero-toode-kuluarvestuse-integreerimine-ehituses","og_locale":"et_EE","og_type":"article","og_title":"Xero t\u00f6\u00f6de kuluarvestuse integreerimine ehituses - Planyard Eesti","og_description":"Planyardi Xero t\u00f6\u00f6de kuluarvestuse integreerimine ehituses kaotab vajaduse tabelarvutuste j\u00e4rele ja j\u00e4lgib projekti kulusid reaalajas. Tasuta 14 p\u00e4eva.","og_url":"https:\/\/planyard.com\/et\/xero-toode-kuluarvestuse-integreerimine-ehituses","og_site_name":"Planyard Eesti","article_modified_time":"2025-05-17T16:29:04+00:00","twitter_card":"summary_large_image","schema":{"@context":"https:\/\/schema.org","@graph":[{"@type":"WebPage","@id":"https:\/\/planyard.com\/et\/xero-toode-kuluarvestuse-integreerimine-ehituses","url":"https:\/\/planyard.com\/et\/xero-toode-kuluarvestuse-integreerimine-ehituses","name":"Xero t\u00f6\u00f6de kuluarvestuse integreerimine ehituses - Planyard Eesti","isPartOf":{"@id":"https:\/\/planyard.com\/et#website"},"datePublished":"2024-08-28T08:51:54+00:00","dateModified":"2025-05-17T16:29:04+00:00","description":"Planyardi Xero t\u00f6\u00f6de kuluarvestuse integreerimine ehituses kaotab vajaduse tabelarvutuste j\u00e4rele ja j\u00e4lgib projekti kulusid reaalajas. Tasuta 14 p\u00e4eva.","breadcrumb":{"@id":"https:\/\/planyard.com\/et\/xero-toode-kuluarvestuse-integreerimine-ehituses#breadcrumb"},"inLanguage":"et","potentialAction":[{"@type":"ReadAction","target":["https:\/\/planyard.com\/et\/xero-toode-kuluarvestuse-integreerimine-ehituses"]}]},{"@type":"BreadcrumbList","@id":"https:\/\/planyard.com\/et\/xero-toode-kuluarvestuse-integreerimine-ehituses#breadcrumb","itemListElement":[{"@type":"ListItem","position":1,"name":"Home","item":"https:\/\/planyard.com\/et"},{"@type":"ListItem","position":2,"name":"Xero t\u00f6\u00f6de kuluarvestuse integreerimine"}]},{"@type":"WebSite","@id":"https:\/\/planyard.com\/et#website","url":"https:\/\/planyard.com\/et","name":"Planyard Eesti","description":"","potentialAction":[{"@type":"SearchAction","target":{"@type":"EntryPoint","urlTemplate":"https:\/\/planyard.com\/et?s={search_term_string}"},"query-input":{"@type":"PropertyValueSpecification","valueRequired":true,"valueName":"search_term_string"}}],"inLanguage":"et"}]}},"_links":{"self":[{"href":"https:\/\/planyard.com\/et\/wp-json\/wp\/v2\/pages\/10897","targetHints":{"allow":["GET"]}}],"collection":[{"href":"https:\/\/planyard.com\/et\/wp-json\/wp\/v2\/pages"}],"about":[{"href":"https:\/\/planyard.com\/et\/wp-json\/wp\/v2\/types\/page"}],"author":[{"embeddable":true,"href":"https:\/\/planyard.com\/et\/wp-json\/wp\/v2\/users\/2"}],"replies":[{"embeddable":true,"href":"https:\/\/planyard.com\/et\/wp-json\/wp\/v2\/comments?post=10897"}],"version-history":[{"count":1,"href":"https:\/\/planyard.com\/et\/wp-json\/wp\/v2\/pages\/10897\/revisions"}],"predecessor-version":[{"id":11079,"href":"https:\/\/planyard.com\/et\/wp-json\/wp\/v2\/pages\/10897\/revisions\/11079"}],"wp:attachment":[{"href":"https:\/\/planyard.com\/et\/wp-json\/wp\/v2\/media?parent=10897"}],"wp:term":[{"taxonomy":"page_intent","embeddable":true,"href":"https:\/\/planyard.com\/et\/wp-json\/wp\/v2\/page_intent?post=10897"},{"taxonomy":"page_type","embeddable":true,"href":"https:\/\/planyard.com\/et\/wp-json\/wp\/v2\/page_type?post=10897"}],"curies":[{"name":"wp","href":"https:\/\/api.w.org\/{rel}","templated":true}]}}