{"id":10892,"date":"2025-02-11T10:07:11","date_gmt":"2025-02-11T10:07:11","guid":{"rendered":"https:\/\/planyard.com\/procore-financials-alternative-planyard"},"modified":"2025-05-19T17:15:29","modified_gmt":"2025-05-19T17:15:29","slug":"procore-financials-alternative-planyard","status":"publish","type":"page","link":"https:\/\/planyard.com\/et\/procore-financials-alternative-planyard","title":{"rendered":"Miks v\u00e4ikeettev\u00f5tjad loobuvad Procore Financialsist"},"content":{"rendered":"\n<p>Paljud&nbsp;<strong>v\u00e4ikeettev\u00f5tjad<\/strong>, kes hindavad v\u00f5i kasutavad Procore Financialsi, leiavad, et see on&nbsp;<strong>liiga kallis ja \u00fclem\u00e4\u00e4ra keeruline<\/strong>&nbsp;nende vajaduste jaoks.<\/p>\n\n\n\n<p>Kuigi Procore pakub&nbsp;<strong>eelarvestamise, kohustuste ja lisat\u00f6\u00f6riistu<\/strong>, \u00fctlevad paljud ettev\u00f5tjad, et need tulevad&nbsp;<strong>koos mittevajalike lisadega<\/strong>, mis muudavad tarkvara&nbsp;<strong>raskesti kasutatavaks<\/strong>.<\/p>\n\n\n\n<p>\u00dcks&nbsp;<strong>v\u00e4ike peat\u00f6\u00f6v\u00f5tja<\/strong>&nbsp;jagas:<\/p>\n\n\n\n<blockquote class=\"wp-block-quote is-layout-flow wp-block-quote-is-layout-flow\">\n<p><em>\u201cProcore\u2019i tasud on t\u00e4iesti hullumeelsed. Nende eelarvestamise t\u00f6\u00f6riist on suurep\u00e4rane, kuid ma ei vaja k\u00f5iki lisasid, mida nad sellega kaasas pakuvad.\u201d<\/em>&nbsp;\u2013 \u00dcks&nbsp;<strong>v\u00e4ike peat\u00f6\u00f6v\u00f5tja<\/strong>&nbsp;L\u00f5una-Californias\u200b<\/p>\n<\/blockquote>\n\n\n\n<p>Lisaks on&nbsp;<strong>Procore&#8217;isse sisenemine v\u00f5i sealt v\u00e4ljumine \u00f5udusunen\u00e4gu<\/strong>, mis r\u00f5hutab vajadust&nbsp;<strong>paindlikuma ja kuluefektiivsema alternatiivi j\u00e4rele<\/strong>.<\/p>\n\n\n\n<p>Selle asemel, et&nbsp;<strong>raisata aega m\u00fc\u00fcgik\u00f5nedele, pikkadele juurutuskohtumistele ja viie- kuni kuuekohalistele litsentsitasudele<\/strong>, selgitab see juhend, miks v\u00e4ikeettev\u00f5tjad valivad<strong>&nbsp;Planyardi Procore Financialsi asemel<\/strong>.<\/p>\n\n\n\n<h2 class=\"wp-block-heading\" id=\"two\">Mis on Procore Financials?<\/h2>\n\n\n\n<p><strong>Procore Financials<\/strong>&nbsp;on osa&nbsp;<strong>Procore ehituse juhtimise tarkvarast<\/strong>, pakkudes t\u00f6\u00f6riistu&nbsp;<strong>eelarvestamiseks, kulude j\u00e4lgimiseks ja prognoosimiseks<\/strong>.<\/p>\n\n\n\n<p>Kuid Procore\u2019i&nbsp;<strong>finantsmoodul on m\u00f5eldud suurtele ettev\u00f5tetele<\/strong>&nbsp;ja sellega kaasnevad&nbsp;<strong>k\u00f5rged kulud ja j\u00e4rsk \u00f5ppimisk\u00f5ver<\/strong>\u2014kaks peamist probleemi&nbsp;<strong>v\u00e4ikeste ja keskmise suurusega ettev\u00f5tjate jaoks<\/strong>.<\/p>\n\n\n\n<p>Seotud sisu:<br><a href=\"https:\/\/planyard.com\/blog\/procore-quickbooks-integration-comparison\">Procore QuickBooks Integratsioon<\/a><br><a href=\"https:\/\/planyard.com\/et\/procore-liiga-kallis\">Kuidas Procore hinnakujundus t\u00f6\u00f6tab<\/a><\/p>\n\n\n\n<h2 class=\"wp-block-heading\" id=\"three\">Mis on Planyard?<\/h2>\n\n\n\n<p><strong>Planyard<\/strong>&nbsp;on&nbsp;<strong>ehituse finantsjuhtimise s\u00fcsteem<\/strong>, mis on m\u00f5eldud&nbsp;<strong>v\u00e4ikeettev\u00f5tjatele<\/strong>, kes vajavad&nbsp;<strong>lihtsat ja t\u00f5husat alternatiivi Procore Financialsile<\/strong>.<\/p>\n\n\n\n<p>Planyard&nbsp;<strong>integreerub sujuvalt<\/strong>&nbsp;koos&nbsp;<strong><a href=\"https:\/\/planyard.com\/et\/quickbooks-toode-kuluarvestus\">QuickBooks<\/a>,&nbsp;<a href=\"https:\/\/planyard.com\/et\/xero-ehitus-integratsioon\">Xero<\/a>,&nbsp;<a href=\"https:\/\/planyard.com\/et\/myob-raamatupidamise-ehituse-integreerimine\">MYOB<\/a> ja&nbsp;<a href=\"https:\/\/planyard.com\/et\/integreeri-sage-planyard-ehitustarkvara\">Sage<\/a><\/strong>, tagades&nbsp;<strong>reaalajas finantsj\u00e4lgimise<\/strong>&nbsp;ilma kolmandate osapoolte t\u00f6\u00f6riistadeta.<\/p>\n\n\n\n<p>Projekti juhtide poolt&nbsp;<strong>v\u00e4lja t\u00f6\u00f6tatud Planyard lihtsustab:<br>\u2714&nbsp;<strong>Eelarvestamist<\/strong>&nbsp;ja kulude j\u00e4lgimist<br>\u2714&nbsp;<strong>Arveldamist<\/strong>&nbsp;ja allt\u00f6\u00f6v\u00f5tjate makseid<br>\u2714&nbsp;<strong>Reaalajas prognoosimist<\/strong><br>\u2714&nbsp;<strong>Lisat\u00f6\u00f6de haldamist<\/strong><\/p>\n\n\n\n<figure class=\"wp-block-image\"><img loading=\"lazy\" decoding=\"async\" width=\"1202\" height=\"622\" src=\"https:\/\/planyard.com\/wp-content\/uploads\/2025\/02\/image.png\" alt=\"\" class=\"wp-image-8901\" \/><\/figure>\n\n\n\n<h2 class=\"wp-block-heading\" id=\"four\">Miks v\u00e4ikeettev\u00f5tjad valivad Planyardi Procore Financialsi asemel<\/h2>\n\n\n\n<h3 class=\"wp-block-heading\">1. Procore Financials on liiga j\u00e4ik<\/h3>\n\n\n\n<p>Paljud ettev\u00f5tjad kurdavad, et Procore&nbsp;<strong>sunneb neid j\u00e4rgima ranget kulukoodide struktuuri<\/strong>, muutes kulude j\u00e4lgimise&nbsp;<strong>frustreerivaks ja ebaefektiivseks<\/strong>.<\/p>\n\n\n\n<ul class=\"wp-block-list\">\n<li><strong>\u00dcks majaarendaja Austraalias<\/strong>&nbsp;v\u00f5itles, sest Procore&nbsp;<strong>ei luba kulukoode mitu korda kasutada<\/strong>, muutes&nbsp;<strong>konkreetsete kulude j\u00e4lgimise v\u00f5imatuks<\/strong>\u200b.<\/li>\n\n\n\n<li><strong>\u00dcks erialaettev\u00f5tja Kanadas<\/strong>&nbsp;pidi&nbsp;<strong>k\u00e4sitsi s\u00fcnkroonima kulud QuickBooksiga<\/strong>, mis viis vigade ja aja raiskamiseni\u200b.<\/li>\n<\/ul>\n\n\n\n<p>\u2714&nbsp;<strong>Kuidas Planyard seda lahendab:<\/strong><\/p>\n\n\n\n<ul class=\"wp-block-list\">\n<li>Kasutage&nbsp;<strong>kulukoode paindlikult<\/strong>\u2014m\u00e4\u00e4rake neid mitu korda vastavalt vajadusele.<\/li>\n\n\n\n<li><strong>Reaalajas eelarve uuendused<\/strong>\u2014pole vaja k\u00e4sitsi leppimist.<\/li>\n<\/ul>\n\n\n\n<h3 class=\"wp-block-heading\">2. Procore lukustab ettev\u00f5tted oma s\u00fcsteemi<\/h3>\n\n\n\n<p>Procore&#8217;isse sisenemine v\u00f5i sealt v\u00e4ljumine on&nbsp;<strong>\u00f5udusunen\u00e4gu<\/strong>&nbsp;keerulise andmete p\u00f5imumise t\u00f5ttu.<\/p>\n\n\n\n<ul class=\"wp-block-list\">\n<li>\u00dcks&nbsp;<strong>v\u00e4ike peat\u00f6\u00f6v\u00f5tja<\/strong>&nbsp;n\u00e4gi, kuidas kaks ettev\u00f5tet v\u00f5itlesid Procore&#8217;i juurutamisega, ja teine p\u00fc\u00fcdis lahkuda, mis&nbsp;<strong>muutus katastroofiks<\/strong>\u200b.<\/li>\n<\/ul>\n\n\n\n<p>\u2714&nbsp;<strong>Kuidas Planyard seda lahendab:<\/strong><\/p>\n\n\n\n<ul class=\"wp-block-list\">\n<li><strong>Lihtne kasutuselev\u00f5tt<\/strong>\u2014importige oma olemasolevad eelarved Excelist.<\/li>\n\n\n\n<li><strong>Lihtne lahkumine<\/strong>\u2014teie andmed on&nbsp;<strong>alati eksporditavad<\/strong>, nii et te ei j\u00e4\u00e4 kunagi lukku.<\/li>\n<\/ul>\n\n\n\n<h3 class=\"wp-block-heading\"><strong>3. V\u00e4ikeettev\u00f5tjad on sunnitud kasutama Excelit alternatiivide puudumise t\u00f5ttu<\/strong><\/h3>\n\n\n\n<p>Paljud ettev\u00f5tjad p\u00f6\u00f6rduvad tagasi&nbsp;<strong>Exceli eelarvestamise juurde<\/strong>, sest enamik finantst\u00f6\u00f6riistu on&nbsp;<strong>liiga kallid v\u00f5i liiga keerulised<\/strong>.<\/p>\n\n\n\n<ul class=\"wp-block-list\">\n<li>Tabelarvutused&nbsp;<strong>hajutavad andmed mitmele vahelehele<\/strong>, muutes&nbsp;<strong>reaalajas j\u00e4lgimise raskeks<\/strong>.<\/li>\n<\/ul>\n\n\n\n<p>\u2714&nbsp;<strong>Kuidas Planyard seda lahendab:<\/strong><\/p>\n\n\n\n<ul class=\"wp-block-list\">\n<li><strong>\u00dche kl\u00f5psuga eelarve import Excelist<\/strong>.<\/li>\n\n\n\n<li><strong>Reaalajas projekti j\u00e4lgimine k\u00f5igi t\u00f6\u00f6de \u00fcle \u00fchel t\u00f6\u00f6laual<\/strong>.<\/li>\n<\/ul>\n\n\n\n<h3 class=\"wp-block-heading\"><strong>4. Procore n\u00f5uab raamatupidamiss\u00fcsteemide jaoks kolmandate osapoolte integratsioone<\/strong><\/h3>\n\n\n\n<p>\u00dcks&nbsp;<strong>v\u00e4ike peat\u00f6\u00f6v\u00f5tja<\/strong>&nbsp;otsis spetsiaalselt&nbsp;<strong>eelarvestamise t\u00f6\u00f6riista, millel oleks natiivne QuickBooks integratsioon<\/strong>\u200b.<\/p>\n\n\n\n<ul class=\"wp-block-list\">\n<li>Procore n\u00f5uab&nbsp;<strong>kolmandate osapoolte \u00fchendusi nagu&nbsp;<\/strong><a href=\"https:\/\/planyard.com\/blog\/procore-quickbooks-integration-comparison\"><strong>SmoothLink<\/strong>&nbsp;QuickBooksiga s\u00fcnkroonimiseks<\/a>.<\/li>\n<\/ul>\n\n\n\n<p>\u2714&nbsp;<strong>Kuidas Planyard seda lahendab:<\/strong><\/p>\n\n\n\n<ul class=\"wp-block-list\">\n<li><strong>Natiivne QuickBooks, Xero, MYOB ja Sage integratsioon<\/strong>&nbsp;(pole vaja kolmandate osapoolte t\u00f6\u00f6riistu).<\/li>\n\n\n\n<li><strong>Arved skaneeritakse automaatselt, vastendatakse eelarvetega ja s\u00fcnkroonitakse<\/strong>.<\/li>\n<\/ul>\n\n\n\n<h2 class=\"wp-block-heading\" id=\"five\">Planyard vs. Procore Financials: Funktsioonide v\u00f5rdlus<\/h2>\n\n\n\n<figure class=\"wp-block-table\"><table class=\"has-fixed-layout\"><thead><tr><th>Funktsioon<\/th><th><strong>Planyard<\/strong><\/th><th><strong>Procore Financials<\/strong><\/th><\/tr><\/thead><tbody><tr><td><strong>Kasutusmugavus<\/strong><\/td><td>\u2705 Lihtne ja intuitiivne<\/td><td>\u274c Keeruline, j\u00e4rsk \u00f5ppimisk\u00f5ver<\/td><\/tr><tr><td><strong>Kulukoodide paindlikkus<\/strong><\/td><td>\u2705 Kasutage kulukoode mitu korda<\/td><td>\u274c \u00dcks kulukood iga \u00fcksuse kohta<\/td><\/tr><tr><td><strong>Eelarvestamine ja prognoosimine<\/strong><\/td><td>\u2705 Reaalajas uuendused<\/td><td>\u274c N\u00f5uab k\u00e4sitsi sisestamist<\/td><\/tr><tr><td><strong>Raamatupidamise integratsioon<\/strong><\/td><td>\u2705 QuickBooks, Xero, MYOB, Sage<\/td><td>\u274c N\u00f5uab kolmandate osapoolte t\u00f6\u00f6riistu<\/td><\/tr><tr><td><strong>Hinnakujundus<\/strong><\/td><td>\u2705 Taskukohane v\u00e4ikestele meeskondadele<\/td><td>\u274c Kallis, kohandatud hinnapakkumine vajalik<\/td><\/tr><tr><td><strong>Kasutuselev\u00f5tt<\/strong><\/td><td>\u2705 Kiire seadistamine (tunnid, mitte n\u00e4dalad)<\/td><td>\u274c N\u00f5uab ulatuslikku koolitust<\/td><\/tr><\/tbody><\/table><\/figure>\n\n\n\n<h2 class=\"wp-block-heading\" id=\"six\">Proovi Planyardi tasuta t\u00e4na<\/h2>\n\n\n\n<p>Kui olete&nbsp;<strong>v\u00e4sinud Procore Financialsi keerukusest<\/strong>&nbsp;ja soovite&nbsp;<strong>nutikamat viisi oma ehituse eelarvete haldamiseks<\/strong>, proovige&nbsp;<strong>Planyardi 14 p\u00e4eva tasuta<\/strong>&nbsp;\u2013 krediitkaarti pole vaja!<\/p>\n\n\n\n<p>\ud83d\udc49&nbsp;<strong><a href=\"https:\/\/planyard.com\/et\/ehituse-eelarvestamise-tarkvara-2\">Alusta tasuta prooviperioodi<\/a><\/strong><\/p>\n\n\n\n<p><\/p>\n","protected":false},"excerpt":{"rendered":"<p>Paljud&nbsp;v\u00e4ikeettev\u00f5tjad, kes hindavad v\u00f5i kasutavad Procore Financialsi, leiavad, et see on&nbsp;liiga kallis ja \u00fclem\u00e4\u00e4ra keeruline&nbsp;nende vajaduste jaoks. Kuigi Procore pakub&nbsp;eelarvestamise, kohustuste ja lisat\u00f6\u00f6riistu, \u00fctlevad paljud ettev\u00f5tjad, et need tulevad&nbsp;koos mittevajalike lisadega, mis muudavad tarkvara&nbsp;raskesti kasutatavaks. \u00dcks&nbsp;v\u00e4ike peat\u00f6\u00f6v\u00f5tja&nbsp;jagas: \u201cProcore\u2019i tasud on t\u00e4iesti hullumeelsed. Nende eelarvestamise t\u00f6\u00f6riist on suurep\u00e4rane, kuid ma ei vaja k\u00f5iki lisasid, mida nad&#8230;  <a class=\"excerpt-read-more\" href=\"https:\/\/planyard.com\/et\/procore-financials-alternative-planyard\" title=\"Loe  Miks v\u00e4ikeettev\u00f5tjad loobuvad Procore Financialsist\">Loe edasi &#8220;<\/a><\/p>\n","protected":false},"author":4,"featured_media":0,"parent":0,"menu_order":0,"comment_status":"closed","ping_status":"closed","template":"","meta":{"_acf_changed":false,"content-type":"","footnotes":""},"page_intent":[190],"page_type":[],"class_list":["post-10892","page","type-page","status-publish","hentry"],"acf":[],"yoast_head":"<!-- This site is optimized with the Yoast SEO plugin v26.9 - https:\/\/yoast.com\/product\/yoast-seo-wordpress\/ -->\n<title>Procore Financialsi alternatiiv v\u00e4ikeettev\u00f5tjatele: Planyard<\/title>\n<meta name=\"description\" content=\"Otsite Procore Financialsi alternatiivi? Vaadake, miks Planyard on parim valik v\u00e4ikeettev\u00f5tjatele, kes otsivad lihtsat ja t\u00f5husat ehituskulude haldamist.\" \/>\n<meta name=\"robots\" content=\"index, follow, max-snippet:-1, max-image-preview:large, max-video-preview:-1\" \/>\n<link rel=\"canonical\" href=\"https:\/\/planyard.com\/et\/procore-financials-alternative-planyard\" \/>\n<meta property=\"og:locale\" content=\"et_EE\" \/>\n<meta property=\"og:type\" content=\"article\" \/>\n<meta property=\"og:title\" content=\"Procore Financialsi alternatiiv v\u00e4ikeettev\u00f5tjatele: Planyard\" \/>\n<meta property=\"og:description\" content=\"Otsite Procore Financialsi alternatiivi? Vaadake, miks Planyard on parim valik v\u00e4ikeettev\u00f5tjatele, kes otsivad lihtsat ja t\u00f5husat ehituskulude haldamist.\" \/>\n<meta property=\"og:url\" content=\"https:\/\/planyard.com\/et\/procore-financials-alternative-planyard\" \/>\n<meta property=\"og:site_name\" content=\"Planyard Eesti\" \/>\n<meta property=\"article:modified_time\" content=\"2025-05-19T17:15:29+00:00\" \/>\n<meta property=\"og:image\" content=\"https:\/\/planyard.com\/wp-content\/uploads\/2025\/02\/image.png\" \/>\n\t<meta property=\"og:image:width\" content=\"1202\" \/>\n\t<meta property=\"og:image:height\" content=\"622\" \/>\n\t<meta property=\"og:image:type\" content=\"image\/png\" \/>\n<meta name=\"twitter:card\" content=\"summary_large_image\" \/>\n<meta name=\"twitter:label1\" content=\"Est. reading time\" \/>\n\t<meta name=\"twitter:data1\" content=\"4 minutit\" \/>\n<!-- \/ Yoast SEO plugin. -->","yoast_head_json":{"title":"Procore Financialsi alternatiiv v\u00e4ikeettev\u00f5tjatele: Planyard","description":"Otsite Procore Financialsi alternatiivi? Vaadake, miks Planyard on parim valik v\u00e4ikeettev\u00f5tjatele, kes otsivad lihtsat ja t\u00f5husat ehituskulude haldamist.","robots":{"index":"index","follow":"follow","max-snippet":"max-snippet:-1","max-image-preview":"max-image-preview:large","max-video-preview":"max-video-preview:-1"},"canonical":"https:\/\/planyard.com\/et\/procore-financials-alternative-planyard","og_locale":"et_EE","og_type":"article","og_title":"Procore Financialsi alternatiiv v\u00e4ikeettev\u00f5tjatele: Planyard","og_description":"Otsite Procore Financialsi alternatiivi? Vaadake, miks Planyard on parim valik v\u00e4ikeettev\u00f5tjatele, kes otsivad lihtsat ja t\u00f5husat ehituskulude haldamist.","og_url":"https:\/\/planyard.com\/et\/procore-financials-alternative-planyard","og_site_name":"Planyard Eesti","article_modified_time":"2025-05-19T17:15:29+00:00","og_image":[{"width":1202,"height":622,"url":"https:\/\/planyard.com\/wp-content\/uploads\/2025\/02\/image.png","type":"image\/png"}],"twitter_card":"summary_large_image","twitter_misc":{"Est. reading time":"4 minutit"},"schema":{"@context":"https:\/\/schema.org","@graph":[{"@type":"WebPage","@id":"https:\/\/planyard.com\/et\/procore-financials-alternative-planyard","url":"https:\/\/planyard.com\/et\/procore-financials-alternative-planyard","name":"Procore Financialsi alternatiiv v\u00e4ikeettev\u00f5tjatele: Planyard","isPartOf":{"@id":"https:\/\/planyard.com\/et#website"},"primaryImageOfPage":{"@id":"https:\/\/planyard.com\/et\/procore-financials-alternative-planyard#primaryimage"},"image":{"@id":"https:\/\/planyard.com\/et\/procore-financials-alternative-planyard#primaryimage"},"thumbnailUrl":"https:\/\/planyard.com\/wp-content\/uploads\/2025\/02\/image.png","datePublished":"2025-02-11T10:07:11+00:00","dateModified":"2025-05-19T17:15:29+00:00","description":"Otsite Procore Financialsi alternatiivi? Vaadake, miks Planyard on parim valik v\u00e4ikeettev\u00f5tjatele, kes otsivad lihtsat ja t\u00f5husat ehituskulude haldamist.","breadcrumb":{"@id":"https:\/\/planyard.com\/et\/procore-financials-alternative-planyard#breadcrumb"},"inLanguage":"et","potentialAction":[{"@type":"ReadAction","target":["https:\/\/planyard.com\/et\/procore-financials-alternative-planyard"]}]},{"@type":"ImageObject","inLanguage":"et","@id":"https:\/\/planyard.com\/et\/procore-financials-alternative-planyard#primaryimage","url":"https:\/\/planyard.com\/wp-content\/uploads\/2025\/02\/image.png","contentUrl":"https:\/\/planyard.com\/wp-content\/uploads\/2025\/02\/image.png"},{"@type":"BreadcrumbList","@id":"https:\/\/planyard.com\/et\/procore-financials-alternative-planyard#breadcrumb","itemListElement":[{"@type":"ListItem","position":1,"name":"Home","item":"https:\/\/planyard.com\/et"},{"@type":"ListItem","position":2,"name":"Miks v\u00e4ikeettev\u00f5tjad loobuvad Procore Financialsist"}]},{"@type":"WebSite","@id":"https:\/\/planyard.com\/et#website","url":"https:\/\/planyard.com\/et","name":"Planyard Eesti","description":"","potentialAction":[{"@type":"SearchAction","target":{"@type":"EntryPoint","urlTemplate":"https:\/\/planyard.com\/et?s={search_term_string}"},"query-input":{"@type":"PropertyValueSpecification","valueRequired":true,"valueName":"search_term_string"}}],"inLanguage":"et"}]}},"_links":{"self":[{"href":"https:\/\/planyard.com\/et\/wp-json\/wp\/v2\/pages\/10892","targetHints":{"allow":["GET"]}}],"collection":[{"href":"https:\/\/planyard.com\/et\/wp-json\/wp\/v2\/pages"}],"about":[{"href":"https:\/\/planyard.com\/et\/wp-json\/wp\/v2\/types\/page"}],"author":[{"embeddable":true,"href":"https:\/\/planyard.com\/et\/wp-json\/wp\/v2\/users\/4"}],"replies":[{"embeddable":true,"href":"https:\/\/planyard.com\/et\/wp-json\/wp\/v2\/comments?post=10892"}],"version-history":[{"count":3,"href":"https:\/\/planyard.com\/et\/wp-json\/wp\/v2\/pages\/10892\/revisions"}],"predecessor-version":[{"id":15946,"href":"https:\/\/planyard.com\/et\/wp-json\/wp\/v2\/pages\/10892\/revisions\/15946"}],"wp:attachment":[{"href":"https:\/\/planyard.com\/et\/wp-json\/wp\/v2\/media?parent=10892"}],"wp:term":[{"taxonomy":"page_intent","embeddable":true,"href":"https:\/\/planyard.com\/et\/wp-json\/wp\/v2\/page_intent?post=10892"},{"taxonomy":"page_type","embeddable":true,"href":"https:\/\/planyard.com\/et\/wp-json\/wp\/v2\/page_type?post=10892"}],"curies":[{"name":"wp","href":"https:\/\/api.w.org\/{rel}","templated":true}]}}