{"id":10891,"date":"2024-08-27T16:43:01","date_gmt":"2024-08-27T16:43:01","guid":{"rendered":"https:\/\/planyard.com\/construction-cost-control"},"modified":"2025-05-19T17:14:37","modified_gmt":"2025-05-19T17:14:37","slug":"mis-on-ehituskulude-kontroll","status":"publish","type":"page","link":"https:\/\/planyard.com\/et\/mis-on-ehituskulude-kontroll","title":{"rendered":"Mis on ehituskulude kontroll?"},"content":{"rendered":"\n<h2 class=\"wp-block-heading has-text-align-left\">Mis on ehituskulude kontroll?<\/h2>\n\n\n\n<p>Ehituskulude kontroll t\u00e4hendab oma ehituskulude haldamist eesm\u00e4rgiga suurendada kasumit. Kulude kontroll algab hinnangute koostamisest (muutes need t\u00e4pseks ja kasumlikuks) ja l\u00f5peb allt\u00f6\u00f6v\u00f5tjate tasumisega.<\/p>\n\n\n\n<p>Allt\u00f6\u00f6v\u00f5tjate haldamine on suur osa sellest, kuna peat\u00f6\u00f6v\u00f5tjad peavad koguma pakkumisi, igakuiseid edenemisaruandeid ja kuludokumente, mis p\u00f5hinevad kulukoodidel.<\/p>\n\n\n\n<p>Teine viis sellele m\u00f5elda on, et see h\u00f5lmab k\u00f5iki protsesse, kus on seotud ehituskulude koodid (v\u00e4lja arvatud raamatupidamine).<\/p>\n\n\n\n<p>Kulude kontrolli saab teha mis tahes vahenditega (paber ja pliiats, Excel, spetsiaalne tarkvara jne), kuid spetsiaalse kulude kontrolli tarkvara kasutamisel on m\u00f5ned ilmsed eelised.<\/p>\n\n\n\n<figure class=\"wp-block-image size-full\"><img loading=\"lazy\" decoding=\"async\" width=\"1200\" height=\"500\" src=\"https:\/\/planyard.com\/wp-content\/uploads\/2024\/08\/construction-cost-control-1.png\" alt=\"\" class=\"wp-image-1596\" \/><\/figure>\n\n\n\n<h2 class=\"wp-block-heading has-text-align-center paddedHeading\">Eelised<\/h2>\n\n\n\n<div class=\"wp-block-columns is-layout-flex wp-container-core-columns-is-layout-9d6595d7 wp-block-columns-is-layout-flex\">\n<div class=\"wp-block-column is-layout-flow wp-block-column-is-layout-flow\">\n<h4 class=\"wp-block-heading checkedItem\">Tead, kas projekt on kasumlik v\u00f5i mitte, enne kui see l\u00f5peb<\/h4>\n<\/div>\n\n\n\n<div class=\"wp-block-column is-layout-flow wp-block-column-is-layout-flow\">\n<h4 class=\"wp-block-heading checkedItem\">S\u00e4\u00e4sta 3-5 p\u00e4eva kuus iga projektijuhi kohta<\/h4>\n<\/div>\n\n\n\n<div class=\"wp-block-column is-layout-flow wp-block-column-is-layout-flow\">\n<h4 class=\"wp-block-heading checkedItem\">Standardiseeri protsessid ja tagage vastavus<\/h4>\n<\/div>\n<\/div>\n\n\n\n<div class=\"wp-block-columns is-layout-flex wp-container-core-columns-is-layout-9d6595d7 wp-block-columns-is-layout-flex\">\n<div class=\"wp-block-column is-layout-flow wp-block-column-is-layout-flow\">\n<h4 class=\"wp-block-heading checkedItem\">Tuvasta hinnangu- ja projekteerimisvead<\/h4>\n<\/div>\n\n\n\n<div class=\"wp-block-column is-layout-flow wp-block-column-is-layout-flow\">\n<h4 class=\"wp-block-heading checkedItem\">Vabane k\u00e4sitsi arvutustest ja kopeerimisest-kleepimisest<\/h4>\n<\/div>\n\n\n\n<div class=\"wp-block-column is-layout-flow wp-block-column-is-layout-flow\">\n<h4 class=\"wp-block-heading checkedItem\">\u00c4ra lase asjadel kahe silma vahele j\u00e4\u00e4da<\/h4>\n<\/div>\n<\/div>\n\n\n\n<h2 class=\"wp-block-heading has-text-align-center\">Ehituskulude kontrolli tarkvara ostja juhend<\/h2>\n\n\n\n<div class=\"wp-block-columns is-layout-flex wp-container-core-columns-is-layout-9d6595d7 wp-block-columns-is-layout-flex\">\n<div class=\"wp-block-column is-layout-flow wp-block-column-is-layout-flow\">\n<h4 class=\"wp-block-heading\">Juhendi kohta<\/h4>\n\n\n\n<p>See tasuta juhend annab \u00fclevaate sellest, milliseid eeliseid ehituskulude kontrolli tarkvara pakub. Ja v\u00f5ib-olla sama oluline &#8211; kuidas see neid pakub.<\/p>\n\n\n\n<p>See on kirjutatud peat\u00f6\u00f6v\u00f5tjate jaoks, kes peavad haldama suuremahulisi ehitusprojekte.<\/p>\n\n\n\n<p>Isegi kui te hetkel kulude kontrolli ei otsi, annab see teile parema ettekujutuse, kuidas oma protsesse t\u00f5husamaks muuta.<\/p>\n\n\n\n<p>Lisaks sisaldab see \u00fcksikasjalikku \u00fclevaadet k\u00f5igist v\u00f5imalikest funktsioonidest ja nende funktsionaalsuse eesm\u00e4rgist.<\/p>\n<\/div>\n\n\n\n<div class=\"wp-block-column is-layout-flow wp-block-column-is-layout-flow\">\n<figure class=\"wp-block-image size-full\"><img loading=\"lazy\" decoding=\"async\" width=\"1024\" height=\"1024\" src=\"https:\/\/planyard.com\/wp-content\/uploads\/2024\/08\/construction-cost-control-ebook-1024x1024-1.png\" alt=\"\" class=\"wp-image-1598\" srcset=\"https:\/\/planyard.com\/wp-content\/uploads\/2024\/08\/construction-cost-control-ebook-1024x1024-1.png 1024w, https:\/\/planyard.com\/wp-content\/uploads\/2024\/08\/construction-cost-control-ebook-1024x1024-1-150x150.png 150w\" sizes=\"auto, (max-width: 1024px) 100vw, 1024px\" \/><\/figure>\n<\/div>\n<\/div>\n\n\n\n<div class=\"wp-block-columns is-layout-flex wp-container-core-columns-is-layout-9d6595d7 wp-block-columns-is-layout-flex\">\n<div class=\"wp-block-column is-layout-flow wp-block-column-is-layout-flow\">\n<h4 class=\"wp-block-heading\">Sisukord<\/h4>\n\n\n\n<ol class=\"wp-block-list\">\n<li>Mis on kulude kontrolli tarkvara ja miks seda kasutada?<\/li>\n\n\n\n<li>Kuidas hinnata oma ettev\u00f5tte k\u00fcpsust<\/li>\n\n\n\n<li>Kohapealne vs pilvetarkvara<\/li>\n\n\n\n<li>Suhtlus ja integreerimised<\/li>\n\n\n\n<li>Hinnangute koostamine<\/li>\n\n\n\n<li>Pakkumiste haldamine<\/li>\n\n\n\n<li>Eelarve haldamine<\/li>\n\n\n\n<li>Lepingu ja lisat\u00f6\u00f6de haldamine<\/li>\n\n\n\n<li>Allt\u00f6\u00f6v\u00f5tjate edenemisaruandlus<\/li>\n\n\n\n<li>Kuludokumentide haldamine<\/li>\n\n\n\n<li>Kulude prognoosimine<\/li>\n\n\n\n<li>Rahavoogude j\u00e4lgimine<\/li>\n\n\n\n<li>Allt\u00f6\u00f6v\u00f5tjate ja kontaktide haldamine<\/li>\n\n\n\n<li>Kasutajate haldamine<\/li>\n\n\n\n<li>Turvalisus<\/li>\n<\/ol>\n<\/div>\n\n\n\n<div class=\"wp-block-column is-layout-flow wp-block-column-is-layout-flow\">\n<h4 class=\"wp-block-heading\">Tasuta allalaadimine<\/h4>\n\n\n\n\n\n  hbspt.forms.create({\n\tportalId: &#8220;4963994&#8221;,\n\tformId: &#8220;5dc63c68-0796-4789-93ac-9d26427cf303&#8221;\n});\n\n<\/div>\n<\/div>\n\n\n\n<h2 class=\"wp-block-heading has-text-align-center\">Planyard peat\u00f6\u00f6v\u00f5tja tarkvara aitab ambitsioonikatel meeskondadel oma eesm\u00e4rke saavutada ja kasvu kiirendada.<\/h2>\n\n\n\n<div class=\"wp-block-media-text alignwide has-media-on-the-right is-stacked-on-mobile is-vertically-aligned-center\"><div class=\"wp-block-media-text__content\">\n<ul class=\"wp-block-list\">\n<li>Enam pole vaja arvutustabeleid<\/li>\n\n\n\n<li>S\u00e4\u00e4stab projektijuhtide ja QS-de aega<\/li>\n\n\n\n<li>Lihtne rakendada ja kasutada<\/li>\n\n\n\n<li>Reaalajas ja t\u00e4psed finantsprognoosid<\/li>\n\n\n\n<li>Enam pole topeltandmete sisestamist<\/li>\n<\/ul>\n\n\n\n<div class=\"wp-block-buttons is-layout-flex wp-block-buttons-is-layout-flex\">\n<div class=\"wp-block-button\"><a class=\"wp-block-button__link wp-element-button\" href=\"https:\/\/planyard.com\/sign-up\">Alusta tasuta prooviperioodi<\/a><\/div>\n\n\n\n<div class=\"wp-block-button\"><a class=\"wp-block-button__link wp-element-button\" href=\"https:\/\/meetings.hubspot.com\/cedlund\" target=\"_blank\" rel=\"noreferrer noopener\">K\u00fcsi demo<\/a><\/div>\n<\/div>\n<\/div><figure class=\"wp-block-media-text__media\"><img decoding=\"async\" src=\"https:\/\/planyard.com\/wp-content\/uploads\/2024\/10\/construction-project-management-software-macbook-iphone-1_reduced-1024x598-1.webp\" alt=\"\" class=\"wp-image-3832 size-large\" \/><\/figure><\/div>\n","protected":false},"excerpt":{"rendered":"<p>Mis on ehituskulude kontroll? Ehituskulude kontroll t\u00e4hendab oma ehituskulude haldamist eesm\u00e4rgiga suurendada kasumit. Kulude kontroll algab hinnangute koostamisest (muutes need t\u00e4pseks ja kasumlikuks) ja l\u00f5peb allt\u00f6\u00f6v\u00f5tjate tasumisega. Allt\u00f6\u00f6v\u00f5tjate haldamine on suur osa sellest, kuna peat\u00f6\u00f6v\u00f5tjad peavad koguma pakkumisi, igakuiseid edenemisaruandeid ja kuludokumente, mis p\u00f5hinevad kulukoodidel. Teine viis sellele m\u00f5elda on, et see h\u00f5lmab k\u00f5iki protsesse,&#8230;  <a class=\"excerpt-read-more\" href=\"https:\/\/planyard.com\/et\/mis-on-ehituskulude-kontroll\" title=\"Loe  Mis on ehituskulude kontroll?\">Loe edasi &#8220;<\/a><\/p>\n","protected":false},"author":2,"featured_media":0,"parent":0,"menu_order":0,"comment_status":"closed","ping_status":"closed","template":"","meta":{"_acf_changed":false,"content-type":"","footnotes":""},"page_intent":[160],"page_type":[],"class_list":["post-10891","page","type-page","status-publish","hentry"],"acf":[],"yoast_head":"<!-- This site is optimized with the Yoast SEO plugin v27.1.1 - https:\/\/yoast.com\/product\/yoast-seo-wordpress\/ -->\n<title>Mis on ehituskulude kontroll? - Planyard Eesti<\/title>\n<meta name=\"description\" content=\"Millised on parimad tavad ehituskulude kontrolliks ja kuidas valida tarkvara kulude haldamiseks ja kasumlikkuse maksimeerimiseks.\" \/>\n<meta name=\"robots\" content=\"index, follow, max-snippet:-1, max-image-preview:large, max-video-preview:-1\" \/>\n<link rel=\"canonical\" href=\"https:\/\/planyard.com\/et\/mis-on-ehituskulude-kontroll\" \/>\n<meta property=\"og:locale\" content=\"et_EE\" \/>\n<meta property=\"og:type\" content=\"article\" \/>\n<meta property=\"og:title\" content=\"Mis on ehituskulude kontroll? - Planyard Eesti\" \/>\n<meta property=\"og:description\" content=\"Millised on parimad tavad ehituskulude kontrolliks ja kuidas valida tarkvara kulude haldamiseks ja kasumlikkuse maksimeerimiseks.\" \/>\n<meta property=\"og:url\" content=\"https:\/\/planyard.com\/et\/mis-on-ehituskulude-kontroll\" \/>\n<meta property=\"og:site_name\" content=\"Planyard Eesti\" \/>\n<meta property=\"article:modified_time\" content=\"2025-05-19T17:14:37+00:00\" \/>\n<meta property=\"og:image\" content=\"https:\/\/planyard.com\/wp-content\/uploads\/2024\/08\/construction-cost-control-1.png\" \/>\n\t<meta property=\"og:image:width\" content=\"1200\" \/>\n\t<meta property=\"og:image:height\" content=\"500\" \/>\n\t<meta property=\"og:image:type\" content=\"image\/png\" \/>\n<meta name=\"twitter:card\" content=\"summary_large_image\" \/>\n<meta name=\"twitter:label1\" content=\"Est. reading time\" \/>\n\t<meta name=\"twitter:data1\" content=\"3 minutit\" \/>\n<!-- \/ Yoast SEO plugin. -->","yoast_head_json":{"title":"Mis on ehituskulude kontroll? - Planyard Eesti","description":"Millised on parimad tavad ehituskulude kontrolliks ja kuidas valida tarkvara kulude haldamiseks ja kasumlikkuse maksimeerimiseks.","robots":{"index":"index","follow":"follow","max-snippet":"max-snippet:-1","max-image-preview":"max-image-preview:large","max-video-preview":"max-video-preview:-1"},"canonical":"https:\/\/planyard.com\/et\/mis-on-ehituskulude-kontroll","og_locale":"et_EE","og_type":"article","og_title":"Mis on ehituskulude kontroll? - Planyard Eesti","og_description":"Millised on parimad tavad ehituskulude kontrolliks ja kuidas valida tarkvara kulude haldamiseks ja kasumlikkuse maksimeerimiseks.","og_url":"https:\/\/planyard.com\/et\/mis-on-ehituskulude-kontroll","og_site_name":"Planyard Eesti","article_modified_time":"2025-05-19T17:14:37+00:00","og_image":[{"width":1200,"height":500,"url":"https:\/\/planyard.com\/wp-content\/uploads\/2024\/08\/construction-cost-control-1.png","type":"image\/png"}],"twitter_card":"summary_large_image","twitter_misc":{"Est. reading time":"3 minutit"},"schema":{"@context":"https:\/\/schema.org","@graph":[{"@type":"WebPage","@id":"https:\/\/planyard.com\/et\/mis-on-ehituskulude-kontroll","url":"https:\/\/planyard.com\/et\/mis-on-ehituskulude-kontroll","name":"Mis on ehituskulude kontroll? - Planyard Eesti","isPartOf":{"@id":"https:\/\/planyard.com\/et#website"},"primaryImageOfPage":{"@id":"https:\/\/planyard.com\/et\/mis-on-ehituskulude-kontroll#primaryimage"},"image":{"@id":"https:\/\/planyard.com\/et\/mis-on-ehituskulude-kontroll#primaryimage"},"thumbnailUrl":"https:\/\/planyard.com\/wp-content\/uploads\/2024\/08\/construction-cost-control-1.png","datePublished":"2024-08-27T16:43:01+00:00","dateModified":"2025-05-19T17:14:37+00:00","description":"Millised on parimad tavad ehituskulude kontrolliks ja kuidas valida tarkvara kulude haldamiseks ja kasumlikkuse maksimeerimiseks.","breadcrumb":{"@id":"https:\/\/planyard.com\/et\/mis-on-ehituskulude-kontroll#breadcrumb"},"inLanguage":"et","potentialAction":[{"@type":"ReadAction","target":["https:\/\/planyard.com\/et\/mis-on-ehituskulude-kontroll"]}]},{"@type":"ImageObject","inLanguage":"et","@id":"https:\/\/planyard.com\/et\/mis-on-ehituskulude-kontroll#primaryimage","url":"https:\/\/planyard.com\/wp-content\/uploads\/2024\/08\/construction-cost-control-1.png","contentUrl":"https:\/\/planyard.com\/wp-content\/uploads\/2024\/08\/construction-cost-control-1.png"},{"@type":"BreadcrumbList","@id":"https:\/\/planyard.com\/et\/mis-on-ehituskulude-kontroll#breadcrumb","itemListElement":[{"@type":"ListItem","position":1,"name":"Home","item":"https:\/\/planyard.com\/et"},{"@type":"ListItem","position":2,"name":"Mis on ehituskulude kontroll?"}]},{"@type":"WebSite","@id":"https:\/\/planyard.com\/et#website","url":"https:\/\/planyard.com\/et","name":"Planyard Eesti","description":"","potentialAction":[{"@type":"SearchAction","target":{"@type":"EntryPoint","urlTemplate":"https:\/\/planyard.com\/et?s={search_term_string}"},"query-input":{"@type":"PropertyValueSpecification","valueRequired":true,"valueName":"search_term_string"}}],"inLanguage":"et"}]}},"_links":{"self":[{"href":"https:\/\/planyard.com\/et\/wp-json\/wp\/v2\/pages\/10891","targetHints":{"allow":["GET"]}}],"collection":[{"href":"https:\/\/planyard.com\/et\/wp-json\/wp\/v2\/pages"}],"about":[{"href":"https:\/\/planyard.com\/et\/wp-json\/wp\/v2\/types\/page"}],"author":[{"embeddable":true,"href":"https:\/\/planyard.com\/et\/wp-json\/wp\/v2\/users\/2"}],"replies":[{"embeddable":true,"href":"https:\/\/planyard.com\/et\/wp-json\/wp\/v2\/comments?post=10891"}],"version-history":[{"count":3,"href":"https:\/\/planyard.com\/et\/wp-json\/wp\/v2\/pages\/10891\/revisions"}],"predecessor-version":[{"id":15942,"href":"https:\/\/planyard.com\/et\/wp-json\/wp\/v2\/pages\/10891\/revisions\/15942"}],"wp:attachment":[{"href":"https:\/\/planyard.com\/et\/wp-json\/wp\/v2\/media?parent=10891"}],"wp:term":[{"taxonomy":"page_intent","embeddable":true,"href":"https:\/\/planyard.com\/et\/wp-json\/wp\/v2\/page_intent?post=10891"},{"taxonomy":"page_type","embeddable":true,"href":"https:\/\/planyard.com\/et\/wp-json\/wp\/v2\/page_type?post=10891"}],"curies":[{"name":"wp","href":"https:\/\/api.w.org\/{rel}","templated":true}]}}