{"id":10886,"date":"2024-08-28T07:40:58","date_gmt":"2024-08-28T07:40:58","guid":{"rendered":"https:\/\/planyard.com\/subcontractor-payment-application-collecting-software"},"modified":"2025-05-17T16:26:45","modified_gmt":"2025-05-17T16:26:45","slug":"toovotja-aktide-kogumise-tarkvara","status":"publish","type":"page","link":"https:\/\/planyard.com\/et\/toovotja-aktide-kogumise-tarkvara","title":{"rendered":"T\u00f6\u00f6v\u00f5tja aktide kogumise tarkvara"},"content":{"rendered":"","protected":false},"excerpt":{"rendered":"","protected":false},"author":2,"featured_media":0,"parent":0,"menu_order":0,"comment_status":"closed","ping_status":"closed","template":"","meta":{"_acf_changed":false,"content-type":"","footnotes":""},"page_intent":[145],"page_type":[],"class_list":["post-10886","page","type-page","status-publish","hentry"],"acf":[],"yoast_head":"<!-- This site is optimized with the Yoast SEO plugin v27.1.1 - https:\/\/yoast.com\/product\/yoast-seo-wordpress\/ -->\n<title>T\u00f6\u00f6v\u00f5tja aktide kogumise tarkvara | Planyard<\/title>\n<meta name=\"description\" content=\"Planyard lihtsustab t\u00f6\u00f6v\u00f5tja aktide kogumise ja \u00fclevaatamise protsessi, aidates s\u00e4\u00e4sta aega ja v\u00e4ltida \u00fclearveldamist.\" \/>\n<meta name=\"robots\" content=\"index, follow, max-snippet:-1, max-image-preview:large, max-video-preview:-1\" \/>\n<link rel=\"canonical\" href=\"https:\/\/planyard.com\/et\/toovotja-aktide-kogumise-tarkvara\" \/>\n<meta property=\"og:locale\" content=\"et_EE\" \/>\n<meta property=\"og:type\" content=\"article\" \/>\n<meta property=\"og:title\" content=\"T\u00f6\u00f6v\u00f5tja aktide kogumise tarkvara | Planyard\" \/>\n<meta property=\"og:description\" content=\"Planyard lihtsustab t\u00f6\u00f6v\u00f5tja aktide kogumise ja \u00fclevaatamise protsessi, aidates s\u00e4\u00e4sta aega ja v\u00e4ltida \u00fclearveldamist.\" \/>\n<meta property=\"og:url\" content=\"https:\/\/planyard.com\/et\/toovotja-aktide-kogumise-tarkvara\" \/>\n<meta property=\"og:site_name\" content=\"Planyard Eesti\" \/>\n<meta property=\"article:modified_time\" content=\"2025-05-17T16:26:45+00:00\" \/>\n<meta name=\"twitter:card\" content=\"summary_large_image\" \/>\n<!-- \/ Yoast SEO plugin. -->","yoast_head_json":{"title":"T\u00f6\u00f6v\u00f5tja aktide kogumise tarkvara | Planyard","description":"Planyard lihtsustab t\u00f6\u00f6v\u00f5tja aktide kogumise ja \u00fclevaatamise protsessi, aidates s\u00e4\u00e4sta aega ja v\u00e4ltida \u00fclearveldamist.","robots":{"index":"index","follow":"follow","max-snippet":"max-snippet:-1","max-image-preview":"max-image-preview:large","max-video-preview":"max-video-preview:-1"},"canonical":"https:\/\/planyard.com\/et\/toovotja-aktide-kogumise-tarkvara","og_locale":"et_EE","og_type":"article","og_title":"T\u00f6\u00f6v\u00f5tja aktide kogumise tarkvara | Planyard","og_description":"Planyard lihtsustab t\u00f6\u00f6v\u00f5tja aktide kogumise ja \u00fclevaatamise protsessi, aidates s\u00e4\u00e4sta aega ja v\u00e4ltida \u00fclearveldamist.","og_url":"https:\/\/planyard.com\/et\/toovotja-aktide-kogumise-tarkvara","og_site_name":"Planyard Eesti","article_modified_time":"2025-05-17T16:26:45+00:00","twitter_card":"summary_large_image","schema":{"@context":"https:\/\/schema.org","@graph":[{"@type":"WebPage","@id":"https:\/\/planyard.com\/et\/toovotja-aktide-kogumise-tarkvara","url":"https:\/\/planyard.com\/et\/toovotja-aktide-kogumise-tarkvara","name":"T\u00f6\u00f6v\u00f5tja aktide kogumise tarkvara | Planyard","isPartOf":{"@id":"https:\/\/planyard.com\/et#website"},"datePublished":"2024-08-28T07:40:58+00:00","dateModified":"2025-05-17T16:26:45+00:00","description":"Planyard lihtsustab t\u00f6\u00f6v\u00f5tja aktide kogumise ja \u00fclevaatamise protsessi, aidates s\u00e4\u00e4sta aega ja v\u00e4ltida \u00fclearveldamist.","breadcrumb":{"@id":"https:\/\/planyard.com\/et\/toovotja-aktide-kogumise-tarkvara#breadcrumb"},"inLanguage":"et","potentialAction":[{"@type":"ReadAction","target":["https:\/\/planyard.com\/et\/toovotja-aktide-kogumise-tarkvara"]}]},{"@type":"BreadcrumbList","@id":"https:\/\/planyard.com\/et\/toovotja-aktide-kogumise-tarkvara#breadcrumb","itemListElement":[{"@type":"ListItem","position":1,"name":"Home","item":"https:\/\/planyard.com\/et"},{"@type":"ListItem","position":2,"name":"T\u00f6\u00f6v\u00f5tja aktide kogumise tarkvara"}]},{"@type":"WebSite","@id":"https:\/\/planyard.com\/et#website","url":"https:\/\/planyard.com\/et","name":"Planyard Eesti","description":"","potentialAction":[{"@type":"SearchAction","target":{"@type":"EntryPoint","urlTemplate":"https:\/\/planyard.com\/et?s={search_term_string}"},"query-input":{"@type":"PropertyValueSpecification","valueRequired":true,"valueName":"search_term_string"}}],"inLanguage":"et"}]}},"_links":{"self":[{"href":"https:\/\/planyard.com\/et\/wp-json\/wp\/v2\/pages\/10886","targetHints":{"allow":["GET"]}}],"collection":[{"href":"https:\/\/planyard.com\/et\/wp-json\/wp\/v2\/pages"}],"about":[{"href":"https:\/\/planyard.com\/et\/wp-json\/wp\/v2\/types\/page"}],"author":[{"embeddable":true,"href":"https:\/\/planyard.com\/et\/wp-json\/wp\/v2\/users\/2"}],"replies":[{"embeddable":true,"href":"https:\/\/planyard.com\/et\/wp-json\/wp\/v2\/comments?post=10886"}],"version-history":[{"count":1,"href":"https:\/\/planyard.com\/et\/wp-json\/wp\/v2\/pages\/10886\/revisions"}],"predecessor-version":[{"id":11064,"href":"https:\/\/planyard.com\/et\/wp-json\/wp\/v2\/pages\/10886\/revisions\/11064"}],"wp:attachment":[{"href":"https:\/\/planyard.com\/et\/wp-json\/wp\/v2\/media?parent=10886"}],"wp:term":[{"taxonomy":"page_intent","embeddable":true,"href":"https:\/\/planyard.com\/et\/wp-json\/wp\/v2\/page_intent?post=10886"},{"taxonomy":"page_type","embeddable":true,"href":"https:\/\/planyard.com\/et\/wp-json\/wp\/v2\/page_type?post=10886"}],"curies":[{"name":"wp","href":"https:\/\/api.w.org\/{rel}","templated":true}]}}