{"id":10880,"date":"2024-08-29T10:26:44","date_gmt":"2024-08-29T10:26:44","guid":{"rendered":"https:\/\/planyard.com\/request-a-planyard-pricing-proposal"},"modified":"2025-05-19T17:10:35","modified_gmt":"2025-05-19T17:10:35","slug":"taotlege-planyardi-hinnapakkumist","status":"publish","type":"page","link":"https:\/\/planyard.com\/et\/taotlege-planyardi-hinnapakkumist","title":{"rendered":"Taotlege Planyardi hinnapakkumist"},"content":{"rendered":"\n<div class=\"wp-block-columns is-layout-flex wp-container-core-columns-is-layout-9d6595d7 wp-block-columns-is-layout-flex\">\n<div class=\"wp-block-column is-layout-flow wp-block-column-is-layout-flow\">\n<p>Kui teie ettev\u00f5te haldab mitmekesist ehitusportfelli mitme \u00e4rivaldkonna ja juriidilise isikuga ning teil on vaja kaasata projektijuhte, ehituskalkulaatoreid, objektijuhte, hindajaid ja teisi, siis oleme siin, et aidata.<\/p>\n\n\n\n<h5 class=\"wp-block-heading\">Palun t\u00e4itke vorm ja \u00fcks meie m\u00fc\u00fcgiesindajatest v\u00f5tab teiega peagi \u00fchendust, et pakkuda isikup\u00e4rastatud hinnapakkumist.<\/h5>\n<\/div>\n\n\n\n<div class=\"wp-block-column is-layout-flow wp-block-column-is-layout-flow\">\n\n\n  hbspt.forms.create({\n    region: &#8220;na1&#8221;,\n    portalId: &#8220;4963994&#8221;,\n    formId: &#8220;494ccc6f-398f-476e-b68d-ffeffb321027&#8221;\n  });\n\n<\/div>\n<\/div>\n\n\n\n<p><\/p>\n","protected":false},"excerpt":{"rendered":"<p>Kui teie ettev\u00f5te haldab mitmekesist ehitusportfelli mitme \u00e4rivaldkonna ja juriidilise isikuga ning teil on vaja kaasata projektijuhte, ehituskalkulaatoreid, objektijuhte, hindajaid ja teisi, siis oleme siin, et aidata. Palun t\u00e4itke vorm ja \u00fcks meie m\u00fc\u00fcgiesindajatest v\u00f5tab teiega peagi \u00fchendust, et pakkuda isikup\u00e4rastatud hinnapakkumist. hbspt.forms.create({ region: &#8220;na1&#8221;, portalId: &#8220;4963994&#8221;, formId: &#8220;494ccc6f-398f-476e-b68d-ffeffb321027&#8221; });<\/p>\n","protected":false},"author":2,"featured_media":0,"parent":0,"menu_order":0,"comment_status":"closed","ping_status":"closed","template":"","meta":{"_acf_changed":false,"content-type":"","footnotes":""},"page_intent":[175],"page_type":[],"class_list":["post-10880","page","type-page","status-publish","hentry"],"acf":[],"yoast_head":"<!-- This site is optimized with the Yoast SEO plugin v27.1.1 - https:\/\/yoast.com\/product\/yoast-seo-wordpress\/ -->\n<title>Taotlege Planyardi hinnapakkumist -<\/title>\n<meta name=\"description\" content=\"Laadige alla Planyardi ehituskulude koodid tasuta ja hoidke oma t\u00f6\u00f6 kulud kontrolli all. Kulude kontroll, KPI j\u00e4lgimine, ideaalne ettev\u00f5tte\u00fcleseks kasutamiseks ja palju muud\" \/>\n<meta name=\"robots\" content=\"index, follow, max-snippet:-1, max-image-preview:large, max-video-preview:-1\" \/>\n<link rel=\"canonical\" href=\"https:\/\/planyard.com\/et\/taotlege-planyardi-hinnapakkumist\" \/>\n<meta property=\"og:locale\" content=\"et_EE\" \/>\n<meta property=\"og:type\" content=\"article\" \/>\n<meta property=\"og:title\" content=\"Taotlege Planyardi hinnapakkumist -\" \/>\n<meta property=\"og:description\" content=\"Laadige alla Planyardi ehituskulude koodid tasuta ja hoidke oma t\u00f6\u00f6 kulud kontrolli all. Kulude kontroll, KPI j\u00e4lgimine, ideaalne ettev\u00f5tte\u00fcleseks kasutamiseks ja palju muud\" \/>\n<meta property=\"og:url\" content=\"https:\/\/planyard.com\/et\/taotlege-planyardi-hinnapakkumist\" \/>\n<meta property=\"og:site_name\" content=\"Planyard Eesti\" \/>\n<meta property=\"article:modified_time\" content=\"2025-05-19T17:10:35+00:00\" \/>\n<meta name=\"twitter:card\" content=\"summary_large_image\" \/>\n<meta name=\"twitter:label1\" content=\"Est. reading time\" \/>\n\t<meta name=\"twitter:data1\" content=\"1 minut\" \/>\n<!-- \/ Yoast SEO plugin. -->","yoast_head_json":{"title":"Taotlege Planyardi hinnapakkumist -","description":"Laadige alla Planyardi ehituskulude koodid tasuta ja hoidke oma t\u00f6\u00f6 kulud kontrolli all. Kulude kontroll, KPI j\u00e4lgimine, ideaalne ettev\u00f5tte\u00fcleseks kasutamiseks ja palju muud","robots":{"index":"index","follow":"follow","max-snippet":"max-snippet:-1","max-image-preview":"max-image-preview:large","max-video-preview":"max-video-preview:-1"},"canonical":"https:\/\/planyard.com\/et\/taotlege-planyardi-hinnapakkumist","og_locale":"et_EE","og_type":"article","og_title":"Taotlege Planyardi hinnapakkumist -","og_description":"Laadige alla Planyardi ehituskulude koodid tasuta ja hoidke oma t\u00f6\u00f6 kulud kontrolli all. Kulude kontroll, KPI j\u00e4lgimine, ideaalne ettev\u00f5tte\u00fcleseks kasutamiseks ja palju muud","og_url":"https:\/\/planyard.com\/et\/taotlege-planyardi-hinnapakkumist","og_site_name":"Planyard Eesti","article_modified_time":"2025-05-19T17:10:35+00:00","twitter_card":"summary_large_image","twitter_misc":{"Est. reading time":"1 minut"},"schema":{"@context":"https:\/\/schema.org","@graph":[{"@type":"WebPage","@id":"https:\/\/planyard.com\/et\/taotlege-planyardi-hinnapakkumist","url":"https:\/\/planyard.com\/et\/taotlege-planyardi-hinnapakkumist","name":"Taotlege Planyardi hinnapakkumist -","isPartOf":{"@id":"https:\/\/planyard.com\/et#website"},"datePublished":"2024-08-29T10:26:44+00:00","dateModified":"2025-05-19T17:10:35+00:00","description":"Laadige alla Planyardi ehituskulude koodid tasuta ja hoidke oma t\u00f6\u00f6 kulud kontrolli all. Kulude kontroll, KPI j\u00e4lgimine, ideaalne ettev\u00f5tte\u00fcleseks kasutamiseks ja palju muud","breadcrumb":{"@id":"https:\/\/planyard.com\/et\/taotlege-planyardi-hinnapakkumist#breadcrumb"},"inLanguage":"et","potentialAction":[{"@type":"ReadAction","target":["https:\/\/planyard.com\/et\/taotlege-planyardi-hinnapakkumist"]}]},{"@type":"BreadcrumbList","@id":"https:\/\/planyard.com\/et\/taotlege-planyardi-hinnapakkumist#breadcrumb","itemListElement":[{"@type":"ListItem","position":1,"name":"Home","item":"https:\/\/planyard.com\/et"},{"@type":"ListItem","position":2,"name":"K\u00fcsi Planyardi hinnapakkumist"}]},{"@type":"WebSite","@id":"https:\/\/planyard.com\/et#website","url":"https:\/\/planyard.com\/et","name":"Planyard Eesti","description":"","potentialAction":[{"@type":"SearchAction","target":{"@type":"EntryPoint","urlTemplate":"https:\/\/planyard.com\/et?s={search_term_string}"},"query-input":{"@type":"PropertyValueSpecification","valueRequired":true,"valueName":"search_term_string"}}],"inLanguage":"et"}]}},"_links":{"self":[{"href":"https:\/\/planyard.com\/et\/wp-json\/wp\/v2\/pages\/10880","targetHints":{"allow":["GET"]}}],"collection":[{"href":"https:\/\/planyard.com\/et\/wp-json\/wp\/v2\/pages"}],"about":[{"href":"https:\/\/planyard.com\/et\/wp-json\/wp\/v2\/types\/page"}],"author":[{"embeddable":true,"href":"https:\/\/planyard.com\/et\/wp-json\/wp\/v2\/users\/2"}],"replies":[{"embeddable":true,"href":"https:\/\/planyard.com\/et\/wp-json\/wp\/v2\/comments?post=10880"}],"version-history":[{"count":3,"href":"https:\/\/planyard.com\/et\/wp-json\/wp\/v2\/pages\/10880\/revisions"}],"predecessor-version":[{"id":15936,"href":"https:\/\/planyard.com\/et\/wp-json\/wp\/v2\/pages\/10880\/revisions\/15936"}],"wp:attachment":[{"href":"https:\/\/planyard.com\/et\/wp-json\/wp\/v2\/media?parent=10880"}],"wp:term":[{"taxonomy":"page_intent","embeddable":true,"href":"https:\/\/planyard.com\/et\/wp-json\/wp\/v2\/page_intent?post=10880"},{"taxonomy":"page_type","embeddable":true,"href":"https:\/\/planyard.com\/et\/wp-json\/wp\/v2\/page_type?post=10880"}],"curies":[{"name":"wp","href":"https:\/\/api.w.org\/{rel}","templated":true}]}}