{"id":10879,"date":"2024-08-28T06:48:48","date_gmt":"2024-08-28T06:48:48","guid":{"rendered":"https:\/\/planyard.com\/quickbooks-job-costing"},"modified":"2025-05-17T16:23:44","modified_gmt":"2025-05-17T16:23:44","slug":"quickbooks-toode-kuluarvestus","status":"publish","type":"page","link":"https:\/\/planyard.com\/et\/quickbooks-toode-kuluarvestus","title":{"rendered":"QuickBooks t\u00f6\u00f6de kuluarvestuse integreerimine"},"content":{"rendered":"","protected":false},"excerpt":{"rendered":"","protected":false},"author":2,"featured_media":0,"parent":0,"menu_order":0,"comment_status":"closed","ping_status":"closed","template":"","meta":{"_acf_changed":false,"content-type":"","footnotes":""},"page_intent":[265],"page_type":[],"class_list":["post-10879","page","type-page","status-publish","hentry"],"acf":[],"yoast_head":"<!-- This site is optimized with the Yoast SEO plugin v26.9 - https:\/\/yoast.com\/product\/yoast-seo-wordpress\/ -->\n<title>QuickBooks t\u00f6\u00f6de kuluarvestuse integreerimine ehituses - Planyard Eesti<\/title>\n<meta name=\"description\" content=\"Planyardi QuickBooks t\u00f6\u00f6de kuluarvestuse integreerimine ehituses kaotab tabelarvutused ja j\u00e4lgib projekti kulusid reaalajas. Tasuta 14 p\u00e4eva.\" \/>\n<meta name=\"robots\" content=\"index, follow, max-snippet:-1, max-image-preview:large, max-video-preview:-1\" \/>\n<link rel=\"canonical\" href=\"https:\/\/planyard.com\/et\/quickbooks-toode-kuluarvestus\" \/>\n<meta property=\"og:locale\" content=\"et_EE\" \/>\n<meta property=\"og:type\" content=\"article\" \/>\n<meta property=\"og:title\" content=\"QuickBooks t\u00f6\u00f6de kuluarvestuse integreerimine ehituses - Planyard Eesti\" \/>\n<meta property=\"og:description\" content=\"Planyardi QuickBooks t\u00f6\u00f6de kuluarvestuse integreerimine ehituses kaotab tabelarvutused ja j\u00e4lgib projekti kulusid reaalajas. Tasuta 14 p\u00e4eva.\" \/>\n<meta property=\"og:url\" content=\"https:\/\/planyard.com\/et\/quickbooks-toode-kuluarvestus\" \/>\n<meta property=\"og:site_name\" content=\"Planyard Eesti\" \/>\n<meta property=\"article:modified_time\" content=\"2025-05-17T16:23:44+00:00\" \/>\n<meta name=\"twitter:card\" content=\"summary_large_image\" \/>\n<!-- \/ Yoast SEO plugin. -->","yoast_head_json":{"title":"QuickBooks t\u00f6\u00f6de kuluarvestuse integreerimine ehituses - Planyard Eesti","description":"Planyardi QuickBooks t\u00f6\u00f6de kuluarvestuse integreerimine ehituses kaotab tabelarvutused ja j\u00e4lgib projekti kulusid reaalajas. Tasuta 14 p\u00e4eva.","robots":{"index":"index","follow":"follow","max-snippet":"max-snippet:-1","max-image-preview":"max-image-preview:large","max-video-preview":"max-video-preview:-1"},"canonical":"https:\/\/planyard.com\/et\/quickbooks-toode-kuluarvestus","og_locale":"et_EE","og_type":"article","og_title":"QuickBooks t\u00f6\u00f6de kuluarvestuse integreerimine ehituses - Planyard Eesti","og_description":"Planyardi QuickBooks t\u00f6\u00f6de kuluarvestuse integreerimine ehituses kaotab tabelarvutused ja j\u00e4lgib projekti kulusid reaalajas. Tasuta 14 p\u00e4eva.","og_url":"https:\/\/planyard.com\/et\/quickbooks-toode-kuluarvestus","og_site_name":"Planyard Eesti","article_modified_time":"2025-05-17T16:23:44+00:00","twitter_card":"summary_large_image","schema":{"@context":"https:\/\/schema.org","@graph":[{"@type":"WebPage","@id":"https:\/\/planyard.com\/et\/quickbooks-toode-kuluarvestus","url":"https:\/\/planyard.com\/et\/quickbooks-toode-kuluarvestus","name":"QuickBooks t\u00f6\u00f6de kuluarvestuse integreerimine ehituses - Planyard Eesti","isPartOf":{"@id":"https:\/\/planyard.com\/et#website"},"datePublished":"2024-08-28T06:48:48+00:00","dateModified":"2025-05-17T16:23:44+00:00","description":"Planyardi QuickBooks t\u00f6\u00f6de kuluarvestuse integreerimine ehituses kaotab tabelarvutused ja j\u00e4lgib projekti kulusid reaalajas. Tasuta 14 p\u00e4eva.","breadcrumb":{"@id":"https:\/\/planyard.com\/et\/quickbooks-toode-kuluarvestus#breadcrumb"},"inLanguage":"et","potentialAction":[{"@type":"ReadAction","target":["https:\/\/planyard.com\/et\/quickbooks-toode-kuluarvestus"]}]},{"@type":"BreadcrumbList","@id":"https:\/\/planyard.com\/et\/quickbooks-toode-kuluarvestus#breadcrumb","itemListElement":[{"@type":"ListItem","position":1,"name":"Home","item":"https:\/\/planyard.com\/et"},{"@type":"ListItem","position":2,"name":"QuickBooks t\u00f6\u00f6de kuluarvestuse integreerimine"}]},{"@type":"WebSite","@id":"https:\/\/planyard.com\/et#website","url":"https:\/\/planyard.com\/et","name":"Planyard Eesti","description":"","potentialAction":[{"@type":"SearchAction","target":{"@type":"EntryPoint","urlTemplate":"https:\/\/planyard.com\/et?s={search_term_string}"},"query-input":{"@type":"PropertyValueSpecification","valueRequired":true,"valueName":"search_term_string"}}],"inLanguage":"et"}]}},"_links":{"self":[{"href":"https:\/\/planyard.com\/et\/wp-json\/wp\/v2\/pages\/10879","targetHints":{"allow":["GET"]}}],"collection":[{"href":"https:\/\/planyard.com\/et\/wp-json\/wp\/v2\/pages"}],"about":[{"href":"https:\/\/planyard.com\/et\/wp-json\/wp\/v2\/types\/page"}],"author":[{"embeddable":true,"href":"https:\/\/planyard.com\/et\/wp-json\/wp\/v2\/users\/2"}],"replies":[{"embeddable":true,"href":"https:\/\/planyard.com\/et\/wp-json\/wp\/v2\/comments?post=10879"}],"version-history":[{"count":1,"href":"https:\/\/planyard.com\/et\/wp-json\/wp\/v2\/pages\/10879\/revisions"}],"predecessor-version":[{"id":11043,"href":"https:\/\/planyard.com\/et\/wp-json\/wp\/v2\/pages\/10879\/revisions\/11043"}],"wp:attachment":[{"href":"https:\/\/planyard.com\/et\/wp-json\/wp\/v2\/media?parent=10879"}],"wp:term":[{"taxonomy":"page_intent","embeddable":true,"href":"https:\/\/planyard.com\/et\/wp-json\/wp\/v2\/page_intent?post=10879"},{"taxonomy":"page_type","embeddable":true,"href":"https:\/\/planyard.com\/et\/wp-json\/wp\/v2\/page_type?post=10879"}],"curies":[{"name":"wp","href":"https:\/\/api.w.org\/{rel}","templated":true}]}}