{"id":10878,"date":"2024-08-26T10:47:03","date_gmt":"2024-08-26T10:47:03","guid":{"rendered":"https:\/\/planyard.com\/quickbooks-disconnected"},"modified":"2025-05-19T17:10:27","modified_gmt":"2025-05-19T17:10:27","slug":"quickbooks-uhendus-katkestatud","status":"publish","type":"page","link":"https:\/\/planyard.com\/et\/quickbooks-uhendus-katkestatud","title":{"rendered":"QuickBooks \u00fchendus katkestatud"},"content":{"rendered":"\n<p class=\"has-text-align-left\">Teie QuickBooks integratsioon on katkestatud. Te ei saa enam Planyardist otse QuickBooksi kontole arveid saata. See t\u00e4hendab, et Planyardis kinnitatud kuludokumendid ei saadeta automaatselt QuickBooksi.<\/p>\n\n\n\n<p class=\"has-text-align-left\">Kui soovite Planyardi ja QuickBooksi konto uuesti \u00fchendada, <a href=\"https:\/\/central.planyard.com\/planyard-quickbooks-integration\"><strong>kl\u00f5psake siin, et n\u00e4ha, kuidas QuickBooksi uuesti \u00fchendada<\/strong><\/a> v\u00f5i v\u00f5tke lisateabe saamiseks \u00fchendust meie toega.<\/p>\n\n\n\n<p class=\"has-text-align-left\">Teise v\u00f5imalusena, kui olete Planyardi rakendusse sisse logitud, saate <a href=\"https:\/\/app.planyard.com\/#\/company\/integrations\"><strong>kl\u00f5psata siin, et n\u00e4ha oma integratsioone<\/strong><\/a>.<br><\/p>\n","protected":false},"excerpt":{"rendered":"<p>Teie QuickBooks integratsioon on katkestatud. Te ei saa enam Planyardist otse QuickBooksi kontole arveid saata. See t\u00e4hendab, et Planyardis kinnitatud kuludokumendid ei saadeta automaatselt QuickBooksi. Kui soovite Planyardi ja QuickBooksi konto uuesti \u00fchendada, kl\u00f5psake siin, et n\u00e4ha, kuidas QuickBooksi uuesti \u00fchendada v\u00f5i v\u00f5tke lisateabe saamiseks \u00fchendust meie toega. Teise v\u00f5imalusena, kui olete Planyardi rakendusse sisse&#8230;  <a class=\"excerpt-read-more\" href=\"https:\/\/planyard.com\/et\/quickbooks-uhendus-katkestatud\" title=\"Loe  QuickBooks \u00fchendus katkestatud\">Loe edasi &#8220;<\/a><\/p>\n","protected":false},"author":2,"featured_media":0,"parent":0,"menu_order":0,"comment_status":"closed","ping_status":"closed","template":"","meta":{"_acf_changed":false,"content-type":"","footnotes":""},"page_intent":[220],"page_type":[],"class_list":["post-10878","page","type-page","status-publish","hentry"],"acf":[],"yoast_head":"<!-- This site is optimized with the Yoast SEO plugin v27.1.1 - https:\/\/yoast.com\/product\/yoast-seo-wordpress\/ -->\n<title>QuickBooks \u00fchendus katkestatud - Planyard Eesti<\/title>\n<meta name=\"robots\" content=\"index, follow, max-snippet:-1, max-image-preview:large, max-video-preview:-1\" \/>\n<link rel=\"canonical\" href=\"https:\/\/planyard.com\/et\/quickbooks-uhendus-katkestatud\" \/>\n<meta property=\"og:locale\" content=\"et_EE\" \/>\n<meta property=\"og:type\" content=\"article\" \/>\n<meta property=\"og:title\" content=\"QuickBooks \u00fchendus katkestatud - Planyard Eesti\" \/>\n<meta property=\"og:description\" content=\"Teie QuickBooks integratsioon on katkestatud. Te ei saa enam Planyardist otse QuickBooksi kontole arveid saata. See t\u00e4hendab, et Planyardis kinnitatud kuludokumendid ei saadeta automaatselt QuickBooksi. Kui soovite Planyardi ja QuickBooksi konto uuesti \u00fchendada, kl\u00f5psake siin, et n\u00e4ha, kuidas QuickBooksi uuesti \u00fchendada v\u00f5i v\u00f5tke lisateabe saamiseks \u00fchendust meie toega. Teise v\u00f5imalusena, kui olete Planyardi rakendusse sisse... Loe edasi &quot;\" \/>\n<meta property=\"og:url\" content=\"https:\/\/planyard.com\/et\/quickbooks-uhendus-katkestatud\" \/>\n<meta property=\"og:site_name\" content=\"Planyard Eesti\" \/>\n<meta property=\"article:modified_time\" content=\"2025-05-19T17:10:27+00:00\" \/>\n<meta name=\"twitter:card\" content=\"summary_large_image\" \/>\n<meta name=\"twitter:label1\" content=\"Est. reading time\" \/>\n\t<meta name=\"twitter:data1\" content=\"1 minut\" \/>\n<!-- \/ Yoast SEO plugin. -->","yoast_head_json":{"title":"QuickBooks \u00fchendus katkestatud - Planyard Eesti","robots":{"index":"index","follow":"follow","max-snippet":"max-snippet:-1","max-image-preview":"max-image-preview:large","max-video-preview":"max-video-preview:-1"},"canonical":"https:\/\/planyard.com\/et\/quickbooks-uhendus-katkestatud","og_locale":"et_EE","og_type":"article","og_title":"QuickBooks \u00fchendus katkestatud - Planyard Eesti","og_description":"Teie QuickBooks integratsioon on katkestatud. Te ei saa enam Planyardist otse QuickBooksi kontole arveid saata. See t\u00e4hendab, et Planyardis kinnitatud kuludokumendid ei saadeta automaatselt QuickBooksi. Kui soovite Planyardi ja QuickBooksi konto uuesti \u00fchendada, kl\u00f5psake siin, et n\u00e4ha, kuidas QuickBooksi uuesti \u00fchendada v\u00f5i v\u00f5tke lisateabe saamiseks \u00fchendust meie toega. Teise v\u00f5imalusena, kui olete Planyardi rakendusse sisse... Loe edasi \"","og_url":"https:\/\/planyard.com\/et\/quickbooks-uhendus-katkestatud","og_site_name":"Planyard Eesti","article_modified_time":"2025-05-19T17:10:27+00:00","twitter_card":"summary_large_image","twitter_misc":{"Est. reading time":"1 minut"},"schema":{"@context":"https:\/\/schema.org","@graph":[{"@type":"WebPage","@id":"https:\/\/planyard.com\/et\/quickbooks-uhendus-katkestatud","url":"https:\/\/planyard.com\/et\/quickbooks-uhendus-katkestatud","name":"QuickBooks \u00fchendus katkestatud - Planyard Eesti","isPartOf":{"@id":"https:\/\/planyard.com\/et#website"},"datePublished":"2024-08-26T10:47:03+00:00","dateModified":"2025-05-19T17:10:27+00:00","breadcrumb":{"@id":"https:\/\/planyard.com\/et\/quickbooks-uhendus-katkestatud#breadcrumb"},"inLanguage":"et","potentialAction":[{"@type":"ReadAction","target":["https:\/\/planyard.com\/et\/quickbooks-uhendus-katkestatud"]}]},{"@type":"BreadcrumbList","@id":"https:\/\/planyard.com\/et\/quickbooks-uhendus-katkestatud#breadcrumb","itemListElement":[{"@type":"ListItem","position":1,"name":"Home","item":"https:\/\/planyard.com\/et"},{"@type":"ListItem","position":2,"name":"QuickBooks on lahti \u00fchendatud"}]},{"@type":"WebSite","@id":"https:\/\/planyard.com\/et#website","url":"https:\/\/planyard.com\/et","name":"Planyard Eesti","description":"","potentialAction":[{"@type":"SearchAction","target":{"@type":"EntryPoint","urlTemplate":"https:\/\/planyard.com\/et?s={search_term_string}"},"query-input":{"@type":"PropertyValueSpecification","valueRequired":true,"valueName":"search_term_string"}}],"inLanguage":"et"}]}},"_links":{"self":[{"href":"https:\/\/planyard.com\/et\/wp-json\/wp\/v2\/pages\/10878","targetHints":{"allow":["GET"]}}],"collection":[{"href":"https:\/\/planyard.com\/et\/wp-json\/wp\/v2\/pages"}],"about":[{"href":"https:\/\/planyard.com\/et\/wp-json\/wp\/v2\/types\/page"}],"author":[{"embeddable":true,"href":"https:\/\/planyard.com\/et\/wp-json\/wp\/v2\/users\/2"}],"replies":[{"embeddable":true,"href":"https:\/\/planyard.com\/et\/wp-json\/wp\/v2\/comments?post=10878"}],"version-history":[{"count":3,"href":"https:\/\/planyard.com\/et\/wp-json\/wp\/v2\/pages\/10878\/revisions"}],"predecessor-version":[{"id":15935,"href":"https:\/\/planyard.com\/et\/wp-json\/wp\/v2\/pages\/10878\/revisions\/15935"}],"wp:attachment":[{"href":"https:\/\/planyard.com\/et\/wp-json\/wp\/v2\/media?parent=10878"}],"wp:term":[{"taxonomy":"page_intent","embeddable":true,"href":"https:\/\/planyard.com\/et\/wp-json\/wp\/v2\/page_intent?post=10878"},{"taxonomy":"page_type","embeddable":true,"href":"https:\/\/planyard.com\/et\/wp-json\/wp\/v2\/page_type?post=10878"}],"curies":[{"name":"wp","href":"https:\/\/api.w.org\/{rel}","templated":true}]}}