{"id":10873,"date":"2024-09-11T08:50:44","date_gmt":"2024-09-11T08:50:44","guid":{"rendered":"https:\/\/planyard.com\/procore-vs-plangrid"},"modified":"2025-05-19T17:10:19","modified_gmt":"2025-05-19T17:10:19","slug":"procore-vs-plangrid","status":"publish","type":"page","link":"https:\/\/planyard.com\/et\/procore-vs-plangrid","title":{"rendered":"Procore vs Plangrid"},"content":{"rendered":"\n<p class=\"has-text-align-center\">Procore vs Plangrid t\u00e4ielik v\u00f5rdlus. V\u00f5rdle funktsioone, hindu ja alternatiive. <\/p>\n\n\n\n<div class=\"wp-block-columns is-layout-flex wp-container-core-columns-is-layout-9d6595d7 wp-block-columns-is-layout-flex\">\n<div class=\"wp-block-column is-layout-flow wp-block-column-is-layout-flow\" style=\"flex-basis:100%\">\n<div class=\"wp-block-columns is-layout-flex wp-container-core-columns-is-layout-9d6595d7 wp-block-columns-is-layout-flex\">\n<div class=\"wp-block-column is-layout-flow wp-block-column-is-layout-flow\">\n<h4 class=\"wp-block-heading\">Mis on Procore?<\/h4>\n\n\n\n<p><a href=\"https:\/\/procore.com\">Procore<\/a> on USA ehitusprojektide juhtimise tarkvara, millel on palju erinevaid mooduleid.<\/p>\n\n\n\n<p>Tarkvara h\u00f5lmab eelehitust, projektijuhtimist, ressursihaldust ja finantsjuhtimist.<\/p>\n<\/div>\n\n\n\n<div class=\"wp-block-column is-layout-flow wp-block-column-is-layout-flow\">\n<h4 class=\"wp-block-heading\">Mis on Plangrid? <\/h4>\n\n\n\n<p><a href=\"https:\/\/www.plangrid.com\/\">Plangrid<\/a>&nbsp;on ehituse tootlikkuse tarkvara.<\/p>\n\n\n\n<p>See on peamiselt m\u00f5eldud jooniste ja muude dokumentide jagamiseks reaalajas koost\u00f6\u00f6ks.<\/p>\n<\/div>\n\n\n\n<div class=\"wp-block-column is-layout-flow wp-block-column-is-layout-flow\">\n<h4 class=\"wp-block-heading\">Mis on Planyard?<\/h4>\n\n\n\n<p><a href=\"https:\/\/planyard.com\/et\">Planyard<\/a>&nbsp;on finantsjuhtimise tarkvara peat\u00f6\u00f6v\u00f5tjatele, mis v\u00e4listab topeltandmete sisestamise.<\/p>\n\n\n\n<p>See v\u00f5imaldab kasutajatel hallata eelarveid ilma Exceli v\u00f5i l\u00f5putute e-kirjadeta, samas kui allt\u00f6\u00f6v\u00f5tjad saavad andmeid otse s\u00fcsteemi sisestada.<\/p>\n<\/div>\n<\/div>\n<\/div>\n<\/div>\n\n\n\n<h2 class=\"wp-block-heading has-text-align-center\">Funktsioonide ja hindade v\u00f5rdlus<\/h2>\n\n\n\n<figure class=\"wp-block-table\"><table><tbody><tr><td><\/td><td><img loading=\"lazy\" decoding=\"async\" width=\"118\" height=\"40\" class=\"wp-image-108\" style=\"width: 118px\" src=\"https:\/\/planyard.com\/wp-content\/uploads\/2024\/07\/Procore_Logo_FC_Black_RGB-1.svg\" alt=\"\"><br><strong>Procore<\/strong><\/td><td><img loading=\"lazy\" decoding=\"async\" width=\"707\" height=\"171\" class=\"wp-image-2299\" style=\"width: 150px\" src=\"https:\/\/planyard.com\/wp-content\/uploads\/2024\/10\/plangrid.svg\" alt=\"Plangrid\"><br><strong>Plangrid<\/strong><\/td><td><img loading=\"lazy\" decoding=\"async\" width=\"135\" height=\"28\" class=\"wp-image-2040\" style=\"width: 135px\" src=\"https:\/\/planyard.com\/wp-content\/uploads\/2024\/09\/planyard-logo.svg\" alt=\"\"><br><strong>Planyard<\/strong><\/td><\/tr><tr><td><strong>Tasuta prooviperiood<\/strong><\/td><td><img decoding=\"async\" src=\"https:\/\/planyard.com\/wp-content\/uploads\/2024\/10\/icons8-delete-30.png\"><\/td><td><\/td><td><img decoding=\"async\" src=\"https:\/\/planyard.com\/wp-content\/uploads\/2024\/10\/icons8-checkmark-30.png\"> <\/td><\/tr><tr><td><strong>Hinnakujundus<\/strong><\/td><td><strong>549 USD kuus<\/strong><br>(aastase lepinguga ja maksimaalselt 3 miljoni aastase tuluga)<\/td><td><strong>39-119 USD kasutaja kohta kuus<\/strong><\/td><td><strong>Alates 52 USD kasutaja kohta kuus<\/strong><\/td><\/tr><tr><td><strong>Piiramatu arv kasutajaid<\/strong><\/td><td><img decoding=\"async\" src=\"https:\/\/planyard.com\/wp-content\/uploads\/2024\/10\/icons8-checkmark-30.png\"><\/td><td><img decoding=\"async\" src=\"https:\/\/planyard.com\/wp-content\/uploads\/2024\/10\/icons8-delete-30.png\"><\/td><td><img decoding=\"async\" src=\"https:\/\/planyard.com\/wp-content\/uploads\/2024\/10\/icons8-checkmark-30.png\"><\/td><\/tr><tr><td><strong>Piiramatu andmemaht<\/strong><\/td><td><img decoding=\"async\" src=\"https:\/\/planyard.com\/wp-content\/uploads\/2024\/10\/icons8-checkmark-30.png\"><\/td><td><img decoding=\"async\" src=\"https:\/\/planyard.com\/wp-content\/uploads\/2024\/10\/icons8-checkmark-30.png\"> (v\u00e4lja arvatud lehed, mis on plaaniga piiratud)<\/td><td><img decoding=\"async\" src=\"https:\/\/planyard.com\/wp-content\/uploads\/2024\/10\/icons8-checkmark-30.png\"><\/td><\/tr><tr><td><strong>Eelarve j\u00e4lgimine<\/strong><\/td><td><img decoding=\"async\" src=\"https:\/\/planyard.com\/wp-content\/uploads\/2024\/10\/icons8-checkmark-30.png\"><\/td><td><img decoding=\"async\" src=\"https:\/\/planyard.com\/wp-content\/uploads\/2024\/10\/icons8-delete-30.png\"><\/td><td><img decoding=\"async\" src=\"https:\/\/planyard.com\/wp-content\/uploads\/2024\/10\/icons8-checkmark-30.png\"><\/td><\/tr><tr><td><strong>T\u00f6\u00f6 maksumuse arvestus<\/strong><\/td><td><img decoding=\"async\" src=\"https:\/\/planyard.com\/wp-content\/uploads\/2024\/10\/icons8-checkmark-30.png\"><\/td><td><img decoding=\"async\" src=\"https:\/\/planyard.com\/wp-content\/uploads\/2024\/10\/icons8-delete-30.png\"><\/td><td><img decoding=\"async\" src=\"https:\/\/planyard.com\/wp-content\/uploads\/2024\/10\/icons8-checkmark-30.png\"><\/td><\/tr><tr><td><strong>Pakkumine<\/strong><\/td><td><img decoding=\"async\" src=\"https:\/\/planyard.com\/wp-content\/uploads\/2024\/10\/icons8-checkmark-30.png\"><\/td><td><img decoding=\"async\" src=\"https:\/\/planyard.com\/wp-content\/uploads\/2024\/10\/icons8-delete-30.png\"><\/td><td><img decoding=\"async\" src=\"https:\/\/planyard.com\/wp-content\/uploads\/2024\/10\/icons8-checkmark-30.png\"><\/td><\/tr><tr><td><strong>Lepingute haldamine<\/strong><\/td><td><img decoding=\"async\" src=\"https:\/\/planyard.com\/wp-content\/uploads\/2024\/10\/icons8-checkmark-30.png\"><\/td><td><img decoding=\"async\" src=\"https:\/\/planyard.com\/wp-content\/uploads\/2024\/10\/icons8-delete-30.png\"><\/td><td><img decoding=\"async\" src=\"https:\/\/planyard.com\/wp-content\/uploads\/2024\/10\/icons8-checkmark-30.png\"><\/td><\/tr><tr><td><strong>Lisat\u00f6\u00f6de haldamine<\/strong><\/td><td><img decoding=\"async\" src=\"https:\/\/planyard.com\/wp-content\/uploads\/2024\/10\/icons8-checkmark-30.png\"><\/td><td><img decoding=\"async\" src=\"https:\/\/planyard.com\/wp-content\/uploads\/2024\/10\/icons8-delete-30.png\"><\/td><td><img decoding=\"async\" src=\"https:\/\/planyard.com\/wp-content\/uploads\/2024\/10\/icons8-checkmark-30.png\"><\/td><\/tr><tr><td><strong>Allt\u00f6\u00f6v\u00f5tjate arveldus<\/strong><\/td><td><img decoding=\"async\" src=\"https:\/\/planyard.com\/wp-content\/uploads\/2024\/10\/icons8-checkmark-30.png\"><\/td><td><img decoding=\"async\" src=\"https:\/\/planyard.com\/wp-content\/uploads\/2024\/10\/icons8-delete-30.png\"><\/td><td><img decoding=\"async\" src=\"https:\/\/planyard.com\/wp-content\/uploads\/2024\/10\/icons8-checkmark-30.png\"><\/td><\/tr><tr><td><strong>Kasumlikkuse prognoosimine<\/strong><\/td><td><img decoding=\"async\" src=\"https:\/\/planyard.com\/wp-content\/uploads\/2024\/10\/icons8-checkmark-30.png\"><\/td><td><img decoding=\"async\" src=\"https:\/\/planyard.com\/wp-content\/uploads\/2024\/10\/icons8-delete-30.png\"><\/td><td><img decoding=\"async\" src=\"https:\/\/planyard.com\/wp-content\/uploads\/2024\/10\/icons8-checkmark-30.png\"><\/td><\/tr><tr><td><strong>Ajagraafik<\/strong><\/td><td><img decoding=\"async\" src=\"https:\/\/planyard.com\/wp-content\/uploads\/2024\/10\/icons8-checkmark-30.png\"><\/td><td><img decoding=\"async\" src=\"https:\/\/planyard.com\/wp-content\/uploads\/2024\/10\/icons8-delete-30.png\"><\/td><td><img decoding=\"async\" src=\"https:\/\/planyard.com\/wp-content\/uploads\/2024\/10\/icons8-delete-30.png\"><\/td><\/tr><tr><td><strong>BIM<\/strong><\/td><td><img decoding=\"async\" src=\"https:\/\/planyard.com\/wp-content\/uploads\/2024\/10\/icons8-checkmark-30.png\"> (integratsioon)<\/td><td><img decoding=\"async\" src=\"https:\/\/planyard.com\/wp-content\/uploads\/2024\/10\/icons8-checkmark-30.png\"> (Integratsioon)<\/td><td><img decoding=\"async\" src=\"https:\/\/planyard.com\/wp-content\/uploads\/2024\/10\/icons8-delete-30.png\"><\/td><\/tr><tr><td><strong>V\u00e4litootlikkus<\/strong><\/td><td><img decoding=\"async\" src=\"https:\/\/planyard.com\/wp-content\/uploads\/2024\/10\/icons8-checkmark-30.png\"> (Lisatasu eest)<\/td><td><img decoding=\"async\" src=\"https:\/\/planyard.com\/wp-content\/uploads\/2024\/10\/icons8-checkmark-30.png\"><\/td><td><img decoding=\"async\" src=\"https:\/\/planyard.com\/wp-content\/uploads\/2024\/10\/icons8-delete-30.png\"><\/td><\/tr><tr><td><strong>iOS rakendus<\/strong><\/td><td><img decoding=\"async\" src=\"https:\/\/planyard.com\/wp-content\/uploads\/2024\/10\/icons8-checkmark-30.png\"><\/td><td><img decoding=\"async\" src=\"https:\/\/planyard.com\/wp-content\/uploads\/2024\/10\/icons8-checkmark-30.png\"><\/td><td><img decoding=\"async\" src=\"https:\/\/planyard.com\/wp-content\/uploads\/2024\/10\/icons8-checkmark-30.png\"><\/td><\/tr><tr><td><strong>Android rakendus<\/strong><\/td><td><img decoding=\"async\" src=\"https:\/\/planyard.com\/wp-content\/uploads\/2024\/10\/icons8-checkmark-30.png\"><\/td><td><img decoding=\"async\" src=\"https:\/\/planyard.com\/wp-content\/uploads\/2024\/10\/icons8-checkmark-30.png\"><\/td><td><img decoding=\"async\" src=\"https:\/\/planyard.com\/wp-content\/uploads\/2024\/10\/icons8-checkmark-30.png\"><\/td><\/tr><tr><td><strong>Windows mobiilirakendus<\/strong><\/td><td><img decoding=\"async\" src=\"https:\/\/planyard.com\/wp-content\/uploads\/2024\/10\/icons8-checkmark-30.png\"><\/td><td><img decoding=\"async\" src=\"https:\/\/planyard.com\/wp-content\/uploads\/2024\/10\/icons8-checkmark-30.png\"><\/td><td><img decoding=\"async\" src=\"https:\/\/planyard.com\/wp-content\/uploads\/2024\/10\/icons8-delete-30.png\"><\/td><\/tr><tr><td><strong>Outlook integratsioon<\/strong><\/td><td><img decoding=\"async\" src=\"https:\/\/planyard.com\/wp-content\/uploads\/2024\/10\/icons8-checkmark-30.png\"><\/td><td><img decoding=\"async\" src=\"https:\/\/planyard.com\/wp-content\/uploads\/2024\/10\/icons8-delete-30.png\"><\/td><td><img decoding=\"async\" src=\"https:\/\/planyard.com\/wp-content\/uploads\/2024\/10\/icons8-checkmark-30.png\"><\/td><\/tr><tr><td><strong>Google Chrome laiendus<\/strong><\/td><td><img decoding=\"async\" src=\"https:\/\/planyard.com\/wp-content\/uploads\/2024\/10\/icons8-delete-30.png\"><\/td><td><img decoding=\"async\" src=\"https:\/\/planyard.com\/wp-content\/uploads\/2024\/10\/icons8-delete-30.png\"><\/td><td><img decoding=\"async\" src=\"https:\/\/planyard.com\/wp-content\/uploads\/2024\/10\/icons8-checkmark-30.png\"><\/td><\/tr><tr><td><strong>Raamatupidamise integratsioonid<\/strong><\/td><td><img decoding=\"async\" src=\"https:\/\/planyard.com\/wp-content\/uploads\/2024\/10\/icons8-checkmark-30.png\"><\/td><td><img decoding=\"async\" src=\"https:\/\/planyard.com\/wp-content\/uploads\/2024\/10\/icons8-delete-30.png\"><\/td><td><img decoding=\"async\" src=\"https:\/\/planyard.com\/wp-content\/uploads\/2024\/10\/icons8-checkmark-30.png\"><\/td><\/tr><tr><td><strong>Tugi<\/strong><\/td><td><img decoding=\"async\" src=\"https:\/\/planyard.com\/wp-content\/uploads\/2024\/10\/icons8-checkmark-30.png\"><\/td><td><img decoding=\"async\" src=\"https:\/\/planyard.com\/wp-content\/uploads\/2024\/10\/icons8-checkmark-30.png\"><\/td><td><img decoding=\"async\" src=\"https:\/\/planyard.com\/wp-content\/uploads\/2024\/10\/icons8-checkmark-30.png\"><\/td><\/tr><\/tbody><\/table><\/figure>\n\n\n\n<h2 class=\"wp-block-heading has-text-align-center\">Planyardi eelised<\/h2>\n\n\n\n<div class=\"wp-block-columns is-layout-flex wp-container-core-columns-is-layout-9d6595d7 wp-block-columns-is-layout-flex\">\n<div class=\"wp-block-column is-layout-flow wp-block-column-is-layout-flow\">\n<p><strong>Tead, kas projekt on kasumlik v\u00f5i mitte, enne kui see l\u00f5peb<\/strong><\/p>\n\n\n\n<p><strong>Tuvasta hinnangu ja disaini vead<\/strong><\/p>\n<\/div>\n\n\n\n<div class=\"wp-block-column is-layout-flow wp-block-column-is-layout-flow\">\n<p><strong>S\u00e4\u00e4sta 3-5 p\u00e4eva kuus iga projektijuhi kohta<\/strong><\/p>\n\n\n\n<p><strong>V\u00e4ldi k\u00e4sitsi sisestamist ja kopeerimist-kleepimist<\/strong><\/p>\n<\/div>\n\n\n\n<div class=\"wp-block-column is-layout-flow wp-block-column-is-layout-flow\">\n<p><strong>Standardiseeri protsessid ja tagage vastavus<\/strong><\/p>\n\n\n\n<p><strong>\u00c4ra lase asjadel kahe silma vahele j\u00e4\u00e4da<\/strong><\/p>\n<\/div>\n<\/div>\n\n\n\n<figure class=\"wp-block-image size-full\"><img loading=\"lazy\" decoding=\"async\" width=\"1600\" height=\"953\" src=\"https:\/\/planyard.com\/wp-content\/uploads\/2024\/08\/Planyard-budget-dashboard-2.png\" alt=\"\" class=\"wp-image-1684\" srcset=\"https:\/\/planyard.com\/wp-content\/uploads\/2024\/08\/Planyard-budget-dashboard-2.png 1600w, https:\/\/planyard.com\/wp-content\/uploads\/2024\/08\/Planyard-budget-dashboard-2-1536x915.png 1536w\" sizes=\"auto, (max-width: 1600px) 100vw, 1600px\" \/><\/figure>\n\n\n\n<h2 class=\"wp-block-heading\">Loodud projektijuhtidele<\/h2>\n\n\n\n<p>Sa ei pea n\u00e4dalaid \u00f5ppima, kuidas seda kasutada, Planyard t\u00f6\u00f6tab nii, nagu projektijuhid tegelikult t\u00f6\u00f6tavad<\/p>\n\n\n\n<ul class=\"wp-block-list\">\n<li>Hinda, j\u00e4lgi ja prognoosi oma eelarvet.<\/li>\n\n\n\n<li>Kogu pakkumisi, edenemisaruandeid, lisat\u00f6id ja arveid allt\u00f6\u00f6v\u00f5tjatelt.<\/li>\n\n\n\n<li>Hoia k\u00f5ik omavahel seotud.<\/li>\n\n\n\n<li>J\u00e4lgi oma projekti kasumlikkust reaalajas.<\/li>\n\n\n\n<li>Hoia raamatupidamine automaatselt s\u00fcnkroonis.<\/li>\n<\/ul>\n\n\n\n<div class=\"wp-block-buttons is-layout-flex wp-block-buttons-is-layout-flex\">\n<div class=\"wp-block-button is-style-fill\"><a class=\"wp-block-button__link has-background wp-element-button\" href=\"https:\/\/app.planyard.com\/#\/signup\" style=\"background-color:#2756ff\">Proovi tasuta<\/a><\/div>\n<\/div>\n\n\n\n<figure class=\"wp-block-image size-full\"><img loading=\"lazy\" decoding=\"async\" width=\"1024\" height=\"503\" src=\"https:\/\/planyard.com\/wp-content\/uploads\/2024\/09\/planyard-for-management-1024x503-1.png\" alt=\"\" class=\"wp-image-1965\" \/><\/figure>\n\n\n\n<h2 class=\"wp-block-heading has-text-align-center\">Sobib juhtkonnale<\/h2>\n\n\n\n<p>Standardiseeri oma kulude juhtimise protsessid ja tagage vastavus kogu ettev\u00f5ttes.<\/p>\n\n\n\n<ul class=\"wp-block-list\">\n<li>Saa reaalajas \u00fclevaade kogu oma projektide portfellist.<\/li>\n\n\n\n<li>Hoia k\u00f5ik andmed \u00fches tihedalt integreeritud s\u00fcsteemis.<\/li>\n\n\n\n<li>Prognoosi kasumlikkust ja rahavoogu. <\/li>\n<\/ul>\n\n\n\n<div class=\"wp-block-buttons is-layout-flex wp-block-buttons-is-layout-flex\">\n<div class=\"wp-block-button\"><a class=\"wp-block-button__link has-background wp-element-button\" style=\"background-color:#2756ff\">K\u00fcsi demo<\/a><\/div>\n<\/div>\n\n\n\n<p><\/p>\n","protected":false},"excerpt":{"rendered":"<p>Procore vs Plangrid t\u00e4ielik v\u00f5rdlus. V\u00f5rdle funktsioone, hindu ja alternatiive. Mis on Procore? Procore on USA ehitusprojektide juhtimise tarkvara, millel on palju erinevaid mooduleid. Tarkvara h\u00f5lmab eelehitust, projektijuhtimist, ressursihaldust ja finantsjuhtimist. Mis on Plangrid? Plangrid&nbsp;on ehituse tootlikkuse tarkvara. See on peamiselt m\u00f5eldud jooniste ja muude dokumentide jagamiseks reaalajas koost\u00f6\u00f6ks. Mis on Planyard? Planyard&nbsp;on finantsjuhtimise tarkvara&#8230;  <a class=\"excerpt-read-more\" href=\"https:\/\/planyard.com\/et\/procore-vs-plangrid\" title=\"Loe  Procore vs Plangrid\">Loe edasi &#8220;<\/a><\/p>\n","protected":false},"author":5,"featured_media":0,"parent":0,"menu_order":0,"comment_status":"closed","ping_status":"closed","template":"","meta":{"_acf_changed":false,"content-type":"","footnotes":""},"page_intent":[205],"page_type":[],"class_list":["post-10873","page","type-page","status-publish","hentry"],"acf":[],"yoast_head":"<!-- This site is optimized with the Yoast SEO plugin v27.1.1 - https:\/\/yoast.com\/product\/yoast-seo-wordpress\/ -->\n<title>Procore vs Plangrid ehitustarkvara v\u00f5rdlus - Planyard Eesti<\/title>\n<meta name=\"description\" content=\"Procore vs PlanGrid ehitustarkvara v\u00f5rreldud. Vaata, millised on erinevused ja sarnasused nende kahe vahel.\" \/>\n<meta name=\"robots\" content=\"index, follow, max-snippet:-1, max-image-preview:large, max-video-preview:-1\" \/>\n<link rel=\"canonical\" href=\"https:\/\/planyard.com\/et\/procore-vs-plangrid\" \/>\n<meta property=\"og:locale\" content=\"et_EE\" \/>\n<meta property=\"og:type\" content=\"article\" \/>\n<meta property=\"og:title\" content=\"Procore vs Plangrid ehitustarkvara v\u00f5rdlus - Planyard Eesti\" \/>\n<meta property=\"og:description\" content=\"Procore vs PlanGrid ehitustarkvara v\u00f5rreldud. Vaata, millised on erinevused ja sarnasused nende kahe vahel.\" \/>\n<meta property=\"og:url\" content=\"https:\/\/planyard.com\/et\/procore-vs-plangrid\" \/>\n<meta property=\"og:site_name\" content=\"Planyard Eesti\" \/>\n<meta property=\"article:modified_time\" content=\"2025-05-19T17:10:19+00:00\" \/>\n<meta name=\"twitter:card\" content=\"summary_large_image\" \/>\n<meta name=\"twitter:label1\" content=\"Est. reading time\" \/>\n\t<meta name=\"twitter:data1\" content=\"15 minutit\" \/>\n<!-- \/ Yoast SEO plugin. -->","yoast_head_json":{"title":"Procore vs Plangrid ehitustarkvara v\u00f5rdlus - Planyard Eesti","description":"Procore vs PlanGrid ehitustarkvara v\u00f5rreldud. Vaata, millised on erinevused ja sarnasused nende kahe vahel.","robots":{"index":"index","follow":"follow","max-snippet":"max-snippet:-1","max-image-preview":"max-image-preview:large","max-video-preview":"max-video-preview:-1"},"canonical":"https:\/\/planyard.com\/et\/procore-vs-plangrid","og_locale":"et_EE","og_type":"article","og_title":"Procore vs Plangrid ehitustarkvara v\u00f5rdlus - Planyard Eesti","og_description":"Procore vs PlanGrid ehitustarkvara v\u00f5rreldud. Vaata, millised on erinevused ja sarnasused nende kahe vahel.","og_url":"https:\/\/planyard.com\/et\/procore-vs-plangrid","og_site_name":"Planyard Eesti","article_modified_time":"2025-05-19T17:10:19+00:00","twitter_card":"summary_large_image","twitter_misc":{"Est. reading time":"15 minutit"},"schema":{"@context":"https:\/\/schema.org","@graph":[{"@type":"WebPage","@id":"https:\/\/planyard.com\/et\/procore-vs-plangrid","url":"https:\/\/planyard.com\/et\/procore-vs-plangrid","name":"Procore vs Plangrid ehitustarkvara v\u00f5rdlus - Planyard Eesti","isPartOf":{"@id":"https:\/\/planyard.com\/et#website"},"primaryImageOfPage":{"@id":"https:\/\/planyard.com\/et\/procore-vs-plangrid#primaryimage"},"image":{"@id":"https:\/\/planyard.com\/et\/procore-vs-plangrid#primaryimage"},"thumbnailUrl":"https:\/\/planyard.com\/wp-content\/uploads\/2024\/07\/Procore_Logo_FC_Black_RGB-1.svg","datePublished":"2024-09-11T08:50:44+00:00","dateModified":"2025-05-19T17:10:19+00:00","description":"Procore vs PlanGrid ehitustarkvara v\u00f5rreldud. Vaata, millised on erinevused ja sarnasused nende kahe vahel.","breadcrumb":{"@id":"https:\/\/planyard.com\/et\/procore-vs-plangrid#breadcrumb"},"inLanguage":"et","potentialAction":[{"@type":"ReadAction","target":["https:\/\/planyard.com\/et\/procore-vs-plangrid"]}]},{"@type":"ImageObject","inLanguage":"et","@id":"https:\/\/planyard.com\/et\/procore-vs-plangrid#primaryimage","url":"https:\/\/planyard.com\/wp-content\/uploads\/2024\/07\/Procore_Logo_FC_Black_RGB-1.svg","contentUrl":"https:\/\/planyard.com\/wp-content\/uploads\/2024\/07\/Procore_Logo_FC_Black_RGB-1.svg"},{"@type":"BreadcrumbList","@id":"https:\/\/planyard.com\/et\/procore-vs-plangrid#breadcrumb","itemListElement":[{"@type":"ListItem","position":1,"name":"Home","item":"https:\/\/planyard.com\/et"},{"@type":"ListItem","position":2,"name":"Procore vs Plangrid"}]},{"@type":"WebSite","@id":"https:\/\/planyard.com\/et#website","url":"https:\/\/planyard.com\/et","name":"Planyard Eesti","description":"","potentialAction":[{"@type":"SearchAction","target":{"@type":"EntryPoint","urlTemplate":"https:\/\/planyard.com\/et?s={search_term_string}"},"query-input":{"@type":"PropertyValueSpecification","valueRequired":true,"valueName":"search_term_string"}}],"inLanguage":"et"}]}},"_links":{"self":[{"href":"https:\/\/planyard.com\/et\/wp-json\/wp\/v2\/pages\/10873","targetHints":{"allow":["GET"]}}],"collection":[{"href":"https:\/\/planyard.com\/et\/wp-json\/wp\/v2\/pages"}],"about":[{"href":"https:\/\/planyard.com\/et\/wp-json\/wp\/v2\/types\/page"}],"author":[{"embeddable":true,"href":"https:\/\/planyard.com\/et\/wp-json\/wp\/v2\/users\/5"}],"replies":[{"embeddable":true,"href":"https:\/\/planyard.com\/et\/wp-json\/wp\/v2\/comments?post=10873"}],"version-history":[{"count":3,"href":"https:\/\/planyard.com\/et\/wp-json\/wp\/v2\/pages\/10873\/revisions"}],"predecessor-version":[{"id":15934,"href":"https:\/\/planyard.com\/et\/wp-json\/wp\/v2\/pages\/10873\/revisions\/15934"}],"wp:attachment":[{"href":"https:\/\/planyard.com\/et\/wp-json\/wp\/v2\/media?parent=10873"}],"wp:term":[{"taxonomy":"page_intent","embeddable":true,"href":"https:\/\/planyard.com\/et\/wp-json\/wp\/v2\/page_intent?post=10873"},{"taxonomy":"page_type","embeddable":true,"href":"https:\/\/planyard.com\/et\/wp-json\/wp\/v2\/page_type?post=10873"}],"curies":[{"name":"wp","href":"https:\/\/api.w.org\/{rel}","templated":true}]}}