{"id":10872,"date":"2024-08-27T13:45:07","date_gmt":"2024-08-27T13:45:07","guid":{"rendered":"https:\/\/planyard.com\/procore-too-expensive"},"modified":"2025-05-19T17:09:06","modified_gmt":"2025-05-19T17:09:06","slug":"procore-liiga-kallis","status":"publish","type":"page","link":"https:\/\/planyard.com\/et\/procore-liiga-kallis","title":{"rendered":"Procore&#8217;i hinnamudel liiga kallis?"},"content":{"rendered":"\n<div class=\"wp-block-columns is-layout-flex wp-container-core-columns-is-layout-9d6595d7 wp-block-columns-is-layout-flex\">\n<div class=\"wp-block-column is-layout-flow wp-block-column-is-layout-flow\">\n<figure class=\"wp-block-image size-full\"><img loading=\"lazy\" decoding=\"async\" width=\"900\" height=\"500\" src=\"https:\/\/planyard.com\/wp-content\/uploads\/2024\/08\/procore-vector-logo.png\" alt=\"\" class=\"wp-image-1540\" \/><\/figure>\n<\/div>\n\n\n\n<div class=\"wp-block-column is-layout-flow wp-block-column-is-layout-flow\">\n<figure class=\"wp-block-image size-full is-resized\"><img loading=\"lazy\" decoding=\"async\" width=\"500\" height=\"200\" src=\"https:\/\/planyard.com\/wp-content\/uploads\/2024\/08\/Planyard-logo-500x200-1-1.png\" alt=\"\" class=\"wp-image-1541\" style=\"width:535px;height:auto\" \/><\/figure>\n<\/div>\n<\/div>\n\n\n\n<h2 class=\"wp-block-heading\">Mis on Procore?<\/h2>\n\n\n\n<p><a href=\"https:\/\/www.procore.com\/\">Procore<\/a>&nbsp;on USA ehitusprojektide haldustarkvara, millel on palju erinevaid mooduleid.<\/p>\n\n\n\n<p>Tarkvara h\u00f5lmab eelarvestamist, projektijuhtimist, ressursside haldamist ja finantsjuhtimist.<\/p>\n\n\n\n<h2 class=\"wp-block-heading\" id=\"a-bit-more-context\">Veidi rohkem konteksti<\/h2>\n\n\n\n<p>Procore on oma tarkvara arendanud alates 2003. aastast. See on nagu kahe teraga m\u00f5\u00f5k.<\/p>\n\n\n\n<p>\u00dchelt poolt on see v\u00e4ga p\u00f5hjalik. See h\u00f5lmab paljusid erinevaid funktsioone erinevate mudelite kaudu, mis t\u00e4hendab, et saate protsesse rohkem \u00fchtlustada.<\/p>\n\n\n\n<p>Teiselt poolt kipuvad ettev\u00f5tted k\u00fcpsedes liikuma k\u00f5rgemasse turusegmenti. Nende lahendused muutuvad palju keerukamaks ja hinnad t\u00f5usevad aina k\u00f5rgemale. Procore on selles m\u00f5ttes nagu Salesforce\u2014seda kasutavad maailma suurimad ettev\u00f5tted, kuid nad maksavad selle eest k\u00f5rget hinda.<\/p>\n\n\n\n<p>Kuna Procore on olnud tarkvara arenduses peaaegu 20 aastat, sisaldab see t\u00f5en\u00e4oliselt palju vananenud tehnoloogiat. Asjad, mis ehitati k\u00fcmme aastat tagasi, n\u00e4evad tarkvaras n\u00fc\u00fcd vananenud v\u00e4lja.<\/p>\n\n\n\n<h2 class=\"wp-block-heading\" id=\"what-is-planyard\">Mis on Planyard?<\/h2>\n\n\n\n<p><a href=\"https:\/\/planyard.com\/et\">Planyard<\/a>&nbsp;on pilvep\u00f5hine eelarve ja allt\u00f6\u00f6v\u00f5tjate haldustarkvara peat\u00f6\u00f6v\u00f5tjatele.<\/p>\n\n\n\n<p>Saate hallata eelarveid ilma Exceli ja edasi-tagasi e-kirjadeta. Teie allt\u00f6\u00f6v\u00f5tjad teevad t\u00f6\u00f6 teie eest \u00e4ra.<\/p>\n\n\n\n<h2 class=\"wp-block-heading\" id=\"procore-vs-planyard-pricing\">Procore vs Planyard hinnakujundus<\/h2>\n\n\n\n<figure class=\"wp-block-image size-full\"><img loading=\"lazy\" decoding=\"async\" width=\"1204\" height=\"324\" src=\"https:\/\/planyard.com\/wp-content\/uploads\/2024\/08\/Procore-vs-Planyard-pricing.png\" alt=\"\" class=\"wp-image-1542\" \/><\/figure>\n\n\n\n<p>Procore&#8217;i hinnakujundus on suhteliselt fikseeritud, n\u00f5udes suuri makseid enne, kui saate kindlaks teha, kas platvorm sobib teile. Sama probleem tekib, kui olete v\u00e4iksem ettev\u00f5te v\u00f5i teil on erinevaid projekte. \u00dcks suurus ei sobi k\u00f5igile. Seet\u00f5ttu s\u00f5ltub Planyardi hinnakujundus teie vajaminevast funktsionaalsusest.<\/p>\n","protected":false},"excerpt":{"rendered":"<p>Mis on Procore? Procore&nbsp;on USA ehitusprojektide haldustarkvara, millel on palju erinevaid mooduleid. Tarkvara h\u00f5lmab eelarvestamist, projektijuhtimist, ressursside haldamist ja finantsjuhtimist. Veidi rohkem konteksti Procore on oma tarkvara arendanud alates 2003. aastast. See on nagu kahe teraga m\u00f5\u00f5k. \u00dchelt poolt on see v\u00e4ga p\u00f5hjalik. See h\u00f5lmab paljusid erinevaid funktsioone erinevate mudelite kaudu, mis t\u00e4hendab, et saate&#8230;  <a class=\"excerpt-read-more\" href=\"https:\/\/planyard.com\/et\/procore-liiga-kallis\" title=\"Loe  Procore&#8217;i hinnamudel liiga kallis?\">Loe edasi &#8220;<\/a><\/p>\n","protected":false},"author":2,"featured_media":0,"parent":0,"menu_order":0,"comment_status":"closed","ping_status":"closed","template":"","meta":{"_acf_changed":false,"content-type":"","footnotes":""},"page_intent":[190],"page_type":[],"class_list":["post-10872","page","type-page","status-publish","hentry"],"acf":[],"yoast_head":"<!-- This site is optimized with the Yoast SEO plugin v27.1.1 - https:\/\/yoast.com\/product\/yoast-seo-wordpress\/ -->\n<title>Procore&#039;i hinnamudel liiga kallis? - Planyard Eesti<\/title>\n<meta name=\"description\" content=\"Procore hinnakujundus liiga fikseeritud? Planyard on pilvep\u00f5hine ehituse finants- ja t\u00f6\u00f6de maksumuse platvorm kogu teie meeskonnale.\" \/>\n<meta name=\"robots\" content=\"index, follow, max-snippet:-1, max-image-preview:large, max-video-preview:-1\" \/>\n<link rel=\"canonical\" href=\"https:\/\/planyard.com\/et\/procore-liiga-kallis\" \/>\n<meta property=\"og:locale\" content=\"et_EE\" \/>\n<meta property=\"og:type\" content=\"article\" \/>\n<meta property=\"og:title\" content=\"Procore&#039;i hinnamudel liiga kallis? - Planyard Eesti\" \/>\n<meta property=\"og:description\" content=\"Procore hinnakujundus liiga fikseeritud? Planyard on pilvep\u00f5hine ehituse finants- ja t\u00f6\u00f6de maksumuse platvorm kogu teie meeskonnale.\" \/>\n<meta property=\"og:url\" content=\"https:\/\/planyard.com\/et\/procore-liiga-kallis\" \/>\n<meta property=\"og:site_name\" content=\"Planyard Eesti\" \/>\n<meta property=\"article:modified_time\" content=\"2025-05-19T17:09:06+00:00\" \/>\n<meta property=\"og:image\" content=\"https:\/\/planyard.com\/wp-content\/uploads\/2024\/08\/procore-vector-logo.png\" \/>\n\t<meta property=\"og:image:width\" content=\"900\" \/>\n\t<meta property=\"og:image:height\" content=\"500\" \/>\n\t<meta property=\"og:image:type\" content=\"image\/png\" \/>\n<meta name=\"twitter:card\" content=\"summary_large_image\" \/>\n<meta name=\"twitter:label1\" content=\"Est. reading time\" \/>\n\t<meta name=\"twitter:data1\" content=\"2 minutit\" \/>\n<!-- \/ Yoast SEO plugin. -->","yoast_head_json":{"title":"Procore'i hinnamudel liiga kallis? - Planyard Eesti","description":"Procore hinnakujundus liiga fikseeritud? Planyard on pilvep\u00f5hine ehituse finants- ja t\u00f6\u00f6de maksumuse platvorm kogu teie meeskonnale.","robots":{"index":"index","follow":"follow","max-snippet":"max-snippet:-1","max-image-preview":"max-image-preview:large","max-video-preview":"max-video-preview:-1"},"canonical":"https:\/\/planyard.com\/et\/procore-liiga-kallis","og_locale":"et_EE","og_type":"article","og_title":"Procore'i hinnamudel liiga kallis? - Planyard Eesti","og_description":"Procore hinnakujundus liiga fikseeritud? Planyard on pilvep\u00f5hine ehituse finants- ja t\u00f6\u00f6de maksumuse platvorm kogu teie meeskonnale.","og_url":"https:\/\/planyard.com\/et\/procore-liiga-kallis","og_site_name":"Planyard Eesti","article_modified_time":"2025-05-19T17:09:06+00:00","og_image":[{"width":900,"height":500,"url":"https:\/\/planyard.com\/wp-content\/uploads\/2024\/08\/procore-vector-logo.png","type":"image\/png"}],"twitter_card":"summary_large_image","twitter_misc":{"Est. reading time":"2 minutit"},"schema":{"@context":"https:\/\/schema.org","@graph":[{"@type":"WebPage","@id":"https:\/\/planyard.com\/et\/procore-liiga-kallis","url":"https:\/\/planyard.com\/et\/procore-liiga-kallis","name":"Procore'i hinnamudel liiga kallis? - Planyard Eesti","isPartOf":{"@id":"https:\/\/planyard.com\/et#website"},"primaryImageOfPage":{"@id":"https:\/\/planyard.com\/et\/procore-liiga-kallis#primaryimage"},"image":{"@id":"https:\/\/planyard.com\/et\/procore-liiga-kallis#primaryimage"},"thumbnailUrl":"https:\/\/planyard.com\/wp-content\/uploads\/2024\/08\/procore-vector-logo.png","datePublished":"2024-08-27T13:45:07+00:00","dateModified":"2025-05-19T17:09:06+00:00","description":"Procore hinnakujundus liiga fikseeritud? Planyard on pilvep\u00f5hine ehituse finants- ja t\u00f6\u00f6de maksumuse platvorm kogu teie meeskonnale.","breadcrumb":{"@id":"https:\/\/planyard.com\/et\/procore-liiga-kallis#breadcrumb"},"inLanguage":"et","potentialAction":[{"@type":"ReadAction","target":["https:\/\/planyard.com\/et\/procore-liiga-kallis"]}]},{"@type":"ImageObject","inLanguage":"et","@id":"https:\/\/planyard.com\/et\/procore-liiga-kallis#primaryimage","url":"https:\/\/planyard.com\/wp-content\/uploads\/2024\/08\/procore-vector-logo.png","contentUrl":"https:\/\/planyard.com\/wp-content\/uploads\/2024\/08\/procore-vector-logo.png"},{"@type":"BreadcrumbList","@id":"https:\/\/planyard.com\/et\/procore-liiga-kallis#breadcrumb","itemListElement":[{"@type":"ListItem","position":1,"name":"Home","item":"https:\/\/planyard.com\/et"},{"@type":"ListItem","position":2,"name":"Procore hinnamudel liiga kallis?"}]},{"@type":"WebSite","@id":"https:\/\/planyard.com\/et#website","url":"https:\/\/planyard.com\/et","name":"Planyard Eesti","description":"","potentialAction":[{"@type":"SearchAction","target":{"@type":"EntryPoint","urlTemplate":"https:\/\/planyard.com\/et?s={search_term_string}"},"query-input":{"@type":"PropertyValueSpecification","valueRequired":true,"valueName":"search_term_string"}}],"inLanguage":"et"}]}},"_links":{"self":[{"href":"https:\/\/planyard.com\/et\/wp-json\/wp\/v2\/pages\/10872","targetHints":{"allow":["GET"]}}],"collection":[{"href":"https:\/\/planyard.com\/et\/wp-json\/wp\/v2\/pages"}],"about":[{"href":"https:\/\/planyard.com\/et\/wp-json\/wp\/v2\/types\/page"}],"author":[{"embeddable":true,"href":"https:\/\/planyard.com\/et\/wp-json\/wp\/v2\/users\/2"}],"replies":[{"embeddable":true,"href":"https:\/\/planyard.com\/et\/wp-json\/wp\/v2\/comments?post=10872"}],"version-history":[{"count":3,"href":"https:\/\/planyard.com\/et\/wp-json\/wp\/v2\/pages\/10872\/revisions"}],"predecessor-version":[{"id":15932,"href":"https:\/\/planyard.com\/et\/wp-json\/wp\/v2\/pages\/10872\/revisions\/15932"}],"wp:attachment":[{"href":"https:\/\/planyard.com\/et\/wp-json\/wp\/v2\/media?parent=10872"}],"wp:term":[{"taxonomy":"page_intent","embeddable":true,"href":"https:\/\/planyard.com\/et\/wp-json\/wp\/v2\/page_intent?post=10872"},{"taxonomy":"page_type","embeddable":true,"href":"https:\/\/planyard.com\/et\/wp-json\/wp\/v2\/page_type?post=10872"}],"curies":[{"name":"wp","href":"https:\/\/api.w.org\/{rel}","templated":true}]}}