{"id":10871,"date":"2024-08-26T08:47:45","date_gmt":"2024-08-26T08:47:45","guid":{"rendered":"https:\/\/planyard.com\/procore-financials-module-too-complicated"},"modified":"2025-05-19T17:10:00","modified_gmt":"2025-05-19T17:10:00","slug":"procore-i-finantsmoodul-liiga-keeruline","status":"publish","type":"page","link":"https:\/\/planyard.com\/et\/procore-i-finantsmoodul-liiga-keeruline","title":{"rendered":"Procore&#8217;i finantsmoodul liiga keeruline?"},"content":{"rendered":"\n<h2 class=\"wp-block-heading has-text-align-left paddedHeading\" id=\"still-using-procore-project-financials-for-budget-management-there-can-be-an-easier-way\">Kas kasutate endiselt Procore&#8217;i projekti finantseelarve haldamiseks? V\u00f5ib olla lihtsam viis.<\/h2>\n\n\n\n<p class=\"has-text-align-center\"><img loading=\"lazy\" decoding=\"async\" width=\"500\" height=\"169\" class=\"wp-image-108\" style=\"width: 500px;\" src=\"https:\/\/planyard.com\/wp-content\/uploads\/2024\/07\/Procore_Logo_FC_Black_RGB-1.svg\" alt=\"\"><\/p>\n\n\n\n<p class=\"has-text-align-left\">Procore&#8217;i finantsid ei pruugi olla parim t\u00f6\u00f6riist VKEdele vastavalt Procore&#8217;i kasutajate arvustustele<\/p>\n\n\n\n<ul class=\"wp-block-list\">\n<li>Hinnakujundus on paindumatu ja v\u00f5ib olla keeruline ettev\u00f5tetele, kellel on k\u00f5rged tulud ja madalad marginaalid;<\/li>\n\n\n\n<li>Sisseelamine ja rakendamine v\u00f5ivad olla keerulised ja aegan\u00f5udvad protsessid;<\/li>\n\n\n\n<li>Kasutajakontode ja koolituse vajadus tarnijatele v\u00f5ib neid t\u00f6\u00f6riistade kasutamisest eemale t\u00f5rjuda;<\/li>\n\n\n\n<li>Raamatupidamise integratsioonid on kolmandate osapoolte poolt ja ei pruugi k\u00f5iki vajadusi rahuldada;<\/li>\n<\/ul>\n\n\n\n<h4 class=\"wp-block-heading\" id=\"planyard-saves-time-and-nerves\">Planyard s\u00e4\u00e4stab aega ja n\u00e4rve<\/h4>\n\n\n\n<p>J\u00e4lgige oma eelarvet reaalajas ja v\u00f5tke kohe meetmeid, kui ilmnevad vead.&nbsp;<a href=\"https:\/\/planyard.com\/et\/ehitusprojekti-kulude-arvestuse-tarkvara\">T\u00f6\u00f6 maksumus<\/a>&nbsp;on organiseeritud, t\u00e4ielikult otsitav ja ligip\u00e4\u00e4setav prognoosimiseks, projektijuhtimiseks ja muuks. Rakendamine toimub tavaliselt \u00fche paari tunni kestva koolituse k\u00e4igus.<\/p>\n\n\n\n<div class=\"wp-block-buttons is-layout-flex wp-block-buttons-is-layout-flex\">\n<div class=\"wp-block-button\"><a class=\"wp-block-button__link wp-element-button\" href=\"https:\/\/planyard.com\/sign-up\">Alusta tasuta prooviperioodi<\/a><\/div>\n\n\n\n<div class=\"wp-block-button\"><a class=\"wp-block-button__link wp-element-button\" href=\"https:\/\/meetings.hubspot.com\/cedlund\" target=\"_blank\" rel=\"noreferrer noopener\">K\u00fcsi demo<\/a><\/div>\n<\/div>\n\n\n\n<h2 class=\"wp-block-heading\" id=\"what-is-procore\">Mis on Procore?<\/h2>\n\n\n\n<p>Procore on USA ehitusprojektide haldustarkvara, millel on palju erinevaid mooduleid.<\/p>\n\n\n\n<p>Tarkvara h\u00f5lmab eelehitust, projektijuhtimist, ressursside haldamist ja finantsjuhtimist.<\/p>\n\n\n\n<h2 class=\"wp-block-heading\" id=\"a-bit-more-context\">Veidi rohkem konteksti<\/h2>\n\n\n\n<p>Procore on oma tarkvara arendanud alates 2003. aastast. See muudab selle kahe teraga m\u00f5\u00f5gaks.<\/p>\n\n\n\n<p>\u00dchelt poolt on see v\u00e4ga p\u00f5hjalik. See h\u00f5lmab palju erinevaid funktsioone erinevate mudelite kaudu. See t\u00e4hendab, et saate protsesse rohkem \u00fchtlustada.<\/p>\n\n\n\n<p>Teiselt poolt kipuvad ettev\u00f5tted k\u00fcpsedes liikuma k\u00f5rgemale turule. Nende lahendused muutuvad palju keerukamaks ja hinnad t\u00f5usevad \u00fcha k\u00f5rgemale. Procore on selles m\u00f5ttes nagu Salesforce \u2013 seda kasutavad maailma suurimad ettev\u00f5tted, kuid nad k\u00f5ik maksavad selle eest k\u00f5rget hinda.<\/p>\n\n\n\n<p>Kuna Procore on tarkvara, mida on arendatud peaaegu 20 aastat, t\u00e4hendab see, et see sisaldab t\u00f5en\u00e4oliselt palju vananenud tehnoloogiat. Asjad, mis ehitati 10 aastat tagasi, n\u00e4evad tarkvaras n\u00fc\u00fcd vananenud v\u00e4lja.<\/p>\n\n\n\n<h2 class=\"wp-block-heading\" id=\"what-is-planyard\">Mis on Planyard?<\/h2>\n\n\n\n<p><a href=\"https:\/\/planyard.com\/et\">Planyard<\/a>&nbsp;on pilvep\u00f5hine eelarve ja allt\u00f6\u00f6v\u00f5tjate haldustarkvara peat\u00f6\u00f6v\u00f5tjatele.<\/p>\n\n\n\n<p>Saate hallata eelarveid ilma Exceli ja edasi-tagasi e-kirjadeta. Teie allt\u00f6\u00f6v\u00f5tjad teevad t\u00f6\u00f6 teie eest \u00e4ra.<\/p>\n\n\n\n<h2 class=\"wp-block-heading\" id=\"procore-project-financials-vs-planyard-construction-financials-software-functionality\">Procore&#8217;i projekti finantsid vs Planyardi ehitusfinantside tarkvara funktsionaalsus<\/h2>\n\n\n\n<p>Erinevad \u00fclevaatesaidid toovad esile, et Procore&#8217;i kasutuselev\u00f5tu protsess on keeruline ja kulukas. Kui soovite kasutada Procore&#8217;i finantsmoodulit, peate registreeruma mitmes erinevas moodulipaketis, kus t\u00f5en\u00e4oliselt on palju funktsioone, mida te tingimata ei vaja.<\/p>\n\n\n\n<p>Kuna Procore&#8217;i finantsid on peamiselt ettev\u00f5tte lahendus, vajab see palju koolitust ja seadistamist, et k\u00f5ik \u00fcles seada. Juhul, kui olete v\u00e4iksem ettev\u00f5te, kellel on v\u00e4ike v\u00f5i puudub IT-meeskond, ei pruugi seadistamine olla v\u00e4ga lihtne ja v\u00f5ib olla aegan\u00f5udev. Kui soovite katsetada pilootprojektiga, et n\u00e4ha, kas teie protsessid sobivad tarkvaraga, siis ei pruugi see olla nii lihtne, kuna konto seadistamise protsessid on fikseeritud.<\/p>\n\n\n\n<p>Kui soovite proovida ja digitaliseerida oma protsesse \u00fche v\u00e4ikese sammuga korraga, siis ei pruugi Procore&#8217;i protsessid teile k\u00f5ige sobivamad olla. V\u00f5ib olla v\u00e4iksem pingutus testida lihtsamat platvormi nagu <a href=\"https:\/\/planyard.com\/et\">Planyard<\/a>, et n\u00e4ha, kas see v\u00f5iks olla teie ettev\u00f5ttele ja t\u00f6\u00f6tajatele sobiv.<\/p>\n\n\n\n<p>Hea asi on see, et Procore&#8217;il on lai turg, kus on palju erinevaid t\u00f6\u00f6riistu, mida saab integreerida, kui vajate konkreetset osa oma protsessist parandatud v\u00f5i automatiseeritud.<\/p>\n\n\n\n<figure class=\"wp-block-table\"><table><tbody><tr><td class=\"has-text-align-left\" data-align=\"left\"><strong>Funktsioon\/Pakkuja<\/strong><\/td><td class=\"has-text-align-left\" data-align=\"left\"><img loading=\"lazy\" decoding=\"async\" width=\"118\" height=\"40\" class=\"wp-image-108\" style=\"width: 118px;\" src=\"https:\/\/planyard.com\/wp-content\/uploads\/2024\/07\/Procore_Logo_FC_Black_RGB-1.svg\" alt=\"\"><\/td><td class=\"has-text-align-left\" data-align=\"left\"><img loading=\"lazy\" decoding=\"async\" width=\"135\" height=\"28\" class=\"wp-image-2040\" style=\"width: 135px;\" src=\"https:\/\/planyard.com\/wp-content\/uploads\/2024\/09\/planyard-logo.svg\" alt=\"\"><\/td><\/tr><tr><td class=\"has-text-align-left\" data-align=\"left\"><strong>Projekti ja ettev\u00f5tte taseme \u00f5igused<\/strong><\/td><td class=\"has-text-align-left\" data-align=\"left\"><img decoding=\"async\" src=\"https:\/\/planyard.com\/wp-content\/uploads\/2024\/10\/icons8-checkmark-30.png\" alt=\"\"><br>Ettev\u00f5tte- ja projektitasandi administreerimise konfiguratsioonid<\/td><td class=\"has-text-align-left\" data-align=\"left\"><img decoding=\"async\" src=\"https:\/\/planyard.com\/wp-content\/uploads\/2024\/10\/icons8-checkmark-30.png\" alt=\"\"><br>Ettev\u00f5tte- ja projektitasandi administreerimise konfiguratsioonid<br><img decoding=\"async\" src=\"https:\/\/planyard.com\/wp-content\/uploads\/2024\/10\/icons8-checkmark-30.png\" alt=\"\"><br>Projekti tasemel peenh\u00e4\u00e4lestatavad \u00f5igused pakkumiste saatmiseks, allt\u00f6\u00f6v\u00f5tulepingute loomiseks ja dokumentide ettevalmistamiseks kinnitamiseks<\/td><\/tr><tr><td class=\"has-text-align-left\" data-align=\"left\"><strong>Pakkumised ja pakkumiste v\u00f5rdlus<\/strong><\/td><td class=\"has-text-align-left\" data-align=\"left\"><img decoding=\"async\" src=\"https:\/\/planyard.com\/wp-content\/uploads\/2024\/10\/icons8-checkmark-30.png\" alt=\"\"><br>Saate saata pakkumiskutseid oma kataloogis olevatele kontaktidele ja ettev\u00f5tetele<\/td><td class=\"has-text-align-left\" data-align=\"left\"><img decoding=\"async\" src=\"https:\/\/planyard.com\/wp-content\/uploads\/2024\/10\/icons8-checkmark-30.png\" alt=\"\"><br>Saate saata pakkumiskutseid mis tahes e-posti aadressile ja see lisatakse teie kontaktidesse.<br>Samuti saate lisada mis tahes kontakti oma kontaktibaasist.<\/td><\/tr><tr><td class=\"has-text-align-left\" data-align=\"left\"><strong>Allt\u00f6\u00f6v\u00f5tulepingud<\/strong><\/td><td class=\"has-text-align-left\" data-align=\"left\"><img decoding=\"async\" src=\"https:\/\/planyard.com\/wp-content\/uploads\/2024\/10\/icons8-checkmark-30.png\" alt=\"\"><br>Loo lepingud allt\u00f6\u00f6v\u00f5tjate pakkumistest ja k\u00e4sitsi<br><img decoding=\"async\" src=\"https:\/\/planyard.com\/wp-content\/uploads\/2024\/10\/icons8-delete-30.png\"><br>\u00dchikuhinna teave pole saadaval<\/td><td class=\"has-text-align-left\" data-align=\"left\"><img decoding=\"async\" src=\"https:\/\/planyard.com\/wp-content\/uploads\/2024\/10\/icons8-checkmark-30.png\" alt=\"\"><br>Loo lepingud allt\u00f6\u00f6v\u00f5tjate pakkumistest ja k\u00e4sitsi<br><img decoding=\"async\" src=\"https:\/\/planyard.com\/wp-content\/uploads\/2024\/10\/icons8-checkmark-30.png\" alt=\"\"><br>\u00dchikuhinna teave saadaval<\/td><\/tr><tr><td class=\"has-text-align-left\" data-align=\"left\"><strong>Allt\u00f6\u00f6v\u00f5tjate edenemisaruanded\/aktid<\/strong><\/td><td class=\"has-text-align-left\" data-align=\"left\"><img decoding=\"async\" src=\"https:\/\/planyard.com\/wp-content\/uploads\/2024\/10\/icons8-checkmark-30.png\" alt=\"\"><br>Allt\u00f6\u00f6v\u00f5tja arveid saavad luua nii allt\u00f6\u00f6v\u00f5tjad kui ka projektijuhid<br><img decoding=\"async\" src=\"https:\/\/planyard.com\/wp-content\/uploads\/2024\/10\/icons8-delete-30.png\"><br>Edenemisaruande protsess pole saadaval v\u00e4ljaspool arveldamist<br><img decoding=\"async\" src=\"https:\/\/planyard.com\/wp-content\/uploads\/2024\/10\/icons8-delete-30.png\"><br>Edenemisaruande tagasiside protsess ei eksisteeri v\u00e4ljaspool arveldamist<\/td><td class=\"has-text-align-left\" data-align=\"left\"><img decoding=\"async\" src=\"https:\/\/planyard.com\/wp-content\/uploads\/2024\/10\/icons8-checkmark-30.png\" alt=\"\"><br>Loovad nii allt\u00f6\u00f6v\u00f5tjad kui ka projektijuhid<br><img decoding=\"async\" src=\"https:\/\/planyard.com\/wp-content\/uploads\/2024\/10\/icons8-checkmark-30.png\" alt=\"\"><br>Edenemisaruande protsess saadaval<br><img decoding=\"async\" src=\"https:\/\/planyard.com\/wp-content\/uploads\/2024\/10\/icons8-checkmark-30.png\" alt=\"\"><br>Edenemisaruande tagasiside protsess on lihtne ja j\u00e4lgitav<\/td><\/tr><tr><td class=\"has-text-align-left\" data-align=\"left\"><strong>Allt\u00f6\u00f6v\u00f5tjate lisat\u00f6\u00f6d<\/strong><\/td><td class=\"has-text-align-left\" data-align=\"left\"><img decoding=\"async\" src=\"https:\/\/planyard.com\/wp-content\/uploads\/2024\/10\/icons8-checkmark-30.png\" alt=\"\"><br>Lisat\u00f6id saavad luua projektijuhid ja allt\u00f6\u00f6v\u00f5tjad<\/td><td class=\"has-text-align-left\" data-align=\"left\"><img decoding=\"async\" src=\"https:\/\/planyard.com\/wp-content\/uploads\/2024\/10\/icons8-checkmark-30.png\" alt=\"\"><br>Lisat\u00f6id saavad luua projektijuhid ja allt\u00f6\u00f6v\u00f5tjad<br>Lisat\u00f6id saavad redigeerida projektijuhid<\/td><\/tr><tr><td class=\"has-text-align-left\" data-align=\"left\"><strong>Ostutellimused<\/strong><\/td><td class=\"has-text-align-left\" data-align=\"left\"><img decoding=\"async\" src=\"https:\/\/planyard.com\/wp-content\/uploads\/2024\/10\/icons8-checkmark-30.png\" alt=\"\"><br>Ostutellimusi saab luua projekti tarnijatele<\/td><td class=\"has-text-align-left\" data-align=\"left\"><img decoding=\"async\" src=\"https:\/\/planyard.com\/wp-content\/uploads\/2024\/10\/icons8-checkmark-30.png\" alt=\"\"><br>Ostutellimusi saab luua kogu ettev\u00f5tte tarnijatele<\/td><\/tr><tr><td class=\"has-text-align-left\" data-align=\"left\"><strong>P\u00f5hilepingud<\/strong><\/td><td class=\"has-text-align-left\" data-align=\"left\"><img decoding=\"async\" src=\"https:\/\/planyard.com\/wp-content\/uploads\/2024\/10\/icons8-checkmark-30.png\" alt=\"\"><br>P\u00f5hilepinguid saab luua olemasolevate v\u00f5i uute eelarvepunktide abil kohandatud struktuuriga<\/td><td class=\"has-text-align-left\" data-align=\"left\"><img decoding=\"async\" src=\"https:\/\/planyard.com\/wp-content\/uploads\/2024\/10\/icons8-checkmark-30.png\" alt=\"\"><br>P\u00f5hilepinguid saab luua olemasolevate v\u00f5i uute eelarvepunktide abil kohandatud struktuuriga<\/td><\/tr><tr><td class=\"has-text-align-left\" data-align=\"left\"><strong>P\u00f5hilepingu lisat\u00f6\u00f6d<\/strong><\/td><td class=\"has-text-align-left\" data-align=\"left\"><img decoding=\"async\" src=\"https:\/\/planyard.com\/wp-content\/uploads\/2024\/10\/icons8-checkmark-30.png\" alt=\"\"><br>Saate luua p\u00f5hilepingu lisat\u00f6id<br><img decoding=\"async\" src=\"https:\/\/planyard.com\/wp-content\/uploads\/2024\/10\/icons8-delete-30.png\"><br>Marginaalide seadistamine on \u00fcsna keeruline<\/td><td class=\"has-text-align-left\" data-align=\"left\"><img decoding=\"async\" src=\"https:\/\/planyard.com\/wp-content\/uploads\/2024\/10\/icons8-checkmark-30.png\" alt=\"\"><br>Saate luua p\u00f5hilepingu lisat\u00f6id<br><img decoding=\"async\" src=\"https:\/\/planyard.com\/wp-content\/uploads\/2024\/10\/icons8-checkmark-30.png\" alt=\"\"><br>Marginaalide seadistamine toimub t\u00f6\u00f6de k\u00e4igus ja ei vaja t\u00e4iendavat konfiguratsiooni<\/td><\/tr><tr><td class=\"has-text-align-left\" data-align=\"left\"><strong>Arve- ja kuluhaldus<\/strong><\/td><td class=\"has-text-align-left\" data-align=\"left\"><img decoding=\"async\" src=\"https:\/\/planyard.com\/wp-content\/uploads\/2024\/10\/icons8-checkmark-30.png\" alt=\"\"><br>Allt\u00f6\u00f6v\u00f5tja arved esitatakse otse allt\u00f6\u00f6v\u00f5tu vastu ilma edenemisaruandeta<br><img decoding=\"async\" src=\"https:\/\/planyard.com\/wp-content\/uploads\/2024\/10\/icons8-checkmark-30.png\" alt=\"\"><br>Ostutellimuse kulude j\u00e4lgimine on saadaval<\/td><td class=\"has-text-align-left\" data-align=\"left\"><img decoding=\"async\" src=\"https:\/\/planyard.com\/wp-content\/uploads\/2024\/10\/icons8-checkmark-30.png\" alt=\"\"><br>Allt\u00f6\u00f6v\u00f5tja arved esitatakse vastavalt edenemisaruandele<br><img decoding=\"async\" src=\"https:\/\/planyard.com\/wp-content\/uploads\/2024\/10\/icons8-checkmark-30.png\" alt=\"\"><br>Ostutellimuse kulude j\u00e4lgimine on saadaval<\/td><\/tr><tr><td class=\"has-text-align-left\" data-align=\"left\"><strong>Arvedokumentide \u00fcleslaadimine<\/strong><\/td><td class=\"has-text-align-left\" data-align=\"left\"><img decoding=\"async\" src=\"https:\/\/planyard.com\/wp-content\/uploads\/2024\/10\/icons8-delete-30.png\"><br>S\u00fcsteemi dokumentide lisamiseks pole sujuvat viisi peale k\u00e4sitsi \u00fcleslaadimise m\u00f5lema poole poolt<\/td><td class=\"has-text-align-left\" data-align=\"left\"><img decoding=\"async\" src=\"https:\/\/planyard.com\/wp-content\/uploads\/2024\/10\/icons8-checkmark-30.png\" alt=\"\"><br>Erinevad lihtsad viisid kuludokumentide s\u00fcsteemi lisamiseks:<br>* Projekti ja ettev\u00f5tte ostuarvete e-posti aadressid<br>* Outlooki plugin<br>* Mobiilirakendused<\/td><\/tr><tr><td class=\"has-text-align-left\" data-align=\"left\"><strong>Raamatupidamise integratsioonid<\/strong><\/td><td class=\"has-text-align-left\" data-align=\"left\"><img decoding=\"async\" src=\"https:\/\/planyard.com\/wp-content\/uploads\/2024\/10\/icons8-checkmark-30.png\" alt=\"\"><br>Erinevad kohandatud \u00fchendused turul<\/td><td class=\"has-text-align-left\" data-align=\"left\"><img decoding=\"async\" src=\"https:\/\/planyard.com\/wp-content\/uploads\/2024\/10\/icons8-checkmark-30.png\" alt=\"\"><br>Lihtne seadistamine koos <a href=\"https:\/\/planyard.com\/et\/xero-ehitus-integratsioon\">Xero<\/a>, <a href=\"https:\/\/planyard.com\/quickboks-contractors-integration-for-budgeting\">QuickBooks<\/a>, Directo ja paljude teistega.<br>Saate m\u00e4\u00e4rata Planyardis raamatupidamiskontod, et v\u00e4hendada raamatupidaja t\u00f6\u00f6koormust<\/td><\/tr><tr><td class=\"has-text-align-left\" data-align=\"left\"><strong>Kontosid ei n\u00f5uta tarnijatelt ja allt\u00f6\u00f6v\u00f5tjatelt<\/strong><\/td><td class=\"has-text-align-left\" data-align=\"left\"><img decoding=\"async\" src=\"https:\/\/planyard.com\/wp-content\/uploads\/2024\/10\/icons8-delete-30.png\"><br>K\u00f5igil kasutajatel peavad olema kontod koos \u00f5igete \u00f5igustega, et andmetele juurde p\u00e4\u00e4seda<\/td><td class=\"has-text-align-left\" data-align=\"left\"><img decoding=\"async\" src=\"https:\/\/planyard.com\/wp-content\/uploads\/2024\/10\/icons8-checkmark-30.png\" alt=\"\"><br>Allt\u00f6\u00f6v\u00f5tjad saavad esitada pakkumisi, edenemisaruandeid ja arveid e-posti teel ilma kasutajanime ja paroolita<\/td><\/tr><tr><td class=\"has-text-align-left\" data-align=\"left\"><strong>Koolitust ei n\u00f5uta tarnijatelt ja allt\u00f6\u00f6v\u00f5tjatelt<\/strong><\/td><td class=\"has-text-align-left\" data-align=\"left\"><img decoding=\"async\" src=\"https:\/\/planyard.com\/wp-content\/uploads\/2024\/10\/icons8-delete-30.png\"><br>K\u00f5ik tarnijad ja allt\u00f6\u00f6v\u00f5tjad peavad platvormi kasutamiseks l\u00e4bima sertifitseerimise<\/td><td class=\"has-text-align-left\" data-align=\"left\"><img decoding=\"async\" src=\"https:\/\/planyard.com\/wp-content\/uploads\/2024\/10\/icons8-checkmark-30.png\" alt=\"\"><br>Tarnijad ja allt\u00f6\u00f6v\u00f5tjad ei pea olema sertifitseeritud ja saavad t\u00f6\u00f6riista kasutamist alustada ilma sertifitseerimiseta<\/td><\/tr><tr><td class=\"has-text-align-left\" data-align=\"left\"><strong>Hinnakujundus<\/strong><\/td><td class=\"has-text-align-left\" data-align=\"left\"><strong><strong>667<\/strong> USD kuus<\/strong><br>(aastase lepinguga ja maksimaalselt 5M aastase tuluga)<\/td><td class=\"has-text-align-left\" data-align=\"left\">Plaanid algavad&nbsp;<strong>20 EUR projekti kohta kuus<\/strong><\/td><\/tr><\/tbody><\/table><\/figure>\n\n\n\n<div class=\"wp-block-columns is-layout-flex wp-container-core-columns-is-layout-9d6595d7 wp-block-columns-is-layout-flex\">\n<div class=\"wp-block-column is-layout-flow wp-block-column-is-layout-flow\"><\/div>\n<\/div>\n\n\n\n<div class=\"wp-block-buttons is-layout-flex wp-block-buttons-is-layout-flex\">\n<div class=\"wp-block-button is-style-fill\"><a class=\"wp-block-button__link wp-element-button\" href=\"\/sign-up\" rel=\"\/sign-up\">Proovi kohe tasuta<\/a><\/div>\n\n\n\n<div class=\"wp-block-button is-style-fill\"><a class=\"wp-block-button__link wp-element-button\" href=\"https:\/\/meetings.hubspot.com\/cedlund\">Registreeru 30-minutilisele demole<\/a><\/div>\n<\/div>\n\n\n\n<p>Tasuta 14-p\u00e4evane t\u00e4isfunktsionaalne prooviperiood. T\u00e4ielik juurdep\u00e4\u00e4s. Krediitkaarti pole vaja.<\/p>\n\n\n\n<p><\/p>\n","protected":false},"excerpt":{"rendered":"<p>Kas kasutate endiselt Procore&#8217;i projekti finantseelarve haldamiseks? V\u00f5ib olla lihtsam viis. Procore&#8217;i finantsid ei pruugi olla parim t\u00f6\u00f6riist VKEdele vastavalt Procore&#8217;i kasutajate arvustustele Planyard s\u00e4\u00e4stab aega ja n\u00e4rve J\u00e4lgige oma eelarvet reaalajas ja v\u00f5tke kohe meetmeid, kui ilmnevad vead.&nbsp;T\u00f6\u00f6 maksumus&nbsp;on organiseeritud, t\u00e4ielikult otsitav ja ligip\u00e4\u00e4setav prognoosimiseks, projektijuhtimiseks ja muuks. Rakendamine toimub tavaliselt \u00fche paari tunni&#8230;  <a class=\"excerpt-read-more\" href=\"https:\/\/planyard.com\/et\/procore-i-finantsmoodul-liiga-keeruline\" title=\"Loe  Procore&#8217;i finantsmoodul liiga keeruline?\">Loe edasi &#8220;<\/a><\/p>\n","protected":false},"author":2,"featured_media":0,"parent":0,"menu_order":0,"comment_status":"closed","ping_status":"closed","template":"","meta":{"_acf_changed":false,"content-type":"","footnotes":""},"page_intent":[190],"page_type":[],"class_list":["post-10871","page","type-page","status-publish","hentry"],"acf":[],"yoast_head":"<!-- This site is optimized with the Yoast SEO plugin v27.1.1 - https:\/\/yoast.com\/product\/yoast-seo-wordpress\/ -->\n<title>Procore&#039;i finantsmoodul liiga keeruline? - Planyard Eesti<\/title>\n<meta name=\"description\" content=\"Procore&#039;i finantsid on teie jaoks liiga keerulised? Planyard on pilvep\u00f5hine ehitusfinantside ja t\u00f6\u00f6 maksumuse platvorm kogu teie meeskonnale.\" \/>\n<meta name=\"robots\" content=\"index, follow, max-snippet:-1, max-image-preview:large, max-video-preview:-1\" \/>\n<link rel=\"canonical\" href=\"https:\/\/planyard.com\/et\/procore-i-finantsmoodul-liiga-keeruline\" \/>\n<meta property=\"og:locale\" content=\"et_EE\" \/>\n<meta property=\"og:type\" content=\"article\" \/>\n<meta property=\"og:title\" content=\"Procore&#039;i finantsmoodul liiga keeruline? - Planyard Eesti\" \/>\n<meta property=\"og:description\" content=\"Procore&#039;i finantsid on teie jaoks liiga keerulised? Planyard on pilvep\u00f5hine ehitusfinantside ja t\u00f6\u00f6 maksumuse platvorm kogu teie meeskonnale.\" \/>\n<meta property=\"og:url\" content=\"https:\/\/planyard.com\/et\/procore-i-finantsmoodul-liiga-keeruline\" \/>\n<meta property=\"og:site_name\" content=\"Planyard Eesti\" \/>\n<meta property=\"article:modified_time\" content=\"2025-05-19T17:10:00+00:00\" \/>\n<meta name=\"twitter:card\" content=\"summary_large_image\" \/>\n<meta name=\"twitter:label1\" content=\"Est. reading time\" \/>\n\t<meta name=\"twitter:data1\" content=\"13 minutit\" \/>\n<!-- \/ Yoast SEO plugin. -->","yoast_head_json":{"title":"Procore'i finantsmoodul liiga keeruline? - Planyard Eesti","description":"Procore'i finantsid on teie jaoks liiga keerulised? Planyard on pilvep\u00f5hine ehitusfinantside ja t\u00f6\u00f6 maksumuse platvorm kogu teie meeskonnale.","robots":{"index":"index","follow":"follow","max-snippet":"max-snippet:-1","max-image-preview":"max-image-preview:large","max-video-preview":"max-video-preview:-1"},"canonical":"https:\/\/planyard.com\/et\/procore-i-finantsmoodul-liiga-keeruline","og_locale":"et_EE","og_type":"article","og_title":"Procore'i finantsmoodul liiga keeruline? - Planyard Eesti","og_description":"Procore'i finantsid on teie jaoks liiga keerulised? Planyard on pilvep\u00f5hine ehitusfinantside ja t\u00f6\u00f6 maksumuse platvorm kogu teie meeskonnale.","og_url":"https:\/\/planyard.com\/et\/procore-i-finantsmoodul-liiga-keeruline","og_site_name":"Planyard Eesti","article_modified_time":"2025-05-19T17:10:00+00:00","twitter_card":"summary_large_image","twitter_misc":{"Est. reading time":"13 minutit"},"schema":{"@context":"https:\/\/schema.org","@graph":[{"@type":"WebPage","@id":"https:\/\/planyard.com\/et\/procore-i-finantsmoodul-liiga-keeruline","url":"https:\/\/planyard.com\/et\/procore-i-finantsmoodul-liiga-keeruline","name":"Procore'i finantsmoodul liiga keeruline? - Planyard Eesti","isPartOf":{"@id":"https:\/\/planyard.com\/et#website"},"primaryImageOfPage":{"@id":"https:\/\/planyard.com\/et\/procore-i-finantsmoodul-liiga-keeruline#primaryimage"},"image":{"@id":"https:\/\/planyard.com\/et\/procore-i-finantsmoodul-liiga-keeruline#primaryimage"},"thumbnailUrl":"https:\/\/planyard.com\/wp-content\/uploads\/2024\/07\/Procore_Logo_FC_Black_RGB-1.svg","datePublished":"2024-08-26T08:47:45+00:00","dateModified":"2025-05-19T17:10:00+00:00","description":"Procore'i finantsid on teie jaoks liiga keerulised? Planyard on pilvep\u00f5hine ehitusfinantside ja t\u00f6\u00f6 maksumuse platvorm kogu teie meeskonnale.","breadcrumb":{"@id":"https:\/\/planyard.com\/et\/procore-i-finantsmoodul-liiga-keeruline#breadcrumb"},"inLanguage":"et","potentialAction":[{"@type":"ReadAction","target":["https:\/\/planyard.com\/et\/procore-i-finantsmoodul-liiga-keeruline"]}]},{"@type":"ImageObject","inLanguage":"et","@id":"https:\/\/planyard.com\/et\/procore-i-finantsmoodul-liiga-keeruline#primaryimage","url":"https:\/\/planyard.com\/wp-content\/uploads\/2024\/07\/Procore_Logo_FC_Black_RGB-1.svg","contentUrl":"https:\/\/planyard.com\/wp-content\/uploads\/2024\/07\/Procore_Logo_FC_Black_RGB-1.svg"},{"@type":"BreadcrumbList","@id":"https:\/\/planyard.com\/et\/procore-i-finantsmoodul-liiga-keeruline#breadcrumb","itemListElement":[{"@type":"ListItem","position":1,"name":"Home","item":"https:\/\/planyard.com\/et"},{"@type":"ListItem","position":2,"name":"Procore&#8217;i finantsmoodul liiga keeruline?"}]},{"@type":"WebSite","@id":"https:\/\/planyard.com\/et#website","url":"https:\/\/planyard.com\/et","name":"Planyard Eesti","description":"","potentialAction":[{"@type":"SearchAction","target":{"@type":"EntryPoint","urlTemplate":"https:\/\/planyard.com\/et?s={search_term_string}"},"query-input":{"@type":"PropertyValueSpecification","valueRequired":true,"valueName":"search_term_string"}}],"inLanguage":"et"}]}},"_links":{"self":[{"href":"https:\/\/planyard.com\/et\/wp-json\/wp\/v2\/pages\/10871","targetHints":{"allow":["GET"]}}],"collection":[{"href":"https:\/\/planyard.com\/et\/wp-json\/wp\/v2\/pages"}],"about":[{"href":"https:\/\/planyard.com\/et\/wp-json\/wp\/v2\/types\/page"}],"author":[{"embeddable":true,"href":"https:\/\/planyard.com\/et\/wp-json\/wp\/v2\/users\/2"}],"replies":[{"embeddable":true,"href":"https:\/\/planyard.com\/et\/wp-json\/wp\/v2\/comments?post=10871"}],"version-history":[{"count":3,"href":"https:\/\/planyard.com\/et\/wp-json\/wp\/v2\/pages\/10871\/revisions"}],"predecessor-version":[{"id":15933,"href":"https:\/\/planyard.com\/et\/wp-json\/wp\/v2\/pages\/10871\/revisions\/15933"}],"wp:attachment":[{"href":"https:\/\/planyard.com\/et\/wp-json\/wp\/v2\/media?parent=10871"}],"wp:term":[{"taxonomy":"page_intent","embeddable":true,"href":"https:\/\/planyard.com\/et\/wp-json\/wp\/v2\/page_intent?post=10871"},{"taxonomy":"page_type","embeddable":true,"href":"https:\/\/planyard.com\/et\/wp-json\/wp\/v2\/page_type?post=10871"}],"curies":[{"name":"wp","href":"https:\/\/api.w.org\/{rel}","templated":true}]}}