{"id":10869,"date":"2024-08-26T07:14:20","date_gmt":"2024-08-26T07:14:20","guid":{"rendered":"https:\/\/planyard.com\/privacy-policy"},"modified":"2025-05-19T17:08:31","modified_gmt":"2025-05-19T17:08:31","slug":"privaatsuspoliitika","status":"publish","type":"page","link":"https:\/\/planyard.com\/et\/privaatsuspoliitika","title":{"rendered":"Privaatsuspoliitika"},"content":{"rendered":"\n<p>K\u00e4esolev privaatsuspoliitika reguleerib viisi, kuidas Planyard kogub, kasutab, haldab ja avaldab teavet, mida kogutakse kasutajatelt (iga\u00fcks eraldi \u201cKasutaja\u201d) veebisaitidel planyard.com, central.planyard.com ja app.planyard.com (\u201cVeebisait\u201d). See privaatsuspoliitika kehtib Veebisaidi ja k\u00f5igi Planyardi pakutavate toodete ja teenuste kohta.<\/p>\n\n\n\n<p><strong>Isikut tuvastav teave<\/strong><\/p>\n\n\n\n<p>V\u00f5ime koguda Kasutajatelt isikut tuvastavat teavet mitmel viisil, sealhulgas, kuid mitte ainult, kui Kasutajad k\u00fclastavad meie saiti, tellivad uudiskirja, t\u00e4idavad vormi ja seoses muude tegevuste, teenuste, funktsioonide v\u00f5i ressurssidega, mida me oma Veebisaidil pakume. Kasutajatelt v\u00f5idakse k\u00fcsida, kui see on asjakohane, nime, e-posti aadressi, ettev\u00f5tte nime, telefoninumbrit. Kasutajad v\u00f5ivad siiski meie saiti k\u00fclastada anon\u00fc\u00fcmselt. Kogume Kasutajatelt isikut tuvastavat teavet ainult siis, kui nad seda vabatahtlikult meile esitavad. Kasutajad v\u00f5ivad alati keelduda isikut tuvastava teabe esitamisest, v\u00e4lja arvatud juhul, kui see v\u00f5ib takistada neil osalemast teatud Veebisaidiga seotud tegevustes &#8211; n\u00e4iteks Planyardi rakendustes.<\/p>\n\n\n\n<p><strong>Mitteisiklik tuvastav teave<\/strong><\/p>\n\n\n\n<p>V\u00f5ime koguda Kasutajate kohta mitteisiklikku tuvastavat teavet alati, kui nad meie Veebisaidiga suhtlevad. Mitteisiklik tuvastav teave v\u00f5ib sisaldada brauseri nime, arvuti t\u00fc\u00fcpi ja tehnilist teavet Kasutajate \u00fchenduse kohta meie Veebisaidiga, n\u00e4iteks operatsioonis\u00fcsteemi ja kasutatavate Interneti-teenuse pakkujate kohta ning muud sarnast teavet.<\/p>\n\n\n\n<p><strong>Veebibrauseri k\u00fcpsised<\/strong><\/p>\n\n\n\n<p>Meie Veebisait v\u00f5ib kasutajakogemuse parandamiseks kasutada \u201ck\u00fcpsiseid\u201d. Kasutaja veebibrauser paigutab k\u00fcpsised nende k\u00f5vakettale arvestuse pidamise eesm\u00e4rgil ja m\u00f5nikord nende kohta teabe j\u00e4lgimiseks. Kasutaja v\u00f5ib valida oma veebibrauseri seadistamise k\u00fcpsiste keelamiseks v\u00f5i teavitamiseks, kui k\u00fcpsiseid saadetakse. Kui nad seda teevad, siis m\u00e4rkige, et m\u00f5ned Veebisaidi osad ei pruugi korralikult toimida.<\/p>\n\n\n\n<p><strong>Kuidas me kogutud teavet kasutame<\/strong><\/p>\n\n\n\n<p>Planyard v\u00f5ib koguda ja kasutada Kasutajate isiklikku teavet j\u00e4rgmistel eesm\u00e4rkidel:<\/p>\n\n\n\n<ul class=\"wp-block-list\">\n<li>Klienditeeninduse parandamiseks<\/li>\n\n<ul class=\"wp-block-list\">\n<li>Teave, mida te esitate, aitab meil teie klienditeeninduse taotlustele ja tugivajadustele t\u00f5husamalt vastata.<\/li>\n<\/ul>\n<\/li>\n\n\n\n<li>Meie Veebisaidi t\u00e4iustamiseks<\/li>\n\n<ul class=\"wp-block-list\">\n<li>V\u00f5ime kasutada teie tagasisidet oma toodete ja teenuste t\u00e4iustamiseks.<\/li>\n<\/ul>\n<\/li>\n\n\n\n<li>Perioodiliste e-kirjade saatmiseks<\/li>\n\n<ul class=\"wp-block-list\">\n<li>V\u00f5ime kasutada e-posti aadressi, et saata Kasutajale teavet ja uuendusi nende tellimuse kohta. Seda v\u00f5ib kasutada ka nende p\u00e4ringutele, k\u00fcsimustele ja\/v\u00f5i muudele taotlustele vastamiseks. Kui Kasutaja otsustab liituda meie meililistiga, saavad nad e-kirju, mis v\u00f5ivad sisaldada ettev\u00f5tte uudiseid, uuendusi, seotud toote- v\u00f5i teenuseinfot jne. Kui Kasutaja soovib igal ajal tulevaste e-kirjade saamisest loobuda, lisame iga e-kirja l\u00f5ppu \u00fcksikasjalikud loobumisjuhised.<\/li>\n<\/ul>\n<\/li>\n<\/ul>\n\n\n\n<p><strong>Kuidas me teie teavet kaitseme<\/strong><\/p>\n\n\n\n<p>Rakendame asjakohaseid andmete kogumise, s\u00e4ilitamise ja t\u00f6\u00f6tlemise tavasid ning turvameetmeid, et kaitsta teie isiklikku teavet, kasutajanime, parooli, tehinguteavet ja meie Veebisaidil salvestatud andmeid volitamata juurdep\u00e4\u00e4su, muutmise, avalikustamise v\u00f5i h\u00e4vitamise eest.<\/p>\n\n\n\n<p><strong>Teie isikliku teabe jagamine<\/strong><\/p>\n\n\n\n<p>Me ei m\u00fc\u00fc, vaheta ega rendi Kasutajate isikut tuvastavat teavet teistele. V\u00f5ime jagada \u00fcldist koondatud demograafilist teavet, mis ei ole seotud \u00fchegi isikut tuvastava teabega, meie k\u00fclastajate ja kasutajate kohta oma \u00e4ripartnerite, usaldusv\u00e4\u00e4rsete sidusettev\u00f5tete ja reklaamijatega \u00fclaltoodud eesm\u00e4rkidel. V\u00f5ime kasutada kolmandatest osapooltest teenusepakkujaid, et aidata meil oma \u00e4ri ja Veebisaiti hallata v\u00f5i meie nimel tegevusi l\u00e4bi viia, n\u00e4iteks uudiskirjade v\u00f5i k\u00fcsitluste saatmine. V\u00f5ime jagada teie teavet nende kolmandate osapooltega nendel piiratud eesm\u00e4rkidel, tingimusel et olete andnud meile oma loa.<\/p>\n\n\n\n<p><strong>Kolmandate osapoolte veebisaidid<\/strong><\/p>\n\n\n\n<p>Kasutajad v\u00f5ivad leida meie Veebisaidilt reklaame v\u00f5i muud sisu, mis viitab meie partnerite, tarnijate, reklaamijate, sponsorite, litsentsiandjate ja muude kolmandate osapoolte saitidele ja teenustele. Me ei kontrolli nende saitide sisu ega linke ega vastuta nende saitide v\u00f5i meie Veebisaidilt lingitud saitide kasutatavate tavade eest. Lisaks v\u00f5ivad need saidid v\u00f5i teenused, sealhulgas nende sisu ja lingid, pidevalt muutuda. Neil saitidel ja teenustel v\u00f5ivad olla oma privaatsuspoliitikad ja klienditeeninduse poliitikad. Igasugune sirvimine ja suhtlemine mis tahes muul veebisaidil, sealhulgas veebisaitidel, millel on link meie Veebisaidile, on selle veebisaidi enda tingimuste ja poliitikate subjekt.<\/p>\n\n\n\n<p><strong>Muudatused selles privaatsuspoliitikas<\/strong><\/p>\n\n\n\n<p>Planyard j\u00e4tab endale \u00f5iguse seda privaatsuspoliitikat igal ajal uuendada. Kui me seda teeme, muudame selle lehe allosas olevat uuendatud kuup\u00e4eva. Soovitame Kasutajatel sageli seda lehte kontrollida, et olla kursis, kuidas me kogutud isiklikku teavet kaitseme. Te tunnistate ja n\u00f5ustute, et teie kohustus on seda privaatsuspoliitikat perioodiliselt \u00fcle vaadata ja muudatustest teadlik olla.<\/p>\n\n\n\n<p><strong>Nende tingimuste aktsepteerimine<\/strong><\/p>\n\n\n\n<p>Seda saiti kasutades kinnitate, et n\u00f5ustute selle poliitikaga. Kui te selle poliitikaga ei n\u00f5ustu, \u00e4rge kasutage meie saiti. Teie j\u00e4tkuv saidi kasutamine p\u00e4rast selle poliitika muudatuste postitamist loetakse nende muudatuste aktsepteerimiseks.<\/p>\n\n\n\n<p><strong>Meiega \u00fchenduse v\u00f5tmine<\/strong><\/p>\n\n\n\n<p>Kui teil on k\u00fcsimusi selle privaatsuspoliitika, selle saidi tavade v\u00f5i teie suhtlemise kohta selle saidiga, v\u00f5tke meiega \u00fchendust aadressil info@planyard.com.<br><\/p>\n","protected":false},"excerpt":{"rendered":"<p>K\u00e4esolev privaatsuspoliitika reguleerib viisi, kuidas Planyard kogub, kasutab, haldab ja avaldab teavet, mida kogutakse kasutajatelt (iga\u00fcks eraldi \u201cKasutaja\u201d) veebisaitidel planyard.com, central.planyard.com ja app.planyard.com (\u201cVeebisait\u201d). See privaatsuspoliitika kehtib Veebisaidi ja k\u00f5igi Planyardi pakutavate toodete ja teenuste kohta. Isikut tuvastav teave V\u00f5ime koguda Kasutajatelt isikut tuvastavat teavet mitmel viisil, sealhulgas, kuid mitte ainult, kui Kasutajad k\u00fclastavad meie&#8230;  <a class=\"excerpt-read-more\" href=\"https:\/\/planyard.com\/et\/privaatsuspoliitika\" title=\"Loe  Privaatsuspoliitika\">Loe edasi &#8220;<\/a><\/p>\n","protected":false},"author":2,"featured_media":0,"parent":0,"menu_order":0,"comment_status":"closed","ping_status":"closed","template":"","meta":{"_acf_changed":false,"content-type":"","footnotes":""},"page_intent":[175],"page_type":[],"class_list":["post-10869","page","type-page","status-publish","hentry"],"acf":[],"yoast_head":"<!-- This site is optimized with the Yoast SEO plugin v27.1.1 - https:\/\/yoast.com\/product\/yoast-seo-wordpress\/ -->\n<title>Privaatsuspoliitika - Planyard Eesti<\/title>\n<meta name=\"description\" content=\"Planyard ei oma, kontrolli ega juhi \u00fchegi kliendiandmete kasutamist, mis on kliendi v\u00f5i kasutaja poolt teenuse kaudu salvestatud v\u00f5i t\u00f6\u00f6deldud.\" \/>\n<meta name=\"robots\" content=\"index, follow, max-snippet:-1, max-image-preview:large, max-video-preview:-1\" \/>\n<link rel=\"canonical\" href=\"https:\/\/planyard.com\/et\/privaatsuspoliitika\" \/>\n<meta property=\"og:locale\" content=\"et_EE\" \/>\n<meta property=\"og:type\" content=\"article\" \/>\n<meta property=\"og:title\" content=\"Privaatsuspoliitika - Planyard Eesti\" \/>\n<meta property=\"og:description\" content=\"Planyard ei oma, kontrolli ega juhi \u00fchegi kliendiandmete kasutamist, mis on kliendi v\u00f5i kasutaja poolt teenuse kaudu salvestatud v\u00f5i t\u00f6\u00f6deldud.\" \/>\n<meta property=\"og:url\" content=\"https:\/\/planyard.com\/et\/privaatsuspoliitika\" \/>\n<meta property=\"og:site_name\" content=\"Planyard Eesti\" \/>\n<meta property=\"article:modified_time\" content=\"2025-05-19T17:08:31+00:00\" \/>\n<meta name=\"twitter:card\" content=\"summary_large_image\" \/>\n<meta name=\"twitter:label1\" content=\"Est. reading time\" \/>\n\t<meta name=\"twitter:data1\" content=\"4 minutit\" \/>\n<!-- \/ Yoast SEO plugin. -->","yoast_head_json":{"title":"Privaatsuspoliitika - Planyard Eesti","description":"Planyard ei oma, kontrolli ega juhi \u00fchegi kliendiandmete kasutamist, mis on kliendi v\u00f5i kasutaja poolt teenuse kaudu salvestatud v\u00f5i t\u00f6\u00f6deldud.","robots":{"index":"index","follow":"follow","max-snippet":"max-snippet:-1","max-image-preview":"max-image-preview:large","max-video-preview":"max-video-preview:-1"},"canonical":"https:\/\/planyard.com\/et\/privaatsuspoliitika","og_locale":"et_EE","og_type":"article","og_title":"Privaatsuspoliitika - Planyard Eesti","og_description":"Planyard ei oma, kontrolli ega juhi \u00fchegi kliendiandmete kasutamist, mis on kliendi v\u00f5i kasutaja poolt teenuse kaudu salvestatud v\u00f5i t\u00f6\u00f6deldud.","og_url":"https:\/\/planyard.com\/et\/privaatsuspoliitika","og_site_name":"Planyard Eesti","article_modified_time":"2025-05-19T17:08:31+00:00","twitter_card":"summary_large_image","twitter_misc":{"Est. reading time":"4 minutit"},"schema":{"@context":"https:\/\/schema.org","@graph":[{"@type":"WebPage","@id":"https:\/\/planyard.com\/et\/privaatsuspoliitika","url":"https:\/\/planyard.com\/et\/privaatsuspoliitika","name":"Privaatsuspoliitika - Planyard Eesti","isPartOf":{"@id":"https:\/\/planyard.com\/et#website"},"datePublished":"2024-08-26T07:14:20+00:00","dateModified":"2025-05-19T17:08:31+00:00","description":"Planyard ei oma, kontrolli ega juhi \u00fchegi kliendiandmete kasutamist, mis on kliendi v\u00f5i kasutaja poolt teenuse kaudu salvestatud v\u00f5i t\u00f6\u00f6deldud.","breadcrumb":{"@id":"https:\/\/planyard.com\/et\/privaatsuspoliitika#breadcrumb"},"inLanguage":"et","potentialAction":[{"@type":"ReadAction","target":["https:\/\/planyard.com\/et\/privaatsuspoliitika"]}]},{"@type":"BreadcrumbList","@id":"https:\/\/planyard.com\/et\/privaatsuspoliitika#breadcrumb","itemListElement":[{"@type":"ListItem","position":1,"name":"Home","item":"https:\/\/planyard.com\/et"},{"@type":"ListItem","position":2,"name":"Privaatsuspoliitika"}]},{"@type":"WebSite","@id":"https:\/\/planyard.com\/et#website","url":"https:\/\/planyard.com\/et","name":"Planyard Eesti","description":"","potentialAction":[{"@type":"SearchAction","target":{"@type":"EntryPoint","urlTemplate":"https:\/\/planyard.com\/et?s={search_term_string}"},"query-input":{"@type":"PropertyValueSpecification","valueRequired":true,"valueName":"search_term_string"}}],"inLanguage":"et"}]}},"_links":{"self":[{"href":"https:\/\/planyard.com\/et\/wp-json\/wp\/v2\/pages\/10869","targetHints":{"allow":["GET"]}}],"collection":[{"href":"https:\/\/planyard.com\/et\/wp-json\/wp\/v2\/pages"}],"about":[{"href":"https:\/\/planyard.com\/et\/wp-json\/wp\/v2\/types\/page"}],"author":[{"embeddable":true,"href":"https:\/\/planyard.com\/et\/wp-json\/wp\/v2\/users\/2"}],"replies":[{"embeddable":true,"href":"https:\/\/planyard.com\/et\/wp-json\/wp\/v2\/comments?post=10869"}],"version-history":[{"count":3,"href":"https:\/\/planyard.com\/et\/wp-json\/wp\/v2\/pages\/10869\/revisions"}],"predecessor-version":[{"id":15929,"href":"https:\/\/planyard.com\/et\/wp-json\/wp\/v2\/pages\/10869\/revisions\/15929"}],"wp:attachment":[{"href":"https:\/\/planyard.com\/et\/wp-json\/wp\/v2\/media?parent=10869"}],"wp:term":[{"taxonomy":"page_intent","embeddable":true,"href":"https:\/\/planyard.com\/et\/wp-json\/wp\/v2\/page_intent?post=10869"},{"taxonomy":"page_type","embeddable":true,"href":"https:\/\/planyard.com\/et\/wp-json\/wp\/v2\/page_type?post=10869"}],"curies":[{"name":"wp","href":"https:\/\/api.w.org\/{rel}","templated":true}]}}