{"id":10868,"date":"2024-08-03T08:25:53","date_gmt":"2024-08-03T08:25:53","guid":{"rendered":"https:\/\/planyard.com\/pricing"},"modified":"2025-05-19T19:28:15","modified_gmt":"2025-05-19T19:28:15","slug":"hinnastus","status":"publish","type":"page","link":"https:\/\/planyard.com\/et\/hinnastus","title":{"rendered":"Hinnastus"},"content":{"rendered":"","protected":false},"excerpt":{"rendered":"","protected":false},"author":1,"featured_media":0,"parent":0,"menu_order":0,"comment_status":"closed","ping_status":"closed","template":"","meta":{"_acf_changed":false,"content-type":"","footnotes":""},"page_intent":[145],"page_type":[],"class_list":["post-10868","page","type-page","status-publish","hentry"],"acf":[],"yoast_head":"<!-- This site is optimized with the Yoast SEO plugin v27.1.1 - https:\/\/yoast.com\/product\/yoast-seo-wordpress\/ -->\n<title>Hinnastus - Planyard Eesti Ehitustarkvara<\/title>\n<meta name=\"description\" content=\"Planyardi hinnastus on m\u00f5eldud peat\u00f6\u00f6v\u00f5tjatele ja v\u00e4iksematele ambitsioonikatele ettev\u00f5tetele. Leia sulle sobiv hind v\u00f5i v\u00f5ta meiega \u00fchendust.\" \/>\n<meta name=\"robots\" content=\"index, follow, max-snippet:-1, max-image-preview:large, max-video-preview:-1\" \/>\n<link rel=\"canonical\" href=\"https:\/\/planyard.com\/et\/hinnastus\" \/>\n<meta property=\"og:locale\" content=\"et_EE\" \/>\n<meta property=\"og:type\" content=\"article\" \/>\n<meta property=\"og:title\" content=\"Hinnastus - Planyard Eesti Ehitustarkvara\" \/>\n<meta property=\"og:description\" content=\"Planyardi hinnastus on m\u00f5eldud peat\u00f6\u00f6v\u00f5tjatele ja v\u00e4iksematele ambitsioonikatele ettev\u00f5tetele. Leia sulle sobiv hind v\u00f5i v\u00f5ta meiega \u00fchendust.\" \/>\n<meta property=\"og:url\" content=\"https:\/\/planyard.com\/et\/hinnastus\" \/>\n<meta property=\"og:site_name\" content=\"Planyard Eesti\" \/>\n<meta property=\"article:modified_time\" content=\"2025-05-19T19:28:15+00:00\" \/>\n<meta name=\"twitter:card\" content=\"summary_large_image\" \/>\n<!-- \/ Yoast SEO plugin. -->","yoast_head_json":{"title":"Hinnastus - Planyard Eesti Ehitustarkvara","description":"Planyardi hinnastus on m\u00f5eldud peat\u00f6\u00f6v\u00f5tjatele ja v\u00e4iksematele ambitsioonikatele ettev\u00f5tetele. Leia sulle sobiv hind v\u00f5i v\u00f5ta meiega \u00fchendust.","robots":{"index":"index","follow":"follow","max-snippet":"max-snippet:-1","max-image-preview":"max-image-preview:large","max-video-preview":"max-video-preview:-1"},"canonical":"https:\/\/planyard.com\/et\/hinnastus","og_locale":"et_EE","og_type":"article","og_title":"Hinnastus - Planyard Eesti Ehitustarkvara","og_description":"Planyardi hinnastus on m\u00f5eldud peat\u00f6\u00f6v\u00f5tjatele ja v\u00e4iksematele ambitsioonikatele ettev\u00f5tetele. Leia sulle sobiv hind v\u00f5i v\u00f5ta meiega \u00fchendust.","og_url":"https:\/\/planyard.com\/et\/hinnastus","og_site_name":"Planyard Eesti","article_modified_time":"2025-05-19T19:28:15+00:00","twitter_card":"summary_large_image","schema":{"@context":"https:\/\/schema.org","@graph":[{"@type":"WebPage","@id":"https:\/\/planyard.com\/et\/hinnastus","url":"https:\/\/planyard.com\/et\/hinnastus","name":"Hinnastus - Planyard Eesti Ehitustarkvara","isPartOf":{"@id":"https:\/\/planyard.com\/et#website"},"datePublished":"2024-08-03T08:25:53+00:00","dateModified":"2025-05-19T19:28:15+00:00","description":"Planyardi hinnastus on m\u00f5eldud peat\u00f6\u00f6v\u00f5tjatele ja v\u00e4iksematele ambitsioonikatele ettev\u00f5tetele. Leia sulle sobiv hind v\u00f5i v\u00f5ta meiega \u00fchendust.","breadcrumb":{"@id":"https:\/\/planyard.com\/et\/hinnastus#breadcrumb"},"inLanguage":"et","potentialAction":[{"@type":"ReadAction","target":["https:\/\/planyard.com\/et\/hinnastus"]}]},{"@type":"BreadcrumbList","@id":"https:\/\/planyard.com\/et\/hinnastus#breadcrumb","itemListElement":[{"@type":"ListItem","position":1,"name":"Home","item":"https:\/\/planyard.com\/et"},{"@type":"ListItem","position":2,"name":"Hinnastus"}]},{"@type":"WebSite","@id":"https:\/\/planyard.com\/et#website","url":"https:\/\/planyard.com\/et","name":"Planyard Eesti","description":"","potentialAction":[{"@type":"SearchAction","target":{"@type":"EntryPoint","urlTemplate":"https:\/\/planyard.com\/et?s={search_term_string}"},"query-input":{"@type":"PropertyValueSpecification","valueRequired":true,"valueName":"search_term_string"}}],"inLanguage":"et"}]}},"_links":{"self":[{"href":"https:\/\/planyard.com\/et\/wp-json\/wp\/v2\/pages\/10868","targetHints":{"allow":["GET"]}}],"collection":[{"href":"https:\/\/planyard.com\/et\/wp-json\/wp\/v2\/pages"}],"about":[{"href":"https:\/\/planyard.com\/et\/wp-json\/wp\/v2\/types\/page"}],"author":[{"embeddable":true,"href":"https:\/\/planyard.com\/et\/wp-json\/wp\/v2\/users\/1"}],"replies":[{"embeddable":true,"href":"https:\/\/planyard.com\/et\/wp-json\/wp\/v2\/comments?post=10868"}],"version-history":[{"count":6,"href":"https:\/\/planyard.com\/et\/wp-json\/wp\/v2\/pages\/10868\/revisions"}],"predecessor-version":[{"id":16497,"href":"https:\/\/planyard.com\/et\/wp-json\/wp\/v2\/pages\/10868\/revisions\/16497"}],"wp:attachment":[{"href":"https:\/\/planyard.com\/et\/wp-json\/wp\/v2\/media?parent=10868"}],"wp:term":[{"taxonomy":"page_intent","embeddable":true,"href":"https:\/\/planyard.com\/et\/wp-json\/wp\/v2\/page_intent?post=10868"},{"taxonomy":"page_type","embeddable":true,"href":"https:\/\/planyard.com\/et\/wp-json\/wp\/v2\/page_type?post=10868"}],"curies":[{"name":"wp","href":"https:\/\/api.w.org\/{rel}","templated":true}]}}