{"id":10863,"date":"2025-04-03T10:02:17","date_gmt":"2025-04-03T10:02:17","guid":{"rendered":"https:\/\/planyard.com\/planyard-professional-functionality-training-videos"},"modified":"2025-05-19T17:04:43","modified_gmt":"2025-05-19T17:04:43","slug":"planyardi-professionaalse-paketi-funktsionaalsuse-koolitusvideod","status":"publish","type":"page","link":"https:\/\/planyard.com\/et\/planyardi-professionaalse-paketi-funktsionaalsuse-koolitusvideod","title":{"rendered":"Planyardi Professionaalse Paketi Funktsionaalsuse Koolitusvideod"},"content":{"rendered":"\n<p>3\u20135-minutilised koolitusvideod, et aidata eelarve kontrolli, ostutellimuste, lisat\u00f6\u00f6de, arvete haldamise ja muu valdkonna meistriks saada.<\/p>\n\n\n\n<h2 class=\"wp-block-heading\">Ostutellimused<\/h2>\n\n\n\n<p>\u00d5pi, kuidas koostada ostutellimusi materjalide jaoks, j\u00e4lgida eelarve kohustusi, h\u00f5lpsasti uuendada prognoose ja CVR-e, hallata ettemaksuarveid, hoida \u00fclevaadet maksete kokkuv\u00f5tetest ja v\u00e4ltida tarnijate \u00fclearveldamist.<\/p>\n\n\n\n<figure class=\"wp-block-embed is-type-video is-provider-youtube wp-block-embed-youtube wp-embed-aspect-16-9 wp-has-aspect-ratio\"><div class=\"wp-block-embed__wrapper\">\n<iframe loading=\"lazy\" title=\"See How Planyard Software Makes Construction Project Purchase Orders Easy\" width=\"500\" height=\"281\" src=\"https:\/\/www.youtube.com\/embed\/hlaGwY6-bhA?feature=oembed\" frameborder=\"0\" allow=\"accelerometer; autoplay; clipboard-write; encrypted-media; gyroscope; picture-in-picture; web-share\" referrerpolicy=\"strict-origin-when-cross-origin\" allowfullscreen><\/iframe>\n<\/div><\/figure>\n\n\n\n<h2 class=\"wp-block-heading\">Ostuarvete t\u00f6\u00f6tlemine<\/h2>\n\n\n\n<p>T\u00f6\u00f6tle ostuarveid h\u00f5lpsasti, m\u00e4\u00e4rates need eelarveridadele, s\u00fcnkroniseeri automaatselt raamatupidamisega ja j\u00e4lgi projekti kulusid reaalajas \u2013 k\u00f5ik ilma korduva andmesisestuseta.<\/p>\n\n\n\n<figure class=\"wp-block-embed is-type-video is-provider-youtube wp-block-embed-youtube wp-embed-aspect-16-9 wp-has-aspect-ratio\"><div class=\"wp-block-embed__wrapper\">\n<iframe loading=\"lazy\" title=\"Invoices processing on Planyard\" width=\"500\" height=\"281\" src=\"https:\/\/www.youtube.com\/embed\/cgVamRjQk1I?feature=oembed\" frameborder=\"0\" allow=\"accelerometer; autoplay; clipboard-write; encrypted-media; gyroscope; picture-in-picture; web-share\" referrerpolicy=\"strict-origin-when-cross-origin\" allowfullscreen><\/iframe>\n<\/div><\/figure>\n\n\n\n<h2 class=\"wp-block-heading\">Lisat\u00f6\u00f6d (Variatsioonid)<\/h2>\n\n\n\n<p>Registreeri h\u00f5lpsasti kliendi lisat\u00f6\u00f6d ning allt\u00f6\u00f6v\u00f5tja ja ostutellimuste variatsioonid. J\u00e4lgi iga muudatuse finantsm\u00f5ju, et hoida kasumlikkus kontrolli all.<\/p>\n\n\n\n<figure class=\"wp-block-embed is-type-video is-provider-youtube wp-block-embed-youtube wp-embed-aspect-16-9 wp-has-aspect-ratio\"><div class=\"wp-block-embed__wrapper\">\n<iframe loading=\"lazy\" title=\"Construction change-orders (variations) management on Planyard software\" width=\"500\" height=\"281\" src=\"https:\/\/www.youtube.com\/embed\/6tACV4YQtas?feature=oembed\" frameborder=\"0\" allow=\"accelerometer; autoplay; clipboard-write; encrypted-media; gyroscope; picture-in-picture; web-share\" referrerpolicy=\"strict-origin-when-cross-origin\" allowfullscreen><\/iframe>\n<\/div><\/figure>\n\n\n\n<h2 class=\"wp-block-heading\">Eelarve kontroll ja prognoosimine (CVR-id)<\/h2>\n\n\n\n<p>Valmista ette t\u00e4psed prognoosid ja CVR-aruanded, vajadusel uuenda eelarveid, kinnita arved ja vaata \u00fcle eelarve erinevused, et hoida oma projekti finantsseisund kontrolli all. Anal\u00fc\u00fcsi kasumlikkuse prognoose h\u00f5lpsasti.<\/p>\n\n\n\n<figure class=\"wp-block-embed is-type-video is-provider-youtube wp-block-embed-youtube wp-embed-aspect-16-9 wp-has-aspect-ratio\"><div class=\"wp-block-embed__wrapper\">\n<iframe loading=\"lazy\" title=\"Project cost control meeting how to video\" width=\"500\" height=\"281\" src=\"https:\/\/www.youtube.com\/embed\/oGkHgWPfIEo?feature=oembed\" frameborder=\"0\" allow=\"accelerometer; autoplay; clipboard-write; encrypted-media; gyroscope; picture-in-picture; web-share\" referrerpolicy=\"strict-origin-when-cross-origin\" allowfullscreen><\/iframe>\n<\/div><\/figure>\n\n\n\n<h2 class=\"wp-block-heading\">Kliendi arveldus ja maksetaotlused (Aktid)<\/h2>\n\n\n\n<p>\u00d5pi, kuidas hallata kliendi v\u00e4\u00e4rtuste ajakava, t\u00f6\u00f6delda lisat\u00f6id (variatsioone), v\u00e4ljastada maksetaotlusi, hallata ettemaksuarveid, j\u00e4lgida kinnipidamisi ja kinnitada m\u00fc\u00fcgiarveid h\u00f5lpsasti.<\/p>\n\n\n\n<figure class=\"wp-block-embed is-type-video is-provider-youtube wp-block-embed-youtube wp-embed-aspect-16-9 wp-has-aspect-ratio\"><div class=\"wp-block-embed__wrapper\">\n<iframe loading=\"lazy\" title=\"How the client billing process is made simple on Planyard construction software\" width=\"500\" height=\"281\" src=\"https:\/\/www.youtube.com\/embed\/wZ0vTYTJtFs?feature=oembed\" frameborder=\"0\" allow=\"accelerometer; autoplay; clipboard-write; encrypted-media; gyroscope; picture-in-picture; web-share\" referrerpolicy=\"strict-origin-when-cross-origin\" allowfullscreen><\/iframe>\n<\/div><\/figure>\n","protected":false},"excerpt":{"rendered":"<p>3\u20135-minutilised koolitusvideod, et aidata eelarve kontrolli, ostutellimuste, lisat\u00f6\u00f6de, arvete haldamise ja muu valdkonna meistriks saada. Ostutellimused \u00d5pi, kuidas koostada ostutellimusi materjalide jaoks, j\u00e4lgida eelarve kohustusi, h\u00f5lpsasti uuendada prognoose ja CVR-e, hallata ettemaksuarveid, hoida \u00fclevaadet maksete kokkuv\u00f5tetest ja v\u00e4ltida tarnijate \u00fclearveldamist. Ostuarvete t\u00f6\u00f6tlemine T\u00f6\u00f6tle ostuarveid h\u00f5lpsasti, m\u00e4\u00e4rates need eelarveridadele, s\u00fcnkroniseeri automaatselt raamatupidamisega ja j\u00e4lgi projekti kulusid&#8230;  <a class=\"excerpt-read-more\" href=\"https:\/\/planyard.com\/et\/planyardi-professionaalse-paketi-funktsionaalsuse-koolitusvideod\" title=\"Loe  Planyardi Professionaalse Paketi Funktsionaalsuse Koolitusvideod\">Loe edasi &#8220;<\/a><\/p>\n","protected":false},"author":4,"featured_media":0,"parent":0,"menu_order":0,"comment_status":"closed","ping_status":"closed","template":"page-smallheader.php","meta":{"_acf_changed":false,"content-type":"","footnotes":""},"page_intent":[],"page_type":[],"class_list":["post-10863","page","type-page","status-publish","hentry"],"acf":[],"yoast_head":"<!-- This site is optimized with the Yoast SEO plugin v27.1.1 - https:\/\/yoast.com\/product\/yoast-seo-wordpress\/ -->\n<title>Planyard Professional \u2013 T\u00e4ielik ehituskulude kontroll kasvavatele meeskondadele<\/title>\n<meta name=\"description\" content=\"L\u00fchikesed koolitusvideod eelarvestajatele ja projektijuhtidele, et omandada Planyardi Professionaalne Pakett\u2014h\u00f5lmates eelarve kontrolli, ostutellimusi ja palju muud.\" \/>\n<meta name=\"robots\" content=\"index, follow, max-snippet:-1, max-image-preview:large, max-video-preview:-1\" \/>\n<link rel=\"canonical\" href=\"https:\/\/planyard.com\/et\/planyardi-professionaalse-paketi-funktsionaalsuse-koolitusvideod\" \/>\n<meta property=\"og:locale\" content=\"et_EE\" \/>\n<meta property=\"og:type\" content=\"article\" \/>\n<meta property=\"og:title\" content=\"Planyard Professional \u2013 T\u00e4ielik ehituskulude kontroll kasvavatele meeskondadele\" \/>\n<meta property=\"og:description\" content=\"L\u00fchikesed koolitusvideod eelarvestajatele ja projektijuhtidele, et omandada Planyardi Professionaalne Pakett\u2014h\u00f5lmates eelarve kontrolli, ostutellimusi ja palju muud.\" \/>\n<meta property=\"og:url\" content=\"https:\/\/planyard.com\/et\/planyardi-professionaalse-paketi-funktsionaalsuse-koolitusvideod\" \/>\n<meta property=\"og:site_name\" content=\"Planyard Eesti\" \/>\n<meta property=\"article:modified_time\" content=\"2025-05-19T17:04:43+00:00\" \/>\n<meta name=\"twitter:card\" content=\"summary_large_image\" \/>\n<meta name=\"twitter:label1\" content=\"Est. reading time\" \/>\n\t<meta name=\"twitter:data1\" content=\"1 minut\" \/>\n<!-- \/ Yoast SEO plugin. -->","yoast_head_json":{"title":"Planyard Professional \u2013 T\u00e4ielik ehituskulude kontroll kasvavatele meeskondadele","description":"L\u00fchikesed koolitusvideod eelarvestajatele ja projektijuhtidele, et omandada Planyardi Professionaalne Pakett\u2014h\u00f5lmates eelarve kontrolli, ostutellimusi ja palju muud.","robots":{"index":"index","follow":"follow","max-snippet":"max-snippet:-1","max-image-preview":"max-image-preview:large","max-video-preview":"max-video-preview:-1"},"canonical":"https:\/\/planyard.com\/et\/planyardi-professionaalse-paketi-funktsionaalsuse-koolitusvideod","og_locale":"et_EE","og_type":"article","og_title":"Planyard Professional \u2013 T\u00e4ielik ehituskulude kontroll kasvavatele meeskondadele","og_description":"L\u00fchikesed koolitusvideod eelarvestajatele ja projektijuhtidele, et omandada Planyardi Professionaalne Pakett\u2014h\u00f5lmates eelarve kontrolli, ostutellimusi ja palju muud.","og_url":"https:\/\/planyard.com\/et\/planyardi-professionaalse-paketi-funktsionaalsuse-koolitusvideod","og_site_name":"Planyard Eesti","article_modified_time":"2025-05-19T17:04:43+00:00","twitter_card":"summary_large_image","twitter_misc":{"Est. reading time":"1 minut"},"schema":{"@context":"https:\/\/schema.org","@graph":[{"@type":"WebPage","@id":"https:\/\/planyard.com\/et\/planyardi-professionaalse-paketi-funktsionaalsuse-koolitusvideod","url":"https:\/\/planyard.com\/et\/planyardi-professionaalse-paketi-funktsionaalsuse-koolitusvideod","name":"Planyard Professional \u2013 T\u00e4ielik ehituskulude kontroll kasvavatele meeskondadele","isPartOf":{"@id":"https:\/\/planyard.com\/et#website"},"datePublished":"2025-04-03T10:02:17+00:00","dateModified":"2025-05-19T17:04:43+00:00","description":"L\u00fchikesed koolitusvideod eelarvestajatele ja projektijuhtidele, et omandada Planyardi Professionaalne Pakett\u2014h\u00f5lmates eelarve kontrolli, ostutellimusi ja palju muud.","breadcrumb":{"@id":"https:\/\/planyard.com\/et\/planyardi-professionaalse-paketi-funktsionaalsuse-koolitusvideod#breadcrumb"},"inLanguage":"et","potentialAction":[{"@type":"ReadAction","target":["https:\/\/planyard.com\/et\/planyardi-professionaalse-paketi-funktsionaalsuse-koolitusvideod"]}]},{"@type":"BreadcrumbList","@id":"https:\/\/planyard.com\/et\/planyardi-professionaalse-paketi-funktsionaalsuse-koolitusvideod#breadcrumb","itemListElement":[{"@type":"ListItem","position":1,"name":"Home","item":"https:\/\/planyard.com\/et"},{"@type":"ListItem","position":2,"name":"Planyardi professionaalse funktsionaalsuse koolitusvideod"}]},{"@type":"WebSite","@id":"https:\/\/planyard.com\/et#website","url":"https:\/\/planyard.com\/et","name":"Planyard Eesti","description":"","potentialAction":[{"@type":"SearchAction","target":{"@type":"EntryPoint","urlTemplate":"https:\/\/planyard.com\/et?s={search_term_string}"},"query-input":{"@type":"PropertyValueSpecification","valueRequired":true,"valueName":"search_term_string"}}],"inLanguage":"et"}]}},"_links":{"self":[{"href":"https:\/\/planyard.com\/et\/wp-json\/wp\/v2\/pages\/10863","targetHints":{"allow":["GET"]}}],"collection":[{"href":"https:\/\/planyard.com\/et\/wp-json\/wp\/v2\/pages"}],"about":[{"href":"https:\/\/planyard.com\/et\/wp-json\/wp\/v2\/types\/page"}],"author":[{"embeddable":true,"href":"https:\/\/planyard.com\/et\/wp-json\/wp\/v2\/users\/4"}],"replies":[{"embeddable":true,"href":"https:\/\/planyard.com\/et\/wp-json\/wp\/v2\/comments?post=10863"}],"version-history":[{"count":3,"href":"https:\/\/planyard.com\/et\/wp-json\/wp\/v2\/pages\/10863\/revisions"}],"predecessor-version":[{"id":15911,"href":"https:\/\/planyard.com\/et\/wp-json\/wp\/v2\/pages\/10863\/revisions\/15911"}],"wp:attachment":[{"href":"https:\/\/planyard.com\/et\/wp-json\/wp\/v2\/media?parent=10863"}],"wp:term":[{"taxonomy":"page_intent","embeddable":true,"href":"https:\/\/planyard.com\/et\/wp-json\/wp\/v2\/page_intent?post=10863"},{"taxonomy":"page_type","embeddable":true,"href":"https:\/\/planyard.com\/et\/wp-json\/wp\/v2\/page_type?post=10863"}],"curies":[{"name":"wp","href":"https:\/\/api.w.org\/{rel}","templated":true}]}}