{"id":10859,"date":"2025-04-01T15:34:46","date_gmt":"2025-04-01T15:34:46","guid":{"rendered":"https:\/\/planyard.com\/planyard-essential-functionality-training-videos"},"modified":"2025-05-19T17:02:48","modified_gmt":"2025-05-19T17:02:48","slug":"planyardi-pohifunktsioonide-koolitusvideod","status":"publish","type":"page","link":"https:\/\/planyard.com\/et\/planyardi-pohifunktsioonide-koolitusvideod","title":{"rendered":"Planyardi p\u00f5hifunktsioonide koolitusvideod"},"content":{"rendered":"\n<p>Alustage l\u00fchikeste 3\u20134-minutiliste videote vaatamisega, mis on m\u00f5eldud projektijuhtidele ja ehitusinseneridele, et ise \u00f5ppida olulisi t\u00f6\u00f6vooge\u2014ilma seadistamise v\u00f5i koolitusteta.<\/p>\n\n\n\n<h2 class=\"wp-block-heading\">Sissejuhatus<\/h2>\n\n\n\n<figure class=\"wp-block-embed is-type-video is-provider-youtube wp-block-embed-youtube wp-embed-aspect-16-9 wp-has-aspect-ratio\"><div class=\"wp-block-embed__wrapper\">\n<iframe loading=\"lazy\" title=\"Planyard Essential Package: Ditch Spreadsheets &amp; Simplify Construction Cost Control\" width=\"500\" height=\"281\" src=\"https:\/\/www.youtube.com\/embed\/MmqEaSN7Y38?feature=oembed\" frameborder=\"0\" allow=\"accelerometer; autoplay; clipboard-write; encrypted-media; gyroscope; picture-in-picture; web-share\" referrerpolicy=\"strict-origin-when-cross-origin\" allowfullscreen><\/iframe>\n<\/div><\/figure>\n\n\n\n<h2 class=\"wp-block-heading\">Ostuarvete t\u00f6\u00f6tlemine<\/h2>\n\n\n\n<p>T\u00f6\u00f6tle ostuarveid lihtsalt, m\u00e4\u00e4ra need eelarvereale, s\u00fcnkrooni automaatselt raamatupidamisega ja j\u00e4lgi projekti kulusid reaalajas\u2014k\u00f5ik ilma korduva andmesisestuseta.<\/p>\n\n\n\n<figure class=\"wp-block-embed is-type-video is-provider-youtube wp-block-embed-youtube wp-embed-aspect-16-9 wp-has-aspect-ratio\"><div class=\"wp-block-embed__wrapper\">\n<iframe loading=\"lazy\" title=\"Invoices processing on Planyard\" width=\"500\" height=\"281\" src=\"https:\/\/www.youtube.com\/embed\/cgVamRjQk1I?feature=oembed\" frameborder=\"0\" allow=\"accelerometer; autoplay; clipboard-write; encrypted-media; gyroscope; picture-in-picture; web-share\" referrerpolicy=\"strict-origin-when-cross-origin\" allowfullscreen><\/iframe>\n<\/div><\/figure>\n\n\n\n<h2 class=\"wp-block-heading\">Lisat\u00f6\u00f6d (Variatsioonid)<\/h2>\n\n\n\n<p>Registreeri lihtsalt kliendi lisat\u00f6\u00f6d ning allt\u00f6\u00f6v\u00f5tja ja ostutellimuse variatsioonid. J\u00e4lgi iga muudatuse rahalist m\u00f5ju, et hoida kasumlikkus kontrolli all.<\/p>\n\n\n\n<figure class=\"wp-block-embed is-type-video is-provider-youtube wp-block-embed-youtube wp-embed-aspect-16-9 wp-has-aspect-ratio\"><div class=\"wp-block-embed__wrapper\">\n<iframe loading=\"lazy\" title=\"Construction change-orders (variations) management on Planyard software\" width=\"500\" height=\"281\" src=\"https:\/\/www.youtube.com\/embed\/6tACV4YQtas?feature=oembed\" frameborder=\"0\" allow=\"accelerometer; autoplay; clipboard-write; encrypted-media; gyroscope; picture-in-picture; web-share\" referrerpolicy=\"strict-origin-when-cross-origin\" allowfullscreen><\/iframe>\n<\/div><\/figure>\n\n\n\n<h2 class=\"wp-block-heading\">Eelarve kontroll ja prognoosimine (CVR-d)<\/h2>\n\n\n\n<p>Koosta t\u00e4psed prognoosid ja CVR-aruanded, vajadusel uuenda eelarveid, kinnita arveid ja vaata \u00fcle eelarve erinevused, et hoida oma projekti finantsseisund kontrolli all. Anal\u00fc\u00fcsi kasumlikkuse prognoose h\u00f5lpsasti.<\/p>\n\n\n\n<figure class=\"wp-block-embed is-type-video is-provider-youtube wp-block-embed-youtube wp-embed-aspect-16-9 wp-has-aspect-ratio\"><div class=\"wp-block-embed__wrapper\">\n<iframe loading=\"lazy\" title=\"Project cost control meeting how to video\" width=\"500\" height=\"281\" src=\"https:\/\/www.youtube.com\/embed\/oGkHgWPfIEo?feature=oembed\" frameborder=\"0\" allow=\"accelerometer; autoplay; clipboard-write; encrypted-media; gyroscope; picture-in-picture; web-share\" referrerpolicy=\"strict-origin-when-cross-origin\" allowfullscreen><\/iframe>\n<\/div><\/figure>\n\n\n\n<p><\/p>\n","protected":false},"excerpt":{"rendered":"<p>Alustage l\u00fchikeste 3\u20134-minutiliste videote vaatamisega, mis on m\u00f5eldud projektijuhtidele ja ehitusinseneridele, et ise \u00f5ppida olulisi t\u00f6\u00f6vooge\u2014ilma seadistamise v\u00f5i koolitusteta. Sissejuhatus Ostuarvete t\u00f6\u00f6tlemine T\u00f6\u00f6tle ostuarveid lihtsalt, m\u00e4\u00e4ra need eelarvereale, s\u00fcnkrooni automaatselt raamatupidamisega ja j\u00e4lgi projekti kulusid reaalajas\u2014k\u00f5ik ilma korduva andmesisestuseta. Lisat\u00f6\u00f6d (Variatsioonid) Registreeri lihtsalt kliendi lisat\u00f6\u00f6d ning allt\u00f6\u00f6v\u00f5tja ja ostutellimuse variatsioonid. J\u00e4lgi iga muudatuse rahalist m\u00f5ju,&#8230;  <a class=\"excerpt-read-more\" href=\"https:\/\/planyard.com\/et\/planyardi-pohifunktsioonide-koolitusvideod\" title=\"Loe  Planyardi p\u00f5hifunktsioonide koolitusvideod\">Loe edasi &#8220;<\/a><\/p>\n","protected":false},"author":4,"featured_media":0,"parent":0,"menu_order":0,"comment_status":"closed","ping_status":"closed","template":"page-smallheader.php","meta":{"_acf_changed":false,"content-type":"","footnotes":""},"page_intent":[],"page_type":[],"class_list":["post-10859","page","type-page","status-publish","hentry"],"acf":[],"yoast_head":"<!-- This site is optimized with the Yoast SEO plugin v27.1.1 - https:\/\/yoast.com\/product\/yoast-seo-wordpress\/ -->\n<title>Planyardi p\u00f5hifunktsioonide koolitusvideod - Planyard Eesti<\/title>\n<meta name=\"description\" content=\"\u00d5ppige, kuidas hallata ehituse eelarveid, lisat\u00f6id ja prognoose l\u00fchikeste 3\u20134-minutiliste videote abil projektijuhtidele ja ehitusinseneridele\u2014ilma seadistamise v\u00f5i koolitusteta.\" \/>\n<meta name=\"robots\" content=\"index, follow, max-snippet:-1, max-image-preview:large, max-video-preview:-1\" \/>\n<link rel=\"canonical\" href=\"https:\/\/planyard.com\/et\/planyardi-pohifunktsioonide-koolitusvideod\" \/>\n<meta property=\"og:locale\" content=\"et_EE\" \/>\n<meta property=\"og:type\" content=\"article\" \/>\n<meta property=\"og:title\" content=\"Planyardi p\u00f5hifunktsioonide koolitusvideod - Planyard Eesti\" \/>\n<meta property=\"og:description\" content=\"\u00d5ppige, kuidas hallata ehituse eelarveid, lisat\u00f6id ja prognoose l\u00fchikeste 3\u20134-minutiliste videote abil projektijuhtidele ja ehitusinseneridele\u2014ilma seadistamise v\u00f5i koolitusteta.\" \/>\n<meta property=\"og:url\" content=\"https:\/\/planyard.com\/et\/planyardi-pohifunktsioonide-koolitusvideod\" \/>\n<meta property=\"og:site_name\" content=\"Planyard Eesti\" \/>\n<meta property=\"article:modified_time\" content=\"2025-05-19T17:02:48+00:00\" \/>\n<meta name=\"twitter:card\" content=\"summary_large_image\" \/>\n<meta name=\"twitter:label1\" content=\"Est. reading time\" \/>\n\t<meta name=\"twitter:data1\" content=\"1 minut\" \/>\n<!-- \/ Yoast SEO plugin. -->","yoast_head_json":{"title":"Planyardi p\u00f5hifunktsioonide koolitusvideod - Planyard Eesti","description":"\u00d5ppige, kuidas hallata ehituse eelarveid, lisat\u00f6id ja prognoose l\u00fchikeste 3\u20134-minutiliste videote abil projektijuhtidele ja ehitusinseneridele\u2014ilma seadistamise v\u00f5i koolitusteta.","robots":{"index":"index","follow":"follow","max-snippet":"max-snippet:-1","max-image-preview":"max-image-preview:large","max-video-preview":"max-video-preview:-1"},"canonical":"https:\/\/planyard.com\/et\/planyardi-pohifunktsioonide-koolitusvideod","og_locale":"et_EE","og_type":"article","og_title":"Planyardi p\u00f5hifunktsioonide koolitusvideod - Planyard Eesti","og_description":"\u00d5ppige, kuidas hallata ehituse eelarveid, lisat\u00f6id ja prognoose l\u00fchikeste 3\u20134-minutiliste videote abil projektijuhtidele ja ehitusinseneridele\u2014ilma seadistamise v\u00f5i koolitusteta.","og_url":"https:\/\/planyard.com\/et\/planyardi-pohifunktsioonide-koolitusvideod","og_site_name":"Planyard Eesti","article_modified_time":"2025-05-19T17:02:48+00:00","twitter_card":"summary_large_image","twitter_misc":{"Est. reading time":"1 minut"},"schema":{"@context":"https:\/\/schema.org","@graph":[{"@type":"WebPage","@id":"https:\/\/planyard.com\/et\/planyardi-pohifunktsioonide-koolitusvideod","url":"https:\/\/planyard.com\/et\/planyardi-pohifunktsioonide-koolitusvideod","name":"Planyardi p\u00f5hifunktsioonide koolitusvideod - Planyard Eesti","isPartOf":{"@id":"https:\/\/planyard.com\/et#website"},"datePublished":"2025-04-01T15:34:46+00:00","dateModified":"2025-05-19T17:02:48+00:00","description":"\u00d5ppige, kuidas hallata ehituse eelarveid, lisat\u00f6id ja prognoose l\u00fchikeste 3\u20134-minutiliste videote abil projektijuhtidele ja ehitusinseneridele\u2014ilma seadistamise v\u00f5i koolitusteta.","breadcrumb":{"@id":"https:\/\/planyard.com\/et\/planyardi-pohifunktsioonide-koolitusvideod#breadcrumb"},"inLanguage":"et","potentialAction":[{"@type":"ReadAction","target":["https:\/\/planyard.com\/et\/planyardi-pohifunktsioonide-koolitusvideod"]}]},{"@type":"BreadcrumbList","@id":"https:\/\/planyard.com\/et\/planyardi-pohifunktsioonide-koolitusvideod#breadcrumb","itemListElement":[{"@type":"ListItem","position":1,"name":"Home","item":"https:\/\/planyard.com\/et"},{"@type":"ListItem","position":2,"name":"Planyardi p\u00f5hifunktsioonide koolitusvideod"}]},{"@type":"WebSite","@id":"https:\/\/planyard.com\/et#website","url":"https:\/\/planyard.com\/et","name":"Planyard Eesti","description":"","potentialAction":[{"@type":"SearchAction","target":{"@type":"EntryPoint","urlTemplate":"https:\/\/planyard.com\/et?s={search_term_string}"},"query-input":{"@type":"PropertyValueSpecification","valueRequired":true,"valueName":"search_term_string"}}],"inLanguage":"et"}]}},"_links":{"self":[{"href":"https:\/\/planyard.com\/et\/wp-json\/wp\/v2\/pages\/10859","targetHints":{"allow":["GET"]}}],"collection":[{"href":"https:\/\/planyard.com\/et\/wp-json\/wp\/v2\/pages"}],"about":[{"href":"https:\/\/planyard.com\/et\/wp-json\/wp\/v2\/types\/page"}],"author":[{"embeddable":true,"href":"https:\/\/planyard.com\/et\/wp-json\/wp\/v2\/users\/4"}],"replies":[{"embeddable":true,"href":"https:\/\/planyard.com\/et\/wp-json\/wp\/v2\/comments?post=10859"}],"version-history":[{"count":3,"href":"https:\/\/planyard.com\/et\/wp-json\/wp\/v2\/pages\/10859\/revisions"}],"predecessor-version":[{"id":15907,"href":"https:\/\/planyard.com\/et\/wp-json\/wp\/v2\/pages\/10859\/revisions\/15907"}],"wp:attachment":[{"href":"https:\/\/planyard.com\/et\/wp-json\/wp\/v2\/media?parent=10859"}],"wp:term":[{"taxonomy":"page_intent","embeddable":true,"href":"https:\/\/planyard.com\/et\/wp-json\/wp\/v2\/page_intent?post=10859"},{"taxonomy":"page_type","embeddable":true,"href":"https:\/\/planyard.com\/et\/wp-json\/wp\/v2\/page_type?post=10859"}],"curies":[{"name":"wp","href":"https:\/\/api.w.org\/{rel}","templated":true}]}}