{"id":10854,"date":"2024-08-27T14:17:31","date_gmt":"2024-08-27T14:17:31","guid":{"rendered":"https:\/\/planyard.com\/quickbooks-contractors-integration"},"modified":"2025-05-17T16:23:24","modified_gmt":"2025-05-17T16:23:24","slug":"quickbooks-peatootvotjate-integratsioon","status":"publish","type":"page","link":"https:\/\/planyard.com\/et\/quickbooks-peatootvotjate-integratsioon","title":{"rendered":"Planyardi eelarvestamise t\u00f6\u00f6riist peat\u00f6\u00f6v\u00f5tjatele ja QuickBooksile"},"content":{"rendered":"","protected":false},"excerpt":{"rendered":"","protected":false},"author":2,"featured_media":0,"parent":0,"menu_order":0,"comment_status":"closed","ping_status":"closed","template":"","meta":{"_acf_changed":false,"content-type":"","footnotes":""},"page_intent":[265],"page_type":[],"class_list":["post-10854","page","type-page","status-publish","hentry"],"acf":[],"yoast_head":"<!-- This site is optimized with the Yoast SEO plugin v26.9 - https:\/\/yoast.com\/product\/yoast-seo-wordpress\/ -->\n<title>Integreeri QuickBooks &amp; Planyardi ehituse eelarve tarkvara<\/title>\n<meta name=\"description\" content=\"Planyardi ehituse eelarve kontrolli tarkvara integreerimine QuickBooksiga aitab k\u00f5rvaldada arvutustabeleid ja topeltandmete sisestamist.\" \/>\n<meta name=\"robots\" content=\"index, follow, max-snippet:-1, max-image-preview:large, max-video-preview:-1\" \/>\n<link rel=\"canonical\" href=\"https:\/\/planyard.com\/et\/quickbooks-peatootvotjate-integratsioon\" \/>\n<meta property=\"og:locale\" content=\"et_EE\" \/>\n<meta property=\"og:type\" content=\"article\" \/>\n<meta property=\"og:title\" content=\"Integreeri QuickBooks &amp; Planyardi ehituse eelarve tarkvara\" \/>\n<meta property=\"og:description\" content=\"Planyardi ehituse eelarve kontrolli tarkvara integreerimine QuickBooksiga aitab k\u00f5rvaldada arvutustabeleid ja topeltandmete sisestamist.\" \/>\n<meta property=\"og:url\" content=\"https:\/\/planyard.com\/et\/quickbooks-peatootvotjate-integratsioon\" \/>\n<meta property=\"og:site_name\" content=\"Planyard Eesti\" \/>\n<meta property=\"article:modified_time\" content=\"2025-05-17T16:23:24+00:00\" \/>\n<meta name=\"twitter:card\" content=\"summary_large_image\" \/>\n<!-- \/ Yoast SEO plugin. -->","yoast_head_json":{"title":"Integreeri QuickBooks & Planyardi ehituse eelarve tarkvara","description":"Planyardi ehituse eelarve kontrolli tarkvara integreerimine QuickBooksiga aitab k\u00f5rvaldada arvutustabeleid ja topeltandmete sisestamist.","robots":{"index":"index","follow":"follow","max-snippet":"max-snippet:-1","max-image-preview":"max-image-preview:large","max-video-preview":"max-video-preview:-1"},"canonical":"https:\/\/planyard.com\/et\/quickbooks-peatootvotjate-integratsioon","og_locale":"et_EE","og_type":"article","og_title":"Integreeri QuickBooks & Planyardi ehituse eelarve tarkvara","og_description":"Planyardi ehituse eelarve kontrolli tarkvara integreerimine QuickBooksiga aitab k\u00f5rvaldada arvutustabeleid ja topeltandmete sisestamist.","og_url":"https:\/\/planyard.com\/et\/quickbooks-peatootvotjate-integratsioon","og_site_name":"Planyard Eesti","article_modified_time":"2025-05-17T16:23:24+00:00","twitter_card":"summary_large_image","schema":{"@context":"https:\/\/schema.org","@graph":[{"@type":"WebPage","@id":"https:\/\/planyard.com\/et\/quickbooks-peatootvotjate-integratsioon","url":"https:\/\/planyard.com\/et\/quickbooks-peatootvotjate-integratsioon","name":"Integreeri QuickBooks & Planyardi ehituse eelarve tarkvara","isPartOf":{"@id":"https:\/\/planyard.com\/et#website"},"datePublished":"2024-08-27T14:17:31+00:00","dateModified":"2025-05-17T16:23:24+00:00","description":"Planyardi ehituse eelarve kontrolli tarkvara integreerimine QuickBooksiga aitab k\u00f5rvaldada arvutustabeleid ja topeltandmete sisestamist.","breadcrumb":{"@id":"https:\/\/planyard.com\/et\/quickbooks-peatootvotjate-integratsioon#breadcrumb"},"inLanguage":"et","potentialAction":[{"@type":"ReadAction","target":["https:\/\/planyard.com\/et\/quickbooks-peatootvotjate-integratsioon"]}]},{"@type":"BreadcrumbList","@id":"https:\/\/planyard.com\/et\/quickbooks-peatootvotjate-integratsioon#breadcrumb","itemListElement":[{"@type":"ListItem","position":1,"name":"Home","item":"https:\/\/planyard.com\/et"},{"@type":"ListItem","position":2,"name":"Planyardi eelarvestamise t\u00f6\u00f6riist peat\u00f6\u00f6v\u00f5tjatele ja QuickBooksile"}]},{"@type":"WebSite","@id":"https:\/\/planyard.com\/et#website","url":"https:\/\/planyard.com\/et","name":"Planyard Eesti","description":"","potentialAction":[{"@type":"SearchAction","target":{"@type":"EntryPoint","urlTemplate":"https:\/\/planyard.com\/et?s={search_term_string}"},"query-input":{"@type":"PropertyValueSpecification","valueRequired":true,"valueName":"search_term_string"}}],"inLanguage":"et"}]}},"_links":{"self":[{"href":"https:\/\/planyard.com\/et\/wp-json\/wp\/v2\/pages\/10854","targetHints":{"allow":["GET"]}}],"collection":[{"href":"https:\/\/planyard.com\/et\/wp-json\/wp\/v2\/pages"}],"about":[{"href":"https:\/\/planyard.com\/et\/wp-json\/wp\/v2\/types\/page"}],"author":[{"embeddable":true,"href":"https:\/\/planyard.com\/et\/wp-json\/wp\/v2\/users\/2"}],"replies":[{"embeddable":true,"href":"https:\/\/planyard.com\/et\/wp-json\/wp\/v2\/comments?post=10854"}],"version-history":[{"count":1,"href":"https:\/\/planyard.com\/et\/wp-json\/wp\/v2\/pages\/10854\/revisions"}],"predecessor-version":[{"id":11040,"href":"https:\/\/planyard.com\/et\/wp-json\/wp\/v2\/pages\/10854\/revisions\/11040"}],"wp:attachment":[{"href":"https:\/\/planyard.com\/et\/wp-json\/wp\/v2\/media?parent=10854"}],"wp:term":[{"taxonomy":"page_intent","embeddable":true,"href":"https:\/\/planyard.com\/et\/wp-json\/wp\/v2\/page_intent?post=10854"},{"taxonomy":"page_type","embeddable":true,"href":"https:\/\/planyard.com\/et\/wp-json\/wp\/v2\/page_type?post=10854"}],"curies":[{"name":"wp","href":"https:\/\/api.w.org\/{rel}","templated":true}]}}