{"id":10849,"date":"2024-08-26T08:24:21","date_gmt":"2024-08-26T08:24:21","guid":{"rendered":"https:\/\/planyard.com\/partners"},"modified":"2025-05-19T17:01:25","modified_gmt":"2025-05-19T17:01:25","slug":"partnerlusprogrammid","status":"publish","type":"page","link":"https:\/\/planyard.com\/et\/partnerlusprogrammid","title":{"rendered":"Partnerlusprogrammid"},"content":{"rendered":"\n<div class=\"wp-block-group\"><div class=\"wp-block-group__inner-container is-layout-constrained wp-block-group-is-layout-constrained\">\n<h3 class=\"wp-block-heading\">Peat\u00f6\u00f6v\u00f5tjate probleemid<\/h3>\n\n\n\n<p>On \u00fcsna tavaline, et peat\u00f6\u00f6v\u00f5tjad saavad teada, kas projekt on kasumlik, alles p\u00e4rast selle l\u00f5ppu. Isegi tagantj\u00e4rele on v\u00e4ga raske \u00f6elda, mis t\u00e4pselt l\u00e4ks \u00f5igesti v\u00f5i valesti.<\/p>\n\n\n\n<p>Allt\u00f6\u00f6v\u00f5tjate edenemisaruanded, arved ja lepingud on laiali sadade e-kirjade ja k\u00fcmnete kaustade vahel ning eelarveid hallatakse Excelis. Arve v\u00f5i edenemisaruande kinnitamine t\u00e4hendab sageli n\u00e4dalaid inimeste tagaajamist (kui see \u00fcldse unustusse ei j\u00e4\u00e4).<\/p>\n\n\n\n<p>See on frustreeriv nii projektijuhtidele kui ka juhtkonnale ja raamatupidajatele.<\/p>\n\n\n\n<p>See t\u00e4hendab ka, et eelarve haldamisel puuduvad standardiseeritud protsessid, mis raskendab nende \u00e4ri kasvatamist.<\/p>\n\n\n\n<p>Planyardi partnerina saate aidata seda muuta.<\/p>\n\n\n\n<h3 class=\"wp-block-heading\">Kaks viisi Planyardiga partnerluseks<\/h3>\n\n\n\n<p>Nii sidusettev\u00f5tetel kui ka ekspertidel on juurdep\u00e4\u00e4s m\u00fc\u00fcgi- ja turundusressurssidele, et aidata Planyardi m\u00fc\u00fca.<\/p>\n\n\n\n<p>Eksperdid saavad t\u00e4iendavat koolitust Planyardi rakendamiseks.<\/p>\n\n\n\n<h4 class=\"wp-block-heading\">Sidusettev\u00f5tted<\/h4>\n\n\n\n<ul class=\"wp-block-list\">\n<li>Suunake potentsiaalsed kliendid Planyardile, kasutades spetsiaalset sooduskoodi<\/li>\n\n\n\n<li>Me hoolitseme nende pardalev\u00f5tmise eest<\/li>\n\n\n\n<li><strong>Teenige 30% klientide esimese aasta tulust<\/strong><\/li>\n<\/ul>\n\n\n\n<h4 class=\"wp-block-heading\">Eksperdid<\/h4>\n\n\n\n<ul class=\"wp-block-list\">\n<li>Suunake potentsiaalsed kliendid Planyardile, kasutades spetsiaalset sooduskoodi<\/li>\n\n\n\n<li>Pakkuge pardalev\u00f5tmist ja tuge esimese aasta jooksul<\/li>\n\n\n\n<li><strong>Teenige 20% klientide eluaegsest v\u00e4\u00e4rtusest<\/strong><\/li>\n<\/ul>\n<\/div><\/div>\n\n\n\n<div class=\"wp-block-group\"><div class=\"wp-block-group__inner-container is-layout-constrained wp-block-group-is-layout-constrained\">\n<h3 class=\"wp-block-heading\">V\u00f5tke meiega \u00fchendust<\/h3>\n\n\n\n<p>V\u00f5tke \u00fchendust e-posti teel: info@planyard.com<\/p>\n<\/div><\/div>\n","protected":false},"excerpt":{"rendered":"<p>Peat\u00f6\u00f6v\u00f5tjate probleemid On \u00fcsna tavaline, et peat\u00f6\u00f6v\u00f5tjad saavad teada, kas projekt on kasumlik, alles p\u00e4rast selle l\u00f5ppu. Isegi tagantj\u00e4rele on v\u00e4ga raske \u00f6elda, mis t\u00e4pselt l\u00e4ks \u00f5igesti v\u00f5i valesti. Allt\u00f6\u00f6v\u00f5tjate edenemisaruanded, arved ja lepingud on laiali sadade e-kirjade ja k\u00fcmnete kaustade vahel ning eelarveid hallatakse Excelis. Arve v\u00f5i edenemisaruande kinnitamine t\u00e4hendab sageli n\u00e4dalaid inimeste tagaajamist&#8230;  <a class=\"excerpt-read-more\" href=\"https:\/\/planyard.com\/et\/partnerlusprogrammid\" title=\"Loe  Partnerlusprogrammid\">Loe edasi &#8220;<\/a><\/p>\n","protected":false},"author":2,"featured_media":0,"parent":0,"menu_order":0,"comment_status":"closed","ping_status":"closed","template":"","meta":{"_acf_changed":false,"content-type":"","footnotes":""},"page_intent":[175],"page_type":[],"class_list":["post-10849","page","type-page","status-publish","hentry"],"acf":[],"yoast_head":"<!-- This site is optimized with the Yoast SEO plugin v26.9 - https:\/\/yoast.com\/product\/yoast-seo-wordpress\/ -->\n<title>Partnerlusprogrammid - Planyard Eesti<\/title>\n<meta name=\"description\" content=\"Planyardi partnerlusprogrammid konsultantidele, tarkvara edasim\u00fc\u00fcjatele ja tehnoloogiapartneritele. Aidake Planyardi m\u00fc\u00fca ja teenige protsent.\" \/>\n<meta name=\"robots\" content=\"index, follow, max-snippet:-1, max-image-preview:large, max-video-preview:-1\" \/>\n<link rel=\"canonical\" href=\"https:\/\/planyard.com\/et\/partnerlusprogrammid\" \/>\n<meta property=\"og:locale\" content=\"et_EE\" \/>\n<meta property=\"og:type\" content=\"article\" \/>\n<meta property=\"og:title\" content=\"Partnerlusprogrammid - Planyard Eesti\" \/>\n<meta property=\"og:description\" content=\"Planyardi partnerlusprogrammid konsultantidele, tarkvara edasim\u00fc\u00fcjatele ja tehnoloogiapartneritele. Aidake Planyardi m\u00fc\u00fca ja teenige protsent.\" \/>\n<meta property=\"og:url\" content=\"https:\/\/planyard.com\/et\/partnerlusprogrammid\" \/>\n<meta property=\"og:site_name\" content=\"Planyard Eesti\" \/>\n<meta property=\"article:modified_time\" content=\"2025-05-19T17:01:25+00:00\" \/>\n<meta name=\"twitter:card\" content=\"summary_large_image\" \/>\n<meta name=\"twitter:label1\" content=\"Est. reading time\" \/>\n\t<meta name=\"twitter:data1\" content=\"1 minut\" \/>\n<!-- \/ Yoast SEO plugin. -->","yoast_head_json":{"title":"Partnerlusprogrammid - Planyard Eesti","description":"Planyardi partnerlusprogrammid konsultantidele, tarkvara edasim\u00fc\u00fcjatele ja tehnoloogiapartneritele. Aidake Planyardi m\u00fc\u00fca ja teenige protsent.","robots":{"index":"index","follow":"follow","max-snippet":"max-snippet:-1","max-image-preview":"max-image-preview:large","max-video-preview":"max-video-preview:-1"},"canonical":"https:\/\/planyard.com\/et\/partnerlusprogrammid","og_locale":"et_EE","og_type":"article","og_title":"Partnerlusprogrammid - Planyard Eesti","og_description":"Planyardi partnerlusprogrammid konsultantidele, tarkvara edasim\u00fc\u00fcjatele ja tehnoloogiapartneritele. Aidake Planyardi m\u00fc\u00fca ja teenige protsent.","og_url":"https:\/\/planyard.com\/et\/partnerlusprogrammid","og_site_name":"Planyard Eesti","article_modified_time":"2025-05-19T17:01:25+00:00","twitter_card":"summary_large_image","twitter_misc":{"Est. reading time":"1 minut"},"schema":{"@context":"https:\/\/schema.org","@graph":[{"@type":"WebPage","@id":"https:\/\/planyard.com\/et\/partnerlusprogrammid","url":"https:\/\/planyard.com\/et\/partnerlusprogrammid","name":"Partnerlusprogrammid - Planyard Eesti","isPartOf":{"@id":"https:\/\/planyard.com\/et#website"},"datePublished":"2024-08-26T08:24:21+00:00","dateModified":"2025-05-19T17:01:25+00:00","description":"Planyardi partnerlusprogrammid konsultantidele, tarkvara edasim\u00fc\u00fcjatele ja tehnoloogiapartneritele. Aidake Planyardi m\u00fc\u00fca ja teenige protsent.","breadcrumb":{"@id":"https:\/\/planyard.com\/et\/partnerlusprogrammid#breadcrumb"},"inLanguage":"et","potentialAction":[{"@type":"ReadAction","target":["https:\/\/planyard.com\/et\/partnerlusprogrammid"]}]},{"@type":"BreadcrumbList","@id":"https:\/\/planyard.com\/et\/partnerlusprogrammid#breadcrumb","itemListElement":[{"@type":"ListItem","position":1,"name":"Home","item":"https:\/\/planyard.com\/et"},{"@type":"ListItem","position":2,"name":"Partnerlusprogrammid"}]},{"@type":"WebSite","@id":"https:\/\/planyard.com\/et#website","url":"https:\/\/planyard.com\/et","name":"Planyard Eesti","description":"","potentialAction":[{"@type":"SearchAction","target":{"@type":"EntryPoint","urlTemplate":"https:\/\/planyard.com\/et?s={search_term_string}"},"query-input":{"@type":"PropertyValueSpecification","valueRequired":true,"valueName":"search_term_string"}}],"inLanguage":"et"}]}},"_links":{"self":[{"href":"https:\/\/planyard.com\/et\/wp-json\/wp\/v2\/pages\/10849","targetHints":{"allow":["GET"]}}],"collection":[{"href":"https:\/\/planyard.com\/et\/wp-json\/wp\/v2\/pages"}],"about":[{"href":"https:\/\/planyard.com\/et\/wp-json\/wp\/v2\/types\/page"}],"author":[{"embeddable":true,"href":"https:\/\/planyard.com\/et\/wp-json\/wp\/v2\/users\/2"}],"replies":[{"embeddable":true,"href":"https:\/\/planyard.com\/et\/wp-json\/wp\/v2\/comments?post=10849"}],"version-history":[{"count":3,"href":"https:\/\/planyard.com\/et\/wp-json\/wp\/v2\/pages\/10849\/revisions"}],"predecessor-version":[{"id":15900,"href":"https:\/\/planyard.com\/et\/wp-json\/wp\/v2\/pages\/10849\/revisions\/15900"}],"wp:attachment":[{"href":"https:\/\/planyard.com\/et\/wp-json\/wp\/v2\/media?parent=10849"}],"wp:term":[{"taxonomy":"page_intent","embeddable":true,"href":"https:\/\/planyard.com\/et\/wp-json\/wp\/v2\/page_intent?post=10849"},{"taxonomy":"page_type","embeddable":true,"href":"https:\/\/planyard.com\/et\/wp-json\/wp\/v2\/page_type?post=10849"}],"curies":[{"name":"wp","href":"https:\/\/api.w.org\/{rel}","templated":true}]}}