{"id":10847,"date":"2024-08-26T07:20:15","date_gmt":"2024-08-26T07:20:15","guid":{"rendered":"https:\/\/planyard.com\/nahb-cost-codes"},"modified":"2025-06-03T17:51:18","modified_gmt":"2025-06-03T17:51:18","slug":"nahb-kulukoodid","status":"publish","type":"page","link":"https:\/\/planyard.com\/et\/nahb-kulukoodid","title":{"rendered":"NAHB kulukoodid"},"content":{"rendered":"\n<div class=\"wp-block-media-text alignwide has-media-on-the-right is-stacked-on-mobile\" style=\"grid-template-columns:auto 49%\"><div class=\"wp-block-media-text__content\">\n<p><br>NAHB kulukoodid on standardiseeritud koodide komplekt, mille on m\u00e4\u00e4ratlenud <a href=\"https:\/\/www.nahb.org\">National Association of Home Builders<\/a> finants- ja projektandmete j\u00e4lgimiseks, haldamiseks ja aruandluseks. Need koodid lihtsustavad andmete haldamist kogu ettev\u00f5ttes, tuues kasu k\u00f5igile sidusr\u00fchmadele, sealhulgas hindajatele, projektijuhtidele ja raamatupidamisele. Standardiseeritud struktuur aitab hinnata kulusid varasemate projektide p\u00f5hjal ja lihtsustab projekti finantsjuhtimist.<\/p>\n<\/div><figure class=\"wp-block-media-text__media\"><img loading=\"lazy\" decoding=\"async\" width=\"1010\" height=\"1006\" src=\"https:\/\/planyard.com\/wp-content\/uploads\/2024\/10\/NAHB_cost_codes.jpg\" alt=\"NAHB cost codes with sections and lower parts\" class=\"wp-image-2296 size-full\" srcset=\"https:\/\/planyard.com\/wp-content\/uploads\/2024\/10\/NAHB_cost_codes.jpg 1010w, https:\/\/planyard.com\/wp-content\/uploads\/2024\/10\/NAHB_cost_codes-150x150.jpg 150w\" sizes=\"auto, (max-width: 1010px) 100vw, 1010px\" \/><\/figure><\/div>\n\n\n\n<div class=\"wp-block-group\"><div class=\"wp-block-group__inner-container is-layout-constrained wp-block-group-is-layout-constrained\">\n<h2 class=\"wp-block-heading has-text-align-center paddedHeading\" id=\"benefits-of-using-construction-cost-codes\">Kulukoodide kasutamise eelised ehituses<\/h2>\n\n\n\n<div class=\"wp-block-columns is-layout-flex wp-container-core-columns-is-layout-9d6595d7 wp-block-columns-is-layout-flex\">\n<div class=\"wp-block-column is-layout-flow wp-block-column-is-layout-flow\">\n<h4 class=\"wp-block-heading\" id=\"cost-control\">Kulukontroll<\/h4>\n\n\n\n<p>Kiire ja lihtne viis tuvastada ja anal\u00fc\u00fcsida, kuidas raha projektis kulutatakse.<\/p>\n<\/div>\n\n\n\n<div class=\"wp-block-column is-layout-flow wp-block-column-is-layout-flow\">\n<h4 class=\"wp-block-heading\" id=\"kpis-tracking\">KPI-de j\u00e4lgimine<\/h4>\n\n\n\n<p>J\u00e4lgige ja hallake KPI-sid, nagu hinnanguline kulu, kuluarvestus, praegused kulud ja palju muud.<\/p>\n<\/div>\n\n\n\n<div class=\"wp-block-column is-layout-flow wp-block-column-is-layout-flow\">\n<h4 class=\"wp-block-heading\" id=\"ideal-for-companywide-use\">Ettev\u00f5tte\u00fclese kasutuse jaoks ideaalne<\/h4>\n\n\n\n<p>Sama koodide kasutamine kogu ettev\u00f5ttes muudab kulude, vigade ja prognooside j\u00e4lgimise ja anal\u00fc\u00fcsimise lihtsaks k\u00f5igile sidusr\u00fchmadele.<\/p>\n<\/div>\n<\/div>\n\n\n\n<div class=\"wp-block-columns is-layout-flex wp-container-core-columns-is-layout-9d6595d7 wp-block-columns-is-layout-flex\">\n<div class=\"wp-block-column is-layout-flow wp-block-column-is-layout-flow\">\n<h4 class=\"wp-block-heading\" id=\"visualize-profit-centers\">Kasumikeskuste visualiseerimine<\/h4>\n\n\n\n<p>L\u00f5puni viidud anal\u00fc\u00fcs kasumikeskuste ja probleemsete valdkondade visualiseerimiseks.<\/p>\n<\/div>\n\n\n\n<div class=\"wp-block-column is-layout-flow wp-block-column-is-layout-flow\">\n<h4 class=\"wp-block-heading\" id=\"estimating\">Hinnangute koostamine<\/h4>\n\n\n\n<p>Annab struktuuri ja juurdep\u00e4\u00e4su kulude j\u00e4lgimiseks reaalajas, et koostada t\u00e4psemaid ja realistlikumaid hinnanguid.<\/p>\n<\/div>\n\n\n\n<div class=\"wp-block-column is-layout-flow wp-block-column-is-layout-flow\">\n<h4 class=\"wp-block-heading\" id=\"real-time-tracking\">Reaalajas j\u00e4lgimine<\/h4>\n\n\n\n<p>V\u00f5imaldab juhtkonnal saada selge \u00fclevaate t\u00f6\u00f6st ja hoida k\u00f5ik sidusr\u00fchmad kaasatuna.<\/p>\n<\/div>\n<\/div>\n<\/div><\/div>\n\n\n\n<h2 class=\"wp-block-heading has-text-align-center paddedHeading\" id=\"cost-codes-are-hierarchical-and-chronological\">Kulukoodid on hierarhilised ja kronoloogilised<\/h2>\n\n\n\n<div class=\"wp-block-media-text alignwide has-media-on-the-right is-stacked-on-mobile\"><div class=\"wp-block-media-text__content\">\n<p>N\u00e4ete, et t\u00f6\u00f6d on jaotatud struktuuri ja kronoloogilise j\u00e4rjekorra j\u00e4rgi. NAHB on kulukoodid h\u00e4sti m\u00e4\u00e4ratlenud, nii et suuremad t\u00f6\u00f6osad sisaldavad v\u00e4iksemaid osi.<\/p>\n\n\n\n<p>Selle t\u00f5ttu saate h\u00f5lpsasti n\u00e4ha projekti edenemist ja kasumlikkust etappides. See t\u00e4hendab, et saate juba n\u00e4ha, kui palju kasumit m\u00f5ned esimesed t\u00f6\u00f6d annavad enne projekti l\u00f5ppu.<\/p>\n<\/div><figure class=\"wp-block-media-text__media\"><img loading=\"lazy\" decoding=\"async\" width=\"736\" height=\"890\" src=\"https:\/\/planyard.com\/wp-content\/uploads\/2024\/10\/NAHB_cost_code_job_sections.jpg\" alt=\"NAHB cost code job sections\" class=\"wp-image-2294 size-full\" \/><\/figure><\/div>\n\n\n\n<h2 class=\"wp-block-heading has-text-align-center paddedHeading\" id=\"where-can-you-get-a-list-of-nahb-cost-codes\">Kust leida NAHB kulukoodide loetelu?<\/h2>\n\n\n\n<div class=\"wp-block-buttons is-content-justification-center is-layout-flex wp-container-core-buttons-is-layout-16018d1d wp-block-buttons-is-layout-flex\">\n<div class=\"wp-block-button\"><a class=\"wp-block-button__link wp-element-button\" href=\"https:\/\/planyard.com\/get-your-free-nahb-cost-codes\">Hankige NAHB ehituskulukoodid tasuta<\/a><\/div>\n<\/div>\n\n\n\n<h3 class=\"wp-block-heading has-text-align-center\">Planyard&#8217;i t\u00f6\u00f6v\u00f5tja tarkvara aitab ambitsioonikatel meeskondadel oma eesm\u00e4rke saavutada ja kasvu kiirendada.<\/h3>\n\n\n\n<div class=\"wp-block-media-text alignwide has-media-on-the-right is-stacked-on-mobile is-vertically-aligned-center\"><div class=\"wp-block-media-text__content\">\n<ul class=\"wp-block-list\">\n<li>Enam pole vaja arvutustabeleid<\/li>\n\n\n\n<li>S\u00e4\u00e4stab projektijuhtide ja hindajate aega<\/li>\n\n\n\n<li>Lihtne rakendada ja kasutada<\/li>\n\n\n\n<li>Reaalajas ja t\u00e4psed finantsprognoosid<\/li>\n\n\n\n<li>Enam pole topeltandmete sisestamist<\/li>\n<\/ul>\n<\/div><figure class=\"wp-block-media-text__media\"><img loading=\"lazy\" decoding=\"async\" width=\"1024\" height=\"598\" src=\"https:\/\/planyard.com\/wp-content\/uploads\/2024\/09\/construction-project-management-software-macbook-iphone-1_reduced-1024x598-1.webp\" alt=\"\" class=\"wp-image-1980 size-large\" \/><\/figure><\/div>\n","protected":false},"excerpt":{"rendered":"<p>NAHB kulukoodid on standardiseeritud koodide komplekt, mille on m\u00e4\u00e4ratlenud National Association of Home Builders finants- ja projektandmete j\u00e4lgimiseks, haldamiseks ja aruandluseks. Need koodid lihtsustavad andmete haldamist kogu ettev\u00f5ttes, tuues kasu k\u00f5igile sidusr\u00fchmadele, sealhulgas hindajatele, projektijuhtidele ja raamatupidamisele. Standardiseeritud struktuur aitab hinnata kulusid varasemate projektide p\u00f5hjal ja lihtsustab projekti finantsjuhtimist. Kulukoodide kasutamise eelised ehituses Kulukontroll Kiire&#8230;  <a class=\"excerpt-read-more\" href=\"https:\/\/planyard.com\/et\/nahb-kulukoodid\" title=\"Loe  NAHB kulukoodid\">Loe edasi &#8220;<\/a><\/p>\n","protected":false},"author":2,"featured_media":0,"parent":0,"menu_order":0,"comment_status":"closed","ping_status":"closed","template":"","meta":{"_acf_changed":false,"content-type":"","footnotes":""},"page_intent":[160],"page_type":[],"class_list":["post-10847","page","type-page","status-publish","hentry"],"acf":[],"yoast_head":"<!-- This site is optimized with the Yoast SEO plugin v27.1.1 - https:\/\/yoast.com\/product\/yoast-seo-wordpress\/ -->\n<title>NAHB kulu koodid - Juhend ja tasuta mall<\/title>\n<meta name=\"description\" content=\"Laadige alla NAHB ehituskulu koodid tasuta ja hoidke oma t\u00f6\u00f6 kulud h\u00f5lpsasti kontrolli all. Standardiseerige oma protsessid l\u00e4bipaistvuse tagamiseks.\" \/>\n<meta name=\"robots\" content=\"index, follow, max-snippet:-1, max-image-preview:large, max-video-preview:-1\" \/>\n<link rel=\"canonical\" href=\"https:\/\/planyard.com\/et\/nahb-kulukoodid\" \/>\n<meta property=\"og:locale\" content=\"et_EE\" \/>\n<meta property=\"og:type\" content=\"article\" \/>\n<meta property=\"og:title\" content=\"NAHB kulu koodid - Juhend ja tasuta mall\" \/>\n<meta property=\"og:description\" content=\"Laadige alla NAHB ehituskulu koodid tasuta ja hoidke oma t\u00f6\u00f6 kulud h\u00f5lpsasti kontrolli all. Standardiseerige oma protsessid l\u00e4bipaistvuse tagamiseks.\" \/>\n<meta property=\"og:url\" content=\"https:\/\/planyard.com\/et\/nahb-kulukoodid\" \/>\n<meta property=\"og:site_name\" content=\"Planyard Eesti\" \/>\n<meta property=\"article:modified_time\" content=\"2025-06-03T17:51:18+00:00\" \/>\n<meta property=\"og:image\" content=\"https:\/\/planyard.com\/wp-content\/uploads\/2024\/10\/NAHB_cost_codes.jpg\" \/>\n\t<meta property=\"og:image:width\" content=\"1010\" \/>\n\t<meta property=\"og:image:height\" content=\"1006\" \/>\n\t<meta property=\"og:image:type\" content=\"image\/jpeg\" \/>\n<meta name=\"twitter:card\" content=\"summary_large_image\" \/>\n<meta name=\"twitter:label1\" content=\"Est. reading time\" \/>\n\t<meta name=\"twitter:data1\" content=\"2 minutit\" \/>\n<!-- \/ Yoast SEO plugin. -->","yoast_head_json":{"title":"NAHB kulu koodid - Juhend ja tasuta mall","description":"Laadige alla NAHB ehituskulu koodid tasuta ja hoidke oma t\u00f6\u00f6 kulud h\u00f5lpsasti kontrolli all. Standardiseerige oma protsessid l\u00e4bipaistvuse tagamiseks.","robots":{"index":"index","follow":"follow","max-snippet":"max-snippet:-1","max-image-preview":"max-image-preview:large","max-video-preview":"max-video-preview:-1"},"canonical":"https:\/\/planyard.com\/et\/nahb-kulukoodid","og_locale":"et_EE","og_type":"article","og_title":"NAHB kulu koodid - Juhend ja tasuta mall","og_description":"Laadige alla NAHB ehituskulu koodid tasuta ja hoidke oma t\u00f6\u00f6 kulud h\u00f5lpsasti kontrolli all. Standardiseerige oma protsessid l\u00e4bipaistvuse tagamiseks.","og_url":"https:\/\/planyard.com\/et\/nahb-kulukoodid","og_site_name":"Planyard Eesti","article_modified_time":"2025-06-03T17:51:18+00:00","og_image":[{"width":1010,"height":1006,"url":"https:\/\/planyard.com\/wp-content\/uploads\/2024\/10\/NAHB_cost_codes.jpg","type":"image\/jpeg"}],"twitter_card":"summary_large_image","twitter_misc":{"Est. reading time":"2 minutit"},"schema":{"@context":"https:\/\/schema.org","@graph":[{"@type":"WebPage","@id":"https:\/\/planyard.com\/et\/nahb-kulukoodid","url":"https:\/\/planyard.com\/et\/nahb-kulukoodid","name":"NAHB kulu koodid - Juhend ja tasuta mall","isPartOf":{"@id":"https:\/\/planyard.com\/et#website"},"primaryImageOfPage":{"@id":"https:\/\/planyard.com\/et\/nahb-kulukoodid#primaryimage"},"image":{"@id":"https:\/\/planyard.com\/et\/nahb-kulukoodid#primaryimage"},"thumbnailUrl":"https:\/\/planyard.com\/wp-content\/uploads\/2024\/10\/NAHB_cost_codes.jpg","datePublished":"2024-08-26T07:20:15+00:00","dateModified":"2025-06-03T17:51:18+00:00","description":"Laadige alla NAHB ehituskulu koodid tasuta ja hoidke oma t\u00f6\u00f6 kulud h\u00f5lpsasti kontrolli all. Standardiseerige oma protsessid l\u00e4bipaistvuse tagamiseks.","breadcrumb":{"@id":"https:\/\/planyard.com\/et\/nahb-kulukoodid#breadcrumb"},"inLanguage":"et","potentialAction":[{"@type":"ReadAction","target":["https:\/\/planyard.com\/et\/nahb-kulukoodid"]}]},{"@type":"ImageObject","inLanguage":"et","@id":"https:\/\/planyard.com\/et\/nahb-kulukoodid#primaryimage","url":"https:\/\/planyard.com\/wp-content\/uploads\/2024\/10\/NAHB_cost_codes.jpg","contentUrl":"https:\/\/planyard.com\/wp-content\/uploads\/2024\/10\/NAHB_cost_codes.jpg"},{"@type":"BreadcrumbList","@id":"https:\/\/planyard.com\/et\/nahb-kulukoodid#breadcrumb","itemListElement":[{"@type":"ListItem","position":1,"name":"Home","item":"https:\/\/planyard.com\/et"},{"@type":"ListItem","position":2,"name":"NAHB kulukoodid"}]},{"@type":"WebSite","@id":"https:\/\/planyard.com\/et#website","url":"https:\/\/planyard.com\/et","name":"Planyard Eesti","description":"","potentialAction":[{"@type":"SearchAction","target":{"@type":"EntryPoint","urlTemplate":"https:\/\/planyard.com\/et?s={search_term_string}"},"query-input":{"@type":"PropertyValueSpecification","valueRequired":true,"valueName":"search_term_string"}}],"inLanguage":"et"}]}},"_links":{"self":[{"href":"https:\/\/planyard.com\/et\/wp-json\/wp\/v2\/pages\/10847","targetHints":{"allow":["GET"]}}],"collection":[{"href":"https:\/\/planyard.com\/et\/wp-json\/wp\/v2\/pages"}],"about":[{"href":"https:\/\/planyard.com\/et\/wp-json\/wp\/v2\/types\/page"}],"author":[{"embeddable":true,"href":"https:\/\/planyard.com\/et\/wp-json\/wp\/v2\/users\/2"}],"replies":[{"embeddable":true,"href":"https:\/\/planyard.com\/et\/wp-json\/wp\/v2\/comments?post=10847"}],"version-history":[{"count":4,"href":"https:\/\/planyard.com\/et\/wp-json\/wp\/v2\/pages\/10847\/revisions"}],"predecessor-version":[{"id":16663,"href":"https:\/\/planyard.com\/et\/wp-json\/wp\/v2\/pages\/10847\/revisions\/16663"}],"wp:attachment":[{"href":"https:\/\/planyard.com\/et\/wp-json\/wp\/v2\/media?parent=10847"}],"wp:term":[{"taxonomy":"page_intent","embeddable":true,"href":"https:\/\/planyard.com\/et\/wp-json\/wp\/v2\/page_intent?post=10847"},{"taxonomy":"page_type","embeddable":true,"href":"https:\/\/planyard.com\/et\/wp-json\/wp\/v2\/page_type?post=10847"}],"curies":[{"name":"wp","href":"https:\/\/api.w.org\/{rel}","templated":true}]}}